{"id":2032,"date":"2025-09-12T12:18:25","date_gmt":"2025-09-12T12:18:25","guid":{"rendered":"https:\/\/nextdigital-demos.info\/gewparko\/?page_id=2032"},"modified":"2025-09-12T12:38:39","modified_gmt":"2025-09-12T12:38:39","slug":"%ce%bf-%ce%bc%cf%8d%ce%b8%ce%bf%cf%82","status":"publish","type":"page","link":"https:\/\/psiloritisgeopark.gr\/de\/%ce%bf-%ce%bc%cf%8d%ce%b8%ce%bf%cf%82\/","title":{"rendered":"Der Mythos"},"content":{"rendered":"<div data-elementor-type=\"wp-page\" data-elementor-id=\"2032\" class=\"elementor elementor-2032\" data-elementor-post-type=\"page\">\n\t\t\t\t<div data-particle_enable=\"false\" data-particle-mobile-disabled=\"false\" class=\"elementor-element elementor-element-3b69919 e-flex e-con-boxed e-con e-parent\" data-id=\"3b69919\" data-element_type=\"container\" data-settings=\"{&quot;background_background&quot;:&quot;classic&quot;}\">\n\t\t\t\t\t<div class=\"e-con-inner\">\n\t\t\t\t<div class=\"elementor-element elementor-element-3fd18d3 elementor-widget elementor-widget-heading\" data-id=\"3fd18d3\" data-element_type=\"widget\" data-widget_type=\"heading.default\">\n\t\t\t\t\t<h2 class=\"elementor-heading-title elementor-size-default\">Der Mythos<\/h2>\t\t\t\t<\/div>\n\t\t\t\t\t<\/div>\n\t\t\t\t<\/div>\n\t\t<div data-particle_enable=\"false\" data-particle-mobile-disabled=\"false\" class=\"elementor-element elementor-element-5bbb2ae e-flex e-con-boxed e-con e-parent\" data-id=\"5bbb2ae\" data-element_type=\"container\" data-settings=\"{&quot;background_background&quot;:&quot;classic&quot;}\">\n\t\t\t\t\t<div class=\"e-con-inner\">\n\t\t<div data-particle_enable=\"false\" data-particle-mobile-disabled=\"false\" class=\"elementor-element elementor-element-793257f e-con-full e-flex e-con e-child\" data-id=\"793257f\" data-element_type=\"container\">\n\t\t\t\t<div class=\"elementor-element elementor-element-ceafcfa elementor-widget elementor-widget-heading\" data-id=\"ceafcfa\" data-element_type=\"widget\" data-widget_type=\"heading.default\">\n\t\t\t\t\t<h2 class=\"elementor-heading-title elementor-size-default\">Psiloritis: Der heilige Berg der G\u00f6tter und Mythen<\/h2>\t\t\t\t<\/div>\n\t\t\t\t<\/div>\n\t\t\t\t\t<\/div>\n\t\t\t\t<\/div>\n\t\t<div data-particle_enable=\"false\" data-particle-mobile-disabled=\"false\" class=\"elementor-element elementor-element-6c6a9cd e-flex e-con-boxed e-con e-parent\" data-id=\"6c6a9cd\" data-element_type=\"container\">\n\t\t\t\t\t<div class=\"e-con-inner\">\n\t\t\t\t<div class=\"elementor-element elementor-element-547ce61 elementor-widget elementor-widget-text-editor\" data-id=\"547ce61\" data-element_type=\"widget\" data-widget_type=\"text-editor.default\">\n\t\t\t\t\t\t\t\t\t<p>Der Psiloritis ist mit der Geburt und den Taten unsterblicher G\u00f6tter verbunden. An den H\u00e4ngen des Berges Ida versteckte Rhea, verfolgt von Kronos, den auf Kreta geborenen Zeus, und die mythische Ziege Amalthea s\u00e4ugte den K\u00f6nig der zw\u00f6lf G\u00f6tter. Hier bedeckten die Kureten mit dem Klang ihrer Schilde das Weinen des kleinen Gottes, der dazu bestimmt war, Vater der G\u00f6tter und Menschen zu werden.<br \/><br \/>Etwas oberhalb der Hochebene von Nida war das Idaion Andron ein Zentrum der Verehrung des kretischen Zeus, und zu Recht wurde die H\u00f6hle als Bethlehem der Antike bezeichnet. Nach dem antiken Mythos verwandelte sich Zeus in einen Stier, \u00fcberquerte den Fluss Lethe und brachte Europa auf die Insel Kreta, wo sie im antiken Gortyna landeten. Hier befindet sich der Labyrinth, in dessen verwinkelten G\u00e4ngen der Minotaurus lebte.<br \/><br \/>Der bronzerne Riese Talos wurde von K\u00f6nig Minos beauftragt, die Insel Kreta vor jedem Eindringling zu sch\u00fctzen. Das Fabelwesen wird mit den Gebirgsmassiven der Taleon-Berge in Verbindung gebracht, die sich n\u00f6rdlich des Psiloritis erstrecken. In der H\u00f6hle Gerontospilio in Melidoni wurde Talos Hermes verehrt<br \/><br \/>Das heilige Bergmassiv bestimmt seit seiner ersten Besiedlung das Schicksal der Menschen, die mit Mythen aufwachsen und Geschichte schreiben.<\/p><p><img fetchpriority=\"high\" decoding=\"async\" class=\"alignnone wp-image-2053 size-full\" src=\"https:\/\/psiloritisgeopark.gr\/wp-content\/uploads\/2025\/09\/idaion-1.jpg\" alt=\"\" width=\"475\" height=\"339\" srcset=\"https:\/\/psiloritisgeopark.gr\/wp-content\/uploads\/2025\/09\/idaion-1.jpg 475w, https:\/\/psiloritisgeopark.gr\/wp-content\/uploads\/2025\/09\/idaion-1-300x214.jpg 300w\" sizes=\"(max-width: 475px) 100vw, 475px\" \/><\/p>\t\t\t\t\t\t\t\t<\/div>\n\t\t\t\t\t<\/div>\n\t\t\t\t<\/div>\n\t\t\t\t<\/div>","protected":false},"excerpt":{"rendered":"<p>\u03a8\u03b7\u03bb\u03bf\u03c1\u03b5\u03af\u03c4\u03b7\u03c2: \u03a4\u03bf \u0399\u03b5\u03c1\u03cc \u0392\u03bf\u03c5\u03bd\u03cc \u03c4\u03c9\u03bd \u0398\u03b5\u03ce\u03bd \u03ba\u03b1\u03b9 \u03c4\u03c9\u03bd \u039c\u03cd\u03b8\u03c9\u03bd \u039f \u03a8\u03b7\u03bb\u03bf\u03c1\u03b5\u03af\u03c4\u03b7\u03c2 \u03b5\u03af\u03bd\u03b1\u03b9 \u03c3\u03c5\u03bd\u03b4\u03b5\u03b4\u03b5\u03bc\u03ad\u03bd\u03bf\u03c2 \u03bc\u03b5 \u03c4\u03b7 \u03b3\u03ad\u03bd\u03bd\u03b7\u03c3\u03b7 \u03ba\u03b1\u03b9 \u03c4\u03b7 \u03b4\u03c1\u03ac\u03c3\u03b7 \u03b1\u03b8\u03ac\u03bd\u03b1\u03c4\u03c9\u03bd \u03b8\u03b5\u03ce\u03bd. \u03a3\u03c4\u03b9\u03c2 \u03c0\u03bb\u03b1\u03b3\u03b9\u03ad\u03c2 \u03c4\u03bf\u03c5 \u03cc\u03c1\u03bf\u03c5\u03c2 \u038a\u03b4\u03b7 \u03b7 \u03a1\u03ad\u03b1 \u03ba\u03c5\u03bd\u03b7\u03b3\u03b7\u03bc\u03ad\u03bd\u03b7 \u03b1\u03c0\u03cc \u03c4\u03bf\u03bd \u039a\u03c1\u03cc\u03bd\u03bf \u03ad\u03ba\u03c1\u03c5\u03c8\u03b5 \u03c4\u03bf\u03bd \u039a\u03c1\u03b7\u03c4\u03b1\u03b3\u03b5\u03bd\u03ae \u0394\u03af\u03b1 \u03ba\u03b1\u03b9 \u03b7 \u03bc\u03c5\u03b8\u03b9\u03ba\u03ae \u03b1\u03af\u03b3\u03b1 \u0391\u03bc\u03ac\u03bb\u03b8\u03b5\u03b9\u03b1 \u03b3\u03b1\u03bb\u03bf\u03cd\u03c7\u03b7\u03c3\u03b5 \u03c4\u03bf \u03b2\u03b1\u03c3\u03b9\u03bb\u03b9\u03ac \u03c4\u03bf\u03c5 \u03b4\u03c9\u03b4\u03b5\u03ba\u03ac\u03b8\u03b5\u03bf\u03c5. \u0395\u03b4\u03ce \u03bf\u03b9 \u039a\u03bf\u03c5\u03c1\u03ae\u03c4\u03b5\u03c2 \u03bc\u03b5 \u03c4\u03bf\u03bd \u03b1\u03c7\u03cc \u03c4\u03c9\u03bd \u03b1\u03c3\u03c0\u03af\u03b4\u03c9\u03bd \u03c4\u03bf\u03c5\u03c2 [&hellip;]<\/p>","protected":false},"author":1,"featured_media":0,"parent":0,"menu_order":0,"comment_status":"closed","ping_status":"closed","template":"","meta":{"footnotes":""},"class_list":["post-2032","page","type-page","status-publish","hentry"],"_links":{"self":[{"href":"https:\/\/psiloritisgeopark.gr\/de\/wp-json\/wp\/v2\/pages\/2032","targetHints":{"allow":["GET"]}}],"collection":[{"href":"https:\/\/psiloritisgeopark.gr\/de\/wp-json\/wp\/v2\/pages"}],"about":[{"href":"https:\/\/psiloritisgeopark.gr\/de\/wp-json\/wp\/v2\/types\/page"}],"author":[{"embeddable":true,"href":"https:\/\/psiloritisgeopark.gr\/de\/wp-json\/wp\/v2\/users\/1"}],"replies":[{"embeddable":true,"href":"https:\/\/psiloritisgeopark.gr\/de\/wp-json\/wp\/v2\/comments?post=2032"}],"version-history":[{"count":10,"href":"https:\/\/psiloritisgeopark.gr\/de\/wp-json\/wp\/v2\/pages\/2032\/revisions"}],"predecessor-version":[{"id":2056,"href":"https:\/\/psiloritisgeopark.gr\/de\/wp-json\/wp\/v2\/pages\/2032\/revisions\/2056"}],"wp:attachment":[{"href":"https:\/\/psiloritisgeopark.gr\/de\/wp-json\/wp\/v2\/media?parent=2032"}],"curies":[{"name":"wp","href":"https:\/\/api.w.org\/{rel}","templated":true}]}}