{"id":2043,"date":"2025-09-12T12:29:00","date_gmt":"2025-09-12T12:29:00","guid":{"rendered":"https:\/\/nextdigital-demos.info\/gewparko\/?page_id=2043"},"modified":"2025-09-12T12:36:19","modified_gmt":"2025-09-12T12:36:19","slug":"%ce%b7-%ce%b9%cf%83%cf%84%ce%bf%cf%81%ce%af%ce%b1","status":"publish","type":"page","link":"https:\/\/psiloritisgeopark.gr\/de\/%ce%b7-%ce%b9%cf%83%cf%84%ce%bf%cf%81%ce%af%ce%b1\/","title":{"rendered":"Die Geschichte"},"content":{"rendered":"<div data-elementor-type=\"wp-page\" data-elementor-id=\"2043\" class=\"elementor elementor-2043\" data-elementor-post-type=\"page\">\n\t\t\t\t<div data-particle_enable=\"false\" data-particle-mobile-disabled=\"false\" class=\"elementor-element elementor-element-3b69919 e-flex e-con-boxed e-con e-parent\" data-id=\"3b69919\" data-element_type=\"container\" data-settings=\"{&quot;background_background&quot;:&quot;classic&quot;}\">\n\t\t\t\t\t<div class=\"e-con-inner\">\n\t\t\t\t<div class=\"elementor-element elementor-element-3fd18d3 elementor-widget elementor-widget-heading\" data-id=\"3fd18d3\" data-element_type=\"widget\" data-widget_type=\"heading.default\">\n\t\t\t\t\t<h2 class=\"elementor-heading-title elementor-size-default\">Die Geschichte<\/h2>\t\t\t\t<\/div>\n\t\t\t\t\t<\/div>\n\t\t\t\t<\/div>\n\t\t<div data-particle_enable=\"false\" data-particle-mobile-disabled=\"false\" class=\"elementor-element elementor-element-5bbb2ae e-flex e-con-boxed e-con e-parent\" data-id=\"5bbb2ae\" data-element_type=\"container\" data-settings=\"{&quot;background_background&quot;:&quot;classic&quot;}\">\n\t\t\t\t\t<div class=\"e-con-inner\">\n\t\t<div data-particle_enable=\"false\" data-particle-mobile-disabled=\"false\" class=\"elementor-element elementor-element-793257f e-con-full e-flex e-con e-child\" data-id=\"793257f\" data-element_type=\"container\">\n\t\t\t\t<div class=\"elementor-element elementor-element-ceafcfa elementor-widget elementor-widget-heading\" data-id=\"ceafcfa\" data-element_type=\"widget\" data-widget_type=\"heading.default\">\n\t\t\t\t\t<h2 class=\"elementor-heading-title elementor-size-default\">Eine Region, Eine Geschichte: Der Psiloritis im Laufe der Zeit<\/h2>\t\t\t\t<\/div>\n\t\t\t\t<\/div>\n\t\t\t\t\t<\/div>\n\t\t\t\t<\/div>\n\t\t<div data-particle_enable=\"false\" data-particle-mobile-disabled=\"false\" class=\"elementor-element elementor-element-6c6a9cd e-flex e-con-boxed e-con e-parent\" data-id=\"6c6a9cd\" data-element_type=\"container\">\n\t\t\t\t\t<div class=\"e-con-inner\">\n\t\t\t\t<div class=\"elementor-element elementor-element-547ce61 elementor-widget elementor-widget-text-editor\" data-id=\"547ce61\" data-element_type=\"widget\" data-widget_type=\"text-editor.default\">\n\t\t\t\t\t\t\t\t\t<p>Die Geschichte dieser Region ist eng mit der Gesamtgeschichte Kretas verflochten. Die ersten Bewohner der Insel lie\u00dfen sich in der Jungsteinzeit zun\u00e4chst in k\u00fcstennahen Gebieten nieder. \u00dcber das gesamte Psiloritis-Gebirge verteilt finden sich Spuren minoischer Siedlungen \u2013 etwa in Tylissos, Gonies, Zominthos, Monastiraki und Apodoulou im Gebiet von Amari.<\/p><p>In der geometrischen und archaischen Epoche entstanden bl\u00fchende Stadtstaaten wie Axos und Eleutherna. Nach der r\u00f6mischen Eroberung wurde Kreta eine Provinz des riesigen Imperiums, mit Gortyna als politischem und wirtschaftlichem Zentrum der Insel.<\/p><p>Die Ausbreitung des Christentums markiert den Beginn der byzantinischen Zeit. In dieser Epoche wurden Gortyna, Axos, Eleutherna und Sybritos zu Bischofssitzen. Diese Phase wurde im Jahr 823 durch die gewaltsame arabische Invasion unterbrochen. Aus der Zeit der arabischen Herrschaft sind nur wenige gesicherte Quellen \u00fcberliefert. Im Jahr 961 eroberte Nikephoros Phokas die Insel zur\u00fcck und leitete damit die zweite byzantinische Periode ein. Laut lokaler \u00dcberlieferung lie\u00dfen sich damals Adelsfamilien aus Konstantinopel in der Region nieder. Nach dem Fall des Byzantinischen Reiches infolge des Vierten Kreuzzugs im Jahr 1204 geriet Kreta unter die Kontrolle der Seemacht Venedig.<\/p><p>Die Kreter leisteten fortw\u00e4hrend Widerstand. W\u00e4hrend der Aufst\u00e4nde unter der Familie Kallergis (1299) konnte die Region besondere Rechte f\u00fcr die griechisch-orthodoxe Bev\u00f6lkerung erlangen.<\/p><p>1645 fiel das Gebiet an die Osmanen. Wie in fr\u00fcheren Epochen weigerten sich die Menschen im Psiloritis-Gebiet, sich der Fremdherrschaft zu beugen. Mit unerm\u00fcdlichen Widerstandsaktionen k\u00e4mpften sie f\u00fcr ihre Freiheit. In dieser Zeit boten die H\u00f6hlen des Malevizi Schutz f\u00fcr die Hainides, legend\u00e4re Rebellen der Berge.<\/p><p>W\u00e4hrend des gro\u00dfen Unabh\u00e4ngigkeitsaufstands von 1821 beteiligte sich die Region aktiv am Freiheitskampf. 1824 kamen vierhundert M\u00e4nner aus Melidoni heldenhaft in der historischen Gerontospilios-H\u00f6hle ums Leben.<\/p><p>Das Kloster Arkadi \u2013 Zentrum des Aufstands von 1866 \u2013 gilt bis heute als universelles Symbol f\u00fcr Freiheit und freiwilliges Opfer.<\/p><p>Im Zweiten Weltkrieg und w\u00e4hrend der Schlacht um Kreta kam es zu erbitterten Gefechten zwischen alliierten Truppen und deutschen Invasoren. W\u00e4hrend der NS-Besatzung entstanden Widerstandsgruppen, die sich in das unzug\u00e4ngliche Gel\u00e4nde des Psiloritis-Gebirges zur\u00fcckzogen. Ihre Aktionen f\u00fchrten zu brutalen Vergeltungsma\u00dfnahmen: zur Zerst\u00f6rung von Anogia, zur Vernichtung der D\u00f6rfer im Kedros-Gebirge sowie zur Hinrichtung zahlreicher Patrioten in Gergeri, Nivritos, Gournolakkos und Damasta.<\/p><p><img fetchpriority=\"high\" decoding=\"async\" class=\"alignnone wp-image-2045 size-full\" src=\"https:\/\/psiloritisgeopark.gr\/wp-content\/uploads\/2025\/09\/Gerontospilios-Melidoni4_tn.jpg\" alt=\"\" width=\"600\" height=\"500\" srcset=\"https:\/\/psiloritisgeopark.gr\/wp-content\/uploads\/2025\/09\/Gerontospilios-Melidoni4_tn.jpg 600w, https:\/\/psiloritisgeopark.gr\/wp-content\/uploads\/2025\/09\/Gerontospilios-Melidoni4_tn-300x250.jpg 300w\" sizes=\"(max-width: 600px) 100vw, 600px\" \/><\/p>\t\t\t\t\t\t\t\t<\/div>\n\t\t\t\t\t<\/div>\n\t\t\t\t<\/div>\n\t\t\t\t<\/div>","protected":false},"excerpt":{"rendered":"<p>\u039c\u03b9\u03b1 \u03a0\u03b5\u03c1\u03b9\u03bf\u03c7\u03ae, \u039c\u03b9\u03b1 \u0399\u03c3\u03c4\u03bf\u03c1\u03af\u03b1: \u039f \u03a8\u03b7\u03bb\u03bf\u03c1\u03b5\u03af\u03c4\u03b7\u03c2 \u03c3\u03c4\u03bf\u03bd \u03a7\u03c1\u03cc\u03bd\u03bf \u0397 \u03b9\u03c3\u03c4\u03bf\u03c1\u03af\u03b1 \u03c4\u03b7\u03c2 \u03c0\u03b5\u03c1\u03b9\u03bf\u03c7\u03ae\u03c2 \u03b5\u03af\u03bd\u03b1\u03b9 \u03ac\u03c1\u03c1\u03b7\u03ba\u03c4\u03b1 \u03c3\u03c5\u03bd\u03b4\u03b5\u03b4\u03b5\u03bc\u03ad\u03bd\u03b7 \u03bc\u03b5 \u03c4\u03b7\u03bd \u03b9\u03c3\u03c4\u03bf\u03c1\u03af\u03b1 \u03c4\u03b7\u03c2 \u039a\u03c1\u03ae\u03c4\u03b7\u03c2. \u039f\u03b9 \u03c0\u03c1\u03ce\u03c4\u03bf\u03b9 \u03ba\u03ac\u03c4\u03bf\u03b9\u03ba\u03bf\u03b9 \u03c4\u03bf\u03c5 \u03bd\u03b7\u03c3\u03b9\u03bf\u03cd \u03b5\u03b3\u03ba\u03b1\u03c4\u03b1\u03c3\u03c4\u03ac\u03b8\u03b7\u03ba\u03b1\u03bd \u03b1\u03c1\u03c7\u03b9\u03ba\u03ac \u03c3\u03b5 \u03c4\u03cc\u03c0\u03bf\u03c5\u03c2 \u03ba\u03bf\u03bd\u03c4\u03b9\u03bd\u03bf\u03cd\u03c2 \u03c3\u03c4\u03b9\u03c2 \u03b1\u03ba\u03c4\u03ad\u03c2 \u03c4\u03bf\u03c5 \u03bd\u03b7\u03c3\u03b9\u03bf\u03cd \u03ba\u03b1\u03c4\u03ac \u03c4\u03b7\u03bd \u03b5\u03c0\u03bf\u03c7\u03ae \u03c4\u03bf\u03c5 \u03bb\u03af\u03b8\u03bf\u03c5. \u03a3\u03b5 \u03cc\u03bb\u03b7 \u03c4\u03b7\u03bd \u03ad\u03ba\u03c4\u03b1\u03c3\u03b7 \u03c4\u03bf\u03c5 \u03b2\u03bf\u03c5\u03bd\u03bf\u03cd \u03c3\u03c5\u03bd\u03b1\u03bd\u03c4\u03ac\u03bc\u03b5 \u03bc\u03b9\u03bd\u03c9\u03b9\u03ba\u03ad\u03c2 \u03ba\u03b1\u03c4\u03bf\u03b9\u03ba\u03ae\u03c3\u03b5\u03b9\u03c2 \u03cc\u03c0\u03c9\u03c2 \u03c3\u03c4\u03b7\u03bd \u03a4\u03cd\u03bb\u03b9\u03c3\u03bf, \u03c3\u03c4\u03b9\u03c2 \u0393\u03c9\u03bd\u03b9\u03ad\u03c2, \u03c3\u03c4\u03b7 \u0396\u03ce\u03bc\u03b9\u03bd\u03b8\u03bf, [&hellip;]<\/p>","protected":false},"author":1,"featured_media":0,"parent":0,"menu_order":0,"comment_status":"closed","ping_status":"closed","template":"","meta":{"footnotes":""},"class_list":["post-2043","page","type-page","status-publish","hentry"],"_links":{"self":[{"href":"https:\/\/psiloritisgeopark.gr\/de\/wp-json\/wp\/v2\/pages\/2043","targetHints":{"allow":["GET"]}}],"collection":[{"href":"https:\/\/psiloritisgeopark.gr\/de\/wp-json\/wp\/v2\/pages"}],"about":[{"href":"https:\/\/psiloritisgeopark.gr\/de\/wp-json\/wp\/v2\/types\/page"}],"author":[{"embeddable":true,"href":"https:\/\/psiloritisgeopark.gr\/de\/wp-json\/wp\/v2\/users\/1"}],"replies":[{"embeddable":true,"href":"https:\/\/psiloritisgeopark.gr\/de\/wp-json\/wp\/v2\/comments?post=2043"}],"version-history":[{"count":7,"href":"https:\/\/psiloritisgeopark.gr\/de\/wp-json\/wp\/v2\/pages\/2043\/revisions"}],"predecessor-version":[{"id":2052,"href":"https:\/\/psiloritisgeopark.gr\/de\/wp-json\/wp\/v2\/pages\/2043\/revisions\/2052"}],"wp:attachment":[{"href":"https:\/\/psiloritisgeopark.gr\/de\/wp-json\/wp\/v2\/media?parent=2043"}],"curies":[{"name":"wp","href":"https:\/\/api.w.org\/{rel}","templated":true}]}}