{"id":2057,"date":"2025-09-12T12:39:37","date_gmt":"2025-09-12T12:39:37","guid":{"rendered":"https:\/\/nextdigital-demos.info\/gewparko\/?page_id=2057"},"modified":"2025-09-12T12:41:17","modified_gmt":"2025-09-12T12:41:17","slug":"%cf%80%ce%bf%ce%bb%ce%b9%cf%84%ce%b9%cf%83%ce%bc%cf%8c%cf%82","status":"publish","type":"page","link":"https:\/\/psiloritisgeopark.gr\/de\/%cf%80%ce%bf%ce%bb%ce%b9%cf%84%ce%b9%cf%83%ce%bc%cf%8c%cf%82\/","title":{"rendered":"Kultur"},"content":{"rendered":"<div data-elementor-type=\"wp-page\" data-elementor-id=\"2057\" class=\"elementor elementor-2057\" data-elementor-post-type=\"page\">\n\t\t\t\t<div data-particle_enable=\"false\" data-particle-mobile-disabled=\"false\" class=\"elementor-element elementor-element-3b69919 e-flex e-con-boxed e-con e-parent\" data-id=\"3b69919\" data-element_type=\"container\" data-settings=\"{&quot;background_background&quot;:&quot;classic&quot;}\">\n\t\t\t\t\t<div class=\"e-con-inner\">\n\t\t\t\t<div class=\"elementor-element elementor-element-3fd18d3 elementor-widget elementor-widget-heading\" data-id=\"3fd18d3\" data-element_type=\"widget\" data-widget_type=\"heading.default\">\n\t\t\t\t\t<h2 class=\"elementor-heading-title elementor-size-default\">Kultur<\/h2>\t\t\t\t<\/div>\n\t\t\t\t\t<\/div>\n\t\t\t\t<\/div>\n\t\t<div data-particle_enable=\"false\" data-particle-mobile-disabled=\"false\" class=\"elementor-element elementor-element-5bbb2ae e-flex e-con-boxed e-con e-parent\" data-id=\"5bbb2ae\" data-element_type=\"container\" data-settings=\"{&quot;background_background&quot;:&quot;classic&quot;}\">\n\t\t\t\t\t<div class=\"e-con-inner\">\n\t\t<div data-particle_enable=\"false\" data-particle-mobile-disabled=\"false\" class=\"elementor-element elementor-element-793257f e-con-full e-flex e-con e-child\" data-id=\"793257f\" data-element_type=\"container\">\n\t\t\t\t<div class=\"elementor-element elementor-element-ceafcfa elementor-widget elementor-widget-heading\" data-id=\"ceafcfa\" data-element_type=\"widget\" data-widget_type=\"heading.default\">\n\t\t\t\t\t<h2 class=\"elementor-heading-title elementor-size-default\">Die Seele Kretas an den H\u00e4ngen des Psiloritis<\/h2>\t\t\t\t<\/div>\n\t\t\t\t<\/div>\n\t\t\t\t\t<\/div>\n\t\t\t\t<\/div>\n\t\t<div data-particle_enable=\"false\" data-particle-mobile-disabled=\"false\" class=\"elementor-element elementor-element-6c6a9cd e-flex e-con-boxed e-con e-parent\" data-id=\"6c6a9cd\" data-element_type=\"container\">\n\t\t\t\t\t<div class=\"e-con-inner\">\n\t\t\t\t<div class=\"elementor-element elementor-element-547ce61 elementor-widget elementor-widget-text-editor\" data-id=\"547ce61\" data-element_type=\"widget\" data-widget_type=\"text-editor.default\">\n\t\t\t\t\t\t\t\t\t<p>\u201eAuf Kreta gibt es etwas. Eine Flamme \u2013 nennen wir sie Seele \u2013 etwas, das \u00fcber Leben und Tod hinausgeht. Es ist dieser Stolz, dieser Eigensinn, diese Tapferkeit, diese Unbeugsamkeit, die einen froh macht, ein Mensch zu sein...\u201c\u00a0<em>Nikos Kazantzakis<\/em><br \/>\u00a0<br \/>So beschreibt der gro\u00dfe Schriftsteller, ein Kind kretischer Erde, die Seele Kretas<\/p><p>\u039f\u03b9 \u03ac\u03bd\u03b8\u03c1\u03c9\u03c0\u03bf\u03b9 \u03c4\u03bf\u03c5 \u03bd\u03b7\u03c3\u03b9\u03bf\u03cd \u03b5\u03af\u03bd\u03b1\u03b9 \u03b1\u03bd\u03b1\u03b8\u03c1\u03b5\u03bc\u03bc\u03ad\u03bd\u03bf\u03b9 \u03bc\u03b5 \u03b5\u03b9\u03ba\u03cc\u03bd\u03b5\u03c2 \u03ba\u03b1\u03b9 \u03ae\u03c7\u03bf\u03c5\u03c2 \u03b1\u03c0\u2019 \u03c4\u03bf \u03b2\u03bf\u03c5\u03bd\u03cc \u03c4\u03bf\u03c5 \u03bc\u03cd\u03b8\u03bf\u03c5, \u03c4\u03b7\u03c2 \u03b9\u03c3\u03c4\u03bf\u03c1\u03af\u03b1\u03c2 \u03ba\u03b1\u03b9 \u03c4\u03b7\u03c2 \u03c0\u03b1\u03c1\u03ac\u03b4\u03bf\u03c3\u03b7\u03c2 \u03c4\u03bf \u03bf\u03c0\u03bf\u03af\u03bf \u03c0\u03ac\u03bd\u03c4\u03b1 \u03b4\u03b9\u03b1\u03c4\u03c1\u03ac\u03bd\u03c9\u03bd\u03b5 \u03c4\u03b7\u03bd \u03b9\u03c3\u03c7\u03c5\u03c1\u03ae \u03c4\u03bf\u03c5 \u03c0\u03b1\u03c1\u03bf\u03c5\u03c3\u03af\u03b1.<\/p><p>Die Menschen der Insel sind aufgewachsen mit Bildern und Kl\u00e4ngen eines Berges, der durch Mythos, Geschichte und Tradition stets seine kraftvolle Pr\u00e4senz behauptet.<\/p><p>Die besondere Pr\u00e4gung Kretas wird wesentlich vom Psiloritis bestimmt \u2013 dem imposanten Gebirgsmassiv im Herzen der Insel, das eine zentrale Rolle f\u00fcr den Charakter der gesamten Region spielt.\nVieles macht das Gebiet des Psiloritis einzigartig: Die Mythen des Berges, wo Zeus aufwuchs. Die Kl\u00e4nge der Zimbeln der mythischen Koureten \u2013 Besch\u00fctzer des Zeus. Der Fl\u00fcgelschlag des bronzenen Riesen Talos \u2013 W\u00e4chter Kretas. Die Fahrt der Europa nach Gortyna. Die Rufe des Minotaurus im sagenumwobenen Labyrinth. Und Ariadne, die weise den Faden spinnt.Ihr Faden f\u00fchrt symbolisch von der Mythologie zur Geschichte des Ortes.<\/p><p>Die Besiedlung der Region Psiloritis reicht bis in die Jungsteinzeit zur\u00fcck. \u00dcberall auf dem Berg finden sich Spuren der Vergangenheit: minoische St\u00e4dte, antike Pfade durch Schluchten, heilige H\u00f6hlen und Kultst\u00e4tten der Antike, fr\u00fchchristliche Basiliken, zahllose byzantinische Kapellen mit Wandmalereien und Kl\u00f6ster.\nDer Psiloritis hat bedeutende Pers\u00f6nlichkeiten hervorgebracht \u2013 Heilige, Gelehrte, Freiheitsk\u00e4mpfer und Helden. Die j\u00fcngere Geschichte ist gepr\u00e4gt von Aufst\u00e4nden und vom Blut derer, die in dunklen Zeiten ihr Leben opferten.Die Literatur hat hier das Wunder der Kretischen Renaissance hervorgebracht \u2013 mit herausragenden Dichtungen, bedeutenden Poeten und Ikonenmalern.<\/p><p>Die Architektur des Psiloritis reicht von einfachen Trockensteinmauern, die die Felder terrassieren, bis hin zu den steinernen Hirtenh\u00fctten (mitata), zu steinernen H\u00e4usern, Gassen, venezianischen Villen und byzantinischen Kirchen mit kunstvollen Glockent\u00fcrmen. Alle Bauten \u2013 ob schlicht oder pr\u00e4chtig \u2013 spiegeln das reiche Erbe der Region wider.<\/p><p>Die kretische Muse \u00e4u\u00dfert sich durch den Klang der Lyra und der Streichb\u00f6gen ihrer Musikmeister \u2013 ebenso durch Gesang und die modernen Varianten kretischer Musik, die trotz aller Ver\u00e4nderungen lebendig bleibt.Die Mantinaden, gereimte Zwei-Zeiler im f\u00fcnfzehnsilbigen Versma\u00df, sind noch heute ein lebendiger Ausdruck der kretischen Seele \u2013 um Liebe, Freude oder Spott in den Alltag zu tragen.<\/p><p>Der Tanz \u2013 Ausdruck der Verbindung zur Natur, zur Liebe und selbst zum Tod \u2013 bleibt ein unverzichtbarer Teil der kretischen Identit\u00e4t.\nUnd schlie\u00dflich sind es die Menschen selbst, die den Charakter des Psiloritis pr\u00e4gen. Aufgewachsen mit Schluchten und Heilkr\u00e4utern, leben sie in Regionen wie Amari, Pano Riza, Mylopotamos und Malevizi \u2013 karg, wild, voller Gegens\u00e4tze.<\/p><p>Und schlie\u00dflich sind es die Menschen selbst, die den Charakter des Psiloritis pr\u00e4gen. Aufgewachsen mit Schluchten und Heilkr\u00e4utern, leben sie in Regionen wie Amari, Pano Riza, Mylopotamos und Malevizi \u2013 karg, wild, voller Gegens\u00e4tze.Sie haben gelernt, mit Stein und Erde zu arbeiten, auf Thymianh\u00e4ngen zu klettern, dem Wind vom Meer zu lauschen, das Land zu bebauen und sich von seinen Fr\u00fcchten zu n\u00e4hren. Sie schaffen wahre Geschmackswunder, die ihre K\u00fcche weltweit bekannt gemacht haben.Am bedeutendsten aber ist ihre Gastfreundschaft \u2013 die sich in einem L\u00e4cheln, einem kleinen Geschenk, einem freundlichen Wort zeigt.<br \/>\u00a0<br \/>Der Psiloritis l\u00e4dt den Besucher ein, in eine Erfahrung einzutauchen \u2013 gef\u00fchrt durch Kl\u00e4nge, Bilder und gelebte Momente.Die warme Umarmung dieser Landschaft \u00f6ffnet sich allen, die sie suchen \u2013 mit unvergesslichen Eindr\u00fccken.Hier schl\u00e4gt das Herz Kretas.<br \/>Der Psiloritis hei\u00dft Sie willkommen \u2013 f\u00fcr eine Erfahrung, die Ihren Tr\u00e4umen gerecht wird.<br \/><br \/><br \/><br \/><strong>MENSCHLICHE AKTIVIT\u00c4TEN UND BESCH\u00c4FTIGUNGEN<\/strong><br \/>Das Psiloritis-Gebiet auf Kreta ist ein Ort voller nat\u00fcrlicher Sch\u00f6nheit \u2013 eine Landschaft reich an Bildern, D\u00fcften und Aromen. Es ist eine Br\u00fccke zwischen Vergangenheit und Gegenwart. Die Einheimischen leben im Einklang mit dem Berg, der sie umgibt und ihren Alltag pr\u00e4gt.<\/p><p>Die Menschen leben mit dem Klang der Lyra und dem kretischen Tanz. Sie dichten Mantinaden, besingen die Liebe, das Leben \u2013 und auch den Tod \u2013 durch Klagelieder. Volksfeste und traditionelle Br\u00e4uche werden mit Tanz, Gesang, K\u00f6stlichkeiten, Wein und Tsikoudia gefeiert und bereichern den Alltag mit einem festlichen Hauch. Die Bewohner pflegen ihre Br\u00e4uche weiterhin durch freiwillige Teilnahme an Dorffesten, Hochzeiten, Taufen, Schafschuren und der Destillation von Raki. Das ganze Jahr \u00fcber finden religi\u00f6se Feierlichkeiten in den D\u00f6rfern und an abgelegenen Kapellen statt, wo sich die Menschen zum Gebet und zur Begegnung versammeln. Gemeinden und Kulturvereine organisieren Veranstaltungen, Festivals und Konferenzen und bereichern so das kulturelle Leben der Region.<\/p><p>Aufgrund ihrer bergigen Geomorphologie ist die Region Psiloritis \u00fcberwiegend land- und viehwirtschaftlich gepr\u00e4gt. Die Viehzucht bleibt ein traditioneller Berufszweig, w\u00e4hrend die K\u00e4seherstellung und Milchverarbeitung heute in modernen, gut ausgestatteten handwerklichen Betrieben erfolgt.<\/p><p>Die Tieflandzonen des Psiloritis z\u00e4hlen zu den produktivsten Olivenanbaugebieten Griechenlands. Die fruchtbare Erde beg\u00fcnstigt den Anbau von Oliven, Weinreben zur Weinherstellung und Obstb\u00e4umen.Dank der F\u00fclle an wilden Kr\u00e4utern \u2013 besonders Thymian \u2013 ist die Imkerei sowie das Sammeln von Wildkr\u00e4utern besonders stark entwickelt.\nDas Leben der Menschen, das einst ausschlie\u00dflich auf Landwirtschaft und Viehzucht beruhte, hat sich jedoch durch den Tourismus grundlegend ver\u00e4ndert.<br \/>\u00a0<br \/>\u00a0Der Tourismus hat den Bewohnern des Psiloritis neue Perspektiven er\u00f6ffnet. Die moderne Infrastruktur, die in den letzten Jahren geschaffen wurde, bietet vielen Menschen Arbeit. Agrotourismusbetriebe, Caf\u00e9s, Tavernen, Werkst\u00e4tten f\u00fcr Volkskunst, kleine Gesch\u00e4fte und tourismusbezogene Unternehmen schaffen neue Entwicklungsm\u00f6glichkeiten f\u00fcr die Region.In der K\u00fcstenzone ist die Fischerei bis heute eine traditionelle Besch\u00e4ftigung der Einheimischen geblieben.\nDie Menschen des Psiloritis erschaffen Kunstwerke mit einfachen Materialien aus der Erde und der Kraft ihrer Fantasie. Die Volkskunst lebt in der gesamten Region weiter und bringt wahre handwerkliche Meisterwerke hervor.\nIn Anogeia, Axos und Zaros bleibt die Webkunst lebendig. In Margarites bl\u00fcht die jahrhundertealte T\u00f6pfertradition. In Alpha und Laga (Mylopotamos) praktizieren traditionelle Steinmetze weiterhin die Kunst der Steinbearbeitung.In Vizari und Anogeia gibt es Holzschnitzwerkst\u00e4tten, in Kalogeros eine Keramikwerkstatt, und in Gergeri sowie Apostoloi Steinmetzwerkst\u00e4tten. In Nivritos sind noch traditionelle Korbflechter anzutreffen. In Zaros und Gergeri befinden sich zwei hervorragende Instrumentenbauer, w\u00e4hrend in Ano Meros (Amari) eine Werkstatt f\u00fcr traditionelle Lederstiefel (Stivan\u00e1kia) zu finden ist.Viele Frauen pflegen weiterhin die Handarbeit zu Hause \u2013 etwa das kunstvolle H\u00e4keln \u2013 und bewahren so \u00fcberlieferte Techniken.<\/p><p><img fetchpriority=\"high\" decoding=\"async\" class=\"alignnone wp-image-2059 size-full\" src=\"https:\/\/psiloritisgeopark.gr\/wp-content\/uploads\/2025\/09\/keramika.jpg\" alt=\"\" width=\"475\" height=\"356\" srcset=\"https:\/\/psiloritisgeopark.gr\/wp-content\/uploads\/2025\/09\/keramika.jpg 475w, https:\/\/psiloritisgeopark.gr\/wp-content\/uploads\/2025\/09\/keramika-300x225.jpg 300w\" sizes=\"(max-width: 475px) 100vw, 475px\" \/><\/p>\t\t\t\t\t\t\t\t<\/div>\n\t\t\t\t\t<\/div>\n\t\t\t\t<\/div>\n\t\t\t\t<\/div>","protected":false},"excerpt":{"rendered":"<p>\u0397 \u03a8\u03c5\u03c7\u03ae \u03c4\u03b7\u03c2 \u039a\u03c1\u03ae\u03c4\u03b7\u03c2 \u03c3\u03c4\u03b9\u03c2 \u03a0\u03bb\u03b1\u03b3\u03b9\u03ad\u03c2 \u03c4\u03bf\u03c5 \u03a8\u03b7\u03bb\u03bf\u03c1\u03b5\u03af\u03c4\u03b7 \u03a5\u03c0\u03ac\u03c1\u03c7\u03b5\u03b9 \u03ba\u03ac\u03c4\u03b9 \u03c3\u03c4\u03b7\u03bd \u039a\u03c1\u03ae\u03c4\u03b7. \u03a5\u03c0\u03ac\u03c1\u03c7\u03b5\u03b9 \u03ba\u03ac\u03c0\u03bf\u03b9\u03b1 \u03c6\u03bb\u03cc\u03b3\u03b1 -\u03b1\u03c2 \u03c4\u03b7\u03bd \u03c0\u03bf\u03cd\u03bc\u03b5 \u03c8\u03c5\u03c7\u03ae- \u03ba\u03ac\u03c4\u03b9 \u03c0\u03b9\u03bf \u03c0\u03ac\u03bd\u03c9 \u03b1\u03c0\u2019 \u03c4\u03b7 \u03b6\u03c9\u03ae \u03ba\u03b1\u03b9 \u03c4\u03bf \u03b8\u03ac\u03bd\u03b1\u03c4\u03bf. \u03a5\u03c0\u03ac\u03c1\u03c7\u03b5\u03b9 \u03b1\u03c5\u03c4\u03ae \u03b7 \u03c0\u03b5\u03c1\u03b7\u03c6\u03ac\u03bd\u03b9\u03b1, \u03c4\u03bf \u03c0\u03b5\u03af\u03c3\u03bc\u03b1, \u03b7 \u03c0\u03b1\u03bb\u03b9\u03ba\u03b1\u03c1\u03b9\u03ac, \u03b7 \u03b1\u03c8\u03b7\u03c6\u03b9\u03c3\u03b9\u03ac \u03c0\u03bf\u03c5 \u03c3\u03b5 \u03ba\u03ac\u03bd\u03b5\u03b9 \u03bd\u03b1 \u03c7\u03b1\u03af\u03c1\u03b5\u03c3\u03b1\u03b9 \u03c0\u03bf\u03c5 \u03b5\u03af\u03c3\u03b1\u03b9 \u03ac\u03bd\u03b8\u03c1\u03c9\u03c0\u03bf\u03c2&#8230;\u00bb\u00a0\u039d. \u039a\u03b1\u03b6\u03b1\u03bd\u03c4\u03b6\u03ac\u03ba\u03b7\u03c2\u00a0\u0388\u03c4\u03c3\u03b9 \u03c0\u03b5\u03c1\u03b9\u03b3\u03c1\u03ac\u03c6\u03b5\u03c4\u03b1\u03b9 \u03b7 \u03c8\u03c5\u03c7\u03ae \u03c4\u03b7\u03c2 \u039a\u03c1\u03ae\u03c4\u03b7\u03c2, \u03bc\u03ad\u03c3\u03b1 \u03b1\u03c0\u03cc \u03c4\u03b1 [&hellip;]<\/p>","protected":false},"author":1,"featured_media":0,"parent":0,"menu_order":0,"comment_status":"closed","ping_status":"closed","template":"","meta":{"footnotes":""},"class_list":["post-2057","page","type-page","status-publish","hentry"],"_links":{"self":[{"href":"https:\/\/psiloritisgeopark.gr\/de\/wp-json\/wp\/v2\/pages\/2057","targetHints":{"allow":["GET"]}}],"collection":[{"href":"https:\/\/psiloritisgeopark.gr\/de\/wp-json\/wp\/v2\/pages"}],"about":[{"href":"https:\/\/psiloritisgeopark.gr\/de\/wp-json\/wp\/v2\/types\/page"}],"author":[{"embeddable":true,"href":"https:\/\/psiloritisgeopark.gr\/de\/wp-json\/wp\/v2\/users\/1"}],"replies":[{"embeddable":true,"href":"https:\/\/psiloritisgeopark.gr\/de\/wp-json\/wp\/v2\/comments?post=2057"}],"version-history":[{"count":4,"href":"https:\/\/psiloritisgeopark.gr\/de\/wp-json\/wp\/v2\/pages\/2057\/revisions"}],"predecessor-version":[{"id":2062,"href":"https:\/\/psiloritisgeopark.gr\/de\/wp-json\/wp\/v2\/pages\/2057\/revisions\/2062"}],"wp:attachment":[{"href":"https:\/\/psiloritisgeopark.gr\/de\/wp-json\/wp\/v2\/media?parent=2057"}],"curies":[{"name":"wp","href":"https:\/\/api.w.org\/{rel}","templated":true}]}}