{"id":2069,"date":"2025-09-12T12:44:56","date_gmt":"2025-09-12T12:44:56","guid":{"rendered":"https:\/\/nextdigital-demos.info\/gewparko\/?page_id=2069"},"modified":"2026-02-24T07:32:38","modified_gmt":"2026-02-24T07:32:38","slug":"videos-%ce%ba%ce%b1%ce%b9-%cf%86%cf%89%cf%84%ce%bf%ce%b3%cf%81%ce%b1%cf%86%ce%b9%ce%ba%cf%8c-%cf%85%ce%bb%ce%b9%ce%ba%cf%8c","status":"publish","type":"page","link":"https:\/\/psiloritisgeopark.gr\/de\/videos-%ce%ba%ce%b1%ce%b9-%cf%86%cf%89%cf%84%ce%bf%ce%b3%cf%81%ce%b1%cf%86%ce%b9%ce%ba%cf%8c-%cf%85%ce%bb%ce%b9%ce%ba%cf%8c\/","title":{"rendered":"Geschichte"},"content":{"rendered":"<div data-elementor-type=\"wp-page\" data-elementor-id=\"2069\" class=\"elementor elementor-2069\" data-elementor-post-type=\"page\">\n\t\t\t\t<div data-particle_enable=\"false\" data-particle-mobile-disabled=\"false\" class=\"elementor-element elementor-element-3b69919 e-flex e-con-boxed e-con e-parent\" data-id=\"3b69919\" data-element_type=\"container\" data-settings=\"{&quot;background_background&quot;:&quot;classic&quot;}\">\n\t\t\t\t\t<div class=\"e-con-inner\">\n\t\t\t\t<div class=\"elementor-element elementor-element-3fd18d3 elementor-widget elementor-widget-heading\" data-id=\"3fd18d3\" data-element_type=\"widget\" data-widget_type=\"heading.default\">\n\t\t\t\t\t<h2 class=\"elementor-heading-title elementor-size-default\">Geschichte<\/h2>\t\t\t\t<\/div>\n\t\t\t\t\t<\/div>\n\t\t\t\t<\/div>\n\t\t<div data-particle_enable=\"false\" data-particle-mobile-disabled=\"false\" class=\"elementor-element elementor-element-5bbb2ae e-flex e-con-boxed e-con e-parent\" data-id=\"5bbb2ae\" data-element_type=\"container\" data-settings=\"{&quot;background_background&quot;:&quot;classic&quot;}\">\n\t\t\t\t\t<div class=\"e-con-inner\">\n\t\t<div data-particle_enable=\"false\" data-particle-mobile-disabled=\"false\" class=\"elementor-element elementor-element-793257f e-con-full e-flex e-con e-child\" data-id=\"793257f\" data-element_type=\"container\">\n\t\t\t\t<div class=\"elementor-element elementor-element-ceafcfa elementor-widget elementor-widget-heading\" data-id=\"ceafcfa\" data-element_type=\"widget\" data-widget_type=\"heading.default\">\n\t\t\t\t\t<h2 class=\"elementor-heading-title elementor-size-default\">Geopark Psiloritis: Ein weltweites Vorbild f\u00fcr Natur und Kultur<\/h2>\t\t\t\t<\/div>\n\t\t\t\t<\/div>\n\t\t\t\t\t<\/div>\n\t\t\t\t<\/div>\n\t\t<div data-particle_enable=\"false\" data-particle-mobile-disabled=\"false\" class=\"elementor-element elementor-element-6c6a9cd e-flex e-con-boxed e-con e-parent\" data-id=\"6c6a9cd\" data-element_type=\"container\">\n\t\t\t\t\t<div class=\"e-con-inner\">\n\t\t\t\t<div class=\"elementor-element elementor-element-547ce61 elementor-widget elementor-widget-text-editor\" data-id=\"547ce61\" data-element_type=\"widget\" data-widget_type=\"text-editor.default\">\n\t\t\t\t\t\t\t\t\t<p>Der Psiloritis-Geopark wurde 2001 als informeller Naturpark von der Gesellschaft A.K.O.M.M. \u2013 Psiloritis Entwicklungsagentur A.G. O.T.A. mit wissenschaftlicher Unterst\u00fctzung des Naturkundemuseums der Universit\u00e4t Kreta gegr\u00fcndet.<br \/>Aufgrund seiner reichen geologischen Vielfalt, der beeindruckenden Landschaft sowie seines unbestreitbaren historischen und kulturellen Erbes wurde der Psiloritis-Naturpark von Anfang an in das Netzwerk der Europ\u00e4ischen Geoparks aufgenommen und kurz darauf auch in das Netzwerk der Globalen Geoparks, wodurch dieser Ort internationale Anerkennung erlangte.<br \/>Seitdem hat der Psiloritis-Geopark in Zusammenarbeit mit den Gemeinden des Parks und anderen zust\u00e4ndigen Institutionen die notwendige Infrastruktur entwickelt, um seinen Besuchern und st\u00e4ndigen Bewohnern ein hochwertiges Leben in einer vorbildlichen nicht urbanen Umgebung zu bieten.<\/p><p>Heute beteiligt sich der Geopark Psiloritis aktiv an den weltweiten Bem\u00fchungen zum Schutz und zur F\u00f6rderung der Umwelt, des nat\u00fcrlichen und kulturellen Erbes sowie der nachhaltigen lokalen Entwicklung durch Geotourismus und andere Formen des alternativen Tourismus.<\/p><p><img fetchpriority=\"high\" decoding=\"async\" class=\"aligncenter wp-image-4543 size-full\" src=\"https:\/\/psiloritisgeopark.gr\/wp-content\/uploads\/2026\/02\/NEWNEW-LOGO_Psiloritis-GR.jpg\" alt=\"\" width=\"557\" height=\"705\" srcset=\"https:\/\/psiloritisgeopark.gr\/wp-content\/uploads\/2026\/02\/NEWNEW-LOGO_Psiloritis-GR.jpg 557w, https:\/\/psiloritisgeopark.gr\/wp-content\/uploads\/2026\/02\/NEWNEW-LOGO_Psiloritis-GR-237x300.jpg 237w, https:\/\/psiloritisgeopark.gr\/wp-content\/uploads\/2026\/02\/NEWNEW-LOGO_Psiloritis-GR-9x12.jpg 9w\" sizes=\"(max-width: 557px) 100vw, 557px\" \/><\/p><p>\u00a0<\/p>\t\t\t\t\t\t\t\t<\/div>\n\t\t\t\t\t<\/div>\n\t\t\t\t<\/div>\n\t\t\t\t<\/div>","protected":false},"excerpt":{"rendered":"<p>\u0393\u03b5\u03c9\u03c0\u03ac\u03c1\u03ba\u03bf \u03a8\u03b7\u03bb\u03bf\u03c1\u03b5\u03af\u03c4\u03b7: \u0388\u03bd\u03b1 \u03a0\u03b1\u03b3\u03ba\u03cc\u03c3\u03bc\u03b9\u03bf \u03a0\u03c1\u03cc\u03c4\u03c5\u03c0\u03bf \u03a6\u03cd\u03c3\u03b7\u03c2 \u03ba\u03b1\u03b9 \u03a0\u03bf\u03bb\u03b9\u03c4\u03b9\u03c3\u03bc\u03bf\u03cd \u03a4\u03bf \u03b3\u03b5\u03c9\u03c0\u03ac\u03c1\u03ba\u03bf \u03c4\u03bf\u03c5 \u03a8\u03b7\u03bb\u03bf\u03c1\u03b5\u03af\u03c4\u03b7 \u03b9\u03b4\u03c1\u03cd\u03b8\u03b7\u03ba\u03b5 \u03c4\u03bf 2001 \u03c3\u03b1\u03bd \u03ac\u03c4\u03c5\u03c0\u03bf \u03a6\u03c5\u03c3\u03b9\u03ba\u03cc \u03a0\u03ac\u03c1\u03ba\u03bf \u03b1\u03c0\u03cc \u03c4\u03b7\u03bd \u03b5\u03c4\u03b1\u03b9\u03c1\u03af\u03b1 \u0391.\u039a.\u039f.\u039c.\u039c. &#8211; \u03a8\u03b7\u03bb\u03bf\u03c1\u03b5\u03af\u03c4\u03b7\u03c2 \u0391\u03bd\u03b1\u03c0\u03c4\u03c5\u03be\u03b9\u03b1\u03ba\u03ae \u0391.\u0395. \u039f.\u03a4.\u0391. \u03bc\u03b5 \u03c4\u03b7\u03bd \u03b5\u03c0\u03b9\u03c3\u03c4\u03b7\u03bc\u03bf\u03bd\u03b9\u03ba\u03ae \u03c5\u03c0\u03bf\u03c3\u03c4\u03ae\u03c1\u03b9\u03be\u03b7 \u03c4\u03bf\u03c5 \u039c\u03bf\u03c5\u03c3\u03b5\u03af\u03bf\u03c5 \u03a6\u03c5\u03c3\u03b9\u03ba\u03ae\u03c2 \u0399\u03c3\u03c4\u03bf\u03c1\u03af\u03b1\u03c2 \u03c4\u03bf\u03c5 \u03a0\u03b1\u03bd\u03b5\u03c0\u03b9\u03c3\u03c4\u03b7\u03bc\u03af\u03bf\u03c5 \u039a\u03c1\u03ae\u03c4\u03b7\u03c2.\u039b\u03cc\u03b3\u03c9 \u03c4\u03b7\u03c2 \u03c0\u03bb\u03bf\u03cd\u03c3\u03b9\u03b1\u03c2 \u03b3\u03b5\u03c9\u03c0\u03bf\u03b9\u03ba\u03b9\u03bb\u03cc\u03c4\u03b7\u03c4\u03b1\u03c2, \u03c4\u03bf\u03c5 \u03c0\u03b1\u03bd\u03ad\u03bc\u03bf\u03c1\u03c6\u03bf\u03c5 \u03c4\u03bf\u03c0\u03af\u03bf\u03c5 \u03ba\u03b1\u03b9 \u03c4\u03b7\u03c2 \u03b1\u03bd\u03b1\u03bc\u03c6\u03b9\u03c3\u03b2\u03ae\u03c4\u03b7\u03c4\u03b7\u03c2 \u03b9\u03c3\u03c4\u03bf\u03c1\u03af\u03b1\u03c2 \u03ba\u03b1\u03b9 \u03c0\u03b1\u03c1\u03ac\u03b4\u03bf\u03c3\u03ae\u03c2 \u03c4\u03bf\u03c5, \u03c4\u03bf \u03a6\u03c5\u03c3\u03b9\u03ba\u03cc \u03a0\u03ac\u03c1\u03ba\u03bf [&hellip;]<\/p>","protected":false},"author":1,"featured_media":0,"parent":0,"menu_order":0,"comment_status":"closed","ping_status":"closed","template":"","meta":{"footnotes":""},"class_list":["post-2069","page","type-page","status-publish","hentry"],"_links":{"self":[{"href":"https:\/\/psiloritisgeopark.gr\/de\/wp-json\/wp\/v2\/pages\/2069","targetHints":{"allow":["GET"]}}],"collection":[{"href":"https:\/\/psiloritisgeopark.gr\/de\/wp-json\/wp\/v2\/pages"}],"about":[{"href":"https:\/\/psiloritisgeopark.gr\/de\/wp-json\/wp\/v2\/types\/page"}],"author":[{"embeddable":true,"href":"https:\/\/psiloritisgeopark.gr\/de\/wp-json\/wp\/v2\/users\/1"}],"replies":[{"embeddable":true,"href":"https:\/\/psiloritisgeopark.gr\/de\/wp-json\/wp\/v2\/comments?post=2069"}],"version-history":[{"count":8,"href":"https:\/\/psiloritisgeopark.gr\/de\/wp-json\/wp\/v2\/pages\/2069\/revisions"}],"predecessor-version":[{"id":4546,"href":"https:\/\/psiloritisgeopark.gr\/de\/wp-json\/wp\/v2\/pages\/2069\/revisions\/4546"}],"wp:attachment":[{"href":"https:\/\/psiloritisgeopark.gr\/de\/wp-json\/wp\/v2\/media?parent=2069"}],"curies":[{"name":"wp","href":"https:\/\/api.w.org\/{rel}","templated":true}]}}