{"id":2076,"date":"2025-09-12T12:52:12","date_gmt":"2025-09-12T12:52:12","guid":{"rendered":"https:\/\/nextdigital-demos.info\/gewparko\/?page_id=2076"},"modified":"2025-09-12T13:17:07","modified_gmt":"2025-09-12T13:17:07","slug":"%ce%b4%ce%b9%ce%b1%cf%87%ce%b5%ce%af%cf%81%ce%b9%cf%83%ce%b7","status":"publish","type":"page","link":"https:\/\/psiloritisgeopark.gr\/de\/%ce%b4%ce%b9%ce%b1%cf%87%ce%b5%ce%af%cf%81%ce%b9%cf%83%ce%b7\/","title":{"rendered":"Lage"},"content":{"rendered":"<div data-elementor-type=\"wp-page\" data-elementor-id=\"2076\" class=\"elementor elementor-2076\" data-elementor-post-type=\"page\">\n\t\t\t\t<div data-particle_enable=\"false\" data-particle-mobile-disabled=\"false\" class=\"elementor-element elementor-element-3b69919 e-flex e-con-boxed e-con e-parent\" data-id=\"3b69919\" data-element_type=\"container\" data-settings=\"{&quot;background_background&quot;:&quot;classic&quot;}\">\n\t\t\t\t\t<div class=\"e-con-inner\">\n\t\t\t\t<div class=\"elementor-element elementor-element-3fd18d3 elementor-widget elementor-widget-heading\" data-id=\"3fd18d3\" data-element_type=\"widget\" data-widget_type=\"heading.default\">\n\t\t\t\t\t<h2 class=\"elementor-heading-title elementor-size-default\">Lage<\/h2>\t\t\t\t<\/div>\n\t\t\t\t\t<\/div>\n\t\t\t\t<\/div>\n\t\t<div data-particle_enable=\"false\" data-particle-mobile-disabled=\"false\" class=\"elementor-element elementor-element-5bbb2ae e-flex e-con-boxed e-con e-parent\" data-id=\"5bbb2ae\" data-element_type=\"container\" data-settings=\"{&quot;background_background&quot;:&quot;classic&quot;}\">\n\t\t\t\t\t<div class=\"e-con-inner\">\n\t\t<div data-particle_enable=\"false\" data-particle-mobile-disabled=\"false\" class=\"elementor-element elementor-element-793257f e-con-full e-flex e-con e-child\" data-id=\"793257f\" data-element_type=\"container\">\n\t\t\t\t<div class=\"elementor-element elementor-element-ceafcfa elementor-widget elementor-widget-heading\" data-id=\"ceafcfa\" data-element_type=\"widget\" data-widget_type=\"heading.default\">\n\t\t\t\t\t<h2 class=\"elementor-heading-title elementor-size-default\">Psiloritis: Ein Geopark von 1.272 Quadratkilometern<\/h2>\t\t\t\t<\/div>\n\t\t\t\t<\/div>\n\t\t\t\t\t<\/div>\n\t\t\t\t<\/div>\n\t\t<div data-particle_enable=\"false\" data-particle-mobile-disabled=\"false\" class=\"elementor-element elementor-element-6c6a9cd e-flex e-con-boxed e-con e-parent\" data-id=\"6c6a9cd\" data-element_type=\"container\">\n\t\t\t\t\t<div class=\"e-con-inner\">\n\t\t\t\t<div class=\"elementor-element elementor-element-547ce61 elementor-widget elementor-widget-text-editor\" data-id=\"547ce61\" data-element_type=\"widget\" data-widget_type=\"text-editor.default\">\n\t\t\t\t\t\t\t\t\t<p>Der Psiloritis-Geopark befindet sich im Zentrum Kretas. Er umfasst das Psiloritis-Gebirge von seinen s\u00fcdlichen Ausl\u00e4ufern in der Region von Messara und dem Amari-Becken bis zu seinem n\u00f6rdlichen Ausl\u00e4ufer im Kouloukonas-Gebirge und dem Kretischen Meer. Verwaltungsm\u00e4\u00dfig geh\u00f6rt er zu den Regionalbezirken Heraklion und Rethymno.<\/p><p>Seine Fl\u00e4che betr\u00e4gt 1.272 Quadratkilometer.<\/p><div class=\"listsubitems\"><h2><a href=\"https:\/\/psiloritisgeopark.gr\/de\/%cf%87%ce%ac%cf%81%cf%84%ce%b5%cf%82\/\">Karten<\/a><\/h2><div class=\"listsubdescription\">Laden Sie die Grenzen des Geoparks auf Google Earth herunter...<\/div><div class=\"clear\">\u00a0<\/div><\/div><div class=\"listsubitems\"><h2><a href=\"http:\/\/nextdigital-demos.info\/gewparko\/%CF%80%CF%81%CF%8C%CF%83%CE%B2%CE%B1%CF%83%CE%B7\/\">Anreise<\/a><\/h2><div class=\"listsubdescription\">Anreise nach Kreta Besucher k\u00f6nnen Kreta mit der F\u00e4hre oder dem Flugzeug erreichen. Es gibt F\u00e4hrverbindungen von...<\/div><\/div>\t\t\t\t\t\t\t\t<\/div>\n\t\t\t\t\t<\/div>\n\t\t\t\t<\/div>\n\t\t\t\t<\/div>","protected":false},"excerpt":{"rendered":"<p>\u03a8\u03b7\u03bb\u03bf\u03c1\u03b5\u03af\u03c4\u03b7\u03c2: \u0388\u03bd\u03b1 \u0393\u03b5\u03c9\u03c0\u03ac\u03c1\u03ba\u03bf 1.272 \u03a4\u03b5\u03c4\u03c1\u03b1\u03b3\u03c9\u03bd\u03b9\u03ba\u03ce\u03bd \u03a7\u03b9\u03bb\u03b9\u03bf\u03bc\u03ad\u03c4\u03c1\u03c9\u03bd \u03a4\u03bf \u0393\u03b5\u03c9\u03c0\u03ac\u03c1\u03ba\u03bf \u03c4\u03bf\u03c5 \u03a8\u03b7\u03bb\u03bf\u03c1\u03b5\u03af\u03c4\u03b7 \u03b2\u03c1\u03af\u03c3\u03ba\u03b5\u03c4\u03b1\u03b9 \u03c3\u03c4\u03b7\u03bd \u03ba\u03b5\u03bd\u03c4\u03c1\u03b9\u03ba\u03ae \u039a\u03c1\u03ae\u03c4\u03b7 \u03ba\u03b1\u03b9 \u03c0\u03b5\u03c1\u03b9\u03bb\u03b1\u03bc\u03b2\u03ac\u03bd\u03b5\u03b9 \u03c4\u03b7\u03bd \u03bf\u03c1\u03bf\u03c3\u03b5\u03b9\u03c1\u03ac \u03c4\u03bf\u03c5 \u03a8\u03b7\u03bb\u03bf\u03c1\u03b5\u03af\u03c4\u03b7 \u03b1\u03c0\u03cc \u03c4\u03b9\u03c2 \u03bd\u03cc\u03c4\u03b9\u03b5\u03c2 \u03c0\u03b1\u03c1\u03c5\u03c6\u03ad\u03c2 \u03c4\u03b7\u03c2 \u03c3\u03c4\u03b7\u03bd \u03c0\u03b5\u03c1\u03b9\u03bf\u03c7\u03ae \u03c4\u03b7\u03c2 \u039c\u03b5\u03c3\u03b1\u03c1\u03ac\u03c2 \u03ba\u03b1\u03b9 \u03c4\u03b7 \u03bb\u03b5\u03ba\u03ac\u03bd\u03b7 \u03c4\u03bf\u03c5 \u0391\u03bc\u03b1\u03c1\u03af\u03bf\u03c5 \u03bc\u03ad\u03c7\u03c1\u03b9 \u03c4\u03b7 \u03b2\u03cc\u03c1\u03b5\u03b9\u03b1 \u03c0\u03c1\u03bf\u03ad\u03ba\u03c4\u03b1\u03c3\u03ae \u03c4\u03b7\u03c2 \u03c3\u03c4\u03b7\u03bd \u03bf\u03c1\u03bf\u03c3\u03b5\u03b9\u03c1\u03ac \u03c4\u03bf\u03c5 \u039a\u03bf\u03c5\u03bb\u03bf\u03cd\u03ba\u03c9\u03bd\u03b1 \u03ba\u03b1\u03b9 \u03c4\u03bf \u03ba\u03c1\u03b7\u03c4\u03b9\u03ba\u03cc \u03c0\u03ad\u03bb\u03b1\u03b3\u03bf\u03c2. \u0394\u03b9\u03bf\u03b9\u03ba\u03b7\u03c4\u03b9\u03ba\u03ac \u03b5\u03bd\u03c4\u03ac\u03c3\u03c3\u03b5\u03c4\u03b1\u03b9 \u03c3\u03c4\u03bf\u03c5\u03c2 \u03bd\u03bf\u03bc\u03bf\u03cd\u03c2 \u0397\u03c1\u03b1\u03ba\u03bb\u03b5\u03af\u03bf\u03c5 \u03ba\u03b1\u03b9 \u03a1\u03b5\u03b8\u03cd\u03bc\u03bd\u03bf\u03c5. \u0395\u03c7\u03b5\u03b9 [&hellip;]<\/p>","protected":false},"author":1,"featured_media":0,"parent":0,"menu_order":0,"comment_status":"closed","ping_status":"closed","template":"","meta":{"footnotes":""},"class_list":["post-2076","page","type-page","status-publish","hentry"],"_links":{"self":[{"href":"https:\/\/psiloritisgeopark.gr\/de\/wp-json\/wp\/v2\/pages\/2076","targetHints":{"allow":["GET"]}}],"collection":[{"href":"https:\/\/psiloritisgeopark.gr\/de\/wp-json\/wp\/v2\/pages"}],"about":[{"href":"https:\/\/psiloritisgeopark.gr\/de\/wp-json\/wp\/v2\/types\/page"}],"author":[{"embeddable":true,"href":"https:\/\/psiloritisgeopark.gr\/de\/wp-json\/wp\/v2\/users\/1"}],"replies":[{"embeddable":true,"href":"https:\/\/psiloritisgeopark.gr\/de\/wp-json\/wp\/v2\/comments?post=2076"}],"version-history":[{"count":11,"href":"https:\/\/psiloritisgeopark.gr\/de\/wp-json\/wp\/v2\/pages\/2076\/revisions"}],"predecessor-version":[{"id":2101,"href":"https:\/\/psiloritisgeopark.gr\/de\/wp-json\/wp\/v2\/pages\/2076\/revisions\/2101"}],"wp:attachment":[{"href":"https:\/\/psiloritisgeopark.gr\/de\/wp-json\/wp\/v2\/media?parent=2076"}],"curies":[{"name":"wp","href":"https:\/\/api.w.org\/{rel}","templated":true}]}}