{"id":2087,"date":"2025-09-12T13:14:11","date_gmt":"2025-09-12T13:14:11","guid":{"rendered":"https:\/\/nextdigital-demos.info\/gewparko\/?page_id=2087"},"modified":"2025-09-12T13:16:19","modified_gmt":"2025-09-12T13:16:19","slug":"%cf%80%cf%81%cf%8c%cf%83%ce%b2%ce%b1%cf%83%ce%b7","status":"publish","type":"page","link":"https:\/\/psiloritisgeopark.gr\/de\/%cf%80%cf%81%cf%8c%cf%83%ce%b2%ce%b1%cf%83%ce%b7\/","title":{"rendered":"Anreise"},"content":{"rendered":"<div data-elementor-type=\"wp-page\" data-elementor-id=\"2087\" class=\"elementor elementor-2087\" data-elementor-post-type=\"page\">\n\t\t\t\t<div data-particle_enable=\"false\" data-particle-mobile-disabled=\"false\" class=\"elementor-element elementor-element-958e9b7 e-flex e-con-boxed e-con e-parent\" data-id=\"958e9b7\" data-element_type=\"container\">\n\t\t\t\t\t<div class=\"e-con-inner\">\n\t\t\t\t<div class=\"elementor-element elementor-element-96e809a elementor-widget elementor-widget-text-editor\" data-id=\"96e809a\" data-element_type=\"widget\" data-widget_type=\"text-editor.default\">\n\t\t\t\t\t\t\t\t\t<p><strong>Anreise nach Kreta<\/strong><br \/><br \/>Kreta ist per F\u00e4hre oder Flugzeug erreichbar<br \/>T\u00e4glich verkehren F\u00e4hren vom Hafen von Pir\u00e4us nach Kreta. In Zeiten hoher touristischer Nachfrage (Sommermonate) kann es zus\u00e4tzliche Verbindungen und h\u00e4ufigere Abfahrten geben. Die Passagierh\u00e4fen Kretas sind: Heraklion, Chania, Rethymno, Agios Nikolaos, Sitia und Kissamos. Die \u00dcberfahrt dauert etwa 9 bis 14 Stunden \u2013 je nach gew\u00e4hltem Zielhafen \u2013 und es bestehen auch Verbindungen \u00fcber die Kykladen und die Dodekanes-Inseln.<br \/>Der Flugverkehr nach Kreta erfolgt \u00fcber folgende Flugh\u00e4fen: den internationalen Flughafen Heraklion \u201eNikos Kazantzakis\u201c (HER), den internationalen Flughafen Chania \u201eIoannis Daskalogiannis\u201c (CHQ) sowie den kommunalen Flughafen Sitia \u201eVitsentzos Kornaros\u201c (JSH). In den Sommermonaten gibt es auch Direktverbindungen zu mehr St\u00e4dten in Griechenland und dem Ausland.<br \/><br \/><strong>Anreise zum Geopark Psiloritis<\/strong><\/p><p>Der Zugang zum Geopark ist m\u00f6glich:<\/p><ul><li>us dem Osten \u00fcber die Stadt Heraklion \u00fcber die Provinzstra\u00dfe, die \u00fcber die Kreuzung Gazi f\u00fchrt und nacheinander Tylisos, Gonies, Anogeia verbindet<\/li><li>aus dem Westen \u00fcber die Stadt Rethymno \u00fcber die alte Nationalstra\u00dfe, die Perama, Garazo, Axos, Anogeia verbindet<\/li><li>aus dem S\u00fcden \u00fcber die Stra\u00dfenachse Heraklion, Agia Varvara, Gergeri, Zaros, Kamares, Fourfouras, Agia Foteini, Arkadi, Margarites, Perama, Rethymno<\/li><li>aus dem Norden \u00fcber die neue Nationalstra\u00dfe Heraklion\u2013Rethymno mit Abzweigung an der Kreuzung Sisses\u2013Aloides<\/li><li>und aus dem Norden \u00fcber die alte Nationalstra\u00dfe, die Heraklion, die Kreuzung Gazi, Marathos, Damasta, Garazo, Axos, Anogeia verbindet.<\/li><\/ul><p><br \/>Die Gebiete des Geoparks werden vom Fernbusnetz KTEL Heraklion\u2013Lasithi und KTEL Chania\u2013Rethymno bedient. Die Verbindung zu den D\u00f6rfern im Landesinneren ist weniger h\u00e4ufig und variiert je nach Saison und Besucheraufkommen.<\/p><p><a href=\"https:\/\/www.ktelherlas.gr\/el\" target=\"_blank\" rel=\"noopener\">KTEL Heraklion\u2013Lasithi<\/a><\/p><p><a href=\"https:\/\/www.e-ktel.com\/services\/dromologia\" target=\"_blank\" rel=\"noopener\">KTEL Chania\u2013Rethymno<\/a><br \/><br \/>Alternativ stehen auch Taxis oder Mietwagen zur Verf\u00fcgung.<br \/><br \/><strong>Anreise zum Informationszentrum des Geoparks Psiloritis<\/strong><br \/><br \/>Das\u00a0<a href=\"https:\/\/www.google.com\/search?q=psiloritis%20geopark&amp;rlz=1C1KNTJ_elGR1034GR1035&amp;oq=psiloritis+geopark&amp;aqs=chrome..69i57j69i60l3j69i65.5503j0j4&amp;sourceid=chrome&amp;ie=UTF-8&amp;tbs=lf:1,lf_ui:2&amp;tbm=lcl&amp;sxsrf=APwXEdd6lZ_GSCax0BFrpi455plnxUnE8A:1683540850421&amp;rflfq=1&amp;num=10&amp;rldimm=7036467136031294619&amp;lqi=ChJwc2lsb3JpdGlzIGdlb3BhcmtIxvmriP-3gIAIWigQABABGAAYASIScHNpbG9yaXRpcyBnZW9wYXJrKgYIAhAAEAEyAmVukgEEcGFya6oBOxABMh8QASIbduV_Hm4G7k7aMC6qxaY2SGh_LZsz5JZet4ioMhYQAiIScHNpbG9yaXRpcyBnZW9wYXJr&amp;ved=2ahUKEwjsnuqyvuX-AhUZS_EDHckNDS4QvS56BAgXEAE&amp;sa=X&amp;rlst=f#rlfi=hd:;si:7036467136031294619,l,ChJwc2lsb3JpdGlzIGdlb3BhcmtIxvmriP-3gIAIWigQABABGAAYASIScHNpbG9yaXRpcyBnZW9wYXJrKgYIAhAAEAEyAmVukgEEcGFya6oBOxABMh8QASIbduV_Hm4G7k7aMC6qxaY2SGh_LZsz5JZet4ioMhYQAiIScHNpbG9yaXRpcyBnZW9wYXJr;mv:[[35.2876145,24.889880100000003],[35.2875045,24.8897674]];tbs:lrf:!1m4!1u2!2m2!2m1!1e1!2m1!1e2!3sIAE,lf:1,lf_ui:2\" target=\"_blank\" rel=\"noopener\">Informationszentrum des Geoparks Psiloritis<\/a>\u00a0befindet sich in Anogeia, Rethymno (im Geb\u00e4ude der AKOMM) und ist mit \u00f6ffentlichen Verkehrsmitteln erreichbar \u2013 mit dem Bus ab dem Busbahnhof \u201eChanioporta\u201c (dieser ist nicht identisch mit dem zentralen Busbahnhof von Heraklion nahe dem Hafen).<br \/><br \/>Die Busverbindungen Heraklion\u2013Anogeia sind t\u00e4glich verf\u00fcgbar, unter der Woche in der Regel h\u00e4ufiger als am Wochenende. Weitere Informationen zu den Busfahrpl\u00e4nen von und nach Anogeia finden Sie hier.\u00a0<a href=\"https:\/\/www.ktelherlas.gr\/el\/\" target=\"_blank\" rel=\"noopener\">hier.<\/a>.<\/p><p><img fetchpriority=\"high\" decoding=\"async\" class=\"alignnone wp-image-2095 size-full\" src=\"https:\/\/psiloritisgeopark.gr\/wp-content\/uploads\/2025\/09\/Slide1.jpg\" alt=\"\" width=\"1280\" height=\"720\" srcset=\"https:\/\/psiloritisgeopark.gr\/wp-content\/uploads\/2025\/09\/Slide1.jpg 1280w, https:\/\/psiloritisgeopark.gr\/wp-content\/uploads\/2025\/09\/Slide1-300x169.jpg 300w, https:\/\/psiloritisgeopark.gr\/wp-content\/uploads\/2025\/09\/Slide1-1024x576.jpg 1024w, https:\/\/psiloritisgeopark.gr\/wp-content\/uploads\/2025\/09\/Slide1-768x432.jpg 768w\" sizes=\"(max-width: 1280px) 100vw, 1280px\" \/><\/p>\t\t\t\t\t\t\t\t<\/div>\n\t\t\t\t\t<\/div>\n\t\t\t\t<\/div>\n\t\t\t\t<\/div>","protected":false},"excerpt":{"rendered":"<p>\u03a0\u03c1\u03cc\u03c3\u03b2\u03b1\u03c3\u03b7 \u03c3\u03c4\u03b7\u03bd \u039a\u03c1\u03ae\u03c4\u03b7 \u039f\u03b9 \u03b5\u03c0\u03b9\u03c3\u03ba\u03ad\u03c0\u03c4\u03b5\u03c2 \u03bc\u03c0\u03bf\u03c1\u03bf\u03cd\u03bd \u03bd\u03b1 \u03ad\u03c1\u03b8\u03bf\u03c5\u03bd \u03c3\u03c4\u03b7\u03bd \u039a\u03c1\u03ae\u03c4\u03b7 \u03bc\u03b5 \u03c0\u03bb\u03bf\u03af\u03bf \u03ba\u03b1\u03b9 \u03b1\u03b5\u03c1\u03bf\u03c0\u03bb\u03ac\u03bd\u03bf.\u03a5\u03c0\u03ac\u03c1\u03c7\u03bf\u03c5\u03bd \u03b4\u03c1\u03bf\u03bc\u03bf\u03bb\u03cc\u03b3\u03b9\u03b1 \u03c0\u03bb\u03bf\u03af\u03c9\u03bd \u03b1\u03c0\u03cc \u03c4\u03bf \u03bb\u03b9\u03bc\u03ac\u03bd\u03b9 \u03c4\u03bf\u03c5 \u03a0\u03b5\u03b9\u03c1\u03b1\u03b9\u03ac \u03c0\u03c1\u03bf\u03c2 \u03c4\u03b7\u03bd \u039a\u03c1\u03ae\u03c4\u03b7 \u03ba\u03b1\u03b8\u03b7\u03bc\u03b5\u03c1\u03b9\u03bd\u03ac, \u03b5\u03bd\u03ce \u03c3\u03b5 \u03c0\u03b5\u03c1\u03b9\u03cc\u03b4\u03bf\u03c5\u03c2 \u03bc\u03b5 \u03b5\u03bd\u03c4\u03bf\u03bd\u03cc\u03c4\u03b5\u03c1\u03b7 \u03c4\u03bf\u03c5\u03c1\u03b9\u03c3\u03c4\u03b9\u03ba\u03ae \u03ba\u03af\u03bd\u03b7\u03c3\u03b7 (\u03ba\u03b1\u03bb\u03bf\u03ba\u03b1\u03b9\u03c1\u03b9\u03bd\u03bf\u03cd\u03c2 \u03bc\u03ae\u03bd\u03b5\u03c2) \u03c4\u03b1 \u03b4\u03c1\u03bf\u03bc\u03bf\u03bb\u03cc\u03b3\u03b9\u03b1 \u03b1\u03c5\u03c4\u03ac \u03bc\u03c0\u03bf\u03c1\u03b5\u03af \u03bd\u03b1 \u03b5\u03af\u03bd\u03b1\u03b9 \u03c0\u03b9\u03bf \u03c3\u03c5\u03c7\u03bd\u03ac \u03ba\u03b1\u03b9 \u03bc\u03b5 \u03b4\u03c5\u03bd\u03b1\u03c4\u03cc\u03c4\u03b7\u03c4\u03b1 \u03b3\u03b9\u03b1 \u03c3\u03cd\u03bd\u03b4\u03b5\u03c3\u03b7 \u03bc\u03b5 \u03b5\u03c0\u03b9\u03c0\u03bb\u03ad\u03bf\u03bd \u03c0\u03c1\u03bf\u03bf\u03c1\u03b9\u03c3\u03bc\u03bf\u03cd\u03c2 \u03c3\u03c4\u03bf \u03bd\u03b7\u03c3\u03af. \u03a4\u03b1 \u03bb\u03b9\u03bc\u03ac\u03bd\u03b9\u03b1 \u03c4\u03b7\u03c2 [&hellip;]<\/p>","protected":false},"author":1,"featured_media":0,"parent":0,"menu_order":0,"comment_status":"closed","ping_status":"closed","template":"","meta":{"footnotes":""},"class_list":["post-2087","page","type-page","status-publish","hentry"],"_links":{"self":[{"href":"https:\/\/psiloritisgeopark.gr\/de\/wp-json\/wp\/v2\/pages\/2087","targetHints":{"allow":["GET"]}}],"collection":[{"href":"https:\/\/psiloritisgeopark.gr\/de\/wp-json\/wp\/v2\/pages"}],"about":[{"href":"https:\/\/psiloritisgeopark.gr\/de\/wp-json\/wp\/v2\/types\/page"}],"author":[{"embeddable":true,"href":"https:\/\/psiloritisgeopark.gr\/de\/wp-json\/wp\/v2\/users\/1"}],"replies":[{"embeddable":true,"href":"https:\/\/psiloritisgeopark.gr\/de\/wp-json\/wp\/v2\/comments?post=2087"}],"version-history":[{"count":4,"href":"https:\/\/psiloritisgeopark.gr\/de\/wp-json\/wp\/v2\/pages\/2087\/revisions"}],"predecessor-version":[{"id":2098,"href":"https:\/\/psiloritisgeopark.gr\/de\/wp-json\/wp\/v2\/pages\/2087\/revisions\/2098"}],"wp:attachment":[{"href":"https:\/\/psiloritisgeopark.gr\/de\/wp-json\/wp\/v2\/media?parent=2087"}],"curies":[{"name":"wp","href":"https:\/\/api.w.org\/{rel}","templated":true}]}}