{"id":2113,"date":"2025-09-12T13:25:48","date_gmt":"2025-09-12T13:25:48","guid":{"rendered":"https:\/\/nextdigital-demos.info\/gewparko\/?page_id=2113"},"modified":"2026-02-24T07:36:48","modified_gmt":"2026-02-24T07:36:48","slug":"%ce%b5%cf%85%cf%81%cf%89%cf%80%ce%b1%cf%8a%ce%ba%cf%8c-%ce%b4%ce%af%ce%ba%cf%84%cf%85%ce%bf-%ce%b3%ce%b5%cf%89%cf%80%ce%ac%cf%81%ce%ba%cf%89%ce%bd","status":"publish","type":"page","link":"https:\/\/psiloritisgeopark.gr\/de\/%ce%b5%cf%85%cf%81%cf%89%cf%80%ce%b1%cf%8a%ce%ba%cf%8c-%ce%b4%ce%af%ce%ba%cf%84%cf%85%ce%bf-%ce%b3%ce%b5%cf%89%cf%80%ce%ac%cf%81%ce%ba%cf%89%ce%bd\/","title":{"rendered":"Europ\u00e4isches Geopark-Netzwerk"},"content":{"rendered":"<div data-elementor-type=\"wp-page\" data-elementor-id=\"2113\" class=\"elementor elementor-2113\" data-elementor-post-type=\"page\">\n\t\t\t\t<div data-particle_enable=\"false\" data-particle-mobile-disabled=\"false\" class=\"elementor-element elementor-element-3b69919 e-flex e-con-boxed e-con e-parent\" data-id=\"3b69919\" data-element_type=\"container\" data-settings=\"{&quot;background_background&quot;:&quot;classic&quot;}\">\n\t\t\t\t\t<div class=\"e-con-inner\">\n\t\t\t\t<div class=\"elementor-element elementor-element-3fd18d3 elementor-widget elementor-widget-heading\" data-id=\"3fd18d3\" data-element_type=\"widget\" data-widget_type=\"heading.default\">\n\t\t\t\t\t<h2 class=\"elementor-heading-title elementor-size-default\">Europ\u00e4isches Geopark-Netzwerk<\/h2>\t\t\t\t<\/div>\n\t\t\t\t\t<\/div>\n\t\t\t\t<\/div>\n\t\t<div data-particle_enable=\"false\" data-particle-mobile-disabled=\"false\" class=\"elementor-element elementor-element-6c6a9cd e-flex e-con-boxed e-con e-parent\" data-id=\"6c6a9cd\" data-element_type=\"container\">\n\t\t\t\t\t<div class=\"e-con-inner\">\n\t\t\t\t<div class=\"elementor-element elementor-element-547ce61 elementor-widget elementor-widget-text-editor\" data-id=\"547ce61\" data-element_type=\"widget\" data-widget_type=\"text-editor.default\">\n\t\t\t\t\t\t\t\t\t<p>Das\u00a0<a href=\"http:\/\/www.europeangeoparks.org\/\" target=\"_blank\" rel=\"noopener\"><strong>Europ\u00e4ische Geopark-Netzwerk<\/strong><\/a>\u00a0 umfasst derzeit 109 Gebiete, die gemeinsam daran arbeiten, ihr geologisches Erbe durch integrierte Ma\u00dfnahmen zur nachhaltigen Entwicklung ihrer Regionen zu bewahren und hervorzuheben. Das Netzwerk wurde gegr\u00fcndet, um nicht nur das geologische, sondern auch das nat\u00fcrliche und kulturelle Erbe l\u00e4ndlicher Regionen Europas zu sch\u00fctzen, zu f\u00f6rdern und bekannt zu machen, indem Bildungs- und Geotourismusaktivit\u00e4ten auf hohem Qualit\u00e4tsniveau entwickelt und unterst\u00fctzt werden.<\/p><p>Die Mitglieder werden alle vier Jahre von Fachleuten des Netzwerks und anderer internationaler Organisationen bewertet, um sicherzustellen, dass in jeder Region hohe Qualit\u00e4tsstandards eingehalten werden. Alle Mitglieder des Netzwerks sind als UNESCO Global Geoparks anerkannt.<\/p><p><img fetchpriority=\"high\" decoding=\"async\" class=\"aligncenter wp-image-4547 size-full\" src=\"https:\/\/psiloritisgeopark.gr\/wp-content\/uploads\/2026\/02\/EGN-rgb-color.jpg\" alt=\"\" width=\"928\" height=\"498\" srcset=\"https:\/\/psiloritisgeopark.gr\/wp-content\/uploads\/2026\/02\/EGN-rgb-color.jpg 928w, https:\/\/psiloritisgeopark.gr\/wp-content\/uploads\/2026\/02\/EGN-rgb-color-300x161.jpg 300w, https:\/\/psiloritisgeopark.gr\/wp-content\/uploads\/2026\/02\/EGN-rgb-color-768x412.jpg 768w, https:\/\/psiloritisgeopark.gr\/wp-content\/uploads\/2026\/02\/EGN-rgb-color-18x10.jpg 18w\" sizes=\"(max-width: 928px) 100vw, 928px\" \/><\/p>\t\t\t\t\t\t\t\t<\/div>\n\t\t\t\t\t<\/div>\n\t\t\t\t<\/div>\n\t\t\t\t<\/div>","protected":false},"excerpt":{"rendered":"<p>\u03a4\u03bf\u00a0\u0394\u03af\u03ba\u03c4\u03c5\u03bf \u03c4\u03c9\u03bd \u0395\u03c5\u03c1\u03c9\u03c0\u03b1\u03ca\u03ba\u03ce\u03bd \u0393\u03b5\u03c9\u03c0\u03ac\u03c1\u03ba\u03c9\u03bd\u00a0 \u03b1\u03c0\u03bf\u03c4\u03b5\u03bb\u03b5\u03af\u03c4\u03b1\u03b9 \u03c3\u03ae\u03bc\u03b5\u03c1\u03b1 \u03b1\u03c0\u03cc 109 \u03c0\u03b5\u03c1\u03b9\u03bf\u03c7\u03ad\u03c2 \u03c0\u03bf\u03c5 \u03b5\u03c1\u03b3\u03ac\u03b6\u03bf\u03bd\u03c4\u03b1\u03b9 \u03b1\u03c0\u03cc \u03ba\u03bf\u03b9\u03bd\u03bf\u03cd \u03b3\u03b9\u03b1 \u03c4\u03b7 \u03b4\u03b9\u03b1\u03c4\u03ae\u03c1\u03b7\u03c3\u03b7 \u03ba\u03b1\u03b9 \u03b1\u03bd\u03ac\u03b4\u03b5\u03b9\u03be\u03b7 \u03c4\u03b7\u03c2 \u03b3\u03b5\u03c9\u03bb\u03bf\u03b3\u03b9\u03ba\u03ae\u03c2 \u03c4\u03bf\u03c5\u03c2 \u03ba\u03bb\u03b7\u03c1\u03bf\u03bd\u03bf\u03bc\u03b9\u03ac\u03c2, \u03bc\u03ad\u03c3\u03b1 \u03b1\u03c0\u03cc \u03bf\u03bb\u03bf\u03ba\u03bb\u03b7\u03c1\u03c9\u03bc\u03ad\u03bd\u03b5\u03c2 \u03b4\u03c1\u03ac\u03c3\u03b5\u03b9\u03c2 \u03b3\u03b9\u03b1 \u03c4\u03b7 \u03b2\u03b9\u03ce\u03c3\u03b9\u03bc\u03b7 \u03b1\u03bd\u03ac\u03c0\u03c4\u03c5\u03be\u03b7 \u03c4\u03c9\u03bd \u03c0\u03b5\u03c1\u03b9\u03bf\u03c7\u03ce\u03bd \u03c4\u03bf\u03c5\u03c2. \u03a4\u03bf \u0394\u03af\u03ba\u03c4\u03c5\u03bf \u03b4\u03b7\u03bc\u03b9\u03bf\u03c5\u03c1\u03b3\u03ae\u03b8\u03b7\u03ba\u03b5 \u03bc\u03b5 \u03c3\u03ba\u03bf\u03c0\u03cc \u03c4\u03b7\u03bd \u03c0\u03c1\u03bf\u03c3\u03c4\u03b1\u03c3\u03af\u03b1, \u03b1\u03bd\u03ac\u03b4\u03b5\u03b9\u03be\u03b7 \u03ba\u03b1\u03b9 \u03c0\u03c1\u03bf\u03b2\u03bf\u03bb\u03ae \u03c4\u03cc\u03c3\u03bf \u03c4\u03b7\u03c2 \u03b3\u03b5\u03c9\u03bb\u03bf\u03b3\u03b9\u03ba\u03ae\u03c2, \u03cc\u03c3\u03bf \u03ba\u03b1\u03b9 \u03c4\u03b7\u03c2 \u03c6\u03c5\u03c3\u03b9\u03ba\u03ae\u03c2 \u03ba\u03b1\u03b9 \u03c0\u03bf\u03bb\u03b9\u03c4\u03b9\u03c3\u03c4\u03b9\u03ba\u03ae\u03c2 \u03ba\u03bb\u03b7\u03c1\u03bf\u03bd\u03bf\u03bc\u03b9\u03ac\u03c2 \u03b1\u03b3\u03c1\u03bf\u03c4\u03b9\u03ba\u03ce\u03bd \u03c0\u03b5\u03c1\u03b9\u03bf\u03c7\u03ce\u03bd [&hellip;]<\/p>","protected":false},"author":1,"featured_media":0,"parent":0,"menu_order":0,"comment_status":"closed","ping_status":"closed","template":"","meta":{"footnotes":""},"class_list":["post-2113","page","type-page","status-publish","hentry"],"_links":{"self":[{"href":"https:\/\/psiloritisgeopark.gr\/de\/wp-json\/wp\/v2\/pages\/2113","targetHints":{"allow":["GET"]}}],"collection":[{"href":"https:\/\/psiloritisgeopark.gr\/de\/wp-json\/wp\/v2\/pages"}],"about":[{"href":"https:\/\/psiloritisgeopark.gr\/de\/wp-json\/wp\/v2\/types\/page"}],"author":[{"embeddable":true,"href":"https:\/\/psiloritisgeopark.gr\/de\/wp-json\/wp\/v2\/users\/1"}],"replies":[{"embeddable":true,"href":"https:\/\/psiloritisgeopark.gr\/de\/wp-json\/wp\/v2\/comments?post=2113"}],"version-history":[{"count":7,"href":"https:\/\/psiloritisgeopark.gr\/de\/wp-json\/wp\/v2\/pages\/2113\/revisions"}],"predecessor-version":[{"id":4550,"href":"https:\/\/psiloritisgeopark.gr\/de\/wp-json\/wp\/v2\/pages\/2113\/revisions\/4550"}],"wp:attachment":[{"href":"https:\/\/psiloritisgeopark.gr\/de\/wp-json\/wp\/v2\/media?parent=2113"}],"curies":[{"name":"wp","href":"https:\/\/api.w.org\/{rel}","templated":true}]}}