{"id":2122,"date":"2025-09-12T13:27:55","date_gmt":"2025-09-12T13:27:55","guid":{"rendered":"https:\/\/nextdigital-demos.info\/gewparko\/?page_id=2122"},"modified":"2026-02-25T10:42:19","modified_gmt":"2026-02-25T10:42:19","slug":"%cf%80%ce%b1%ce%b3%ce%ba%cf%8c%cf%83%ce%bc%ce%b9%ce%bf-%ce%b4%ce%af%ce%ba%cf%84%cf%85%ce%bf-%ce%b3%ce%b5%cf%89%cf%80%ce%ac%cf%81%ce%ba%cf%89%ce%bd","status":"publish","type":"page","link":"https:\/\/psiloritisgeopark.gr\/de\/%cf%80%ce%b1%ce%b3%ce%ba%cf%8c%cf%83%ce%bc%ce%b9%ce%bf-%ce%b4%ce%af%ce%ba%cf%84%cf%85%ce%bf-%ce%b3%ce%b5%cf%89%cf%80%ce%ac%cf%81%ce%ba%cf%89%ce%bd\/","title":{"rendered":"Globales Geopark-Netzwerk"},"content":{"rendered":"<div data-elementor-type=\"wp-page\" data-elementor-id=\"2122\" class=\"elementor elementor-2122\" data-elementor-post-type=\"page\">\n\t\t\t\t<div data-particle_enable=\"false\" data-particle-mobile-disabled=\"false\" class=\"elementor-element elementor-element-3b69919 e-flex e-con-boxed e-con e-parent\" data-id=\"3b69919\" data-element_type=\"container\" data-settings=\"{&quot;background_background&quot;:&quot;classic&quot;}\">\n\t\t\t\t\t<div class=\"e-con-inner\">\n\t\t\t\t<div class=\"elementor-element elementor-element-3fd18d3 elementor-widget elementor-widget-heading\" data-id=\"3fd18d3\" data-element_type=\"widget\" data-widget_type=\"heading.default\">\n\t\t\t\t\t<h2 class=\"elementor-heading-title elementor-size-default\">Globales Geopark-Netzwerk<\/h2>\t\t\t\t<\/div>\n\t\t\t\t\t<\/div>\n\t\t\t\t<\/div>\n\t\t<div data-particle_enable=\"false\" data-particle-mobile-disabled=\"false\" class=\"elementor-element elementor-element-6c6a9cd e-flex e-con-boxed e-con e-parent\" data-id=\"6c6a9cd\" data-element_type=\"container\">\n\t\t\t\t\t<div class=\"e-con-inner\">\n\t\t\t\t<div class=\"elementor-element elementor-element-547ce61 elementor-widget elementor-widget-text-editor\" data-id=\"547ce61\" data-element_type=\"widget\" data-widget_type=\"text-editor.default\">\n\t\t\t\t\t\t\t\t\t<p>Das\u00a0<a href=\"http:\/\/globalgeoparksnetwork.org\/\" target=\"_blank\" rel=\"noopener\"><strong>Globale Geopark-Netzwerk<\/strong>\u00a0<\/a>wurde 2004 unter der Schirmherrschaft der\u00a0<strong><a href=\"http:\/\/www.unesco.org\/\" target=\"_blank\" rel=\"noopener\">UNESCO<\/a><\/strong>\u00a0 gegr\u00fcndet, mit dem Ziel, den Schutz des geologischen Erbes und den Geotourismus weltweit zu f\u00f6rdern. Seit 2014 besteht es als gemeinn\u00fctzige internationale Organisation mit Sitz in Paris.<\/p><p>Mit der Madonie-Erkl\u00e4rung von 2004 wurden alle Mitglieder des Europ\u00e4ischen Geopark-Netzwerks automatisch Mitglieder des Globalen Geopark-Netzwerks. Nach der Einrichtung des Internationalen Geowissenschafts- und Geopark-Programms muss jede Region, die als UNESCO Global Geopark anerkannt werden m\u00f6chte, Mitglied des Globalen Geopark-Netzwerks sein.<br \/>Heute f\u00f6rdert das Globale Geopark-Netzwerk in Zusammenarbeit mit der UNESCO die Entwicklung von Geoparks auf allen Kontinenten sowie die Schaffung weiterer kontinentaler Netzwerke.<\/p><p>Die derzeit aktiven kontinentalen Netzwerke sind:<\/p><ul><li>Das\u00a0<a href=\"http:\/\/www.europeangeoparks.org\/\" target=\"_blank\" rel=\"noopener\">Europ\u00e4ische Geopark-Netzwerk<\/a><\/li><li>Das\u00a0<a href=\"http:\/\/globalgeoparksnetwork.org\/?page_id=224\" target=\"_blank\" rel=\"noopener\">Asien\u2013Pazifik-Netzwerk<\/a><\/li><li>Das\u00a0<a href=\"http:\/\/globalgeoparksnetwork.org\/?page_id=228\" target=\"_blank\" rel=\"noopener\">Netzwerk Lateinamerika\u2013Karibik<\/a><\/li><li>Das\u00a0<a href=\"http:\/\/globalgeoparksnetwork.org\/?page_id=228\" target=\"_blank\" rel=\"noopener\">Nordamerikanische Geopark-Netzwerk<\/a><\/li><li>Das\u00a0<a href=\"http:\/\/globalgeoparksnetwork.org\/?page_id=226\" target=\"_blank\" rel=\"noopener\">Afrikanische Geopark-Netzwerk<\/a><\/li><\/ul><p>Das Global Geoparks Network hat derzeit 211 Mitglieder aus 50 L\u00e4ndern.<\/p>\t\t\t\t\t\t\t\t<\/div>\n\t\t\t\t\t<\/div>\n\t\t\t\t<\/div>\n\t\t\t\t<\/div>","protected":false},"excerpt":{"rendered":"<p>\u03a4\u03bf\u00a0\u0394\u03af\u03ba\u03c4\u03c5\u03bf \u03c4\u03c9\u03bd \u03a0\u03b1\u03b3\u03ba\u03cc\u03c3\u03bc\u03b9\u03c9\u03bd \u0393\u03b5\u03c9\u03c0\u03b1\u03c1\u03ba\u03ce\u03bd\u00a0\u03b4\u03b7\u03bc\u03b9\u03bf\u03c5\u03c1\u03b3\u03ae\u03b8\u03b7\u03ba\u03b5 \u03c4\u03bf 2004 \u03c5\u03c0\u03cc \u03c4\u03b7\u03bd \u03b1\u03b9\u03b3\u03af\u03b4\u03b1 \u03c4\u03b7\u03c2\u00a0UNESCO\u00a0 \u03bc\u03b5 \u03c3\u03ba\u03bf\u03c0\u03cc \u03c4\u03b7\u03bd \u03c0\u03c1\u03bf\u03ce\u03b8\u03b7\u03c3\u03b7 \u03c4\u03b7\u03c2 \u03c0\u03c1\u03bf\u03c3\u03c4\u03b1\u03c3\u03af\u03b1\u03c2 \u03c4\u03b7\u03c2 \u03b3\u03b5\u03c9\u03bb\u03bf\u03b3\u03b9\u03ba\u03ae\u03c2 \u03ba\u03bb\u03b7\u03c1\u03bf\u03bd\u03bf\u03bc\u03b9\u03ac\u03c2 \u03ba\u03b1\u03b9 \u03c4\u03bf\u03c5 \u03b3\u03b5\u03c9\u03c4\u03bf\u03c5\u03c1\u03b9\u03c3\u03bc\u03bf\u03cd \u03c3\u03b5 \u03cc\u03bb\u03bf \u03c4\u03bf\u03bd \u03ba\u03cc\u03c3\u03bc\u03bf. \u0391\u03c0\u03cc \u03c4\u03bf 2014 \u03bb\u03b5\u03b9\u03c4\u03bf\u03c5\u03c1\u03b3\u03b5\u03af \u03bc\u03b5 \u03c4\u03b7 \u03bc\u03bf\u03c1\u03c6\u03ae \u03bc\u03b7-\u03ba\u03b5\u03c1\u03b4\u03bf\u03c3\u03ba\u03bf\u03c0\u03b9\u03ba\u03bf\u03cd \u03b4\u03b9\u03b5\u03b8\u03bd\u03bf\u03cd\u03c2 \u03bf\u03c1\u03b3\u03b1\u03bd\u03c3\u03b9\u03bc\u03bf\u03cd \u03bc\u03b5 \u03ad\u03b4\u03c1\u03b1 \u03c4\u03bf \u03a0\u03b1\u03c1\u03af\u03c3\u03b9. \u039c\u03b5 \u03c4\u03b7 \u03b4\u03b9\u03b1\u03ba\u03ae\u03c1\u03c5\u03be\u03b7 \u03c4\u03b7\u03c2 Madonie \u03c4\u03bf 2004 \u03cc\u03bb\u03b1 \u03c4\u03b1 \u03bc\u03ad\u03bb\u03b7 \u03c4\u03bf\u03c5 \u0394\u03b9\u03ba\u03c4\u03cd\u03bf\u03c5 \u03c4\u03c9\u03bd \u0395\u03c5\u03c1\u03c9\u03c0\u03b1\u03ca\u03ba\u03ce\u03bd \u0393\u03b5\u03c9\u03c0\u03ac\u03c1\u03ba\u03c9\u03bd [&hellip;]<\/p>","protected":false},"author":1,"featured_media":0,"parent":0,"menu_order":0,"comment_status":"closed","ping_status":"closed","template":"","meta":{"footnotes":""},"class_list":["post-2122","page","type-page","status-publish","hentry"],"_links":{"self":[{"href":"https:\/\/psiloritisgeopark.gr\/de\/wp-json\/wp\/v2\/pages\/2122","targetHints":{"allow":["GET"]}}],"collection":[{"href":"https:\/\/psiloritisgeopark.gr\/de\/wp-json\/wp\/v2\/pages"}],"about":[{"href":"https:\/\/psiloritisgeopark.gr\/de\/wp-json\/wp\/v2\/types\/page"}],"author":[{"embeddable":true,"href":"https:\/\/psiloritisgeopark.gr\/de\/wp-json\/wp\/v2\/users\/1"}],"replies":[{"embeddable":true,"href":"https:\/\/psiloritisgeopark.gr\/de\/wp-json\/wp\/v2\/comments?post=2122"}],"version-history":[{"count":7,"href":"https:\/\/psiloritisgeopark.gr\/de\/wp-json\/wp\/v2\/pages\/2122\/revisions"}],"predecessor-version":[{"id":4647,"href":"https:\/\/psiloritisgeopark.gr\/de\/wp-json\/wp\/v2\/pages\/2122\/revisions\/4647"}],"wp:attachment":[{"href":"https:\/\/psiloritisgeopark.gr\/de\/wp-json\/wp\/v2\/media?parent=2122"}],"curies":[{"name":"wp","href":"https:\/\/api.w.org\/{rel}","templated":true}]}}