{"id":2130,"date":"2025-09-12T13:29:51","date_gmt":"2025-09-12T13:29:51","guid":{"rendered":"https:\/\/nextdigital-demos.info\/gewparko\/?page_id=2130"},"modified":"2026-02-25T10:53:25","modified_gmt":"2026-02-25T10:53:25","slug":"%ce%b5%ce%bb%ce%bb%ce%b7%ce%bd%ce%b9%ce%ba%cf%8c-%cf%86%cf%8c%cf%81%ce%bf%cf%85%ce%bc-%ce%b3%ce%b5%cf%89%cf%80%ce%ac%cf%81%ce%ba%cf%89%ce%bd","status":"publish","type":"page","link":"https:\/\/psiloritisgeopark.gr\/de\/%ce%b5%ce%bb%ce%bb%ce%b7%ce%bd%ce%b9%ce%ba%cf%8c-%cf%86%cf%8c%cf%81%ce%bf%cf%85%ce%bc-%ce%b3%ce%b5%cf%89%cf%80%ce%ac%cf%81%ce%ba%cf%89%ce%bd\/","title":{"rendered":"Griechisches Geopark-Forum"},"content":{"rendered":"<div data-elementor-type=\"wp-page\" data-elementor-id=\"2130\" class=\"elementor elementor-2130\" data-elementor-post-type=\"page\">\n\t\t\t\t<div data-particle_enable=\"false\" data-particle-mobile-disabled=\"false\" class=\"elementor-element elementor-element-3b69919 e-flex e-con-boxed e-con e-parent\" data-id=\"3b69919\" data-element_type=\"container\" data-settings=\"{&quot;background_background&quot;:&quot;classic&quot;}\">\n\t\t\t\t\t<div class=\"e-con-inner\">\n\t\t\t\t<div class=\"elementor-element elementor-element-3fd18d3 elementor-widget elementor-widget-heading\" data-id=\"3fd18d3\" data-element_type=\"widget\" data-widget_type=\"heading.default\">\n\t\t\t\t\t<h2 class=\"elementor-heading-title elementor-size-default\">Griechisches Geopark-Forum<\/h2>\t\t\t\t<\/div>\n\t\t\t\t\t<\/div>\n\t\t\t\t<\/div>\n\t\t<div data-particle_enable=\"false\" data-particle-mobile-disabled=\"false\" class=\"elementor-element elementor-element-6c6a9cd e-flex e-con-boxed e-con e-parent\" data-id=\"6c6a9cd\" data-element_type=\"container\">\n\t\t\t\t\t<div class=\"e-con-inner\">\n\t\t\t\t<div class=\"elementor-element elementor-element-547ce61 elementor-widget elementor-widget-text-editor\" data-id=\"547ce61\" data-element_type=\"widget\" data-widget_type=\"text-editor.default\">\n\t\t\t\t\t\t\t\t\t<p>Mit der Aufnahme der ersten beiden griechischen Geoparks in das Europ\u00e4ische Geopark-Netzwerk wurde in Griechenland das\u00a0<a href=\"http:\/\/www.hellenicgeoparks.gr\/\" target=\"_blank\" rel=\"noopener\"><strong>Griechische Geopark-Forum<\/strong><\/a>\u00a0gegr\u00fcndet, um die Arbeit der Geoparks auf nationaler Ebene zu koordinieren und zu f\u00f6rdern. Neben den bestehenden Geoparks Griechenlands nehmen auch die Griechische UNESCO-Kommission, das Institut f\u00fcr Geologie und Mineralische Rohstoffe (IGME), die Ministerien f\u00fcr Tourismus und Umwelt sowie weitere akademische Einrichtungen teil.<\/p><p><img fetchpriority=\"high\" decoding=\"async\" class=\"alignnone wp-image-2133 size-full\" src=\"https:\/\/psiloritisgeopark.gr\/wp-content\/uploads\/2025\/09\/Helelnic-Geoparks-Forum.png\" alt=\"\" width=\"996\" height=\"296\" srcset=\"https:\/\/psiloritisgeopark.gr\/wp-content\/uploads\/2025\/09\/Helelnic-Geoparks-Forum.png 996w, https:\/\/psiloritisgeopark.gr\/wp-content\/uploads\/2025\/09\/Helelnic-Geoparks-Forum-300x89.png 300w, https:\/\/psiloritisgeopark.gr\/wp-content\/uploads\/2025\/09\/Helelnic-Geoparks-Forum-768x228.png 768w\" sizes=\"(max-width: 996px) 100vw, 996px\" \/><\/p><p>Die UNESCO Global Geoparks Griechenlands sind (in der Reihenfolge ihrer Aufnahme):<\/p><p><a href=\"https:\/\/www.lesvosmuseum.gr\/geoparko-lesboy\" target=\"_blank\" rel=\"noopener\">Geopark Lesbos<\/a>,<br \/>Geopark Psiloritis<br \/><a href=\"https:\/\/fdchelmos.gr\/%CE%B3%CE%B5%CF%89%CF%80%CE%AC%CF%81%CE%BA%CE%BF-%CF%87%CE%B5%CE%BB%CE%BC%CE%BF%CF%8D-%CE%B2%CE%BF%CF%85%CF%81%CE%B1%CE%B9%CE%BA%CE%BF%CF%8D\/\" target=\"_blank\" rel=\"noopener\">Geopark Chelmos\u2013Vouraikos<\/a>,<br \/><a href=\"https:\/\/vikosaoosgeopark.com\/\" target=\"_blank\" rel=\"noopener\">Geopark Vikos\u2013Aoos<\/a>,<br \/><a href=\"https:\/\/www.sitia-geopark.gr\/\" target=\"_blank\" rel=\"noopener\">Geopark Sitia<\/a>,<br \/><a href=\"https:\/\/www.geoparkgrevenakozani.com\/\" target=\"_blank\" rel=\"noopener\">Geopark Grevena\u2013Kozani<\/a>,<br \/><a href=\"https:\/\/kefaloniageopark.gr\/\" target=\"_blank\" rel=\"noopener\">Geopark Kefalonia\u2013Ithaka<\/a>,<br \/><a title=\"Geopark Lavreotiki\" href=\"https:\/\/geoparklavreotiki.gr\/\" target=\"_blank\" rel=\"noopener\">Geopark Lavreotiki<\/a>,<br \/><a href=\"https:\/\/www.meteorapyligeopark.gr\/\" target=\"_blank\" rel=\"noopener\">Geopark Meteora\u2013Pyli<\/a>,<\/p><p>Am Forum beteiligt sich auch der\u00a0<a href=\"http:\/\/www.troodos-geo.org\/cgibin\/hweb?-V=index&amp;_FAA=1&amp;-dindex.html&amp;_VLANGUAGE=gr\" target=\"_blank\" rel=\"noopener\">Troodos-Geopark<\/a>\u00a0auf Zypern<\/p>\t\t\t\t\t\t\t\t<\/div>\n\t\t\t\t\t<\/div>\n\t\t\t\t<\/div>\n\t\t\t\t<\/div>","protected":false},"excerpt":{"rendered":"<p>\u039c\u03b5 \u03c4\u03b7\u03bd \u03ad\u03bd\u03c4\u03b1\u03be\u03b7 \u03c4\u03c9\u03bd \u03c0\u03c1\u03ce\u03c4\u03c9\u03bd \u03b4\u03cd\u03bf \u0395\u03bb\u03bb\u03b7\u03bd\u03b9\u03ba\u03ce\u03bd \u03b3\u03b5\u03c9\u03c0\u03ac\u03c1\u03ba\u03c9\u03bd \u03c3\u03c4\u03bf \u0395\u03c5\u03c1\u03c9\u03c0\u03b1\u03ca\u03ba\u03cc \u0394\u03af\u03ba\u03c4\u03c5\u03bf \u0393\u03b5\u03c9\u03c0\u03ac\u03c1\u03ba\u03c9\u03bd \u03b4\u03b7\u03bc\u03b9\u03bf\u03c5\u03c1\u03b3\u03ae\u03b8\u03b7\u03ba\u03b5 \u03ba\u03b1\u03b9 \u03c3\u03c4\u03b7\u03bd \u0395\u03bb\u03bb\u03ac\u03b4\u03b1 \u03c4\u03bf \u03b1\u03bd\u03c4\u03af\u03c3\u03c4\u03bf\u03b9\u03c7\u03bf\u00a0\u03a6\u03cc\u03c1\u03bf\u03c5\u03bc \u03c4\u03c9\u03bd \u0395\u03bb\u03bb\u03b7\u03bd\u03b9\u03ba\u03ce\u03bd \u0393\u03b5\u03c9\u03c0\u03ac\u03c1\u03ba\u03c9\u03bd\u00a0\u03bc\u03b5 \u03c3\u03ba\u03bf\u03c0\u03cc \u03c4\u03bf \u03c3\u03c5\u03bd\u03c4\u03bf\u03bd\u03b9\u03c3\u03bc\u03cc \u03ba\u03b1\u03b9 \u03c4\u03b7\u03bd \u03c0\u03c1\u03bf\u03ce\u03b8\u03b7\u03c3\u03b7 \u03c4\u03bf\u03c5 \u03ad\u03c1\u03b3\u03bf\u03c5 \u03c4\u03c9\u03bd \u0393\u03b5\u03c9\u03c0\u03ac\u03c1\u03ba\u03c9\u03bd \u03c3\u03b5 \u03b5\u03b8\u03bd\u03b9\u03ba\u03cc \u03b5\u03c0\u03af\u03c0\u03b5\u03b4\u03bf. \u03a3\u03c4\u03bf \u03a6\u03cc\u03c1\u03bf\u03c5\u03bc \u03b1\u03c5\u03c4\u03cc \u03b5\u03ba\u03c4\u03cc\u03c2 \u03b1\u03c0\u03cc \u03c4\u03b1 \u03c5\u03c6\u03b9\u03c3\u03c4\u03ac\u03bc\u03b5\u03bd\u03b1 \u0393\u03b5\u03c9\u03c0\u03ac\u03c1\u03ba\u03b1 \u03c4\u03b7\u03c2 \u0395\u03bb\u03bb\u03ac\u03b4\u03b1\u03c2 \u03c3\u03c5\u03bc\u03bc\u03b5\u03c4\u03ad\u03c7\u03b5\u03b9 \u03ba\u03b1\u03b9 \u03b7 \u0395\u03b8\u03bd\u03b9\u03ba\u03ae \u0395\u03c0\u03b9\u03c4\u03c1\u03bf\u03c0\u03ae \u03b3\u03b9\u03b1 \u03c4\u03b7\u03bd UNESCO, \u03c4\u03bf \u0399\u0393\u039c\u0395, \u03c4\u03b1 [&hellip;]<\/p>","protected":false},"author":1,"featured_media":0,"parent":0,"menu_order":0,"comment_status":"closed","ping_status":"closed","template":"","meta":{"footnotes":""},"class_list":["post-2130","page","type-page","status-publish","hentry"],"_links":{"self":[{"href":"https:\/\/psiloritisgeopark.gr\/de\/wp-json\/wp\/v2\/pages\/2130","targetHints":{"allow":["GET"]}}],"collection":[{"href":"https:\/\/psiloritisgeopark.gr\/de\/wp-json\/wp\/v2\/pages"}],"about":[{"href":"https:\/\/psiloritisgeopark.gr\/de\/wp-json\/wp\/v2\/types\/page"}],"author":[{"embeddable":true,"href":"https:\/\/psiloritisgeopark.gr\/de\/wp-json\/wp\/v2\/users\/1"}],"replies":[{"embeddable":true,"href":"https:\/\/psiloritisgeopark.gr\/de\/wp-json\/wp\/v2\/comments?post=2130"}],"version-history":[{"count":7,"href":"https:\/\/psiloritisgeopark.gr\/de\/wp-json\/wp\/v2\/pages\/2130\/revisions"}],"predecessor-version":[{"id":4660,"href":"https:\/\/psiloritisgeopark.gr\/de\/wp-json\/wp\/v2\/pages\/2130\/revisions\/4660"}],"wp:attachment":[{"href":"https:\/\/psiloritisgeopark.gr\/de\/wp-json\/wp\/v2\/media?parent=2130"}],"curies":[{"name":"wp","href":"https:\/\/api.w.org\/{rel}","templated":true}]}}