{"id":2142,"date":"2025-09-12T13:33:28","date_gmt":"2025-09-12T13:33:28","guid":{"rendered":"https:\/\/nextdigital-demos.info\/gewparko\/?page_id=2142"},"modified":"2025-09-12T13:35:59","modified_gmt":"2025-09-12T13:35:59","slug":"%cf%87%ce%bb%cf%89%cf%81%ce%af%ce%b4%ce%b1","status":"publish","type":"page","link":"https:\/\/psiloritisgeopark.gr\/de\/%cf%87%ce%bb%cf%89%cf%81%ce%af%ce%b4%ce%b1\/","title":{"rendered":"Flora"},"content":{"rendered":"<div data-elementor-type=\"wp-page\" data-elementor-id=\"2142\" class=\"elementor elementor-2142\" data-elementor-post-type=\"page\">\n\t\t\t\t<div data-particle_enable=\"false\" data-particle-mobile-disabled=\"false\" class=\"elementor-element elementor-element-3b69919 e-flex e-con-boxed e-con e-parent\" data-id=\"3b69919\" data-element_type=\"container\" data-settings=\"{&quot;background_background&quot;:&quot;classic&quot;}\">\n\t\t\t\t\t<div class=\"e-con-inner\">\n\t\t\t\t<div class=\"elementor-element elementor-element-3fd18d3 elementor-widget elementor-widget-heading\" data-id=\"3fd18d3\" data-element_type=\"widget\" data-widget_type=\"heading.default\">\n\t\t\t\t\t<h2 class=\"elementor-heading-title elementor-size-default\">Flora<\/h2>\t\t\t\t<\/div>\n\t\t\t\t\t<\/div>\n\t\t\t\t<\/div>\n\t\t<div data-particle_enable=\"false\" data-particle-mobile-disabled=\"false\" class=\"elementor-element elementor-element-6c6a9cd e-flex e-con-boxed e-con e-parent\" data-id=\"6c6a9cd\" data-element_type=\"container\">\n\t\t\t\t\t<div class=\"e-con-inner\">\n\t\t\t\t<div class=\"elementor-element elementor-element-547ce61 elementor-widget elementor-widget-text-editor\" data-id=\"547ce61\" data-element_type=\"widget\" data-widget_type=\"text-editor.default\">\n\t\t\t\t\t\t\t\t\t<p>Der Psiloritis mit seiner rauen Natur und seinem wilden Leben ist ein wahres Paradies mit hohen Gipfeln, wundersch\u00f6nen Hochebenen, Schluchten mit Quellen und Fl\u00fcssen, die reichlich Wasser spenden, W\u00e4lder voller Leben, Felsen, die aus den Tiefen der Erde emporragen, Schluchten, die Tore zum gro\u00dfen Berg sind, H\u00f6hlen, die Wildtieren Schutz bieten, fruchtbare T\u00e4ler und Ackerland in den tiefer gelegenen Gebieten.<\/p><p>Das abwechslungsreiche Relief des Berges hat die Entwicklung einer vielf\u00e4ltigen Vegetation beg\u00fcnstigt, sodass man in den einzelnen Regionen unterschiedliche Formen der Flora beobachten kann. Besonders reich an Pflanzen sind die Schluchten. In der Gafaris-Schlucht im Rouvas-Wald findet man Steineichen (Quercus coccifera), riesige Zypressen (Cupressus sempervirens) und Immergr\u00fcne Eichen (Quercus ilex), daneben viele bemerkenswerte endemische Pflanzen: den Kreta-Aronstab (Arum creticum), das Kreta-Alpenveilchen (Cyclamen creticum) sowie zwei endemische Orchideen: die Kreta-Kephalanthe (Cephalanthera cucullata) und Aceras anthropophorum var. creticum. In den unzug\u00e4nglicheren Schluchten von Vorizia und Kamares gedeihen pr\u00e4chtige Felspflanzen, viele davon kretisch-endemisch, wie die Felsen-Lattich (Petromarula pinnata), das Zeus-Johanniskraut (Hypericum jovis) und das kretische Symbol, der Diptam (Origanum dictamnus).\nDie Patsos-Schlucht\u00a0<br \/>ist botanisch besonders interessant, da sie riesige Platanen (Platanus orientalis), winzige Solenopsis minuta, niedrige Prunus prostrata und endemische K\u00f6nigskerzen (Verbascum spp.) beherbergt. Auch in der Gonies-Schlucht sammelt man Oregano (Origanum vulgare subsp. hirtum) und bewundert Ziest (Stachys cretica), Flockenblumen (Centaurea spp.), die endemische Ploumi (Clematis cirrhosa) und die Herbst-Alpenveilchen (Cyclamen hederifolium). Die Hochebenen sind ebenfalls Gebiete mit spezieller Vegetation und einzigartigen Arten.<\/p><p>Auf dem Plateau von Ious Kampos im Amari breitet sich spektakul\u00e4r die endemische Rote Tulpe (Tulipa doerfleri) aus, zusammen mit dem Kreta-Krokus (Crocus oreocreticus) und dem kriechenden Endemiten Nepeta sphaciotica auf dem Nida-Plateau. Um den Skinakas w\u00e4chst eine der seltensten Pflanzen Kretas, die Horstrissea dolinicola, die durch \u00dcberweidung vom Aussterben bedroht ist.<br \/>\u00a0<br \/>Der Rouvas-Wald, einer der gr\u00f6\u00dften Kretas, ist gepr\u00e4gt von riesigen Steineichen (Quercus coccifera) und Immergr\u00fcnen Ahorn (Acer sempervirens). Hier w\u00e4chst auch das endemische kretische Zelkova (Zelkova abelicea), oft als \u201eunbekannter Baum\u201c bezeichnet. Ein kleineres, aber ebenso eindrucksvolles Steineichenw\u00e4ldchen befindet sich in Vromonero bei Krousonas.<\/p><p>An den S\u00fcdh\u00e4ngen wachsen Zypressen (Cupressus sempervirens) und Kalabrische Kiefern (Pinus brutia), w\u00e4hrend Flaumeichen (Quercus pubescens) bei Margarites und Vroulidia in Anogeia zu finden sind. Besonders bemerkenswert sind Wilde Birnb\u00e4ume (Pyrus spinosa) und Azarolb\u00e4ume (Crataegus azarolus), die bei der Fruchtbildung die Monotonie des Buschwalds durchbrechen. Bedeutend sind auch der Wald von Mesa Mylopotamos und das Steineichenw\u00e4ldchen in Kalyvos. Im Vergleich zu den W\u00e4ldern weist die Phrygana-Vegetation eine noch gr\u00f6\u00dfere Artenvielfalt auf.<\/p><p>Im Fr\u00fchling und Sommer f\u00fcllen Farben und D\u00fcfte die unteren H\u00e4nge des Psiloritis: Stechwindenstrauch (Sarcopoterium spinosum), Meerzwiebel (Drimia maritima), Bergbohnenkraut (Satureja thymbra), Thymian (Thymus capitatus), Griechischer Salbei (Salvia fruticosa), Johanniskraut (Hypericum perforatum), Ginster (Calicotome villosa), sowie verschiedene K\u00f6nigskerzen (Verbascum spp.).<\/p><p>Man begegnet auch Affodillen (Asphodelus ramosus), Kreta-Alpenveilchen (Cyclamen graecum), Hasengl\u00f6ckchen (Bellevalia spp.), Kreta-Tulpen (Tulipa cretica), der Schlangenwurz (Dracunculus vulgaris) und einer Vielzahl an Orchideen (Orchidaceae). In h\u00f6heren Lagen ist die Phrygana niedriger durch Wind und Schnee, und stacheliger durch langj\u00e4hrige Beweidung. Dort wachsen Dorn-Wolfsmilch (Euphorbia acanthothamnos), Tragant (Astragalus spp.), Kreta-Flockenblumen (Centaurea raphanina), Strandflieder (Limonium spp.), Schneeglanz (Chionodoxa cretica), Herbstzeitlose (Colchicum cretense) und Krokusse (Crocus sieberi).<\/p><p>Die Str\u00e4ucher der Macchie sind immergr\u00fcn: Johannisbrotb\u00e4ume (Ceratonia siliqua), Wilde Oliven (Olea europaea var. sylvestris), Mastixstr\u00e4ucher (Pistacia lentiscus), Ph\u00f6nizische Wacholder (Juniperus phoenicea), Lorbeer (Laurus nobilis) und Erdbeerb\u00e4ume (Arbutus unedo), die der Trockenheit des kretischen Sommers mit lederartigen Bl\u00e4ttern und tiefen Wurzeln trotzen. Undurchdringliche Dickichte bilden Heidekraut (Erica manipuliflora) und Erdbeerb\u00e4ume an den Nordh\u00e4ngen des Kouloukonas.<\/p>\t\t\t\t\t\t\t\t<\/div>\n\t\t\t\t\t<\/div>\n\t\t\t\t<\/div>\n\t\t<div data-particle_enable=\"false\" data-particle-mobile-disabled=\"false\" class=\"elementor-element elementor-element-9599dab e-flex e-con-boxed e-con e-parent\" data-id=\"9599dab\" data-element_type=\"container\">\n\t\t\t\t\t<div class=\"e-con-inner\">\n\t\t\t\t<div class=\"elementor-element elementor-element-5ac5cb4 elementor-widget elementor-widget-gallery\" data-id=\"5ac5cb4\" data-element_type=\"widget\" data-settings=\"{&quot;lazyload&quot;:&quot;yes&quot;,&quot;gallery_layout&quot;:&quot;grid&quot;,&quot;columns&quot;:4,&quot;columns_tablet&quot;:2,&quot;columns_mobile&quot;:1,&quot;gap&quot;:{&quot;unit&quot;:&quot;px&quot;,&quot;size&quot;:10,&quot;sizes&quot;:[]},&quot;gap_tablet&quot;:{&quot;unit&quot;:&quot;px&quot;,&quot;size&quot;:10,&quot;sizes&quot;:[]},&quot;gap_mobile&quot;:{&quot;unit&quot;:&quot;px&quot;,&quot;size&quot;:10,&quot;sizes&quot;:[]},&quot;link_to&quot;:&quot;file&quot;,&quot;aspect_ratio&quot;:&quot;3:2&quot;,&quot;overlay_background&quot;:&quot;yes&quot;,&quot;content_hover_animation&quot;:&quot;fade-in&quot;}\" data-widget_type=\"gallery.default\">\n\t\t\t\t\t\t\t<div class=\"elementor-gallery__container\">\n\t\t\t\t\t\t\t<a class=\"e-gallery-item elementor-gallery-item elementor-animated-content\" href=\"https:\/\/psiloritisgeopark.gr\/wp-content\/uploads\/2025\/09\/Cephalanthera-cuculata.jpg\" data-elementor-open-lightbox=\"yes\" data-elementor-lightbox-slideshow=\"5ac5cb4\" data-elementor-lightbox-title=\"Cephalanthera cuculata\" data-e-action-hash=\"#elementor-action%3Aaction%3Dlightbox%26settings%3DeyJpZCI6MjE0NSwidXJsIjoiaHR0cHM6XC9cL3BzaWxvcml0aXNnZW9wYXJrLmdyXC93cC1jb250ZW50XC91cGxvYWRzXC8yMDI1XC8wOVwvQ2VwaGFsYW50aGVyYS1jdWN1bGF0YS5qcGciLCJzbGlkZXNob3ciOiI1YWM1Y2I0In0%3D\">\n\t\t\t\t\t<div class=\"e-gallery-image elementor-gallery-item__image\" data-thumbnail=\"https:\/\/psiloritisgeopark.gr\/wp-content\/uploads\/2025\/09\/Cephalanthera-cuculata-196x300.jpg\" data-width=\"196\" data-height=\"300\" aria-label=\"\" role=\"img\" ><\/div>\n\t\t\t\t\t\t\t\t\t\t\t<div class=\"elementor-gallery-item__overlay\"><\/div>\n\t\t\t\t\t\t\t\t\t\t\t\t\t\t<\/a>\n\t\t\t\t\t\t\t<a class=\"e-gallery-item elementor-gallery-item elementor-animated-content\" href=\"https:\/\/psiloritisgeopark.gr\/wp-content\/uploads\/2025\/09\/Cistus-creticus.jpg\" data-elementor-open-lightbox=\"yes\" data-elementor-lightbox-slideshow=\"5ac5cb4\" data-elementor-lightbox-title=\"Cistus creticus\" data-e-action-hash=\"#elementor-action%3Aaction%3Dlightbox%26settings%3DeyJpZCI6MjE0NiwidXJsIjoiaHR0cHM6XC9cL3BzaWxvcml0aXNnZW9wYXJrLmdyXC93cC1jb250ZW50XC91cGxvYWRzXC8yMDI1XC8wOVwvQ2lzdHVzLWNyZXRpY3VzLmpwZyIsInNsaWRlc2hvdyI6IjVhYzVjYjQifQ%3D%3D\">\n\t\t\t\t\t<div class=\"e-gallery-image elementor-gallery-item__image\" data-thumbnail=\"https:\/\/psiloritisgeopark.gr\/wp-content\/uploads\/2025\/09\/Cistus-creticus-300x200.jpg\" data-width=\"300\" data-height=\"200\" aria-label=\"\" role=\"img\" ><\/div>\n\t\t\t\t\t\t\t\t\t\t\t<div class=\"elementor-gallery-item__overlay\"><\/div>\n\t\t\t\t\t\t\t\t\t\t\t\t\t\t<\/a>\n\t\t\t\t\t\t\t<a class=\"e-gallery-item elementor-gallery-item elementor-animated-content\" href=\"https:\/\/psiloritisgeopark.gr\/wp-content\/uploads\/2025\/09\/Orchis-lactea_0.jpg\" data-elementor-open-lightbox=\"yes\" data-elementor-lightbox-slideshow=\"5ac5cb4\" data-elementor-lightbox-title=\"Orchis lactea_0\" data-e-action-hash=\"#elementor-action%3Aaction%3Dlightbox%26settings%3DeyJpZCI6MjE0NywidXJsIjoiaHR0cHM6XC9cL3BzaWxvcml0aXNnZW9wYXJrLmdyXC93cC1jb250ZW50XC91cGxvYWRzXC8yMDI1XC8wOVwvT3JjaGlzLWxhY3RlYV8wLmpwZyIsInNsaWRlc2hvdyI6IjVhYzVjYjQifQ%3D%3D\">\n\t\t\t\t\t<div class=\"e-gallery-image elementor-gallery-item__image\" data-thumbnail=\"https:\/\/psiloritisgeopark.gr\/wp-content\/uploads\/2025\/09\/Orchis-lactea_0-300x240.jpg\" data-width=\"300\" data-height=\"240\" aria-label=\"\" role=\"img\" ><\/div>\n\t\t\t\t\t\t\t\t\t\t\t<div class=\"elementor-gallery-item__overlay\"><\/div>\n\t\t\t\t\t\t\t\t\t\t\t\t\t\t<\/a>\n\t\t\t\t\t\t\t<a class=\"e-gallery-item elementor-gallery-item elementor-animated-content\" href=\"https:\/\/psiloritisgeopark.gr\/wp-content\/uploads\/2025\/09\/Prinos-P5170127_tn.jpg\" data-elementor-open-lightbox=\"yes\" data-elementor-lightbox-slideshow=\"5ac5cb4\" data-elementor-lightbox-title=\"OLYMPUS DIGITAL CAMERA\" data-e-action-hash=\"#elementor-action%3Aaction%3Dlightbox%26settings%3DeyJpZCI6MjE0OCwidXJsIjoiaHR0cHM6XC9cL3BzaWxvcml0aXNnZW9wYXJrLmdyXC93cC1jb250ZW50XC91cGxvYWRzXC8yMDI1XC8wOVwvUHJpbm9zLVA1MTcwMTI3X3RuLmpwZyIsInNsaWRlc2hvdyI6IjVhYzVjYjQifQ%3D%3D\">\n\t\t\t\t\t<div class=\"e-gallery-image elementor-gallery-item__image\" data-thumbnail=\"https:\/\/psiloritisgeopark.gr\/wp-content\/uploads\/2025\/09\/Prinos-P5170127_tn-300x250.jpg\" data-width=\"300\" data-height=\"250\" aria-label=\"\" role=\"img\" ><\/div>\n\t\t\t\t\t\t\t\t\t\t\t<div class=\"elementor-gallery-item__overlay\"><\/div>\n\t\t\t\t\t\t\t\t\t\t\t\t\t\t<\/a>\n\t\t\t\t\t<\/div>\n\t\t\t\t\t<\/div>\n\t\t\t\t\t<\/div>\n\t\t\t\t<\/div>\n\t\t\t\t<\/div>","protected":false},"excerpt":{"rendered":"<p>0 \u03a8\u03b7\u03bb\u03bf\u03c1\u03b5\u03af\u03c4\u03b7\u03c2 \u03bc\u03b5 \u03c4\u03b7\u03bd \u03b1\u03b3\u03c1\u03b9\u03ac\u03b4\u03b1 \u03c4\u03b7\u03c2 \u03b6\u03c9\u03ae\u03c2 \u03ba\u03b1\u03b9 \u03c4\u03b7\u03c2 \u03c6\u03cd\u03c3\u03b7\u03c2 \u03b5\u03af\u03bd\u03b1\u03b9 \u03ad\u03bd\u03b1\u03c2 \u03b1\u03bb\u03b7\u03b8\u03b9\u03bd\u03cc\u03c2 \u03c0\u03b1\u03c1\u03ac\u03b4\u03b5\u03b9\u03c3\u03bf\u03c2 \u03c0\u03c1\u03bf\u03b9\u03ba\u03b9\u03c3\u03bc\u03ad\u03bd\u03bf\u03c2 \u03bc\u03b5 \u03c8\u03b7\u03bb\u03ad\u03c2 \u03ba\u03bf\u03c1\u03c5\u03c6\u03ad\u03c2, \u03bc\u03b5 \u03cc\u03bc\u03bf\u03c1\u03c6\u03b1 \u03bf\u03c1\u03bf\u03c0\u03ad\u03b4\u03b9\u03b1, \u03c1\u03b5\u03bc\u03b1\u03c4\u03b9\u03ad\u03c2 \u03bc\u03b5 \u03c0\u03b7\u03b3\u03ad\u03c2 \u03ba\u03b1\u03b9 \u03c0\u03bf\u03c4\u03ac\u03bc\u03b9\u03b1 \u03c0\u03bf\u03c5 \u03c0\u03c1\u03bf\u03c3\u03c6\u03ad\u03c1\u03bf\u03c5\u03bd \u03b1\u03c0\u03bb\u03cc\u03c7\u03b5\u03c1\u03b1 \u03bd\u03b5\u03c1\u03cc, \u03b4\u03ac\u03c3\u03b7 \u03b3\u03b5\u03bc\u03ac\u03c4\u03b1 \u03b6\u03c9\u03ae, \u03c0\u03b5\u03c4\u03c1\u03ce\u03bc\u03b1\u03c4\u03b1 \u03c0\u03bf\u03c5 \u03b1\u03bd\u03b1\u03b4\u03cd\u03b8\u03b7\u03ba\u03b1\u03bd \u03b1\u03c0\u03cc \u03c4\u03b1 \u03b2\u03ac\u03b8\u03b7 \u03c4\u03b7\u03c2 \u03b3\u03b7\u03c2, \u03c6\u03b1\u03c1\u03ac\u03b3\u03b3\u03b9\u03b1-\u03c0\u03cc\u03c1\u03c4\u03b5\u03c2 \u03c4\u03bf\u03c5 \u03bc\u03b5\u03b3\u03ac\u03bb\u03bf\u03c5 \u03b2\u03bf\u03c5\u03bd\u03bf\u03cd, \u03c3\u03c0\u03b7\u03bb\u03b9\u03ac\u03c1\u03b9\u03b1-\u03ba\u03b1\u03c4\u03b1\u03c6\u03cd\u03b3\u03b9\u03b1 \u03b1\u03b3\u03c1\u03b9\u03bc\u03b9\u03ce\u03bd, \u03c0\u03bb\u03bf\u03cd\u03c3\u03b9\u03b5\u03c2 \u03ba\u03bf\u03b9\u03bb\u03ac\u03b4\u03b5\u03c2 \u03ba\u03b1\u03b9 \u03ba\u03b1\u03bb\u03bb\u03b9\u03b5\u03c1\u03b3\u03b7\u03bc\u03ad\u03bd\u03b5\u03c2 \u03b5\u03ba\u03c4\u03ac\u03c3\u03b5\u03b9\u03c2 \u03c3\u03c4\u03b1 \u03c0\u03b9\u03bf \u03c0\u03b5\u03b4\u03b9\u03bd\u03ac. [&hellip;]<\/p>","protected":false},"author":1,"featured_media":0,"parent":0,"menu_order":0,"comment_status":"closed","ping_status":"closed","template":"","meta":{"footnotes":""},"class_list":["post-2142","page","type-page","status-publish","hentry"],"_links":{"self":[{"href":"https:\/\/psiloritisgeopark.gr\/de\/wp-json\/wp\/v2\/pages\/2142","targetHints":{"allow":["GET"]}}],"collection":[{"href":"https:\/\/psiloritisgeopark.gr\/de\/wp-json\/wp\/v2\/pages"}],"about":[{"href":"https:\/\/psiloritisgeopark.gr\/de\/wp-json\/wp\/v2\/types\/page"}],"author":[{"embeddable":true,"href":"https:\/\/psiloritisgeopark.gr\/de\/wp-json\/wp\/v2\/users\/1"}],"replies":[{"embeddable":true,"href":"https:\/\/psiloritisgeopark.gr\/de\/wp-json\/wp\/v2\/comments?post=2142"}],"version-history":[{"count":4,"href":"https:\/\/psiloritisgeopark.gr\/de\/wp-json\/wp\/v2\/pages\/2142\/revisions"}],"predecessor-version":[{"id":2151,"href":"https:\/\/psiloritisgeopark.gr\/de\/wp-json\/wp\/v2\/pages\/2142\/revisions\/2151"}],"wp:attachment":[{"href":"https:\/\/psiloritisgeopark.gr\/de\/wp-json\/wp\/v2\/media?parent=2142"}],"curies":[{"name":"wp","href":"https:\/\/api.w.org\/{rel}","templated":true}]}}