{"id":2155,"date":"2025-09-12T13:36:51","date_gmt":"2025-09-12T13:36:51","guid":{"rendered":"https:\/\/nextdigital-demos.info\/gewparko\/?page_id=2155"},"modified":"2025-09-12T13:38:40","modified_gmt":"2025-09-12T13:38:40","slug":"%cf%80%ce%b1%ce%bd%ce%af%ce%b4%ce%b1","status":"publish","type":"page","link":"https:\/\/psiloritisgeopark.gr\/de\/%cf%80%ce%b1%ce%bd%ce%af%ce%b4%ce%b1\/","title":{"rendered":"Fauna"},"content":{"rendered":"<div data-elementor-type=\"wp-page\" data-elementor-id=\"2155\" class=\"elementor elementor-2155\" data-elementor-post-type=\"page\">\n\t\t\t\t<div data-particle_enable=\"false\" data-particle-mobile-disabled=\"false\" class=\"elementor-element elementor-element-3b69919 e-flex e-con-boxed e-con e-parent\" data-id=\"3b69919\" data-element_type=\"container\" data-settings=\"{&quot;background_background&quot;:&quot;classic&quot;}\">\n\t\t\t\t\t<div class=\"e-con-inner\">\n\t\t\t\t<div class=\"elementor-element elementor-element-3fd18d3 elementor-widget elementor-widget-heading\" data-id=\"3fd18d3\" data-element_type=\"widget\" data-widget_type=\"heading.default\">\n\t\t\t\t\t<h2 class=\"elementor-heading-title elementor-size-default\">Fauna<\/h2>\t\t\t\t<\/div>\n\t\t\t\t\t<\/div>\n\t\t\t\t<\/div>\n\t\t<div data-particle_enable=\"false\" data-particle-mobile-disabled=\"false\" class=\"elementor-element elementor-element-6c6a9cd e-flex e-con-boxed e-con e-parent\" data-id=\"6c6a9cd\" data-element_type=\"container\">\n\t\t\t\t\t<div class=\"e-con-inner\">\n\t\t\t\t<div class=\"elementor-element elementor-element-547ce61 elementor-widget elementor-widget-text-editor\" data-id=\"547ce61\" data-element_type=\"widget\" data-widget_type=\"text-editor.default\">\n\t\t\t\t\t\t\t\t\t<p>Der geologische Reichtum des Psiloritis, seine ausgepr\u00e4gte Geomorphologie und die Vielfalt seiner Gesteine sind verantwortlich f\u00fcr das Vorkommen einer erstaunlichen Vielfalt von Tieren, die in den jeweiligen Mikroklimata \u00fcberleben.<\/p><p>Hunderte von Vogelarten finden hier Platz zum Nisten, zur Jagd, zum Ausruhen w\u00e4hrend der anstrengenden Migration oder zum Paaren. Hier \u00fcberlebt auch eine der wenigen verbliebenen Populationen der Kretischen Wildkatze (Felis silvestris cretensis), ein wahres \u201eGeistertier\u201c f\u00fcr die Forscher.<\/p><p>Im Inneren des Psiloritis leben seit Jahrtausenden zahllose winzige, blinde und stumme Wirbellose: K\u00e4fer, Schnecken, Hundertf\u00fc\u00dfer, Skolopender und Isopoden.<\/p><p>Die Isolation Kretas macht das Gebirge zu einem der wichtigsten \u201eHotspots\u201c f\u00fcr Biodiversit\u00e4t und Endemismus in Griechenland und f\u00fchrte zu seiner Aufnahme in das NATURA 2000-Netzwerk.<\/p><p>Auf dem Psiloritis lebt der Bartgeier (Gypaetus barbatus), einer der gr\u00f6\u00dften und eindrucksvollsten Greifv\u00f6gel Europas. Die kretische Population dieses Vogels ist m\u00f6glicherweise die letzte \u00fcberlebensf\u00e4hige auf dem gesamten Balkan, da der Einsatz von Gift und eine unkontrollierte Entwicklung zu seinem Verschwinden aus dem griechischen Festland f\u00fchrten. Kreta scheint sein letztes Refugium zu sein.<\/p><p>Die G\u00e4nsegeier (Gyps fulvus) des Psiloritis beeindrucken ebenfalls die Wanderer durch ihren majest\u00e4tischen Schwarmflug. Sie bilden gro\u00dfe Kolonien und nisten an steilen Felsw\u00e4nden und Vorspr\u00fcngen, stets gegen die Winde, die sie nutzen, um aufzusteigen und Aas zu suchen, da sie sich ausschlie\u00dflich von toten Tieren ern\u00e4hren. Die meisten Nester am Ida befinden sich in der Region Amari und der Pano Riza, w\u00e4hrend die sanfteren Nordh\u00e4nge des Mylopotamos als Nahrungsgebiete genutzt werden. Zahlreiche weitere Greifv\u00f6gel erg\u00e4nzen das ornithologische Bild des Psiloritis: Steinadler (Aquila chrysaetos), Wanderfalken (Falco peregrinus), Habichtsadler (Aquila fasciata), M\u00e4usebussarde (Buteo buteo) und Turmfalken (Falco tinnunculus).<\/p><p>In der Region Psiloritis finden sich auch die drei Amphibienarten Kretas: die Wechselkr\u00f6te (Bufotes viridis), der Kretische Laubfrosch (Hyla arborea cretensis) und der Kretische Wasserfrosch (Pelophylax cretensis). S\u00e4mtliche Reptilienarten Kretas sind vertreten: Mauereidechsen (Podarcis cretensis, Ophisops elegans), Geckos (Hemidactylus turcicus, Mediodactylus kotschyi) sowie die vier Schlangenarten der Insel: die Leopardnatter (Zamenis situla), die Europ\u00e4ische Eidechsennatter (Malpolon insignitus), die Katzennatter (Telescopus fallax) und die Dahls Peitschennatter (Platyceps najadum). Auch die meisten S\u00e4ugetiere Kretas sind hier zu finden. Einziges und trauriges Fehlen auf dem Ida ist das Kretische Wildziege (Capra aegagrus cretica), das im 20. Jahrhundert mit der Verbreitung von Schusswaffen aus dem Gebirge ausgerottet wurde. Viele H\u00f6hlen und Sch\u00e4chte der Region beherbergen Kolonien gesch\u00fctzter Flederm\u00e4use (Chiroptera). Besonders erw\u00e4hnenswert sind: die H\u00f6hle von Erfi im Mylopotamos (mehrere hundert Individuen), die H\u00f6hle von Kamilaris bei Tylissos (mindestens vier Arten in sehr gro\u00dfen Populationen), die Honos-H\u00f6hle bei Sarhos (Dutzende Individuen aus f\u00fcnf verschiedenen Arten), die Kamares-H\u00f6hle und viele andere.<\/p><p><br \/>Unter den wirbellosen Tieren weisen die Schnecken, Isopoden und mehrere Familien bodenbewohnender K\u00e4fer eng endemische Formen auf, die ausschlie\u00dflich im Psiloritis-Gebirge vorkommen. Siebzehn der Schneckenarten des Mylopotamos sind kretische Endemiten.<\/p><p><br \/>Neuere Studien zu \u201eHotspots\u201c der Biodiversit\u00e4t, basierend auf der wirbellosen Fauna S\u00fcdgriechenlands, stufen den Gebirgszug des Psiloritis als das zweitwichtigste Gebiet dieser Art in ganz S\u00fcdriechenland ein.<\/p><figure id=\"attachment_2157\" aria-describedby=\"caption-attachment-2157\" style=\"width: 813px\" class=\"wp-caption alignnone\"><img fetchpriority=\"high\" decoding=\"async\" class=\"wp-image-2157 size-full\" src=\"https:\/\/psiloritisgeopark.gr\/wp-content\/uploads\/2025\/09\/gypaetous-barbatous.jpg\" alt=\"\" width=\"813\" height=\"1181\" srcset=\"https:\/\/psiloritisgeopark.gr\/wp-content\/uploads\/2025\/09\/gypaetous-barbatous.jpg 813w, https:\/\/psiloritisgeopark.gr\/wp-content\/uploads\/2025\/09\/gypaetous-barbatous-207x300.jpg 207w, https:\/\/psiloritisgeopark.gr\/wp-content\/uploads\/2025\/09\/gypaetous-barbatous-705x1024.jpg 705w, https:\/\/psiloritisgeopark.gr\/wp-content\/uploads\/2025\/09\/gypaetous-barbatous-768x1116.jpg 768w\" sizes=\"(max-width: 813px) 100vw, 813px\" \/><figcaption id=\"caption-attachment-2157\" class=\"wp-caption-text\">Bildbeschreibung<\/figcaption><\/figure>\t\t\t\t\t\t\t\t<\/div>\n\t\t\t\t\t<\/div>\n\t\t\t\t<\/div>\n\t\t\t\t<\/div>","protected":false},"excerpt":{"rendered":"<p>\u039f \u03b3\u03b5\u03c9\u03bb\u03bf\u03b3\u03b9\u03ba\u03cc\u03c2 \u03c0\u03bb\u03bf\u03cd\u03c4\u03bf\u03c2 \u03c4\u03bf\u03c5 \u03a8\u03b7\u03bb\u03bf\u03c1\u03b5\u03af\u03c4\u03b7, \u03b7 \u03ad\u03bd\u03c4\u03bf\u03bd\u03b7 \u03b3\u03b5\u03c9\u03bc\u03bf\u03c1\u03c6\u03bf\u03bb\u03bf\u03b3\u03af\u03b1 \u03ba\u03b1\u03b9 \u03b7 \u03c0\u03bf\u03b9\u03ba\u03b9\u03bb\u03af\u03b1 \u03c4\u03c9\u03bd \u03c0\u03b5\u03c4\u03c1\u03c9\u03bc\u03ac\u03c4\u03c9\u03bd \u03b5\u03af\u03bd\u03b1\u03b9 \u03c5\u03c0\u03b5\u03cd\u03b8\u03c5\u03bd\u03b1 \u03b3\u03b9\u03b1 \u03c4\u03b7\u03bd \u03c0\u03b1\u03c1\u03bf\u03c5\u03c3\u03af\u03b1 \u03bc\u03b9\u03b1\u03c2 \u03b1\u03c0\u03af\u03c3\u03c4\u03b5\u03c5\u03c4\u03b7\u03c2 \u03c0\u03bf\u03b9\u03ba\u03b9\u03bb\u03af\u03b1\u03c2 \u03b6\u03ce\u03c9\u03bd \u03c0\u03bf\u03c5 \u03b5\u03c0\u03b9\u03b2\u03b9\u03ce\u03bd\u03bf\u03c5\u03bd \u03c3\u03c4\u03b9\u03c2 \u03bc\u03b9\u03ba\u03c1\u03bf\u03ba\u03bb\u03b9\u03bc\u03b1\u03c4\u03b9\u03ba\u03ad\u03c2 \u03c3\u03c5\u03bd\u03b8\u03ae\u03ba\u03b5\u03c2 \u03ba\u03ac\u03b8\u03b5 \u03c0\u03b5\u03c1\u03b9\u03bf\u03c7\u03ae\u03c2. \u0395\u03ba\u03b1\u03c4\u03bf\u03bd\u03c4\u03ac\u03b4\u03b5\u03c2 \u03c0\u03bf\u03c5\u03bb\u03b9\u03ac \u03b2\u03c1\u03af\u03c3\u03ba\u03bf\u03c5\u03bd \u03b5\u03b4\u03ce \u03c4\u03cc\u03c0\u03bf\u03c5\u03c2 \u03b3\u03b9\u03b1 \u03c6\u03ce\u03bb\u03b9\u03b1\u03c3\u03bc\u03b1, \u03b3\u03b9\u03b1 \u03ba\u03c5\u03bd\u03ae\u03b3\u03b9, \u03b3\u03b9\u03b1 \u03be\u03b5\u03ba\u03bf\u03cd\u03c1\u03b1\u03c3\u03b7 \u03b1\u03c0\u03cc \u03c4\u03b7\u03bd \u03ba\u03b1\u03c4\u03b1\u03c0\u03cc\u03bd\u03b7\u03c3\u03b7 \u03c4\u03b7\u03c2 \u03bc\u03b5\u03c4\u03b1\u03bd\u03ac\u03c3\u03c4\u03b5\u03c5\u03c3\u03b7\u03c2 \u03ae \u03bc\u03ad\u03c1\u03b7 \u03b3\u03b9\u03b1 \u03bd\u03b1 \u03b6\u03b5\u03c5\u03b3\u03b1\u03c1\u03ce\u03c3\u03bf\u03c5\u03bd. \u0395\u03b4\u03ce \u03b5\u03c0\u03b9\u03b2\u03b9\u03ce\u03bd\u03b5\u03b9 \u03ad\u03bd\u03b1\u03c2 \u03b1\u03c0\u03cc \u03c4\u03bf\u03c5\u03c2 [&hellip;]<\/p>","protected":false},"author":1,"featured_media":0,"parent":0,"menu_order":0,"comment_status":"closed","ping_status":"closed","template":"","meta":{"footnotes":""},"class_list":["post-2155","page","type-page","status-publish","hentry"],"_links":{"self":[{"href":"https:\/\/psiloritisgeopark.gr\/de\/wp-json\/wp\/v2\/pages\/2155","targetHints":{"allow":["GET"]}}],"collection":[{"href":"https:\/\/psiloritisgeopark.gr\/de\/wp-json\/wp\/v2\/pages"}],"about":[{"href":"https:\/\/psiloritisgeopark.gr\/de\/wp-json\/wp\/v2\/types\/page"}],"author":[{"embeddable":true,"href":"https:\/\/psiloritisgeopark.gr\/de\/wp-json\/wp\/v2\/users\/1"}],"replies":[{"embeddable":true,"href":"https:\/\/psiloritisgeopark.gr\/de\/wp-json\/wp\/v2\/comments?post=2155"}],"version-history":[{"count":4,"href":"https:\/\/psiloritisgeopark.gr\/de\/wp-json\/wp\/v2\/pages\/2155\/revisions"}],"predecessor-version":[{"id":2160,"href":"https:\/\/psiloritisgeopark.gr\/de\/wp-json\/wp\/v2\/pages\/2155\/revisions\/2160"}],"wp:attachment":[{"href":"https:\/\/psiloritisgeopark.gr\/de\/wp-json\/wp\/v2\/media?parent=2155"}],"curies":[{"name":"wp","href":"https:\/\/api.w.org\/{rel}","templated":true}]}}