{"id":2164,"date":"2025-09-12T13:40:13","date_gmt":"2025-09-12T13:40:13","guid":{"rendered":"https:\/\/nextdigital-demos.info\/gewparko\/?page_id=2164"},"modified":"2026-02-25T10:51:07","modified_gmt":"2026-02-25T10:51:07","slug":"%ce%b3%ce%b5%cf%8e%cf%84%ce%bf%cf%80%ce%bf%ce%b9","status":"publish","type":"page","link":"https:\/\/psiloritisgeopark.gr\/de\/%ce%b3%ce%b5%cf%8e%cf%84%ce%bf%cf%80%ce%bf%ce%b9\/","title":{"rendered":"Geostandorte"},"content":{"rendered":"<div data-elementor-type=\"wp-page\" data-elementor-id=\"2164\" class=\"elementor elementor-2164\" data-elementor-post-type=\"page\">\n\t\t\t\t<div data-particle_enable=\"false\" data-particle-mobile-disabled=\"false\" class=\"elementor-element elementor-element-3b69919 e-flex e-con-boxed e-con e-parent\" data-id=\"3b69919\" data-element_type=\"container\" data-settings=\"{&quot;background_background&quot;:&quot;classic&quot;}\">\n\t\t\t\t\t<div class=\"e-con-inner\">\n\t\t\t\t<div class=\"elementor-element elementor-element-3fd18d3 elementor-widget elementor-widget-heading\" data-id=\"3fd18d3\" data-element_type=\"widget\" data-widget_type=\"heading.default\">\n\t\t\t\t\t<h2 class=\"elementor-heading-title elementor-size-default\">Geostandorte<\/h2>\t\t\t\t<\/div>\n\t\t\t\t\t<\/div>\n\t\t\t\t<\/div>\n\t\t<div data-particle_enable=\"false\" data-particle-mobile-disabled=\"false\" class=\"elementor-element elementor-element-5bbb2ae e-flex e-con-boxed e-con e-parent\" data-id=\"5bbb2ae\" data-element_type=\"container\" data-settings=\"{&quot;background_background&quot;:&quot;classic&quot;}\">\n\t\t\t\t\t<div class=\"e-con-inner\">\n\t\t<div data-particle_enable=\"false\" data-particle-mobile-disabled=\"false\" class=\"elementor-element elementor-element-793257f e-con-full e-flex e-con e-child\" data-id=\"793257f\" data-element_type=\"container\">\n\t\t\t\t<div class=\"elementor-element elementor-element-ceafcfa elementor-widget elementor-widget-heading\" data-id=\"ceafcfa\" data-element_type=\"widget\" data-widget_type=\"heading.default\">\n\t\t\t\t\t<h2 class=\"elementor-heading-title elementor-size-default\">DIE GEOLOGISCHEN STELLEN VON PSILORITIS<\/h2>\t\t\t\t<\/div>\n\t\t\t\t<\/div>\n\t\t\t\t\t<\/div>\n\t\t\t\t<\/div>\n\t\t<div data-particle_enable=\"false\" data-particle-mobile-disabled=\"false\" class=\"elementor-element elementor-element-6c6a9cd e-flex e-con-boxed e-con e-parent\" data-id=\"6c6a9cd\" data-element_type=\"container\">\n\t\t\t\t\t<div class=\"e-con-inner\">\n\t\t\t\t<div class=\"elementor-element elementor-element-547ce61 elementor-widget elementor-widget-text-editor\" data-id=\"547ce61\" data-element_type=\"widget\" data-widget_type=\"text-editor.default\">\n\t\t\t\t\t\t\t\t\t<p>Die Erdmonumente und Geologischen Stellen des Psiloritis sind \u00fcber das gesamte Gebiet des Gebirges verstreut. Sie umfassen einzigartige Gesteinsformationen, Fossilfundstellen, beeindruckende Formen des Reliefs, H\u00f6hlen und andere Karstph\u00e4nomene, Faltungen und Verwerfungen der Gesteine, bedeutende Wassererscheinungen f\u00fcr die nat\u00fcrliche Umwelt sowie Spuren der Wechselwirkung zwischen Mensch und Felslandschaft. All diese Elemente zusammen erz\u00e4hlen die Geschichte der Erde und des<br \/>Menschen am Psiloritis.<\/p><p>Viele dieser Geosites liegen in unmittelbarer N\u00e4he zueinander und erm\u00f6glichen in Kombination die Rekonstruktion kleiner Abschnitte der geologischen Geschichte des Gebirges. Andere weisen gemeinsame geologische und naturr\u00e4umliche Merkmale auf, erg\u00e4nzen sich gegenseitig und ergeben ein vollst\u00e4ndiges thematisches Bild des Berges. Aus diesen Gr\u00fcnden \u2013 und zur besseren Erschlie\u00dfung \u2013 wurden viele Geosites in spezifische Teilregionen gruppiert.<\/p><p>So wurden folgende Teilregionen definiert: Talea-Gebirge-Schnitt: Eine 250 Millionen Jahre lange Reise in die Vergangenheit, im Gebirgszug KouloukonasKarstlandschaften des Psiloritis, in der HochgebirgszoneVom Berg zur Ebene, entlang der \u00f6stlichen und s\u00fcdlichen Ausl\u00e4ufer des Berges\nAmari-Klippen, im gleichnamigen TalSpel\u00e4opark, mit den wichtigsten H\u00f6hlen des Psiloritis\nDaneben gibt es auch einzelne Geosites, die aus verschiedenen Gr\u00fcnden keiner dieser Teilregionen zugeordnet wurden und als eigenst\u00e4ndige Formationen pr\u00e4sentiert werden.<\/p><p>Die nachfolgende Darstellung der wichtigsten Geosites des Naturparks Psiloritis folgt dieser Gliederung. Die meisten dieser Geosites sind \u00fcber das bestehende Stra\u00dfennetz erreichbar, andere nur \u00fcber Bergpfade, einige wiederum sind in ein Netzwerk von Wanderwegen eingebunden. An vielen Standorten wurden oder werden Informationstafeln vom Naturpark oder von lokalen Tr\u00e4gern aufgestellt.<\/p><p><a href=\"https:\/\/psiloritisgeopark.gr\/de\/%cf%84%ce%bf%ce%bc%ce%ae-%cf%84%ce%b1%ce%bb%ce%bb%ce%b1%ce%af%cf%89%ce%bd-%ce%bf%cf%81%ce%ad%cf%89%ce%bd\/\">A. Talea-Gebirge-Schnitt: Eine 250 Millionen Jahre lange Reise in die Vergangenheit<\/a><\/p><p><a href=\"https:\/\/psiloritisgeopark.gr\/de\/%cf%84%ce%b1-%ce%ba%ce%b1%cf%81%cf%83%cf%84%ce%b9%ce%ba%ce%ac-%cf%84%ce%bf%cf%80%ce%af%ce%b1-%cf%84%ce%bf%cf%85-%cf%88%ce%b7%ce%bb%ce%bf%cf%81%ce%b5%ce%af%cf%84%ce%b7\/\">B. Karstlandschaften des Psiloritis<\/a><\/p><p><a href=\"https:\/\/psiloritisgeopark.gr\/de\/%ce%b1%cf%80%cf%8c-%cf%84%ce%bf-%ce%b2%ce%bf%cf%85%ce%bd%cf%8c-%cf%83%cf%84%ce%bf%ce%bd-%ce%ba%ce%ac%ce%bc%cf%80%ce%bf\/\">C.Vom Berg in die Ebene<\/a><\/p><p><a href=\"https:\/\/psiloritisgeopark.gr\/de\/%ce%b3%ce%ba%cf%81%ce%b5%ce%bc%ce%bf%ce%af-%cf%84%ce%bf%cf%85-%ce%b1%ce%bc%ce%b1%cf%81%ce%af%ce%bf%cf%85\/\">D. Amari-Klippen<\/a><\/p><p><a href=\"https:\/\/psiloritisgeopark.gr\/de\/%cf%83%cf%80%ce%b7%ce%bb%ce%b1%ce%b9%ce%bf%cf%80%ce%ac%cf%81%ce%ba%ce%bf\/\">E. Spel\u00e4opark<\/a><\/p><p><a href=\"https:\/\/psiloritisgeopark.gr\/de\/%ce%b5%cf%80%ce%b9%ce%bc%ce%ad%cf%81%ce%bf%cf%85%cf%82-%ce%b3%ce%b5%cf%8e%cf%84%ce%bf%cf%80%ce%bf%ce%b9\/\">F. Individuelle Geost\u00e4tten<\/a>s<\/p>\t\t\t\t\t\t\t\t<\/div>\n\t\t\t\t\t<\/div>\n\t\t\t\t<\/div>\n\t\t\t\t<\/div>","protected":false},"excerpt":{"rendered":"<p>\u039f\u03b9 \u0393\u03b5\u03ce\u03c4\u03bf\u03c0\u03bf\u03b9 \u03a4\u03bf\u03c5 \u03a8\u03b7\u03bb\u03bf\u03c1\u03b5\u03af\u03c4\u03b7 \u03a4\u03b1 \u03bc\u03bd\u03b7\u03bc\u03b5\u03af\u03b1 \u03c4\u03b7\u03c2 \u03b3\u03b7\u03c2 \u03ba\u03b1\u03b9 \u03bf\u03b9 \u03b3\u03b5\u03ce\u03c4\u03bf\u03c0\u03bf\u03b9 \u03c4\u03bf\u03c5 \u03a8\u03b7\u03bb\u03bf\u03c1\u03b5\u03af\u03c4\u03b7 \u03b5\u03af\u03bd\u03b1\u03b9 \u03b4\u03b9\u03ac\u03c3\u03c0\u03b1\u03c1\u03c4\u03bf\u03b9 \u03c3\u03b5 \u03cc\u03bb\u03b7 \u03c4\u03b7\u03bd \u03ad\u03ba\u03c4\u03b1\u03c3\u03ae \u03c4\u03bf\u03c5. \u03a0\u03b5\u03c1\u03b9\u03bb\u03b1\u03bc\u03b2\u03ac\u03bd\u03bf\u03c5\u03bd \u03bc\u03bf\u03bd\u03b1\u03b4\u03b9\u03ba\u03bf\u03cd\u03c2 \u03c3\u03c7\u03b7\u03bc\u03b1\u03c4\u03b9\u03c3\u03bc\u03bf\u03cd\u03c2 \u03c0\u03b5\u03c4\u03c1\u03c9\u03bc\u03ac\u03c4\u03c9\u03bd, \u03b8\u03ad\u03c3\u03b5\u03b9\u03c2 \u03b1\u03c0\u03bf\u03bb\u03b9\u03b8\u03c9\u03bc\u03ac\u03c4\u03c9\u03bd, \u03b5\u03bd\u03c4\u03c5\u03c0\u03c9\u03c3\u03b9\u03b1\u03ba\u03ad\u03c2 \u03bc\u03bf\u03c1\u03c6\u03ad\u03c2 \u03c4\u03bf\u03c5 \u03b1\u03bd\u03b1\u03b3\u03bb\u03cd\u03c6\u03bf\u03c5, \u03c3\u03c0\u03ae\u03bb\u03b1\u03b9\u03b1 \u03ba\u03b1\u03b9 \u03ac\u03bb\u03bb\u03b5\u03c2 \u03ba\u03b1\u03c1\u03c3\u03c4\u03b9\u03ba\u03ad\u03c2 \u03bc\u03bf\u03c1\u03c6\u03ad\u03c2, \u03c0\u03c4\u03c5\u03c7\u03ce\u03c3\u03b5\u03b9\u03c2 \u03ba\u03b1\u03b9 \u03c1\u03ae\u03b3\u03bc\u03b1\u03c4\u03b1 \u03c4\u03c9\u03bd \u03c0\u03b5\u03c4\u03c1\u03c9\u03bc\u03ac\u03c4\u03c9\u03bd, \u03b9\u03b4\u03b9\u03b1\u03af\u03c4\u03b5\u03c1\u03b1 \u03c3\u03b7\u03bc\u03b1\u03bd\u03c4\u03b9\u03ba\u03ad\u03c2 \u03b3\u03b9\u03b1 \u03c4\u03bf \u03c6\u03c5\u03c3\u03b9\u03ba\u03cc \u03c0\u03b5\u03c1\u03b9\u03b2\u03ac\u03bb\u03bb\u03bf\u03bd \u03b5\u03bc\u03c6\u03b1\u03bd\u03af\u03c3\u03b5\u03b9\u03c2 \u03bd\u03b5\u03c1\u03bf\u03cd, \u03c3\u03c4\u03bf\u03b9\u03c7\u03b5\u03af\u03b1 \u03b1\u03bb\u03bb\u03b7\u03bb\u03b5\u03c0\u03af\u03b4\u03c1\u03b1\u03c3\u03b7\u03c2 \u03c4\u03bf\u03c5 \u03b1\u03bd\u03b8\u03c1\u03ce\u03c0\u03bf\u03c5 \u03bc\u03b5 \u03c4\u03b7\u03bd \u03c0\u03ad\u03c4\u03c1\u03b1 [&hellip;]<\/p>","protected":false},"author":1,"featured_media":0,"parent":0,"menu_order":0,"comment_status":"closed","ping_status":"closed","template":"","meta":{"footnotes":""},"class_list":["post-2164","page","type-page","status-publish","hentry"],"_links":{"self":[{"href":"https:\/\/psiloritisgeopark.gr\/de\/wp-json\/wp\/v2\/pages\/2164","targetHints":{"allow":["GET"]}}],"collection":[{"href":"https:\/\/psiloritisgeopark.gr\/de\/wp-json\/wp\/v2\/pages"}],"about":[{"href":"https:\/\/psiloritisgeopark.gr\/de\/wp-json\/wp\/v2\/types\/page"}],"author":[{"embeddable":true,"href":"https:\/\/psiloritisgeopark.gr\/de\/wp-json\/wp\/v2\/users\/1"}],"replies":[{"embeddable":true,"href":"https:\/\/psiloritisgeopark.gr\/de\/wp-json\/wp\/v2\/comments?post=2164"}],"version-history":[{"count":22,"href":"https:\/\/psiloritisgeopark.gr\/de\/wp-json\/wp\/v2\/pages\/2164\/revisions"}],"predecessor-version":[{"id":4657,"href":"https:\/\/psiloritisgeopark.gr\/de\/wp-json\/wp\/v2\/pages\/2164\/revisions\/4657"}],"wp:attachment":[{"href":"https:\/\/psiloritisgeopark.gr\/de\/wp-json\/wp\/v2\/media?parent=2164"}],"curies":[{"name":"wp","href":"https:\/\/api.w.org\/{rel}","templated":true}]}}