{"id":2169,"date":"2025-09-12T13:42:11","date_gmt":"2025-09-12T13:42:11","guid":{"rendered":"https:\/\/nextdigital-demos.info\/gewparko\/?page_id=2169"},"modified":"2025-09-12T13:43:55","modified_gmt":"2025-09-12T13:43:55","slug":"%cf%84%ce%bf-%ce%ba%ce%bb%ce%af%ce%bc%ce%b1","status":"publish","type":"page","link":"https:\/\/psiloritisgeopark.gr\/de\/%cf%84%ce%bf-%ce%ba%ce%bb%ce%af%ce%bc%ce%b1\/","title":{"rendered":"Das Klima"},"content":{"rendered":"<div data-elementor-type=\"wp-page\" data-elementor-id=\"2169\" class=\"elementor elementor-2169\" data-elementor-post-type=\"page\">\n\t\t\t\t<div data-particle_enable=\"false\" data-particle-mobile-disabled=\"false\" class=\"elementor-element elementor-element-3b69919 e-flex e-con-boxed e-con e-parent\" data-id=\"3b69919\" data-element_type=\"container\" data-settings=\"{&quot;background_background&quot;:&quot;classic&quot;}\">\n\t\t\t\t\t<div class=\"e-con-inner\">\n\t\t\t\t<div class=\"elementor-element elementor-element-3fd18d3 elementor-widget elementor-widget-heading\" data-id=\"3fd18d3\" data-element_type=\"widget\" data-widget_type=\"heading.default\">\n\t\t\t\t\t<h2 class=\"elementor-heading-title elementor-size-default\">Das Klima<\/h2>\t\t\t\t<\/div>\n\t\t\t\t\t<\/div>\n\t\t\t\t<\/div>\n\t\t<div data-particle_enable=\"false\" data-particle-mobile-disabled=\"false\" class=\"elementor-element elementor-element-5bbb2ae e-flex e-con-boxed e-con e-parent\" data-id=\"5bbb2ae\" data-element_type=\"container\" data-settings=\"{&quot;background_background&quot;:&quot;classic&quot;}\">\n\t\t\t\t\t<div class=\"e-con-inner\">\n\t\t<div data-particle_enable=\"false\" data-particle-mobile-disabled=\"false\" class=\"elementor-element elementor-element-793257f e-con-full e-flex e-con e-child\" data-id=\"793257f\" data-element_type=\"container\">\n\t\t\t\t<div class=\"elementor-element elementor-element-ceafcfa elementor-widget elementor-widget-heading\" data-id=\"ceafcfa\" data-element_type=\"widget\" data-widget_type=\"heading.default\">\n\t\t\t\t\t<h2 class=\"elementor-heading-title elementor-size-default\">Das milde mediterrane Klima Kretas und die besonderen klimatischen Bedingungen des Psiloritis<\/h2>\t\t\t\t<\/div>\n\t\t\t\t<\/div>\n\t\t\t\t\t<\/div>\n\t\t\t\t<\/div>\n\t\t<div data-particle_enable=\"false\" data-particle-mobile-disabled=\"false\" class=\"elementor-element elementor-element-6c6a9cd e-flex e-con-boxed e-con e-parent\" data-id=\"6c6a9cd\" data-element_type=\"container\">\n\t\t\t\t\t<div class=\"e-con-inner\">\n\t\t\t\t<div class=\"elementor-element elementor-element-547ce61 elementor-widget elementor-widget-text-editor\" data-id=\"547ce61\" data-element_type=\"widget\" data-widget_type=\"text-editor.default\">\n\t\t\t\t\t\t\t\t\t<p>Im Allgemeinen geh\u00f6rt das Klima Kretas zum typischen mediterranen Landklima. Seine Hauptmerkmale sind mild und sanft. In Bezug auf Milde und Schwankungen gilt das Klima Kretas als privilegiert, was auf die zentrale Lage der Insel im \u00f6stlichen Mittelmeer zur\u00fcckzuf\u00fchren ist.<\/p>\n<p>Der Winter ist mild, was durch die h\u00e4ufige Ankunft warmer und feuchter Luftmassen aus S\u00fcdwesten beg\u00fcnstigt wird. Im Gegensatz dazu ist der Sommer, insbesondere der August, durch Nordwinde gekennzeichnet, die f\u00fcr k\u00fchle Meltemi-Winde sorgen.<\/p>\n<p>Der Sommer ist hei\u00df, wobei der Juli mit einer H\u00f6chsttemperatur von 30 \u00b0C und einer Mindesttemperatur von 22 \u00b0C der w\u00e4rmste Monat ist. Die Sommerperiode dauert von Juni bis September, wobei die Monate Juli und August fast regenfrei sind. Die Sonnenscheindauer betr\u00e4gt fast 300 Tage im Jahr.<\/p>\n<p>Der Winter beginnt in der Regel Mitte Dezember. In den Ebenen und Halbgebirgsregionen ist er mild oder sogar warm, w\u00e4hrend er in den Bergregionen mild oder kalt ist. In einem sehr kleinen Teil der sehr bergigen Regionen herrscht schlie\u00dflich ein strenger Winter mit starken Schneef\u00e4llen und einer typischen Alpenlandschaft. Der Psiloritis ist mit Schnee bedeckt und bleibt bis zum Fr\u00fchjahr wei\u00df, w\u00e4hrend in Schluchten und schattigen Stellen der Schnee auch im Sommer liegen bleibt.<br \/>Die meisten Niederschl\u00e4ge fallen in den Monaten Dezember und Januar. Im Winter betr\u00e4gt die H\u00f6chsttemperatur 16 \u00b0C und die Mindesttemperatur 9 \u00b0C.<\/p>\n<p><img fetchpriority=\"high\" decoding=\"async\" class=\"alignnone wp-image-2171 size-full\" src=\"https:\/\/psiloritisgeopark.gr\/wp-content\/uploads\/2025\/09\/klima.png\" alt=\"\" width=\"393\" height=\"193\" srcset=\"https:\/\/psiloritisgeopark.gr\/wp-content\/uploads\/2025\/09\/klima.png 393w, https:\/\/psiloritisgeopark.gr\/wp-content\/uploads\/2025\/09\/klima-300x147.png 300w\" sizes=\"(max-width: 393px) 100vw, 393px\" \/><\/p>\t\t\t\t\t\t\t\t<\/div>\n\t\t\t\t\t<\/div>\n\t\t\t\t<\/div>\n\t\t\t\t<\/div>","protected":false},"excerpt":{"rendered":"<p>\u03a4\u03bf \u03ae\u03c0\u03b9\u03bf \u03bc\u03b5\u03c3\u03bf\u03b3\u03b5\u03b9\u03b1\u03ba\u03cc \u03ba\u03bb\u03af\u03bc\u03b1 \u03c4\u03b7\u03c2 \u039a\u03c1\u03ae\u03c4\u03b7\u03c2 \u03ba\u03b1\u03b9 \u03bf\u03b9 \u03b9\u03b4\u03b9\u03b1\u03af\u03c4\u03b5\u03c1\u03b5\u03c2 \u03ba\u03bb\u03b9\u03bc\u03b1\u03c4\u03b9\u03ba\u03ad\u03c2 \u03c3\u03c5\u03bd\u03b8\u03ae\u03ba\u03b5\u03c2 \u03c4\u03bf\u03c5 \u03a8\u03b7\u03bb\u03bf\u03c1\u03b5\u03af\u03c4\u03b7 \u03a3\u03b5 \u03b3\u03b5\u03bd\u03b9\u03ba\u03ad\u03c2 \u03b3\u03c1\u03b1\u03bc\u03bc\u03ad\u03c2 \u03c4\u03bf \u03ba\u03bb\u03af\u03bc\u03b1 \u03c4\u03b7\u03c2 \u039a\u03c1\u03ae\u03c4\u03b7\u03c2 \u03b1\u03bd\u03ae\u03ba\u03b5\u03b9 \u03c3\u03c4\u03bf\u03bd \u03c4\u03cd\u03c0\u03bf \u03c4\u03bf\u03c5 \u03c7\u03b5\u03c1\u03c3\u03b1\u03af\u03bf\u03c5 \u03bc\u03b5\u03c3\u03bf\u03b3\u03b5\u03b9\u03b1\u03ba\u03bf\u03cd \u03ba\u03bb\u03af\u03bc\u03b1\u03c4\u03bf\u03c2. \u039a\u03cd\u03c1\u03b9\u03b1 \u03c7\u03b1\u03c1\u03b1\u03ba\u03c4\u03b7\u03c1\u03b9\u03c3\u03c4\u03b9\u03ba\u03ac \u03c4\u03bf\u03c5 \u03b5\u03af\u03bd\u03b1\u03b9 \u03b7 \u03b3\u03bb\u03c5\u03ba\u03cd\u03c4\u03b7\u03c4\u03b1 \u03ba\u03b1\u03b9 \u03b7 \u03b7\u03c0\u03b9\u03cc\u03c4\u03b7\u03c4\u03b1. \u0391\u03c0\u03cc \u03c4\u03b7\u03bd \u03ac\u03c0\u03bf\u03c8\u03b7 \u03c4\u03b7\u03c2 \u03b7\u03c0\u03b9\u03cc\u03c4\u03b7\u03c4\u03b1\u03c2 \u03ba\u03b1\u03b9 \u03c4\u03c9\u03bd \u03bc\u03b5\u03c4\u03b1\u03b2\u03bf\u03bb\u03ce\u03bd \u03c4\u03bf \u03ba\u03bb\u03af\u03bc\u03b1 \u03c4\u03b7\u03c2 \u039a\u03c1\u03ae\u03c4\u03b7\u03c2 \u03b8\u03b5\u03c9\u03c1\u03b5\u03af\u03c4\u03b1\u03b9 \u03c0\u03c1\u03bf\u03bd\u03bf\u03bc\u03b9\u03bf\u03cd\u03c7\u03bf \u03ba\u03b1\u03b9 \u03bf\u03c6\u03b5\u03af\u03bb\u03b5\u03c4\u03b1\u03b9 \u03c3\u03c4\u03b7\u03bd \u03ba\u03b5\u03bd\u03c4\u03c1\u03b9\u03ba\u03ae \u03b8\u03ad\u03c3\u03b7 [&hellip;]<\/p>","protected":false},"author":1,"featured_media":0,"parent":0,"menu_order":0,"comment_status":"closed","ping_status":"closed","template":"","meta":{"footnotes":""},"class_list":["post-2169","page","type-page","status-publish","hentry"],"_links":{"self":[{"href":"https:\/\/psiloritisgeopark.gr\/de\/wp-json\/wp\/v2\/pages\/2169","targetHints":{"allow":["GET"]}}],"collection":[{"href":"https:\/\/psiloritisgeopark.gr\/de\/wp-json\/wp\/v2\/pages"}],"about":[{"href":"https:\/\/psiloritisgeopark.gr\/de\/wp-json\/wp\/v2\/types\/page"}],"author":[{"embeddable":true,"href":"https:\/\/psiloritisgeopark.gr\/de\/wp-json\/wp\/v2\/users\/1"}],"replies":[{"embeddable":true,"href":"https:\/\/psiloritisgeopark.gr\/de\/wp-json\/wp\/v2\/comments?post=2169"}],"version-history":[{"count":4,"href":"https:\/\/psiloritisgeopark.gr\/de\/wp-json\/wp\/v2\/pages\/2169\/revisions"}],"predecessor-version":[{"id":2174,"href":"https:\/\/psiloritisgeopark.gr\/de\/wp-json\/wp\/v2\/pages\/2169\/revisions\/2174"}],"wp:attachment":[{"href":"https:\/\/psiloritisgeopark.gr\/de\/wp-json\/wp\/v2\/media?parent=2169"}],"curies":[{"name":"wp","href":"https:\/\/api.w.org\/{rel}","templated":true}]}}