{"id":2175,"date":"2025-09-12T13:44:31","date_gmt":"2025-09-12T13:44:31","guid":{"rendered":"https:\/\/nextdigital-demos.info\/gewparko\/?page_id=2175"},"modified":"2026-01-12T10:32:51","modified_gmt":"2026-01-12T10:32:51","slug":"%ce%ad%cf%81%ce%b5%cf%85%ce%bd%ce%b1","status":"publish","type":"page","link":"https:\/\/psiloritisgeopark.gr\/de\/%ce%ad%cf%81%ce%b5%cf%85%ce%bd%ce%b1\/","title":{"rendered":"Forschung"},"content":{"rendered":"<div data-elementor-type=\"wp-page\" data-elementor-id=\"2175\" class=\"elementor elementor-2175\" data-elementor-post-type=\"page\">\n\t\t\t\t<div data-particle_enable=\"false\" data-particle-mobile-disabled=\"false\" class=\"elementor-element elementor-element-3b69919 e-flex e-con-boxed e-con e-parent\" data-id=\"3b69919\" data-element_type=\"container\" data-settings=\"{&quot;background_background&quot;:&quot;classic&quot;}\">\n\t\t\t\t\t<div class=\"e-con-inner\">\n\t\t\t\t<div class=\"elementor-element elementor-element-3fd18d3 elementor-widget elementor-widget-heading\" data-id=\"3fd18d3\" data-element_type=\"widget\" data-widget_type=\"heading.default\">\n\t\t\t\t\t<h2 class=\"elementor-heading-title elementor-size-default\">Forschung<\/h2>\t\t\t\t<\/div>\n\t\t\t\t\t<\/div>\n\t\t\t\t<\/div>\n\t\t<div data-particle_enable=\"false\" data-particle-mobile-disabled=\"false\" class=\"elementor-element elementor-element-5bbb2ae e-flex e-con-boxed e-con e-parent\" data-id=\"5bbb2ae\" data-element_type=\"container\" data-settings=\"{&quot;background_background&quot;:&quot;classic&quot;}\">\n\t\t\t\t\t<div class=\"e-con-inner\">\n\t\t<div data-particle_enable=\"false\" data-particle-mobile-disabled=\"false\" class=\"elementor-element elementor-element-793257f e-con-full e-flex e-con e-child\" data-id=\"793257f\" data-element_type=\"container\">\n\t\t\t\t<div class=\"elementor-element elementor-element-ceafcfa elementor-widget elementor-widget-heading\" data-id=\"ceafcfa\" data-element_type=\"widget\" data-widget_type=\"heading.default\">\n\t\t\t\t\t<h2 class=\"elementor-heading-title elementor-size-default\">Forschung und Innovation im Living Lab des Geoparks Psiloritis<\/h2>\t\t\t\t<\/div>\n\t\t\t\t<\/div>\n\t\t\t\t\t<\/div>\n\t\t\t\t<\/div>\n\t\t<div data-particle_enable=\"false\" data-particle-mobile-disabled=\"false\" class=\"elementor-element elementor-element-6c6a9cd e-flex e-con-boxed e-con e-parent\" data-id=\"6c6a9cd\" data-element_type=\"container\">\n\t\t\t\t\t<div class=\"e-con-inner\">\n\t\t\t\t<div class=\"elementor-element elementor-element-547ce61 elementor-widget elementor-widget-text-editor\" data-id=\"547ce61\" data-element_type=\"widget\" data-widget_type=\"text-editor.default\">\n\t\t\t\t\t\t\t\t\t<div><p><strong>Die Forschung ist ein wichtiger Pfeiler des Geoparks Psiloritis, da dank der verschiedenen Studien, die in der Region durchgef\u00fchrt werden, das Wissen \u00fcber das nat\u00fcrliche und kulturelle Erbe des Geoparks dokumentiert und erweitert werden kann!\u00a0<\/strong><\/p><p>Tats\u00e4chlich ist ein UNESCO-Geopark kein Museum, sondern ein lebendiges, aktives Labor, in dem sich Menschen mit Wissenschaft besch\u00e4ftigen k\u00f6nnen, egal ob sie Wissenschaftler auf h\u00f6chstem akademischem Niveau oder Besucher mit Neugier und Lust sind, Natur und Kultur zu entdecken. Wie alle UNESCO-Geoparks arbeitet auch der Geopark Psiloritis mit akademischen Einrichtungen und Forschungsinstituten zusammen, indem er sich an aktiver wissenschaftlicher Forschung in den Geowissenschaften beteiligt und diese f\u00f6rdert und anderen Bereichen, die f\u00fcr die Region von Interesse sind (\u00d6kologie, Kultur, Nachhaltigkeit, lokale Wirtschaft), und f\u00f6rdert so unser Wissen \u00fcber unsere Region.<\/p><p><strong>Sind Sie Forscher\/in und m\u00f6chten Studien im Gebiet des Geoparks Psiloritis durchf\u00fchren?\u00a0<\/strong><\/p><\/div><div><p>F\u00fcllen Sie das\u00a0<a href=\"mailto:info@psiloritisgeopark.gr\">info@psiloritisgeopark.gr<\/a>\u00a0\u03c4\u03bf\u00a0<a title=\"Benachrichtigungsformular\" href=\"https:\/\/psiloritisgeopark.gr\/wp-content\/uploads\/2026\/01\/\u03b5\u03bd\u03b7\u03bc\u03ad\u03c1\u03c9\u03c3\u03b7-\u03b3\u03b9\u03b1-\u03b5\u03c1\u03b5\u03c5\u03bd\u03b1-\u03c3\u03c4\u03bf-\u0393\u03b5\u03c9\u03c0\u03ac\u03c1\u03ba\u03bf-\u03a8\u03b7\u03bb\u03bf\u03c1\u03b5\u03af\u03c4\u03b7.docx\" target=\"_blank\" rel=\"noopener\">Benachrichtigungsformular<\/a>\u00a0damit die Mitarbeiter des Geoparks \u00fcber die innerhalb seiner Grenzen durchgef\u00fchrten Forschungsstudien auf dem Laufenden bleiben. Nach Abschluss Ihrer Studie senden Sie uns bitte Ihre Ergebnisse zu, damit wir die wissenschaftlichen Informationen und Entwicklungen in unseren Datenbanken aktualisieren und die Einwohner und Besucher unserer Region korrekt informieren k\u00f6nnen!<\/p><p><strong>ACHTUNG<\/strong>Jede Art von Forschung (insbesondere Feldstudien) muss unter Ber\u00fccksichtigung der Erhaltung der Geodiversit\u00e4t, der biologischen Vielfalt und des kulturellen Erbes (materiell und immateriell) der Region und in \u00dcbereinstimmung mit den geltenden Gesetzen durchgef\u00fchrt werden.\u00a0<\/p><\/div>\t\t\t\t\t\t\t\t<\/div>\n\t\t\t\t\t<\/div>\n\t\t\t\t<\/div>\n\t\t\t\t<\/div>","protected":false},"excerpt":{"rendered":"<p>\u0388\u03c1\u03b5\u03c5\u03bd\u03b1 \u03ba\u03b1\u03b9 \u039a\u03b1\u03b9\u03bd\u03bf\u03c4\u03bf\u03bc\u03af\u03b1 \u03c3\u03c4\u03bf \u0396\u03c9\u03bd\u03c4\u03b1\u03bd\u03cc \u0395\u03c1\u03b3\u03b1\u03c3\u03c4\u03ae\u03c1\u03b9\u03bf \u03c4\u03bf\u03c5 \u0393\u03b5\u03c9\u03c0\u03ac\u03c1\u03ba\u03bf\u03c5 \u03a8\u03b7\u03bb\u03bf\u03c1\u03b5\u03af\u03c4\u03b7 \u0397 \u03ad\u03c1\u03b5\u03c5\u03bd\u03b1 \u03b5\u03af\u03bd\u03b1\u03b9 \u03b2\u03b1\u03c3\u03b9\u03ba\u03cc\u03c2 \u03c0\u03c5\u03bb\u03ce\u03bd\u03b1\u03c2 \u03c4\u03bf\u03c5 \u0393\u03b5\u03c9\u03c0\u03ac\u03c1\u03ba\u03bf\u03c5 \u03a8\u03b7\u03bb\u03bf\u03c1\u03b5\u03af\u03c4\u03b7 \u03b1\u03c6\u03bf\u03cd, \u03c7\u03ac\u03c1\u03b7 \u03c3\u03c4\u03b9\u03c2 \u03b4\u03b9\u03ac\u03c6\u03bf\u03c1\u03b5\u03c2 \u03bc\u03b5\u03bb\u03ad\u03c4\u03b5\u03c2 \u03c0\u03bf\u03c5 \u03b3\u03af\u03bd\u03bf\u03bd\u03c4\u03b1\u03b9 \u03c3\u03c4\u03b7\u03bd \u03c0\u03b5\u03c1\u03b9\u03bf\u03c7\u03ae, \u03bc\u03c0\u03bf\u03c1\u03b5\u03af \u03bd\u03b1 \u03c4\u03b5\u03ba\u03bc\u03b7\u03c1\u03b9\u03ce\u03bd\u03b5\u03c4\u03b1\u03b9 \u03ba\u03b1\u03b9 \u03bd\u03b1 \u03b5\u03bc\u03c0\u03bb\u03bf\u03c5\u03c4\u03af\u03b6\u03b5\u03c4\u03b1\u03b9 \u03b7 \u03b3\u03bd\u03ce\u03c3\u03b7 \u03b3\u03b9\u03b1 \u03c4\u03b7 \u03c6\u03c5\u03c3\u03b9\u03ba\u03ae \u03ba\u03b1\u03b9 \u03c0\u03bf\u03bb\u03b9\u03c4\u03b9\u03c3\u03c4\u03b9\u03ba\u03ae \u03ba\u03bb\u03b7\u03c1\u03bf\u03bd\u03bf\u03bc\u03b9\u03ac \u03c4\u03bf\u03c5 \u0393\u03b5\u03c9\u03c0\u03ac\u03c1\u03ba\u03bf\u03c5!\u00a0 \u03a0\u03c1\u03ac\u03b3\u03bc\u03b1\u03c4\u03b9, \u03ad\u03bd\u03b1 \u03a0\u03b1\u03b3\u03ba\u03cc\u03c3\u03bc\u03b9\u03bf \u0393\u03b5\u03c9\u03c0\u03ac\u03c1\u03ba\u03bf UNESCO \u03b4\u03b5\u03bd \u03b5\u03af\u03bd\u03b1\u03b9 \u03bc\u03bf\u03c5\u03c3\u03b5\u03af\u03bf \u03b1\u03bb\u03bb\u03ac \u03ad\u03bd\u03b1 \u03b6\u03c9\u03bd\u03c4\u03b1\u03bd\u03cc, \u03b5\u03bd\u03b5\u03c1\u03b3\u03cc \u03b5\u03c1\u03b3\u03b1\u03c3\u03c4\u03ae\u03c1\u03b9\u03bf [&hellip;]<\/p>","protected":false},"author":1,"featured_media":0,"parent":0,"menu_order":0,"comment_status":"closed","ping_status":"closed","template":"","meta":{"footnotes":""},"class_list":["post-2175","page","type-page","status-publish","hentry"],"_links":{"self":[{"href":"https:\/\/psiloritisgeopark.gr\/de\/wp-json\/wp\/v2\/pages\/2175","targetHints":{"allow":["GET"]}}],"collection":[{"href":"https:\/\/psiloritisgeopark.gr\/de\/wp-json\/wp\/v2\/pages"}],"about":[{"href":"https:\/\/psiloritisgeopark.gr\/de\/wp-json\/wp\/v2\/types\/page"}],"author":[{"embeddable":true,"href":"https:\/\/psiloritisgeopark.gr\/de\/wp-json\/wp\/v2\/users\/1"}],"replies":[{"embeddable":true,"href":"https:\/\/psiloritisgeopark.gr\/de\/wp-json\/wp\/v2\/comments?post=2175"}],"version-history":[{"count":10,"href":"https:\/\/psiloritisgeopark.gr\/de\/wp-json\/wp\/v2\/pages\/2175\/revisions"}],"predecessor-version":[{"id":3039,"href":"https:\/\/psiloritisgeopark.gr\/de\/wp-json\/wp\/v2\/pages\/2175\/revisions\/3039"}],"wp:attachment":[{"href":"https:\/\/psiloritisgeopark.gr\/de\/wp-json\/wp\/v2\/media?parent=2175"}],"curies":[{"name":"wp","href":"https:\/\/api.w.org\/{rel}","templated":true}]}}