{"id":2180,"date":"2025-09-12T13:46:10","date_gmt":"2025-09-12T13:46:10","guid":{"rendered":"https:\/\/nextdigital-demos.info\/gewparko\/?page_id=2180"},"modified":"2026-02-24T08:21:01","modified_gmt":"2026-02-24T08:21:01","slug":"%ce%ba%ce%ad%ce%bd%cf%84%cf%81%ce%bf-%cf%80%ce%bb%ce%b7%cf%81%ce%bf%cf%86%cf%8c%cf%81%ce%b7%cf%83%ce%b7%cf%82","status":"publish","type":"page","link":"https:\/\/psiloritisgeopark.gr\/de\/%ce%ba%ce%ad%ce%bd%cf%84%cf%81%ce%bf-%cf%80%ce%bb%ce%b7%cf%81%ce%bf%cf%86%cf%8c%cf%81%ce%b7%cf%83%ce%b7%cf%82\/","title":{"rendered":"Informationszentrum"},"content":{"rendered":"<div data-elementor-type=\"wp-page\" data-elementor-id=\"2180\" class=\"elementor elementor-2180\" data-elementor-post-type=\"page\">\n\t\t\t\t<div data-particle_enable=\"false\" data-particle-mobile-disabled=\"false\" class=\"elementor-element elementor-element-3b69919 e-flex e-con-boxed e-con e-parent\" data-id=\"3b69919\" data-element_type=\"container\" data-settings=\"{&quot;background_background&quot;:&quot;classic&quot;}\">\n\t\t\t\t\t<div class=\"e-con-inner\">\n\t\t\t\t<div class=\"elementor-element elementor-element-3fd18d3 elementor-widget elementor-widget-heading\" data-id=\"3fd18d3\" data-element_type=\"widget\" data-widget_type=\"heading.default\">\n\t\t\t\t\t<h2 class=\"elementor-heading-title elementor-size-default\">Informationszentrum<\/h2>\t\t\t\t<\/div>\n\t\t\t\t\t<\/div>\n\t\t\t\t<\/div>\n\t\t<div data-particle_enable=\"false\" data-particle-mobile-disabled=\"false\" class=\"elementor-element elementor-element-5bbb2ae e-flex e-con-boxed e-con e-parent\" data-id=\"5bbb2ae\" data-element_type=\"container\" data-settings=\"{&quot;background_background&quot;:&quot;classic&quot;}\">\n\t\t\t\t\t<div class=\"e-con-inner\">\n\t\t<div data-particle_enable=\"false\" data-particle-mobile-disabled=\"false\" class=\"elementor-element elementor-element-793257f e-con-full e-flex e-con e-child\" data-id=\"793257f\" data-element_type=\"container\">\n\t\t\t\t<div class=\"elementor-element elementor-element-ceafcfa elementor-widget elementor-widget-heading\" data-id=\"ceafcfa\" data-element_type=\"widget\" data-widget_type=\"heading.default\">\n\t\t\t\t\t<h2 class=\"elementor-heading-title elementor-size-default\">\u039a\u03ad\u03bd\u03c4\u03c1\u03bf \u03a0\u03bb\u03b7\u03c1\u03bf\u03c6\u03cc\u03c1\u03b7\u03c3\u03b7\u03c2 \u03a6\u03c5\u03c3\u03b9\u03ba\u03bf\u03cd \u03a0\u03ac\u03c1\u03ba\u03bf\u03c5 \u03a8\u03b7\u03bb\u03bf\u03c1\u03b5\u03af\u03c4\u03b7: \u0395\u03ba\u03c0\u03b1\u03af\u03b4\u03b5\u03c5\u03c3\u03b7 \u03ba\u03b1\u03b9 \u03a0\u03c1\u03bf\u03b2\u03bf\u03bb\u03ae \u03c4\u03b7\u03c2 \u03a6\u03cd\u03c3\u03b7\u03c2 \u03ba\u03b1\u03b9 \u03a0\u03bf\u03bb\u03b9\u03c4\u03b9\u03c3\u03bc\u03bf\u03cd<\/h2>\t\t\t\t<\/div>\n\t\t\t\t<\/div>\n\t\t\t\t\t<\/div>\n\t\t\t\t<\/div>\n\t\t<div data-particle_enable=\"false\" data-particle-mobile-disabled=\"false\" class=\"elementor-element elementor-element-6c6a9cd e-flex e-con-boxed e-con e-parent\" data-id=\"6c6a9cd\" data-element_type=\"container\">\n\t\t\t\t\t<div class=\"e-con-inner\">\n\t\t\t\t<div class=\"elementor-element elementor-element-547ce61 elementor-widget elementor-widget-text-editor\" data-id=\"547ce61\" data-element_type=\"widget\" data-widget_type=\"text-editor.default\">\n\t\t\t\t\t\t\t\t\t<p>Das\u00a0<strong>Informationszentrum<\/strong>\u00a0Das Informationszentrum des Naturparks Psiloritis befindetsich in Anogia, in einemspeziellgestaltetenBereich der Geb\u00e4ude von \"AKOMM-PSILOREITIS\". Mithilfe von Dioramen und interaktivenAnwendungenwerdenhier die Aktivit\u00e4ten des Parks sowie die nat\u00fcrlichen und kulturellenRessourcen der Region pr\u00e4sentiert \u2013 durchDauerausstellungen und Veranstaltungen.<\/p><p>Die Hauptaufgabe des Zentrums ist es, nicht nur Besucher, sondern auch Sch\u00fcler, Lehrkr\u00e4fte und soziale Gruppen f\u00fcr einen verantwortungsvollen Umgang mit den nat\u00fcrlichen Ressourcen des Psiloritis-Geoparks zu sensibilisieren \u2013 durch speziell entwickelte Besuchs- und F\u00fchrungsprogramme.<\/p><p>Das Zentrum besteht aus zwei Bereichen:<\/p><p><strong>A) EMPFANGS- UND INFORMATIONSBEREICHE<\/strong><br \/>Beinhaltet<\/p><ul><li>Empfangs- und Informationsbereich<\/li><li>Ausstellung \u00fcber den Geopark mit Anschauungsmaterial und Dioramen<\/li><li>H\u00f6hlensimulation<\/li><li>Diorama eines traditionellen kretischen Hauses<\/li><\/ul><p><strong>B) KONFERENZ- UND VORTRAGSRAUM<\/strong><\/p><p>Beinhaltet Vortrags- und Veranstaltungsraum mit audiovisueller Ausstattung, Platz f\u00fcr ca. 40 Personen<\/p><p><em>NFORMATIONSZENTRUM DES GEOPARKS PSILORITIS<\/em><br \/>Anogia, Rethymno 74051 \u2013 Kreta<br \/>Tel.: +30 28340 31402 | Fax: +30 28340 31058<\/p>\t\t\t\t\t\t\t\t<\/div>\n\t\t\t\t\t<\/div>\n\t\t\t\t<\/div>\n\t\t<div data-particle_enable=\"false\" data-particle-mobile-disabled=\"false\" class=\"elementor-element elementor-element-c44aade e-flex e-con-boxed e-con e-parent\" data-id=\"c44aade\" data-element_type=\"container\">\n\t\t\t\t\t<div class=\"e-con-inner\">\n\t\t\t\t<div class=\"elementor-element elementor-element-c2c92dc elementor-widget elementor-widget-gallery\" data-id=\"c2c92dc\" data-element_type=\"widget\" data-settings=\"{&quot;lazyload&quot;:&quot;yes&quot;,&quot;gallery_layout&quot;:&quot;grid&quot;,&quot;columns&quot;:4,&quot;columns_tablet&quot;:2,&quot;columns_mobile&quot;:1,&quot;gap&quot;:{&quot;unit&quot;:&quot;px&quot;,&quot;size&quot;:10,&quot;sizes&quot;:[]},&quot;gap_tablet&quot;:{&quot;unit&quot;:&quot;px&quot;,&quot;size&quot;:10,&quot;sizes&quot;:[]},&quot;gap_mobile&quot;:{&quot;unit&quot;:&quot;px&quot;,&quot;size&quot;:10,&quot;sizes&quot;:[]},&quot;link_to&quot;:&quot;file&quot;,&quot;aspect_ratio&quot;:&quot;3:2&quot;,&quot;overlay_background&quot;:&quot;yes&quot;,&quot;content_hover_animation&quot;:&quot;fade-in&quot;}\" data-widget_type=\"gallery.default\">\n\t\t\t\t\t\t\t<div class=\"elementor-gallery__container\">\n\t\t\t\t\t\t\t<a class=\"e-gallery-item elementor-gallery-item elementor-animated-content\" href=\"https:\/\/psiloritisgeopark.gr\/wp-content\/uploads\/2026\/02\/1000072005-scaled.jpg\" data-elementor-open-lightbox=\"yes\" data-elementor-lightbox-slideshow=\"c2c92dc\" data-elementor-lightbox-title=\"1000072005\" data-e-action-hash=\"#elementor-action%3Aaction%3Dlightbox%26settings%3DeyJpZCI6NDU1MywidXJsIjoiaHR0cHM6XC9cL3BzaWxvcml0aXNnZW9wYXJrLmdyXC93cC1jb250ZW50XC91cGxvYWRzXC8yMDI2XC8wMlwvMTAwMDA3MjAwNS1zY2FsZWQuanBnIiwic2xpZGVzaG93IjoiYzJjOTJkYyJ9\">\n\t\t\t\t\t<div class=\"e-gallery-image elementor-gallery-item__image\" data-thumbnail=\"https:\/\/psiloritisgeopark.gr\/wp-content\/uploads\/2026\/02\/1000072005-300x225.jpg\" data-width=\"300\" data-height=\"225\" aria-label=\"\" role=\"img\" ><\/div>\n\t\t\t\t\t\t\t\t\t\t\t<div class=\"elementor-gallery-item__overlay\"><\/div>\n\t\t\t\t\t\t\t\t\t\t\t\t\t\t<\/a>\n\t\t\t\t\t\t\t<a class=\"e-gallery-item elementor-gallery-item elementor-animated-content\" href=\"https:\/\/psiloritisgeopark.gr\/wp-content\/uploads\/2026\/02\/1000072003-scaled.jpg\" data-elementor-open-lightbox=\"yes\" data-elementor-lightbox-slideshow=\"c2c92dc\" data-elementor-lightbox-title=\"1000072003\" data-e-action-hash=\"#elementor-action%3Aaction%3Dlightbox%26settings%3DeyJpZCI6NDU1MiwidXJsIjoiaHR0cHM6XC9cL3BzaWxvcml0aXNnZW9wYXJrLmdyXC93cC1jb250ZW50XC91cGxvYWRzXC8yMDI2XC8wMlwvMTAwMDA3MjAwMy1zY2FsZWQuanBnIiwic2xpZGVzaG93IjoiYzJjOTJkYyJ9\">\n\t\t\t\t\t<div class=\"e-gallery-image elementor-gallery-item__image\" data-thumbnail=\"https:\/\/psiloritisgeopark.gr\/wp-content\/uploads\/2026\/02\/1000072003-300x225.jpg\" data-width=\"300\" data-height=\"225\" aria-label=\"\" role=\"img\" ><\/div>\n\t\t\t\t\t\t\t\t\t\t\t<div class=\"elementor-gallery-item__overlay\"><\/div>\n\t\t\t\t\t\t\t\t\t\t\t\t\t\t<\/a>\n\t\t\t\t\t\t\t<a class=\"e-gallery-item elementor-gallery-item elementor-animated-content\" href=\"https:\/\/psiloritisgeopark.gr\/wp-content\/uploads\/2026\/02\/1000072011-scaled.jpg\" data-elementor-open-lightbox=\"yes\" data-elementor-lightbox-slideshow=\"c2c92dc\" data-elementor-lightbox-title=\"1000072011\" data-e-action-hash=\"#elementor-action%3Aaction%3Dlightbox%26settings%3DeyJpZCI6NDU1NCwidXJsIjoiaHR0cHM6XC9cL3BzaWxvcml0aXNnZW9wYXJrLmdyXC93cC1jb250ZW50XC91cGxvYWRzXC8yMDI2XC8wMlwvMTAwMDA3MjAxMS1zY2FsZWQuanBnIiwic2xpZGVzaG93IjoiYzJjOTJkYyJ9\">\n\t\t\t\t\t<div class=\"e-gallery-image elementor-gallery-item__image\" data-thumbnail=\"https:\/\/psiloritisgeopark.gr\/wp-content\/uploads\/2026\/02\/1000072011-300x225.jpg\" data-width=\"300\" data-height=\"225\" aria-label=\"\" role=\"img\" ><\/div>\n\t\t\t\t\t\t\t\t\t\t\t<div class=\"elementor-gallery-item__overlay\"><\/div>\n\t\t\t\t\t\t\t\t\t\t\t\t\t\t<\/a>\n\t\t\t\t\t\t\t<a class=\"e-gallery-item elementor-gallery-item elementor-animated-content\" href=\"https:\/\/psiloritisgeopark.gr\/wp-content\/uploads\/2026\/02\/1000072021-scaled.jpg\" data-elementor-open-lightbox=\"yes\" data-elementor-lightbox-slideshow=\"c2c92dc\" data-elementor-lightbox-title=\"1000072021\" data-e-action-hash=\"#elementor-action%3Aaction%3Dlightbox%26settings%3DeyJpZCI6NDU1NSwidXJsIjoiaHR0cHM6XC9cL3BzaWxvcml0aXNnZW9wYXJrLmdyXC93cC1jb250ZW50XC91cGxvYWRzXC8yMDI2XC8wMlwvMTAwMDA3MjAyMS1zY2FsZWQuanBnIiwic2xpZGVzaG93IjoiYzJjOTJkYyJ9\">\n\t\t\t\t\t<div class=\"e-gallery-image elementor-gallery-item__image\" data-thumbnail=\"https:\/\/psiloritisgeopark.gr\/wp-content\/uploads\/2026\/02\/1000072021-300x225.jpg\" data-width=\"300\" data-height=\"225\" aria-label=\"\" role=\"img\" ><\/div>\n\t\t\t\t\t\t\t\t\t\t\t<div class=\"elementor-gallery-item__overlay\"><\/div>\n\t\t\t\t\t\t\t\t\t\t\t\t\t\t<\/a>\n\t\t\t\t\t\t\t<a class=\"e-gallery-item elementor-gallery-item elementor-animated-content\" href=\"https:\/\/psiloritisgeopark.gr\/wp-content\/uploads\/2026\/02\/1000072025-scaled.jpg\" data-elementor-open-lightbox=\"yes\" data-elementor-lightbox-slideshow=\"c2c92dc\" data-elementor-lightbox-title=\"1000072025\" data-e-action-hash=\"#elementor-action%3Aaction%3Dlightbox%26settings%3DeyJpZCI6NDU1NiwidXJsIjoiaHR0cHM6XC9cL3BzaWxvcml0aXNnZW9wYXJrLmdyXC93cC1jb250ZW50XC91cGxvYWRzXC8yMDI2XC8wMlwvMTAwMDA3MjAyNS1zY2FsZWQuanBnIiwic2xpZGVzaG93IjoiYzJjOTJkYyJ9\">\n\t\t\t\t\t<div class=\"e-gallery-image elementor-gallery-item__image\" data-thumbnail=\"https:\/\/psiloritisgeopark.gr\/wp-content\/uploads\/2026\/02\/1000072025-225x300.jpg\" data-width=\"225\" data-height=\"300\" aria-label=\"\" role=\"img\" ><\/div>\n\t\t\t\t\t\t\t\t\t\t\t<div class=\"elementor-gallery-item__overlay\"><\/div>\n\t\t\t\t\t\t\t\t\t\t\t\t\t\t<\/a>\n\t\t\t\t\t\t\t<a class=\"e-gallery-item elementor-gallery-item elementor-animated-content\" href=\"https:\/\/psiloritisgeopark.gr\/wp-content\/uploads\/2026\/02\/IMG_20251119_103929.jpg\" data-elementor-open-lightbox=\"yes\" data-elementor-lightbox-slideshow=\"c2c92dc\" data-elementor-lightbox-title=\"IMG_20251119_103929\" data-e-action-hash=\"#elementor-action%3Aaction%3Dlightbox%26settings%3DeyJpZCI6NDU1NywidXJsIjoiaHR0cHM6XC9cL3BzaWxvcml0aXNnZW9wYXJrLmdyXC93cC1jb250ZW50XC91cGxvYWRzXC8yMDI2XC8wMlwvSU1HXzIwMjUxMTE5XzEwMzkyOS5qcGciLCJzbGlkZXNob3ciOiJjMmM5MmRjIn0%3D\">\n\t\t\t\t\t<div class=\"e-gallery-image elementor-gallery-item__image\" data-thumbnail=\"https:\/\/psiloritisgeopark.gr\/wp-content\/uploads\/2026\/02\/IMG_20251119_103929-225x300.jpg\" data-width=\"225\" data-height=\"300\" aria-label=\"\" role=\"img\" ><\/div>\n\t\t\t\t\t\t\t\t\t\t\t<div class=\"elementor-gallery-item__overlay\"><\/div>\n\t\t\t\t\t\t\t\t\t\t\t\t\t\t<\/a>\n\t\t\t\t\t\t\t<a class=\"e-gallery-item elementor-gallery-item elementor-animated-content\" href=\"https:\/\/psiloritisgeopark.gr\/wp-content\/uploads\/2026\/02\/1000072027-scaled.jpg\" data-elementor-open-lightbox=\"yes\" data-elementor-lightbox-slideshow=\"c2c92dc\" data-elementor-lightbox-title=\"1000072027\" data-e-action-hash=\"#elementor-action%3Aaction%3Dlightbox%26settings%3DeyJpZCI6NDU1OCwidXJsIjoiaHR0cHM6XC9cL3BzaWxvcml0aXNnZW9wYXJrLmdyXC93cC1jb250ZW50XC91cGxvYWRzXC8yMDI2XC8wMlwvMTAwMDA3MjAyNy1zY2FsZWQuanBnIiwic2xpZGVzaG93IjoiYzJjOTJkYyJ9\">\n\t\t\t\t\t<div class=\"e-gallery-image elementor-gallery-item__image\" data-thumbnail=\"https:\/\/psiloritisgeopark.gr\/wp-content\/uploads\/2026\/02\/1000072027-300x225.jpg\" data-width=\"300\" data-height=\"225\" aria-label=\"\" role=\"img\" ><\/div>\n\t\t\t\t\t\t\t\t\t\t\t<div class=\"elementor-gallery-item__overlay\"><\/div>\n\t\t\t\t\t\t\t\t\t\t\t\t\t\t<\/a>\n\t\t\t\t\t<\/div>\n\t\t\t\t\t<\/div>\n\t\t\t\t\t<\/div>\n\t\t\t\t<\/div>\n\t\t\t\t<\/div>","protected":false},"excerpt":{"rendered":"<p>\u039a\u03ad\u03bd\u03c4\u03c1\u03bf \u03a0\u03bb\u03b7\u03c1\u03bf\u03c6\u03cc\u03c1\u03b7\u03c3\u03b7\u03c2 \u03a6\u03c5\u03c3\u03b9\u03ba\u03bf\u03cd \u03a0\u03ac\u03c1\u03ba\u03bf\u03c5 \u03a8\u03b7\u03bb\u03bf\u03c1\u03b5\u03af\u03c4\u03b7: \u0395\u03ba\u03c0\u03b1\u03af\u03b4\u03b5\u03c5\u03c3\u03b7 \u03ba\u03b1\u03b9 \u03a0\u03c1\u03bf\u03b2\u03bf\u03bb\u03ae \u03c4\u03b7\u03c2 \u03a6\u03cd\u03c3\u03b7\u03c2 \u03ba\u03b1\u03b9 \u03a0\u03bf\u03bb\u03b9\u03c4\u03b9\u03c3\u03bc\u03bf\u03cd \u03a4\u03bf\u00a0\u039a\u03ad\u03bd\u03c4\u03c1\u03bf \u03a0\u03bb\u03b7\u03c1\u03bf\u03c6\u03cc\u03c1\u03b7\u03c3\u03b7\u03c2\u00a0\u03c4\u03bf\u03c5 \u03a6\u03c5\u03c3\u03b9\u03ba\u03bf\u03cd \u03a0\u03ac\u03c1\u03ba\u03bf\u03c5 \u03a8\u03b7\u03bb\u03bf\u03c1\u03b5\u03af\u03c4\u03b7 \u03bb\u03b5\u03b9\u03c4\u03bf\u03c5\u03c1\u03b3\u03b5\u03af \u03c3\u03c4\u03b1 \u0391\u03bd\u03ce\u03b3\u03b5\u03b9\u03b1 , \u03c3\u03b5 \u03ba\u03b1\u03c4\u03ac\u03bb\u03bb\u03b7\u03bb\u03b1 \u03b4\u03b9\u03b1\u03bc\u03bf\u03c1\u03c6\u03c9\u03bc\u03ad\u03bd\u03bf \u03c7\u03ce\u03c1\u03bf \u03c3\u03c4\u03b9\u03c2 \u03ba\u03c4\u03b9\u03c1\u03b9\u03b1\u03ba\u03ad\u03c2 \u03b5\u03b3\u03ba\u03b1\u03c4\u03b1\u03c3\u03c4\u03ac\u03c3\u03b5\u03b9\u03c2 \u03c4\u03bf\u03c5 &#8220;\u0391\u039a\u039f\u039c\u039c-\u03a8\u0397\u039b\u039f\u03a1\u0395\u0399\u03a4\u0397\u03a3&#8221; \u03cc\u03c0\u03bf\u03c5 \u03bc\u03b5 \u03b4\u03b9\u03bf\u03c1\u03ac\u03bc\u03b1\u03c4\u03b1 \u03ba\u03b1\u03b9 \u03b5\u03b9\u03b4\u03b9\u03ba\u03ad\u03c2 \u03b5\u03c6\u03b1\u03c1\u03bc\u03bf\u03b3\u03ad\u03c2 \u03b3\u03af\u03bd\u03b5\u03c4\u03b1\u03b9 \u03b7 \u03b1\u03bd\u03ac\u03b4\u03b5\u03b9\u03be\u03b7 \u2013 \u03c0\u03c1\u03bf\u03b2\u03bf\u03bb\u03ae \u03ba\u03b1\u03b9 \u03c0\u03bb\u03b7\u03c1\u03bf\u03c6\u03cc\u03c1\u03b7\u03c3\u03b7 \u03c4\u03c9\u03bd \u03b4\u03c1\u03b1\u03c3\u03c4\u03b7\u03c1\u03b9\u03bf\u03c4\u03ae\u03c4\u03c9\u03bd \u03c4\u03bf\u03c5 \u03ba\u03b1\u03b9 \u03b5\u03bd \u03b3\u03ad\u03bd\u03b5\u03b9 \u03b7 \u03c0\u03c1\u03bf\u03b2\u03bf\u03bb\u03ae \u03c4\u03c9\u03bd \u03c6\u03c5\u03c3\u03b9\u03ba\u03ce\u03bd \u03ba\u03b1\u03b9 \u03c0\u03bf\u03bb\u03b9\u03c4\u03b9\u03c3\u03c4\u03b9\u03ba\u03ce\u03bd [&hellip;]<\/p>","protected":false},"author":1,"featured_media":0,"parent":0,"menu_order":0,"comment_status":"closed","ping_status":"closed","template":"","meta":{"footnotes":""},"class_list":["post-2180","page","type-page","status-publish","hentry"],"_links":{"self":[{"href":"https:\/\/psiloritisgeopark.gr\/de\/wp-json\/wp\/v2\/pages\/2180","targetHints":{"allow":["GET"]}}],"collection":[{"href":"https:\/\/psiloritisgeopark.gr\/de\/wp-json\/wp\/v2\/pages"}],"about":[{"href":"https:\/\/psiloritisgeopark.gr\/de\/wp-json\/wp\/v2\/types\/page"}],"author":[{"embeddable":true,"href":"https:\/\/psiloritisgeopark.gr\/de\/wp-json\/wp\/v2\/users\/1"}],"replies":[{"embeddable":true,"href":"https:\/\/psiloritisgeopark.gr\/de\/wp-json\/wp\/v2\/comments?post=2180"}],"version-history":[{"count":9,"href":"https:\/\/psiloritisgeopark.gr\/de\/wp-json\/wp\/v2\/pages\/2180\/revisions"}],"predecessor-version":[{"id":4816,"href":"https:\/\/psiloritisgeopark.gr\/de\/wp-json\/wp\/v2\/pages\/2180\/revisions\/4816"}],"wp:attachment":[{"href":"https:\/\/psiloritisgeopark.gr\/de\/wp-json\/wp\/v2\/media?parent=2180"}],"curies":[{"name":"wp","href":"https:\/\/api.w.org\/{rel}","templated":true}]}}