{"id":2319,"date":"2025-09-17T13:01:54","date_gmt":"2025-09-17T13:01:54","guid":{"rendered":"https:\/\/nextdigital-demos.info\/gewparko\/?page_id=2319"},"modified":"2025-09-17T13:03:13","modified_gmt":"2025-09-17T13:03:13","slug":"%ce%b5%cf%84%ce%b1%ce%af%cf%81%ce%bf%ce%b9","status":"publish","type":"page","link":"https:\/\/psiloritisgeopark.gr\/de\/%ce%b5%cf%84%ce%b1%ce%af%cf%81%ce%bf%ce%b9\/","title":{"rendered":"Partner"},"content":{"rendered":"<div data-elementor-type=\"wp-page\" data-elementor-id=\"2319\" class=\"elementor elementor-2319\" data-elementor-post-type=\"page\">\n\t\t\t\t<div data-particle_enable=\"false\" data-particle-mobile-disabled=\"false\" class=\"elementor-element elementor-element-3b69919 e-flex e-con-boxed e-con e-parent\" data-id=\"3b69919\" data-element_type=\"container\" data-settings=\"{&quot;background_background&quot;:&quot;classic&quot;}\">\n\t\t\t\t\t<div class=\"e-con-inner\">\n\t\t\t\t<div class=\"elementor-element elementor-element-3fd18d3 elementor-widget elementor-widget-heading\" data-id=\"3fd18d3\" data-element_type=\"widget\" data-widget_type=\"heading.default\">\n\t\t\t\t\t<h2 class=\"elementor-heading-title elementor-size-default\">Partner<\/h2>\t\t\t\t<\/div>\n\t\t\t\t\t<\/div>\n\t\t\t\t<\/div>\n\t\t<div data-particle_enable=\"false\" data-particle-mobile-disabled=\"false\" class=\"elementor-element elementor-element-5bbb2ae e-flex e-con-boxed e-con e-parent\" data-id=\"5bbb2ae\" data-element_type=\"container\" data-settings=\"{&quot;background_background&quot;:&quot;classic&quot;}\">\n\t\t\t\t\t<div class=\"e-con-inner\">\n\t\t<div data-particle_enable=\"false\" data-particle-mobile-disabled=\"false\" class=\"elementor-element elementor-element-793257f e-con-full e-flex e-con e-child\" data-id=\"793257f\" data-element_type=\"container\">\n\t\t\t\t<div class=\"elementor-element elementor-element-ceafcfa elementor-widget elementor-widget-heading\" data-id=\"ceafcfa\" data-element_type=\"widget\" data-widget_type=\"heading.default\">\n\t\t\t\t\t<h2 class=\"elementor-heading-title elementor-size-default\">Partnerorganisationen: Unterst\u00fctzung und Beteiligung an der Verwaltung des Geoparks<\/h2>\t\t\t\t<\/div>\n\t\t\t\t<\/div>\n\t\t\t\t\t<\/div>\n\t\t\t\t<\/div>\n\t\t<div data-particle_enable=\"false\" data-particle-mobile-disabled=\"false\" class=\"elementor-element elementor-element-6c6a9cd e-flex e-con-boxed e-con e-parent\" data-id=\"6c6a9cd\" data-element_type=\"container\">\n\t\t\t\t\t<div class=\"e-con-inner\">\n\t\t\t\t<div class=\"elementor-element elementor-element-547ce61 elementor-widget elementor-widget-text-editor\" data-id=\"547ce61\" data-element_type=\"widget\" data-widget_type=\"text-editor.default\">\n\t\t\t\t\t\t\t\t\t<p>Die Partner sind Einrichtungen, die keine lokale Pr\u00e4senz haben m\u00fcssen. Sie arbeiten mit dem Geopark bei der Planung von Aktivit\u00e4ten zusammen und sind in Bereichen t\u00e4tig, die die gesamte Region oder einen gro\u00dfen Teil davon betreffen (z.\u202fB. Bildung, kulturelle Veranstaltungen usw.). De facto gelten alle Einrichtungen, die im Managementausschuss mitwirken, als Partner. Die Zusammenarbeit wird in einer Partnerschaftsvereinbarung festgehalten. (Es sind keine spezifischen Kriterien erforderlich, wie sie etwa f\u00fcr das Lokale Qualit\u00e4tssiegel gelten.)<\/p><ol><li><a href=\"https:\/\/mae.uoc.gr\/el\/\" target=\"_blank\" rel=\"noopener\">Museum von Eleutherna\u00a0<\/a><\/li><li><a href=\"https:\/\/sfentoni-cave.com\/\">H\u00f6hle von Zoniana\u00a0<\/a>\u00a0<\/li><li><a href=\"https:\/\/www.melidoni.gr\/cave-ca4p\">H\u00f6hle von Melidoni<\/a><\/li><li><a href=\"https:\/\/kpe-anog.reth.sch.gr\/\" target=\"_blank\" rel=\"noopener\">Umweltbildungszentrum Anogia<\/a>\u00a0<\/li><li><a href=\"http:\/\/www.nhmc.uoc.gr\/en\" target=\"_blank\" rel=\"noopener\">Naturkundemuseum von Kreta<\/a>\u00a0<\/li><\/ol>\t\t\t\t\t\t\t\t<\/div>\n\t\t\t\t\t<\/div>\n\t\t\t\t<\/div>\n\t\t\t\t<\/div>","protected":false},"excerpt":{"rendered":"<p>\u03a6\u03bf\u03c1\u03b5\u03af\u03c2-\u0395\u03c4\u03b1\u03af\u03c1\u03bf\u03b9: \u03a5\u03c0\u03bf\u03c3\u03c4\u03ae\u03c1\u03b9\u03be\u03b7 \u03ba\u03b1\u03b9 \u03a3\u03c5\u03bc\u03bc\u03b5\u03c4\u03bf\u03c7\u03ae \u03c3\u03c4\u03b7 \u0394\u03b9\u03b1\u03c7\u03b5\u03af\u03c1\u03b9\u03c3\u03b7 \u03c4\u03bf\u03c5 \u0393\u03b5\u03c9\u03c0\u03ac\u03c1\u03ba\u03bf\u03c5 \u039f\u03b9 \u03b5\u03c4\u03b1\u03af\u03c1\u03bf\u03b9 \u03b5\u03af\u03bd\u03b1\u03b9 \u03c6\u03bf\u03c1\u03b5\u03af\u03c2 \u03c0\u03bf\u03c5 \u03b4\u03b5\u03bd \u03c7\u03c1\u03b5\u03b9\u03ac\u03b6\u03b5\u03c4\u03b1\u03b9 \u03bd\u03b1 \u03ad\u03c7\u03bf\u03c5\u03bd \u03c4\u03bf\u03c0\u03b9\u03ba\u03ae \u03c0\u03b1\u03c1\u03bf\u03c5\u03c3\u03af\u03b1. \u03a3\u03c5\u03bd\u03b5\u03c1\u03b3\u03ac\u03b6\u03bf\u03bd\u03c4\u03b1\u03b9 \u03bc\u03b5 \u03c4\u03bf \u0393\u03b5\u03c9\u03c0\u03ac\u03c1\u03ba\u03bf \u03c3\u03b5 \u03b4\u03c1\u03b1\u03c3\u03c4\u03b7\u03c1\u03b9\u03cc\u03c4\u03b7\u03c4\u03b5\u03c2 \u03c3\u03c7\u03b5\u03b4\u03b9\u03b1\u03c3\u03bc\u03bf\u03cd \u03ba\u03b1\u03b9 \u03b4\u03c1\u03b1\u03c3\u03c4\u03b7\u03c1\u03b9\u03bf\u03c0\u03bf\u03b9\u03bf\u03cd\u03bd\u03c4\u03b1\u03b9 \u03c3\u03b5 \u03b8\u03ad\u03bc\u03b1\u03c4\u03b1 \u03c0\u03bf\u03c5 \u03b1\u03c6\u03bf\u03c1\u03bf\u03cd\u03bd \u03c4\u03bf \u03c3\u03cd\u03bd\u03bf\u03bb\u03bf \u03ae \u03bc\u03b5\u03b3\u03ac\u03bb\u03bf \u03bc\u03ad\u03c1\u03bf\u03c2 \u03c4\u03b7\u03c2 \u03c0\u03b5\u03c1\u03b9\u03bf\u03c7\u03ae\u03c2 (\u03c0.\u03c7. \u03b5\u03ba\u03c0\u03b1\u03af\u03b4\u03b5\u03c5\u03c3\u03b7, \u03c0\u03bf\u03bb\u03b9\u03c4\u03b9\u03c3\u03c4\u03b9\u03ba\u03ad\u03c2 \u03b5\u03ba\u03b4\u03b7\u03bb\u03ce\u03c3\u03b5\u03b9\u03c2 \u03ba\u03bb\u03c0.). \u0395\u03c4\u03b1\u03af\u03c1\u03bf\u03b9 \u03b5\u03af\u03bd\u03b1\u03b9 De Facto \u03cc\u03bb\u03bf\u03b9 \u03bf\u03b9 \u03c6\u03bf\u03c1\u03b5\u03af\u03c2 \u03c0\u03bf\u03c5 \u03c3\u03c5\u03bc\u03bc\u03b5\u03c4\u03ad\u03c7\u03bf\u03c5\u03bd \u03c3\u03c4\u03b7\u03bd \u03b5\u03c0\u03b9\u03c4\u03c1\u03bf\u03c0\u03ae [&hellip;]<\/p>","protected":false},"author":1,"featured_media":0,"parent":0,"menu_order":0,"comment_status":"closed","ping_status":"closed","template":"","meta":{"footnotes":""},"class_list":["post-2319","page","type-page","status-publish","hentry"],"_links":{"self":[{"href":"https:\/\/psiloritisgeopark.gr\/de\/wp-json\/wp\/v2\/pages\/2319","targetHints":{"allow":["GET"]}}],"collection":[{"href":"https:\/\/psiloritisgeopark.gr\/de\/wp-json\/wp\/v2\/pages"}],"about":[{"href":"https:\/\/psiloritisgeopark.gr\/de\/wp-json\/wp\/v2\/types\/page"}],"author":[{"embeddable":true,"href":"https:\/\/psiloritisgeopark.gr\/de\/wp-json\/wp\/v2\/users\/1"}],"replies":[{"embeddable":true,"href":"https:\/\/psiloritisgeopark.gr\/de\/wp-json\/wp\/v2\/comments?post=2319"}],"version-history":[{"count":4,"href":"https:\/\/psiloritisgeopark.gr\/de\/wp-json\/wp\/v2\/pages\/2319\/revisions"}],"predecessor-version":[{"id":2323,"href":"https:\/\/psiloritisgeopark.gr\/de\/wp-json\/wp\/v2\/pages\/2319\/revisions\/2323"}],"wp:attachment":[{"href":"https:\/\/psiloritisgeopark.gr\/de\/wp-json\/wp\/v2\/media?parent=2319"}],"curies":[{"name":"wp","href":"https:\/\/api.w.org\/{rel}","templated":true}]}}