{"id":2335,"date":"2025-09-17T13:07:33","date_gmt":"2025-09-17T13:07:33","guid":{"rendered":"https:\/\/nextdigital-demos.info\/gewparko\/?page_id=2335"},"modified":"2025-09-17T13:08:15","modified_gmt":"2025-09-17T13:08:15","slug":"%ce%bd%ce%ad%ce%bf%ce%b9-%ce%b1%cf%86%ce%b7%ce%b3%ce%b7%ce%bc%ce%b1%cf%84%ce%b9%ce%ba%ce%bf%ce%af-%cf%87%ce%ac%cf%81%cf%84%ce%b5%cf%82","status":"publish","type":"page","link":"https:\/\/psiloritisgeopark.gr\/de\/%ce%bd%ce%ad%ce%bf%ce%b9-%ce%b1%cf%86%ce%b7%ce%b3%ce%b7%ce%bc%ce%b1%cf%84%ce%b9%ce%ba%ce%bf%ce%af-%cf%87%ce%ac%cf%81%cf%84%ce%b5%cf%82\/","title":{"rendered":"Neue narrative Karten"},"content":{"rendered":"<div data-elementor-type=\"wp-page\" data-elementor-id=\"2335\" class=\"elementor elementor-2335\" data-elementor-post-type=\"page\">\n\t\t\t\t<div data-particle_enable=\"false\" data-particle-mobile-disabled=\"false\" class=\"elementor-element elementor-element-3b69919 e-flex e-con-boxed e-con e-parent\" data-id=\"3b69919\" data-element_type=\"container\" data-settings=\"{&quot;background_background&quot;:&quot;classic&quot;}\">\n\t\t\t\t\t<div class=\"e-con-inner\">\n\t\t\t\t<div class=\"elementor-element elementor-element-3fd18d3 elementor-widget elementor-widget-heading\" data-id=\"3fd18d3\" data-element_type=\"widget\" data-widget_type=\"heading.default\">\n\t\t\t\t\t<h2 class=\"elementor-heading-title elementor-size-default\">Neue narrative Karten<\/h2>\t\t\t\t<\/div>\n\t\t\t\t\t<\/div>\n\t\t\t\t<\/div>\n\t\t<div data-particle_enable=\"false\" data-particle-mobile-disabled=\"false\" class=\"elementor-element elementor-element-6c6a9cd e-flex e-con-boxed e-con e-parent\" data-id=\"6c6a9cd\" data-element_type=\"container\">\n\t\t\t\t\t<div class=\"e-con-inner\">\n\t\t\t\t<div class=\"elementor-element elementor-element-547ce61 elementor-widget elementor-widget-text-editor\" data-id=\"547ce61\" data-element_type=\"widget\" data-widget_type=\"text-editor.default\">\n\t\t\t\t\t\t\t\t\t<div><a href=\"https:\/\/storymaps.nhmc.uoc.gr\/\" target=\"_blank\" rel=\"noopener\">Neue narrative Kartenzu den Kirchen von Amari, dem Nida-Plateau und den Partnerunternehmen:<\/a>:<\/div><div>\u00a0 ImRahmen des\u00a0<a href=\"https:\/\/www.ruritage.eu\/\">RURITAGE<\/a>\u00a0Seiten entwickelt, die durchinteraktiveKarten, digitalePanoramen und Bilderf\u00fchren: zumreligi\u00f6senErbe von Amari mitseinenKl\u00f6stern und Kirchen; zum Nida-Plateau mitseinemreichenNatur-, Geschichts- und Kulturerbe; sowiezu den Partnerunternehmen und Unterst\u00fctzern des Geoparks.<\/div><div>\u00a0<\/div><div>Entwurf, Digitalisierung, Produktion: ManolisNikolakakis<\/div><div>WissenschaftlicheBetreuung: Charalampos Fasoulas<\/div><div><img fetchpriority=\"high\" decoding=\"async\" class=\"alignnone wp-image-2337 size-full\" src=\"https:\/\/psiloritisgeopark.gr\/wp-content\/uploads\/2025\/09\/ruritage-sfondo-trasparente__1_.png\" alt=\"\" width=\"450\" height=\"118\" srcset=\"https:\/\/psiloritisgeopark.gr\/wp-content\/uploads\/2025\/09\/ruritage-sfondo-trasparente__1_.png 450w, https:\/\/psiloritisgeopark.gr\/wp-content\/uploads\/2025\/09\/ruritage-sfondo-trasparente__1_-300x79.png 300w\" sizes=\"(max-width: 450px) 100vw, 450px\" \/><\/div><div>\u00a0<\/div>\t\t\t\t\t\t\t\t<\/div>\n\t\t\t\t\t<\/div>\n\t\t\t\t<\/div>\n\t\t\t\t<\/div>","protected":false},"excerpt":{"rendered":"<p>\u039d\u03ad\u03bf\u03b9 \u0391\u03c6\u03b7\u03b3\u03b7\u03bc\u03b1\u03c4\u03b9\u03ba\u03bf\u03af \u03a7\u03ac\u03c1\u03c4\u03b5\u03c2 \u03b3\u03b9\u03b1 \u0395\u03ba\u03ba\u03bb\u03b7\u03c3\u03af\u03b5\u03c2 \u0391\u03bc\u03b1\u03c1\u03af\u03bf\u03c5, \u039f\u03c1\u03bf\u03c0\u03ad\u03b4\u03b9\u03bf \u039d\u03af\u03b4\u03b1\u03c2 \u03ba\u03b1\u03b9 \u03c3\u03c5\u03bd\u03b5\u03c1\u03b3\u03b1\u03b6\u03cc\u03bc\u03b5\u03bd\u03b5\u03c2 \u03b5\u03c0\u03b9\u03c7\u03b5\u03b9\u03c1\u03ae\u03c3\u03b5\u03b9\u03c2:\u00a0 \u039c\u03ad\u03c3\u03b1 \u03b1\u03c0\u03bf \u03c4\u03bf \u03ad\u03c1\u03b3\u03bf\u00a0RURITAGE\u00a0\u03b4\u03b7\u03bc\u03b9\u03bf\u03c5\u03c1\u03b3\u03ae\u03b8\u03b7\u03ba\u03b1\u03bd \u03c4\u03c1\u03b5\u03b9\u03c2 \u03b5\u03c0\u03b9\u03bc\u03ad\u03c1\u03bf\u03c5\u03c2 \u03c3\u03b5\u03bb\u03af\u03b4\u03b5\u03c2 \u03c0\u03bf\u03c5 \u03bc\u03b1\u03c2 \u03be\u03b5\u03bd\u03b1\u03b3\u03bf\u03cd\u03bd \u03bc\u03ad\u03c3\u03b1 \u03b1\u03c0\u03cc \u03b4\u03b9\u03b1\u03b4\u03c1\u03b1\u03c3\u03c4\u03b9\u03ba\u03bf\u03cd\u03c2 \u03c7\u03ac\u03c1\u03c4\u03b5\u03c2, \u03c8\u03b7\u03c6\u03b9\u03b1\u03ba\u03ac \u03c0\u03b1\u03bd\u03bf\u03c1\u03ac\u03bc\u03b1\u03c4\u03b1 \u03ba\u03b1\u03b9 \u03b5\u03b9\u03ba\u03bf\u03bd\u03b5\u03c2 \u03c3\u03c4\u03bf \u03b8\u03c1\u03b7\u03c3\u03ba\u03b5\u03c5\u03c4\u03b9\u03ba\u03bf \u03c0\u03bb\u03bf\u03cd\u03c4\u03bf \u03c4\u03bf\u03c5 \u0391\u03bc\u03b1\u03c1\u03af\u03bf\u03c5 \u03bc\u03ad\u03c3\u03b1 \u03b1\u03c0\u03bf \u03c4\u03b1 \u03bc\u03bf\u03bd\u03b1\u03c3\u03c4\u03ae\u03c1\u03b9\u03b1 \u03ba\u03b1\u03b9 \u03c4\u03b9\u03c2 \u03b5\u03ba\u03ba\u03bb\u03b7\u03c3\u03af\u03b5\u03c2 \u03c4\u03bf\u03c5, \u03c3\u03c4\u03bf \u03bf\u03c1\u03bf\u03c0\u03ad\u03b4\u03b9\u03bf \u03c4\u03b7\u03c2 \u039d\u03af\u03b4\u03b1\u03c2 \u03bc\u03b5 \u03c4\u03b7\u03bd \u03c0\u03bb\u03bf\u03cd\u03c3\u03b9\u03b1 \u03c6\u03c5\u03c3\u03b9\u03ba\u03ae, \u03b9\u03c3\u03c4\u03bf\u03c1\u03b9\u03ba\u03ae \u03ba\u03b1\u03b9 \u03c0\u03bf\u03bb\u03b9\u03c4\u03b9\u03c3\u03bc\u03b9\u03ba\u03ae \u03c4\u03bf\u03c5 \u03ba\u03bb\u03b7\u03c1\u03bf\u03bd\u03bf\u03bc\u03b9\u03b1 [&hellip;]<\/p>","protected":false},"author":1,"featured_media":0,"parent":0,"menu_order":0,"comment_status":"closed","ping_status":"closed","template":"","meta":{"footnotes":""},"class_list":["post-2335","page","type-page","status-publish","hentry"],"_links":{"self":[{"href":"https:\/\/psiloritisgeopark.gr\/de\/wp-json\/wp\/v2\/pages\/2335","targetHints":{"allow":["GET"]}}],"collection":[{"href":"https:\/\/psiloritisgeopark.gr\/de\/wp-json\/wp\/v2\/pages"}],"about":[{"href":"https:\/\/psiloritisgeopark.gr\/de\/wp-json\/wp\/v2\/types\/page"}],"author":[{"embeddable":true,"href":"https:\/\/psiloritisgeopark.gr\/de\/wp-json\/wp\/v2\/users\/1"}],"replies":[{"embeddable":true,"href":"https:\/\/psiloritisgeopark.gr\/de\/wp-json\/wp\/v2\/comments?post=2335"}],"version-history":[{"count":4,"href":"https:\/\/psiloritisgeopark.gr\/de\/wp-json\/wp\/v2\/pages\/2335\/revisions"}],"predecessor-version":[{"id":2340,"href":"https:\/\/psiloritisgeopark.gr\/de\/wp-json\/wp\/v2\/pages\/2335\/revisions\/2340"}],"wp:attachment":[{"href":"https:\/\/psiloritisgeopark.gr\/de\/wp-json\/wp\/v2\/media?parent=2335"}],"curies":[{"name":"wp","href":"https:\/\/api.w.org\/{rel}","templated":true}]}}