{"id":2341,"date":"2025-09-17T13:09:01","date_gmt":"2025-09-17T13:09:01","guid":{"rendered":"https:\/\/nextdigital-demos.info\/gewparko\/?page_id=2341"},"modified":"2025-09-17T13:10:28","modified_gmt":"2025-09-17T13:10:28","slug":"%ce%bd%ce%ad%ce%b1-%ce%b5%ce%b9%ce%ba%ce%bf%ce%bd%ce%b9%ce%ba%ce%ae-%cf%80%ce%b5%cf%81%ce%b9%ce%ae%ce%b3%ce%b7%cf%83%ce%b7-%ce%ba%ce%b1%ce%b9-%ce%b5%cf%81%ce%bc%ce%b7%ce%bd%ce%b5%ce%af%ce%b1-%ce%b3","status":"publish","type":"page","link":"https:\/\/psiloritisgeopark.gr\/de\/%ce%bd%ce%ad%ce%b1-%ce%b5%ce%b9%ce%ba%ce%bf%ce%bd%ce%b9%ce%ba%ce%ae-%cf%80%ce%b5%cf%81%ce%b9%ce%ae%ce%b3%ce%b7%cf%83%ce%b7-%ce%ba%ce%b1%ce%b9-%ce%b5%cf%81%ce%bc%ce%b7%ce%bd%ce%b5%ce%af%ce%b1-%ce%b3\/","title":{"rendered":"Neuer virtueller Rundgang und Interpretation des Geotops von Nida"},"content":{"rendered":"<div data-elementor-type=\"wp-page\" data-elementor-id=\"2341\" class=\"elementor elementor-2341\" data-elementor-post-type=\"page\">\n\t\t\t\t<div data-particle_enable=\"false\" data-particle-mobile-disabled=\"false\" class=\"elementor-element elementor-element-3b69919 e-flex e-con-boxed e-con e-parent\" data-id=\"3b69919\" data-element_type=\"container\" data-settings=\"{&quot;background_background&quot;:&quot;classic&quot;}\">\n\t\t\t\t\t<div class=\"e-con-inner\">\n\t\t\t\t<div class=\"elementor-element elementor-element-3fd18d3 elementor-widget elementor-widget-heading\" data-id=\"3fd18d3\" data-element_type=\"widget\" data-widget_type=\"heading.default\">\n\t\t\t\t\t<h2 class=\"elementor-heading-title elementor-size-default\">Neuer virtueller Rundgang und Interpretation des Geotops von Nida<\/h2>\t\t\t\t<\/div>\n\t\t\t\t\t<\/div>\n\t\t\t\t<\/div>\n\t\t<div data-particle_enable=\"false\" data-particle-mobile-disabled=\"false\" class=\"elementor-element elementor-element-5bbb2ae e-flex e-con-boxed e-con e-parent\" data-id=\"5bbb2ae\" data-element_type=\"container\" data-settings=\"{&quot;background_background&quot;:&quot;classic&quot;}\">\n\t\t\t\t\t<div class=\"e-con-inner\">\n\t\t<div data-particle_enable=\"false\" data-particle-mobile-disabled=\"false\" class=\"elementor-element elementor-element-793257f e-con-full e-flex e-con e-child\" data-id=\"793257f\" data-element_type=\"container\">\n\t\t\t\t<div class=\"elementor-element elementor-element-ceafcfa elementor-widget elementor-widget-heading\" data-id=\"ceafcfa\" data-element_type=\"widget\" data-widget_type=\"heading.default\">\n\t\t\t\t\t<h2 class=\"elementor-heading-title elementor-size-default\">Geotop von Nida: Erkundung mit Ton, Bild und virtueller Realit\u00e4t<\/h2>\t\t\t\t<\/div>\n\t\t\t\t<\/div>\n\t\t\t\t\t<\/div>\n\t\t\t\t<\/div>\n\t\t<div data-particle_enable=\"false\" data-particle-mobile-disabled=\"false\" class=\"elementor-element elementor-element-6c6a9cd e-flex e-con-boxed e-con e-parent\" data-id=\"6c6a9cd\" data-element_type=\"container\">\n\t\t\t\t\t<div class=\"e-con-inner\">\n\t\t\t\t<div class=\"elementor-element elementor-element-547ce61 elementor-widget elementor-widget-text-editor\" data-id=\"547ce61\" data-element_type=\"widget\" data-widget_type=\"text-editor.default\">\n\t\t\t\t\t\t\t\t\t<p><a href=\"https:\/\/tours.nhmc.uoc.gr\/geoparks\/nida\/\">Neue virtuelle Tour und Interpretation des Geotops von Nida<\/a><\/p><div>\u00a0 Genie\u00dfen Sie eine virtuelle Tour durch das Geotop von Nida, die im Rahmen des Projekts\u00a0<a href=\"https:\/\/www.ruritage.eu\/\">RURITAGE<\/a>entwickelt wurde. Erkunden Sie 19 hochaufl\u00f6sende Panoramen der Ideon-H\u00f6hle, der nat\u00fcrlichen und historischen Merkmale des Nida-Plateaus sowie der s\u00fcdlichen Gipfel und Schluchten des Psiloritis. Sehen und h\u00f6ren Sie die Ger\u00e4usche des Berges und die Aktivit\u00e4ten seiner Menschen, wie das Melken und Scheren von Herden, und erfahren Sie mehr \u00fcber die geologischen Besonderheiten der Region.<\/div><div>\u00a0 Wenn Sie \u00fcber ein Virtual-Reality-Ger\u00e4t (VR) verf\u00fcgen, k\u00f6nnen Sie die 3D-Tour und alle ihre Anwendungen in vollem Umfang genie\u00dfen. Wenn Sie ein modernes Mobiltelefon verwenden, k\u00f6nnen Sie durch Antippen der drei Punkte w\u00e4hrend der Tour den VR-Modus aktivieren.<\/div><div><div>\u00a0<\/div><div>Entwurf, Digitalisierung, Produktion: ManolisNikolakakis<\/div><div>WissenschaftlicheBetreuung: Charalampos Fasoulas<\/div><div><img fetchpriority=\"high\" decoding=\"async\" class=\"alignnone wp-image-2337 size-full\" src=\"https:\/\/psiloritisgeopark.gr\/wp-content\/uploads\/2025\/09\/ruritage-sfondo-trasparente__1_.png\" alt=\"\" width=\"450\" height=\"118\" srcset=\"https:\/\/psiloritisgeopark.gr\/wp-content\/uploads\/2025\/09\/ruritage-sfondo-trasparente__1_.png 450w, https:\/\/psiloritisgeopark.gr\/wp-content\/uploads\/2025\/09\/ruritage-sfondo-trasparente__1_-300x79.png 300w\" sizes=\"(max-width: 450px) 100vw, 450px\" \/><\/div><\/div>\t\t\t\t\t\t\t\t<\/div>\n\t\t\t\t\t<\/div>\n\t\t\t\t<\/div>\n\t\t\t\t<\/div>","protected":false},"excerpt":{"rendered":"<p>\u0393\u03b5\u03ce\u03c4\u03bf\u03c0\u03bf\u03c2 \u039d\u03af\u03b4\u03b1\u03c2: \u0395\u03be\u03b5\u03c1\u03b5\u03cd\u03bd\u03b7\u03c3\u03b7 \u03bc\u03b5 \u0389\u03c7\u03bf, \u0395\u03b9\u03ba\u03cc\u03bd\u03b1 \u03ba\u03b1\u03b9 \u0395\u03b9\u03ba\u03bf\u03bd\u03b9\u03ba\u03ae \u03a0\u03c1\u03b1\u03b3\u03bc\u03b1\u03c4\u03b9\u03ba\u03cc\u03c4\u03b7\u03c4\u03b1 \u039d\u03ad\u03b1 \u0395\u03b9\u03ba\u03bf\u03bd\u03b9\u03ba\u03ae \u03a0\u03b5\u03c1\u03b9\u03ae\u03b3\u03b7\u03c3\u03b7 \u03ba\u03b1\u03b9 \u03b5\u03c1\u03bc\u03b7\u03bd\u03b5\u03af\u03b1 \u0393\u03b5\u03ce\u03c4\u03bf\u03c0\u03bf\u03c5 \u039d\u03af\u03b4\u03b1\u03c2: \u00a0 \u0391\u03c0\u03bf\u03bb\u03b1\u03cd\u03c3\u03c4\u03b5 \u03bc\u03b9\u03b1 \u03b5\u03b9\u03ba\u03bf\u03bd\u03b9\u03ba\u03ae \u03c0\u03b5\u03c1\u03b9\u03ae\u03b3\u03b7\u03c3\u03b7 \u03c3\u03c4\u03bf \u03b3\u03b5\u03ce\u03c4\u03bf\u03c0\u03bf \u03c4\u03b7\u03c2 \u039d\u03af\u03b4\u03b1\u03c2 \u03c0\u03bf\u03c5 \u03c0\u03b1\u03c1\u03ac\u03c7\u03b8\u03b7\u03ba\u03b5 \u03bc\u03ad\u03c3\u03b1 \u03b1\u03c0\u03bf \u03c4\u03bf \u03ad\u03c1\u03b3\u03bf\u00a0RURITAGE. \u039e\u03b5\u03bd\u03b1\u03b3\u03b7\u03b8\u03b5\u03af\u03c4\u03b5 \u03bc\u03ad\u03c3\u03b1 \u03b1\u03c0\u03bf 19 \u03c5\u03c8\u03b7\u03bb\u03ae\u03c2 \u03b1\u03bd\u03ac\u03bb\u03c5\u03c3\u03b7\u03c2 \u03c0\u03b1\u03bd\u03bf\u03c1\u03ac\u03bc\u03b1\u03c4\u03b1 \u03c3\u03c4\u03bf \u0399\u03b4\u03b1\u03af\u03bf \u0386\u03bd\u03c4\u03c1\u03bf, \u03c4\u03b1 \u03c6\u03c5\u03c3\u03b9\u03ba\u03ac \u03ba\u03b1\u03b9 \u03b9\u03c3\u03c4\u03bf\u03c1\u03b9\u03ba\u03ac \u03c3\u03c4\u03bf\u03b9\u03c7\u03b5\u03af\u03b1 \u03c4\u03bf\u03c5 \u03bf\u03c1\u03bf\u03c0\u03b5\u03b4\u03af\u03bf\u03c5 \u03c4\u03b7\u03c2 \u039d\u03af\u03b4\u03b1\u03c2, \u03c3\u03c4\u03b9\u03c2 \u03bd\u03cc\u03c4\u03b9\u03b5\u03c2 \u03ba\u03bf\u03c1\u03c5\u03c6\u03ad\u03c2 \u03ba\u03b1\u03b9 \u03c4\u03b1 [&hellip;]<\/p>","protected":false},"author":1,"featured_media":0,"parent":0,"menu_order":0,"comment_status":"closed","ping_status":"closed","template":"","meta":{"footnotes":""},"class_list":["post-2341","page","type-page","status-publish","hentry"],"_links":{"self":[{"href":"https:\/\/psiloritisgeopark.gr\/de\/wp-json\/wp\/v2\/pages\/2341","targetHints":{"allow":["GET"]}}],"collection":[{"href":"https:\/\/psiloritisgeopark.gr\/de\/wp-json\/wp\/v2\/pages"}],"about":[{"href":"https:\/\/psiloritisgeopark.gr\/de\/wp-json\/wp\/v2\/types\/page"}],"author":[{"embeddable":true,"href":"https:\/\/psiloritisgeopark.gr\/de\/wp-json\/wp\/v2\/users\/1"}],"replies":[{"embeddable":true,"href":"https:\/\/psiloritisgeopark.gr\/de\/wp-json\/wp\/v2\/comments?post=2341"}],"version-history":[{"count":4,"href":"https:\/\/psiloritisgeopark.gr\/de\/wp-json\/wp\/v2\/pages\/2341\/revisions"}],"predecessor-version":[{"id":2345,"href":"https:\/\/psiloritisgeopark.gr\/de\/wp-json\/wp\/v2\/pages\/2341\/revisions\/2345"}],"wp:attachment":[{"href":"https:\/\/psiloritisgeopark.gr\/de\/wp-json\/wp\/v2\/media?parent=2341"}],"curies":[{"name":"wp","href":"https:\/\/api.w.org\/{rel}","templated":true}]}}