{"id":2346,"date":"2025-09-17T13:11:42","date_gmt":"2025-09-17T13:11:42","guid":{"rendered":"https:\/\/nextdigital-demos.info\/gewparko\/?page_id=2346"},"modified":"2025-09-17T13:12:23","modified_gmt":"2025-09-17T13:12:23","slug":"%ce%b5%ce%b9%ce%ba%ce%bf%ce%bd%ce%b9%ce%ba%ce%ae-%cf%80%ce%b5%cf%81%ce%b9%ce%ae%ce%b3%ce%b7%cf%83%ce%b7-%cf%83%cf%84%ce%b9%cf%82-%ce%ba%ce%bf%cf%81%cf%85%cf%86%ce%ad%cf%82-%cf%84%ce%bf%cf%85-%cf%88","status":"publish","type":"page","link":"https:\/\/psiloritisgeopark.gr\/de\/%ce%b5%ce%b9%ce%ba%ce%bf%ce%bd%ce%b9%ce%ba%ce%ae-%cf%80%ce%b5%cf%81%ce%b9%ce%ae%ce%b3%ce%b7%cf%83%ce%b7-%cf%83%cf%84%ce%b9%cf%82-%ce%ba%ce%bf%cf%81%cf%85%cf%86%ce%ad%cf%82-%cf%84%ce%bf%cf%85-%cf%88\/","title":{"rendered":"Virtueller Rundgang auf den Gipfeln des Psiloritis"},"content":{"rendered":"<div data-elementor-type=\"wp-page\" data-elementor-id=\"2346\" class=\"elementor elementor-2346\" data-elementor-post-type=\"page\">\n\t\t\t\t<div data-particle_enable=\"false\" data-particle-mobile-disabled=\"false\" class=\"elementor-element elementor-element-3b69919 e-flex e-con-boxed e-con e-parent\" data-id=\"3b69919\" data-element_type=\"container\" data-settings=\"{&quot;background_background&quot;:&quot;classic&quot;}\">\n\t\t\t\t\t<div class=\"e-con-inner\">\n\t\t\t\t<div class=\"elementor-element elementor-element-3fd18d3 elementor-widget elementor-widget-heading\" data-id=\"3fd18d3\" data-element_type=\"widget\" data-widget_type=\"heading.default\">\n\t\t\t\t\t<h2 class=\"elementor-heading-title elementor-size-default\">Virtueller Rundgang auf den Gipfeln des Psiloritis<\/h2>\t\t\t\t<\/div>\n\t\t\t\t\t<\/div>\n\t\t\t\t<\/div>\n\t\t<div data-particle_enable=\"false\" data-particle-mobile-disabled=\"false\" class=\"elementor-element elementor-element-5bbb2ae e-flex e-con-boxed e-con e-parent\" data-id=\"5bbb2ae\" data-element_type=\"container\" data-settings=\"{&quot;background_background&quot;:&quot;classic&quot;}\">\n\t\t\t\t\t<div class=\"e-con-inner\">\n\t\t<div data-particle_enable=\"false\" data-particle-mobile-disabled=\"false\" class=\"elementor-element elementor-element-793257f e-con-full e-flex e-con e-child\" data-id=\"793257f\" data-element_type=\"container\">\n\t\t\t\t<div class=\"elementor-element elementor-element-ceafcfa elementor-widget elementor-widget-heading\" data-id=\"ceafcfa\" data-element_type=\"widget\" data-widget_type=\"heading.default\">\n\t\t\t\t\t<h2 class=\"elementor-heading-title elementor-size-default\">Erleben Sie den Gipfel des Psiloritis aus n\u00e4chster N\u00e4he \u2013 virtuell<\/h2>\t\t\t\t<\/div>\n\t\t\t\t<\/div>\n\t\t\t\t\t<\/div>\n\t\t\t\t<\/div>\n\t\t<div data-particle_enable=\"false\" data-particle-mobile-disabled=\"false\" class=\"elementor-element elementor-element-6c6a9cd e-flex e-con-boxed e-con e-parent\" data-id=\"6c6a9cd\" data-element_type=\"container\">\n\t\t\t\t\t<div class=\"e-con-inner\">\n\t\t\t\t<div class=\"elementor-element elementor-element-547ce61 elementor-widget elementor-widget-text-editor\" data-id=\"547ce61\" data-element_type=\"widget\" data-widget_type=\"text-editor.default\">\n\t\t\t\t\t\t\t\t\t<div class=\"row\"><div class=\"col-md-12\"><div id=\"pagecontent\">Begeben Sie sich zum Mitato des Heiligen Kreuzes und genie\u00dfen Sie den Panoramablick vom Gipfel des Psiloritis!<br \/>Um einen digitalen Rundgang \u00fcber die h\u00f6chsten Gipfel des Psiloritis zu machen, klicken Sie\u00a0<a href=\"https:\/\/tours.panotours.gr\/psiloritis\/\" target=\"_blank\" rel=\"noopener\">hier.<\/a>.\u00a0<br \/><br \/><div>Wenn Sie \u00fcber ein Virtual-Reality-Ger\u00e4t (VR) verf\u00fcgen, k\u00f6nnen Sie die 3D-Tour und alle ihre Anwendungen in vollem Umfang genie\u00dfen. Wenn Sie ein modernes Mobiltelefon verwenden, k\u00f6nnen Sie durch Antippen der drei Punkte w\u00e4hrend der Tour den VR-Modus aktivieren.<\/div><div><div>\u00a0<\/div><div>Entwurf, Digitalisierung, Produktion: ManolisNikolakakis<\/div><\/div><\/div><\/div><\/div><div class=\"row\">\u00a0<\/div>\t\t\t\t\t\t\t\t<\/div>\n\t\t\t\t\t<\/div>\n\t\t\t\t<\/div>\n\t\t\t\t<\/div>","protected":false},"excerpt":{"rendered":"<p>\u0396\u03ae\u03c3\u03c4\u03b5 \u03c4\u03b7\u03bd \u039a\u03bf\u03c1\u03c5\u03c6\u03ae \u03c4\u03bf\u03c5 \u03a8\u03b7\u03bb\u03bf\u03c1\u03b5\u03af\u03c4\u03b7 \u03b1\u03c0\u03cc \u039a\u03bf\u03bd\u03c4\u03ac \u2013 \u0395\u03b9\u03ba\u03bf\u03bd\u03b9\u03ba\u03ac \u0392\u03c1\u03b5\u03b8\u03b5\u03af\u03c4\u03b5 \u03c3\u03c4\u03bf \u03bc\u03b9\u03c4\u03ac\u03c4\u03bf \u03c4\u03bf\u03c5 \u03a4\u03af\u03bc\u03b9\u03bf\u03c5 \u03a3\u03c4\u03b1\u03c5\u03c1\u03bf\u03cd \u03ba\u03b9 \u03b1\u03c0\u03bf\u03bb\u03b1\u03cd\u03c3\u03c4\u03b5 \u03c4\u03b7\u03bd \u03c0\u03b1\u03bd\u03bf\u03c1\u03b1\u03bc\u03b9\u03ba\u03ae \u03b8\u03ad\u03b1 \u03b1\u03c0\u03cc \u03c4\u03b7\u03bd \u03ba\u03bf\u03c1\u03c5\u03c6\u03ae \u03c4\u03bf\u03c5 \u03a8\u03b7\u03bb\u03bf\u03c1\u03b5\u03af\u03c4\u03b7!\u0393\u03b9\u03b1 \u03bd\u03b1 \u03c0\u03b5\u03c1\u03b9\u03b7\u03b3\u03b7\u03b8\u03b5\u03af\u03c4\u03b5 \u03c8\u03b7\u03c6\u03b9\u03b1\u03ba\u03ac \u03c3\u03c4\u03b9\u03c2 \u03c8\u03b7\u03bb\u03cc\u03c4\u03b5\u03c1\u03b5\u03c2 \u03ba\u03bf\u03c1\u03c5\u03c6\u03ad\u03c2 \u03c4\u03bf\u03c5 \u03a8\u03b7\u03bb\u03bf\u03c1\u03b5\u03af\u03c4\u03b7, \u03c0\u03b1\u03c4\u03ae\u03c3\u03c4\u03b5\u00a0\u03b5\u03b4\u03ce.\u00a0 \u0395\u03ac\u03bd \u03ad\u03c7\u03b5\u03c4\u03b5 \u03c3\u03c5\u03c3\u03ba\u03b5\u03c5\u03ae \u0395\u03b9\u03ba\u03bf\u03bd\u03b9\u03ba\u03ae\u03c2 \u03a0\u03c1\u03b1\u03b3\u03bc\u03b1\u03c4\u03b9\u03ba\u03cc\u03c4\u03b7\u03c4\u03b1\u03c2 (Virtual Reality) \u03c4\u03cc\u03c4\u03b5 \u03bc\u03c0\u03bf\u03c1\u03b5\u03af \u03bd\u03b1 \u03b1\u03c0\u03bf\u03bb\u03b1\u03cd\u03c3\u03b5\u03c4\u03b5 \u03c4\u03b7\u03bd 3D\u00a0 \u03c0\u03b5\u03c1\u03b9\u03ae\u03b3\u03b7\u03c3\u03b7 \u03ba\u03b1\u03b9 \u03cc\u03bb\u03b5\u03c2 \u03c4\u03b9\u03c2 \u03b5\u03c6\u03b1\u03c1\u03bc\u03bf\u03b3\u03ad\u03c2 \u03c4\u03b7\u03c2. \u0395\u03ac\u03bd \u03ad\u03c7\u03b5\u03c4\u03b5 [&hellip;]<\/p>","protected":false},"author":1,"featured_media":0,"parent":0,"menu_order":0,"comment_status":"closed","ping_status":"closed","template":"","meta":{"footnotes":""},"class_list":["post-2346","page","type-page","status-publish","hentry"],"_links":{"self":[{"href":"https:\/\/psiloritisgeopark.gr\/de\/wp-json\/wp\/v2\/pages\/2346","targetHints":{"allow":["GET"]}}],"collection":[{"href":"https:\/\/psiloritisgeopark.gr\/de\/wp-json\/wp\/v2\/pages"}],"about":[{"href":"https:\/\/psiloritisgeopark.gr\/de\/wp-json\/wp\/v2\/types\/page"}],"author":[{"embeddable":true,"href":"https:\/\/psiloritisgeopark.gr\/de\/wp-json\/wp\/v2\/users\/1"}],"replies":[{"embeddable":true,"href":"https:\/\/psiloritisgeopark.gr\/de\/wp-json\/wp\/v2\/comments?post=2346"}],"version-history":[{"count":4,"href":"https:\/\/psiloritisgeopark.gr\/de\/wp-json\/wp\/v2\/pages\/2346\/revisions"}],"predecessor-version":[{"id":2350,"href":"https:\/\/psiloritisgeopark.gr\/de\/wp-json\/wp\/v2\/pages\/2346\/revisions\/2350"}],"wp:attachment":[{"href":"https:\/\/psiloritisgeopark.gr\/de\/wp-json\/wp\/v2\/media?parent=2346"}],"curies":[{"name":"wp","href":"https:\/\/api.w.org\/{rel}","templated":true}]}}