{"id":2364,"date":"2025-09-17T13:23:23","date_gmt":"2025-09-17T13:23:23","guid":{"rendered":"https:\/\/nextdigital-demos.info\/gewparko\/?page_id=2364"},"modified":"2025-09-17T13:24:08","modified_gmt":"2025-09-17T13:24:08","slug":"%ce%b4%ce%b9%ce%b1%cf%84%cf%81%ce%bf%cf%86%ce%ae","status":"publish","type":"page","link":"https:\/\/psiloritisgeopark.gr\/de\/%ce%b4%ce%b9%ce%b1%cf%84%cf%81%ce%bf%cf%86%ce%ae\/","title":{"rendered":"Verpflegung"},"content":{"rendered":"<div data-elementor-type=\"wp-page\" data-elementor-id=\"2364\" class=\"elementor elementor-2364\" data-elementor-post-type=\"page\">\n\t\t\t\t<div data-particle_enable=\"false\" data-particle-mobile-disabled=\"false\" class=\"elementor-element elementor-element-3b69919 e-flex e-con-boxed e-con e-parent\" data-id=\"3b69919\" data-element_type=\"container\" data-settings=\"{&quot;background_background&quot;:&quot;classic&quot;}\">\n\t\t\t\t\t<div class=\"e-con-inner\">\n\t\t\t\t<div class=\"elementor-element elementor-element-3fd18d3 elementor-widget elementor-widget-heading\" data-id=\"3fd18d3\" data-element_type=\"widget\" data-widget_type=\"heading.default\">\n\t\t\t\t\t<h2 class=\"elementor-heading-title elementor-size-default\">Verpflegung<\/h2>\t\t\t\t<\/div>\n\t\t\t\t\t<\/div>\n\t\t\t\t<\/div>\n\t\t<div data-particle_enable=\"false\" data-particle-mobile-disabled=\"false\" class=\"elementor-element elementor-element-5bbb2ae e-flex e-con-boxed e-con e-parent\" data-id=\"5bbb2ae\" data-element_type=\"container\" data-settings=\"{&quot;background_background&quot;:&quot;classic&quot;}\">\n\t\t\t\t\t<div class=\"e-con-inner\">\n\t\t<div data-particle_enable=\"false\" data-particle-mobile-disabled=\"false\" class=\"elementor-element elementor-element-793257f e-con-full e-flex e-con e-child\" data-id=\"793257f\" data-element_type=\"container\">\n\t\t\t\t<div class=\"elementor-element elementor-element-ceafcfa elementor-widget elementor-widget-heading\" data-id=\"ceafcfa\" data-element_type=\"widget\" data-widget_type=\"heading.default\">\n\t\t\t\t\t<h2 class=\"elementor-heading-title elementor-size-default\">Geschm\u00e4cker von Psiloritis: Traditionelle K\u00fcche und lokale Spezialit\u00e4ten<\/h2>\t\t\t\t<\/div>\n\t\t\t\t<\/div>\n\t\t\t\t\t<\/div>\n\t\t\t\t<\/div>\n\t\t<div data-particle_enable=\"false\" data-particle-mobile-disabled=\"false\" class=\"elementor-element elementor-element-6c6a9cd e-flex e-con-boxed e-con e-parent\" data-id=\"6c6a9cd\" data-element_type=\"container\">\n\t\t\t\t\t<div class=\"e-con-inner\">\n\t\t\t\t<div class=\"elementor-element elementor-element-547ce61 elementor-widget elementor-widget-text-editor\" data-id=\"547ce61\" data-element_type=\"widget\" data-widget_type=\"text-editor.default\">\n\t\t\t\t\t\t\t\t\t<p>In den Tavernen der Region finden Sie Gerichte der traditionellen\u00a0<a href=\"https:\/\/www.psiloritisgeopark.gr\/el\/i-perioxi\/kritiki-diatrofi\/\">kretischen K\u00fcche<\/a>Je nach Ort gibt es einige Unterschiede. In Anogia (aber auch in anderen Viehzuchtd\u00f6rfern) empfehlen wir Ihnen, keine Meeresfr\u00fcchte zu bestellen! Stattdessen k\u00f6nnen Sie \u201eAntikristo\u201c genie\u00dfen, ein auf besondere Weise gebratenes Fleischgericht. Fisch finden Sie in Zaros, da dort Forellen gez\u00fcchtet werden.<br \/>\u00dcberall k\u00f6nnen Sie Salate mit frischem Gem\u00fcse der Saison, Wildkr\u00e4uter, lokale traditionelle S\u00fc\u00dfspeisen, Obst sowie reichlich gutes Wein und Tsikoudia genie\u00dfen!<br \/><br \/>\u0392\u03c1\u03b5\u03af\u03c4\u03b5\u00a0<a href=\"https:\/\/storymaps.nhmc.uoc.gr\/affiliated-businesses\/local-cuisine\/\" target=\"_blank\" rel=\"noopener\">hier.<\/a>\u00a0Hier finden Sie eine Liste mit Partnerrestaurants und Tavernen, in denen Sie essen gehen k\u00f6nnen!<\/p>\t\t\t\t\t\t\t\t<\/div>\n\t\t\t\t\t<\/div>\n\t\t\t\t<\/div>\n\t\t\t\t<\/div>","protected":false},"excerpt":{"rendered":"<p>\u0393\u03b5\u03cd\u03c3\u03b5\u03b9\u03c2 \u03a8\u03b7\u03bb\u03bf\u03c1\u03b5\u03af\u03c4\u03b7: \u03a0\u03b1\u03c1\u03b1\u03b4\u03bf\u03c3\u03b9\u03b1\u03ba\u03ae \u039a\u03bf\u03c5\u03b6\u03af\u03bd\u03b1 \u03ba\u03b1\u03b9 \u03a4\u03bf\u03c0\u03b9\u03ba\u03ad\u03c2 \u03a3\u03c0\u03b5\u03c3\u03b9\u03b1\u03bb\u03b9\u03c4\u03ad \u03a3\u03c4\u03b9\u03c2 \u03c4\u03b1\u03b2\u03ad\u03c1\u03bd\u03b5\u03c2 \u03c4\u03b7\u03c2 \u03c0\u03b5\u03c1\u03b9\u03bf\u03c7\u03ae\u03c2 \u03b8\u03b1 \u03b2\u03c1\u03b5\u03af\u03c4\u03b5 \u03b5\u03b4\u03ad\u03c3\u03bc\u03b1\u03c4\u03b1 \u03c4\u03b7\u03c2 \u03c0\u03b1\u03c1\u03b1\u03b4\u03bf\u03c3\u03b9\u03b1\u03ba\u03ae\u03c2 \u03ba\u03c1\u03b7\u03c4\u03b9\u03ba\u03ae\u03c2\u00a0\u03ba\u03bf\u03c5\u03b6\u03af\u03bd\u03b1\u03c2-\u03b4\u03b9\u03b1\u03c4\u03c1\u03bf\u03c6\u03ae\u03c2. \u0391\u03bd\u03ac\u03bb\u03bf\u03b3\u03b1 \u03bc\u03b5 \u03c4\u03bf\u03bd \u03bf\u03b9\u03ba\u03b9\u03c3\u03bc\u03cc \u03b8\u03b1 \u03c5\u03c0\u03ac\u03c1\u03c7\u03bf\u03c5\u03bd \u03ba\u03b1\u03b9 \u03ba\u03ac\u03c0\u03bf\u03b9\u03b5\u03c2 \u03b4\u03b9\u03b1\u03c6\u03bf\u03c1\u03bf\u03c0\u03bf\u03b9\u03ae\u03c3\u03b5\u03b9\u03c2. \u03a3\u03c4&#8217; \u0391\u03bd\u03ce\u03b3\u03b5\u03b9\u03b1 (\u03b1\u03bb\u03bb\u03ac \u03ba\u03b1\u03b9 \u03c3\u03b5 \u03ac\u03bb\u03bb\u03b1 \u03ba\u03c4\u03b7\u03bd\u03bf\u03c4\u03c1\u03bf\u03c6\u03b9\u03ba\u03ac \u03c7\u03c9\u03c1\u03b9\u03ac) \u03b4\u03b5\u03bd \u03c3\u03b1\u03c2 \u03c3\u03c5\u03bd\u03b9\u03c3\u03c4\u03bf\u03cd\u03bc\u03b5 \u03bd\u03b1 \u03b6\u03b7\u03c4\u03ae\u03c3\u03b5\u03c4\u03b5 \u03b8\u03b1\u03bb\u03b1\u03c3\u03c3\u03b9\u03bd\u03ac !! \u0391\u03bd\u03c4\u03af\u03b8\u03b5\u03c4\u03b1, \u03bc\u03c0\u03bf\u03c1\u03b5\u03af\u03c4\u03b5 \u03bd\u03b1 \u03b1\u03c0\u03bf\u03bb\u03b1\u03cd\u03c3\u03b5\u03c4\u03b5 \u03c4\u03bf &#8220;\u03b1\u03bd\u03c4\u03b9\u03ba\u03c1\u03c5\u03c3\u03c4\u03cc&#8221; \u03c0\u03bf\u03c5 \u03b5\u03af\u03bd\u03b1\u03b9 \u03ba\u03c1\u03ad\u03b1\u03c2 \u03c8\u03b7\u03bc\u03ad\u03bd\u03bf \u03bc\u03b5 \u03b9\u03b4\u03b1\u03af\u03c4\u03b5\u03c1\u03bf \u03c4\u03c1\u03cc\u03c0\u03bf. \u03a8\u03ac\u03c1\u03b9 [&hellip;]<\/p>","protected":false},"author":1,"featured_media":0,"parent":0,"menu_order":0,"comment_status":"closed","ping_status":"closed","template":"","meta":{"footnotes":""},"class_list":["post-2364","page","type-page","status-publish","hentry"],"_links":{"self":[{"href":"https:\/\/psiloritisgeopark.gr\/de\/wp-json\/wp\/v2\/pages\/2364","targetHints":{"allow":["GET"]}}],"collection":[{"href":"https:\/\/psiloritisgeopark.gr\/de\/wp-json\/wp\/v2\/pages"}],"about":[{"href":"https:\/\/psiloritisgeopark.gr\/de\/wp-json\/wp\/v2\/types\/page"}],"author":[{"embeddable":true,"href":"https:\/\/psiloritisgeopark.gr\/de\/wp-json\/wp\/v2\/users\/1"}],"replies":[{"embeddable":true,"href":"https:\/\/psiloritisgeopark.gr\/de\/wp-json\/wp\/v2\/comments?post=2364"}],"version-history":[{"count":4,"href":"https:\/\/psiloritisgeopark.gr\/de\/wp-json\/wp\/v2\/pages\/2364\/revisions"}],"predecessor-version":[{"id":2368,"href":"https:\/\/psiloritisgeopark.gr\/de\/wp-json\/wp\/v2\/pages\/2364\/revisions\/2368"}],"wp:attachment":[{"href":"https:\/\/psiloritisgeopark.gr\/de\/wp-json\/wp\/v2\/media?parent=2364"}],"curies":[{"name":"wp","href":"https:\/\/api.w.org\/{rel}","templated":true}]}}