{"id":2369,"date":"2025-09-17T13:24:59","date_gmt":"2025-09-17T13:24:59","guid":{"rendered":"https:\/\/nextdigital-demos.info\/gewparko\/?page_id=2369"},"modified":"2025-09-17T13:25:44","modified_gmt":"2025-09-17T13:25:44","slug":"%ce%b5%ce%bd%ce%b1%ce%bb%ce%bb%ce%b1%ce%ba%cf%84%ce%b9%ce%ba%cf%8c%cf%82-%cf%84%ce%bf%cf%85%cf%81%ce%b9%cf%83%ce%bc%cf%8c%cf%82","status":"publish","type":"page","link":"https:\/\/psiloritisgeopark.gr\/de\/%ce%b5%ce%bd%ce%b1%ce%bb%ce%bb%ce%b1%ce%ba%cf%84%ce%b9%ce%ba%cf%8c%cf%82-%cf%84%ce%bf%cf%85%cf%81%ce%b9%cf%83%ce%bc%cf%8c%cf%82\/","title":{"rendered":"Alternativer Tourismus"},"content":{"rendered":"<div data-elementor-type=\"wp-page\" data-elementor-id=\"2369\" class=\"elementor elementor-2369\" data-elementor-post-type=\"page\">\n\t\t\t\t<div data-particle_enable=\"false\" data-particle-mobile-disabled=\"false\" class=\"elementor-element elementor-element-3b69919 e-flex e-con-boxed e-con e-parent\" data-id=\"3b69919\" data-element_type=\"container\" data-settings=\"{&quot;background_background&quot;:&quot;classic&quot;}\">\n\t\t\t\t\t<div class=\"e-con-inner\">\n\t\t\t\t<div class=\"elementor-element elementor-element-3fd18d3 elementor-widget elementor-widget-heading\" data-id=\"3fd18d3\" data-element_type=\"widget\" data-widget_type=\"heading.default\">\n\t\t\t\t\t<h2 class=\"elementor-heading-title elementor-size-default\">Alternativer Tourismus<\/h2>\t\t\t\t<\/div>\n\t\t\t\t\t<\/div>\n\t\t\t\t<\/div>\n\t\t<div data-particle_enable=\"false\" data-particle-mobile-disabled=\"false\" class=\"elementor-element elementor-element-5bbb2ae e-flex e-con-boxed e-con e-parent\" data-id=\"5bbb2ae\" data-element_type=\"container\" data-settings=\"{&quot;background_background&quot;:&quot;classic&quot;}\">\n\t\t\t\t\t<div class=\"e-con-inner\">\n\t\t<div data-particle_enable=\"false\" data-particle-mobile-disabled=\"false\" class=\"elementor-element elementor-element-793257f e-con-full e-flex e-con e-child\" data-id=\"793257f\" data-element_type=\"container\">\n\t\t\t\t<div class=\"elementor-element elementor-element-ceafcfa elementor-widget elementor-widget-heading\" data-id=\"ceafcfa\" data-element_type=\"widget\" data-widget_type=\"heading.default\">\n\t\t\t\t\t<h2 class=\"elementor-heading-title elementor-size-default\">Touren und Aktivit\u00e4tenim Psiloritis \u2013 Unsere Partner ansehen<\/h2>\t\t\t\t<\/div>\n\t\t\t\t<\/div>\n\t\t\t\t\t<\/div>\n\t\t\t\t<\/div>\n\t\t<div data-particle_enable=\"false\" data-particle-mobile-disabled=\"false\" class=\"elementor-element elementor-element-6c6a9cd e-flex e-con-boxed e-con e-parent\" data-id=\"6c6a9cd\" data-element_type=\"container\">\n\t\t\t\t\t<div class=\"e-con-inner\">\n\t\t\t\t<div class=\"elementor-element elementor-element-547ce61 elementor-widget elementor-widget-text-editor\" data-id=\"547ce61\" data-element_type=\"widget\" data-widget_type=\"text-editor.default\">\n\t\t\t\t\t\t\t\t\t<p><a href=\"https:\/\/storymaps.nhmc.uoc.gr\/affiliated-businesses\/ecotourism\/\" target=\"_blank\" rel=\"noopener\">Hier<\/a>\u00a0finden Sie unsere Reiseb\u00fcros und Partner, die im Bereich des alternativen Tourismus t\u00e4tig sind und eine Vielzahl von Pauschalangeboten und Aktivit\u00e4ten rund um den Psiloritis anbieten.<\/p>\t\t\t\t\t\t\t\t<\/div>\n\t\t\t\t\t<\/div>\n\t\t\t\t<\/div>\n\t\t\t\t<\/div>","protected":false},"excerpt":{"rendered":"<p>\u03a4\u03b1\u03be\u03af\u03b4\u03b9\u03b1 \u03ba\u03b1\u03b9 \u0394\u03c1\u03b1\u03c3\u03c4\u03b7\u03c1\u03b9\u03cc\u03c4\u03b7\u03c4\u03b5\u03c2 \u03c3\u03c4\u03bf\u03bd \u03a8\u03b7\u03bb\u03bf\u03c1\u03b5\u03af\u03c4\u03b7 \u2013 \u0394\u03b5\u03af\u03c4\u03b5 \u03c4\u03bf\u03c5\u03c2 \u03a3\u03c5\u03bd\u03b5\u03c1\u03b3\u03ac\u03c4\u03b5\u03c2 \u03bc\u03b1\u03c2 \u0395\u03b4\u03ce\u00a0\u03bc\u03c0\u03bf\u03c1\u03b5\u03af\u03c4\u03b5 \u03bd\u03b1 \u03b1\u03bd\u03b1\u03ba\u03b1\u03bb\u03cd\u03c8\u03b5\u03c4\u03b5 \u03c4\u03b1 \u03c0\u03c1\u03b1\u03ba\u03c4\u03bf\u03c1\u03b5\u03af\u03b1 \u03c4\u03b1\u03be\u03b9\u03b4\u03af\u03c9\u03bd \u03ba\u03b1\u03b9 \u03c4\u03bf\u03c5\u03c2 \u03c3\u03c5\u03bd\u03b5\u03c1\u03b3\u03ac\u03c4\u03b5\u03c2 \u03bc\u03b1\u03c2, \u03c0\u03bf\u03c5 \u03b4\u03c1\u03b1\u03c3\u03c4\u03b7\u03c1\u03b9\u03bf\u03c0\u03bf\u03b9\u03bf\u03cd\u03bd\u03c4\u03b1\u03b9 \u03c3\u03c4\u03bf\u03bd \u03b5\u03bd\u03b1\u03bb\u03bb\u03b1\u03ba\u03c4\u03b9\u03ba\u03cc \u03c4\u03bf\u03c5\u03c1\u03b9\u03c3\u03bc\u03cc \u03ba\u03b1\u03b9 \u03b4\u03b9\u03b1\u03b8\u03ad\u03c4\u03bf\u03c5\u03bd \u03c3\u03b7\u03bc\u03b1\u03bd\u03c4\u03b9\u03ba\u03cc \u03b1\u03c1\u03b9\u03b8\u03bc\u03cc \u03c4\u03bf\u03c5\u03c1\u03b9\u03c3\u03c4\u03b9\u03ba\u03ce\u03bd \u03c0\u03b1\u03ba\u03ad\u03c4\u03c9\u03bd \u03ba\u03b1\u03b9 \u03b4\u03c1\u03b1\u03c3\u03c4\u03b7\u03c1\u03b9\u03bf\u03c4\u03ae\u03c4\u03c9\u03bd \u03c0\u03bf\u03c5 \u03b1\u03c6\u03bf\u03c1\u03bf\u03cd\u03bd \u03c4\u03bf\u03bd \u03a8\u03b7\u03bb\u03bf\u03c1\u03b5\u03af\u03c4\u03b7.<\/p>","protected":false},"author":1,"featured_media":0,"parent":0,"menu_order":0,"comment_status":"closed","ping_status":"closed","template":"","meta":{"footnotes":""},"class_list":["post-2369","page","type-page","status-publish","hentry"],"_links":{"self":[{"href":"https:\/\/psiloritisgeopark.gr\/de\/wp-json\/wp\/v2\/pages\/2369","targetHints":{"allow":["GET"]}}],"collection":[{"href":"https:\/\/psiloritisgeopark.gr\/de\/wp-json\/wp\/v2\/pages"}],"about":[{"href":"https:\/\/psiloritisgeopark.gr\/de\/wp-json\/wp\/v2\/types\/page"}],"author":[{"embeddable":true,"href":"https:\/\/psiloritisgeopark.gr\/de\/wp-json\/wp\/v2\/users\/1"}],"replies":[{"embeddable":true,"href":"https:\/\/psiloritisgeopark.gr\/de\/wp-json\/wp\/v2\/comments?post=2369"}],"version-history":[{"count":4,"href":"https:\/\/psiloritisgeopark.gr\/de\/wp-json\/wp\/v2\/pages\/2369\/revisions"}],"predecessor-version":[{"id":2373,"href":"https:\/\/psiloritisgeopark.gr\/de\/wp-json\/wp\/v2\/pages\/2369\/revisions\/2373"}],"wp:attachment":[{"href":"https:\/\/psiloritisgeopark.gr\/de\/wp-json\/wp\/v2\/media?parent=2369"}],"curies":[{"name":"wp","href":"https:\/\/api.w.org\/{rel}","templated":true}]}}