{"id":2408,"date":"2025-09-17T13:35:00","date_gmt":"2025-09-17T13:35:00","guid":{"rendered":"https:\/\/nextdigital-demos.info\/gewparko\/?page_id=2408"},"modified":"2025-09-17T13:39:48","modified_gmt":"2025-09-17T13:39:48","slug":"%cf%85%cf%80%ce%b5%cf%8d%ce%b8%cf%85%ce%bd%ce%bf%cf%82-%cf%80%ce%b5%cf%81%ce%b9%ce%b7%ce%b3%ce%b7%cf%84%ce%ae%cf%82","status":"publish","type":"page","link":"https:\/\/psiloritisgeopark.gr\/de\/%cf%85%cf%80%ce%b5%cf%8d%ce%b8%cf%85%ce%bd%ce%bf%cf%82-%cf%80%ce%b5%cf%81%ce%b9%ce%b7%ce%b3%ce%b7%cf%84%ce%ae%cf%82\/","title":{"rendered":"Verantwortungsbewusster Reisender"},"content":{"rendered":"<div data-elementor-type=\"wp-page\" data-elementor-id=\"2408\" class=\"elementor elementor-2408\" data-elementor-post-type=\"page\">\n\t\t\t\t<div data-particle_enable=\"false\" data-particle-mobile-disabled=\"false\" class=\"elementor-element elementor-element-3b69919 e-flex e-con-boxed e-con e-parent\" data-id=\"3b69919\" data-element_type=\"container\" data-settings=\"{&quot;background_background&quot;:&quot;classic&quot;}\">\n\t\t\t\t\t<div class=\"e-con-inner\">\n\t\t\t\t<div class=\"elementor-element elementor-element-3fd18d3 elementor-widget elementor-widget-heading\" data-id=\"3fd18d3\" data-element_type=\"widget\" data-widget_type=\"heading.default\">\n\t\t\t\t\t<h2 class=\"elementor-heading-title elementor-size-default\">Verantwortungsbewusster Reisender<\/h2>\t\t\t\t<\/div>\n\t\t\t\t\t<\/div>\n\t\t\t\t<\/div>\n\t\t<div data-particle_enable=\"false\" data-particle-mobile-disabled=\"false\" class=\"elementor-element elementor-element-5bbb2ae e-flex e-con-boxed e-con e-parent\" data-id=\"5bbb2ae\" data-element_type=\"container\" data-settings=\"{&quot;background_background&quot;:&quot;classic&quot;}\">\n\t\t\t\t\t<div class=\"e-con-inner\">\n\t\t<div data-particle_enable=\"false\" data-particle-mobile-disabled=\"false\" class=\"elementor-element elementor-element-793257f e-con-full e-flex e-con e-child\" data-id=\"793257f\" data-element_type=\"container\">\n\t\t\t\t<div class=\"elementor-element elementor-element-ceafcfa elementor-widget elementor-widget-heading\" data-id=\"ceafcfa\" data-element_type=\"widget\" data-widget_type=\"heading.default\">\n\t\t\t\t\t<h2 class=\"elementor-heading-title elementor-size-default\">Respekt vor der Natur und den H\u00f6hlen des Psiloritis \u2013 Verhaltenskodex<\/h2>\t\t\t\t<\/div>\n\t\t\t\t<\/div>\n\t\t\t\t\t<\/div>\n\t\t\t\t<\/div>\n\t\t<div data-particle_enable=\"false\" data-particle-mobile-disabled=\"false\" class=\"elementor-element elementor-element-6c6a9cd e-flex e-con-boxed e-con e-parent\" data-id=\"6c6a9cd\" data-element_type=\"container\">\n\t\t\t\t\t<div class=\"e-con-inner\">\n\t\t\t\t<div class=\"elementor-element elementor-element-547ce61 elementor-widget elementor-widget-text-editor\" data-id=\"547ce61\" data-element_type=\"widget\" data-widget_type=\"text-editor.default\">\n\t\t\t\t\t\t\t\t\t<ul><li>Ich lasse alles um mich herum so, wie ich es vorgefunden habe!<\/li><li>Ich achte darauf, Wildtiere und Pflanzen nicht zu st\u00f6ren!<\/li><li>Insbesondere entwurzele ich keine Pflanzen!<\/li><li>Ich nehme keine Steine, Felsbrocken, Mineralien oder andere Materialien aus den \u00d6kosystemen mit!<\/li><li>Ich zerst\u00f6re keine Fossilien oder die Dekoration der H\u00f6hlen!<\/li><li>Ich nehme meinen gesamten M\u00fcll mit!<\/li><li>Ich vermeide es, im Gebirge Feuer zu machen!<\/li><li>Ich informiere mich \u00fcber m\u00f6gliche extreme Wetterbedingungen!<\/li><\/ul><div class=\"x11i5rnm xat24cr x1mh8g0r x1vvkbs xtlvy1s x126k92a\"><div dir=\"auto\"><strong>H\u00d6HLEN:<\/strong>H\u00f6hlen sind besondere geologische Formationen, die im Laufe der Zeit durch die Wechselwirkung von Karbonatgestein und Wasser entstanden sind. Abgesehen von ihrer Sch\u00f6nheit sind H\u00f6hlen jedoch auch besonders empfindliche \u00d6kosysteme, da sie eine ganze Welt gr\u00f6\u00dferer (Flederm\u00e4use) und winziger Lebewesen (Spinnen, Tausendf\u00fc\u00dfler, Pseudoskorpione usw.)<span class=\"html-span xexx8yu x4uap5 x18d9i69 xkhd6sd x1hl2dhg x16tdsg8 x1vvkbs x3nfvp2 x1j61x8r x1fcty0u xdj266r xat24cr xgzva0m xhhsvwb xxymvpz xlup9mm x1kky2od\">beherbergt, von denen viele perfekt an die besondere Umgebung ihrer H\u00f6hle angepasst sind und nirgendwo sonst zu finden sind! Viele H\u00f6hlen\/Abgr\u00fcnde unseres Geoparks haben arch\u00e4ologischen\/kulturellen Wert und verdeutlichen die Rolle, die diese Geomorphologien in der jahrtausendealten Geschichte der Menschen des Psiloritis gespielt haben! Aus all diesen Gr\u00fcnden sind die H\u00f6hlen und ihre Fauna durch nationale und europ\u00e4ische Gesetze gesch\u00fctzt. Dar\u00fcber hinaus aber neben der Verantwortung, den Reichtum einer H\u00f6hle zu bewahren, haben wir beim Betreten einer H\u00f6hle auch die Verantwortung f\u00fcr unsere eigene Sicherheit, da H\u00f6hlen, die nicht f\u00fcr Besucher ausgelegt sind, ohne spezielle Ausr\u00fcstung oder Kenntnisse der H\u00f6hlenforschung leicht gef\u00e4hrlich werden k\u00f6nnen. \nACHTUNG:<br \/><br \/><\/span><\/div><\/div><div class=\"x11i5rnm xat24cr x1mh8g0r x1vvkbs xtlvy1s x126k92a\"><ul><li dir=\"auto\">\u00a0Wir zerst\u00f6ren und entfernen nichts aus der H\u00f6hle, wir verschmutzen sie nicht!<\/li><li dir=\"auto\">Wir zeigen den st\u00e4ndigen Bewohnern der H\u00f6hle den n\u00f6tigen Respekt, ohne sie durch L\u00e4rm, Bewegung und unsere Lichter zu st\u00f6ren!<\/li><li dir=\"auto\">Wir halten uns an die Sicherheitsvorschriften, um uns nicht in Gefahr zu bringen, und lassen uns von den H\u00f6hlenforschervereinen und -verb\u00e4nden richtig informieren und ausbilden!<\/li><\/ul><\/div><p>Besuchbare H\u00f6hlen des Geoparks Psiloritis, die f\u00fcr Besucherinnen und Besucher leicht und sicher zug\u00e4nglich sind, sind die Ida-H\u00f6hle in Nida (Anogia), die H\u00f6hle Sfendoni in Zoniana und die H\u00f6hle Gerontospilios in Melidoni (Mylopotamos).<\/p>\t\t\t\t\t\t\t\t<\/div>\n\t\t\t\t\t<\/div>\n\t\t\t\t<\/div>\n\t\t<div data-particle_enable=\"false\" data-particle-mobile-disabled=\"false\" class=\"elementor-element elementor-element-06716b3 e-flex e-con-boxed e-con e-parent\" data-id=\"06716b3\" data-element_type=\"container\">\n\t\t\t\t\t<div class=\"e-con-inner\">\n\t\t\t\t<div class=\"elementor-element elementor-element-eb0f23b elementor-widget elementor-widget-gallery\" data-id=\"eb0f23b\" data-element_type=\"widget\" data-settings=\"{&quot;lazyload&quot;:&quot;yes&quot;,&quot;gallery_layout&quot;:&quot;grid&quot;,&quot;columns&quot;:4,&quot;columns_tablet&quot;:2,&quot;columns_mobile&quot;:1,&quot;gap&quot;:{&quot;unit&quot;:&quot;px&quot;,&quot;size&quot;:10,&quot;sizes&quot;:[]},&quot;gap_tablet&quot;:{&quot;unit&quot;:&quot;px&quot;,&quot;size&quot;:10,&quot;sizes&quot;:[]},&quot;gap_mobile&quot;:{&quot;unit&quot;:&quot;px&quot;,&quot;size&quot;:10,&quot;sizes&quot;:[]},&quot;link_to&quot;:&quot;file&quot;,&quot;aspect_ratio&quot;:&quot;3:2&quot;,&quot;overlay_background&quot;:&quot;yes&quot;,&quot;content_hover_animation&quot;:&quot;fade-in&quot;}\" data-widget_type=\"gallery.default\">\n\t\t\t\t\t\t\t<div class=\"elementor-gallery__container\">\n\t\t\t\t\t\t\t<a class=\"e-gallery-item elementor-gallery-item elementor-animated-content\" href=\"https:\/\/psiloritisgeopark.gr\/wp-content\/uploads\/2025\/09\/IMGP5315-PARAGAMIAN.jpg\" data-elementor-open-lightbox=\"yes\" data-elementor-lightbox-slideshow=\"eb0f23b\" data-elementor-lightbox-title=\"IMGP5315 PARAGAMIAN\" data-e-action-hash=\"#elementor-action%3Aaction%3Dlightbox%26settings%3DeyJpZCI6MjQxMCwidXJsIjoiaHR0cHM6XC9cL3BzaWxvcml0aXNnZW9wYXJrLmdyXC93cC1jb250ZW50XC91cGxvYWRzXC8yMDI1XC8wOVwvSU1HUDUzMTUtUEFSQUdBTUlBTi5qcGciLCJzbGlkZXNob3ciOiJlYjBmMjNiIn0%3D\">\n\t\t\t\t\t<div class=\"e-gallery-image elementor-gallery-item__image\" data-thumbnail=\"https:\/\/psiloritisgeopark.gr\/wp-content\/uploads\/2025\/09\/IMGP5315-PARAGAMIAN-219x300.jpg\" data-width=\"219\" data-height=\"300\" aria-label=\"\" role=\"img\" ><\/div>\n\t\t\t\t\t\t\t\t\t\t\t<div class=\"elementor-gallery-item__overlay\"><\/div>\n\t\t\t\t\t\t\t\t\t\t\t\t\t\t<\/a>\n\t\t\t\t\t\t\t<a class=\"e-gallery-item elementor-gallery-item elementor-animated-content\" href=\"https:\/\/psiloritisgeopark.gr\/wp-content\/uploads\/2025\/09\/Roniotis-\u0393\u03c1\u03b1\u03c2-\u03c0\u03b7\u03b4\u03b7\u03bc\u03b1-\u03c6\u03bf\u03b4\u03b5\u03bb\u03b5-Untitled_Panorama2.jpg\" data-elementor-open-lightbox=\"yes\" data-elementor-lightbox-slideshow=\"eb0f23b\" data-elementor-lightbox-title=\"Roniotis \u0393\u03c1\u03b1\u03c2 \u03c0\u03b7\u03b4\u03b7\u03bc\u03b1 \u03c6\u03bf\u03b4\u03b5\u03bb\u03b5 Untitled_Panorama2\" data-e-action-hash=\"#elementor-action%3Aaction%3Dlightbox%26settings%3DeyJpZCI6MjQxMSwidXJsIjoiaHR0cHM6XC9cL3BzaWxvcml0aXNnZW9wYXJrLmdyXC93cC1jb250ZW50XC91cGxvYWRzXC8yMDI1XC8wOVwvUm9uaW90aXMtXHUwMzkzXHUwM2MxXHUwM2IxXHUwM2MyLVx1MDNjMFx1MDNiN1x1MDNiNFx1MDNiN1x1MDNiY1x1MDNiMS1cdTAzYzZcdTAzYmZcdTAzYjRcdTAzYjVcdTAzYmJcdTAzYjUtVW50aXRsZWRfUGFub3JhbWEyLmpwZyIsInNsaWRlc2hvdyI6ImViMGYyM2IifQ%3D%3D\">\n\t\t\t\t\t<div class=\"e-gallery-image elementor-gallery-item__image\" data-thumbnail=\"https:\/\/psiloritisgeopark.gr\/wp-content\/uploads\/2025\/09\/Roniotis-\u0393\u03c1\u03b1\u03c2-\u03c0\u03b7\u03b4\u03b7\u03bc\u03b1-\u03c6\u03bf\u03b4\u03b5\u03bb\u03b5-Untitled_Panorama2-208x300.jpg\" data-width=\"208\" data-height=\"300\" aria-label=\"\" role=\"img\" ><\/div>\n\t\t\t\t\t\t\t\t\t\t\t<div class=\"elementor-gallery-item__overlay\"><\/div>\n\t\t\t\t\t\t\t\t\t\t\t\t\t\t<\/a>\n\t\t\t\t\t<\/div>\n\t\t\t\t\t<\/div>\n\t\t\t\t\t<\/div>\n\t\t\t\t<\/div>\n\t\t<div data-particle_enable=\"false\" data-particle-mobile-disabled=\"false\" class=\"elementor-element elementor-element-659695a e-flex e-con-boxed e-con e-parent\" data-id=\"659695a\" data-element_type=\"container\">\n\t\t\t\t\t<div class=\"e-con-inner\">\n\t\t\t\t<div class=\"elementor-element elementor-element-57e6d22 elementor-widget elementor-widget-image\" data-id=\"57e6d22\" data-element_type=\"widget\" data-widget_type=\"image.default\">\n\t\t\t\t\t\t\t\t\t\t\t\t\t\t\t<img fetchpriority=\"high\" decoding=\"async\" width=\"800\" height=\"560\" src=\"https:\/\/psiloritisgeopark.gr\/wp-content\/uploads\/2025\/09\/016_CROP-B_Avramakis.jpg\" class=\"attachment-large size-large wp-image-2412\" alt=\"\" srcset=\"https:\/\/psiloritisgeopark.gr\/wp-content\/uploads\/2025\/09\/016_CROP-B_Avramakis.jpg 800w, https:\/\/psiloritisgeopark.gr\/wp-content\/uploads\/2025\/09\/016_CROP-B_Avramakis-300x210.jpg 300w, https:\/\/psiloritisgeopark.gr\/wp-content\/uploads\/2025\/09\/016_CROP-B_Avramakis-768x538.jpg 768w\" sizes=\"(max-width: 800px) 100vw, 800px\" \/>\t\t\t\t\t\t\t\t\t\t\t\t\t\t\t<\/div>\n\t\t\t\t\t<\/div>\n\t\t\t\t<\/div>\n\t\t<div data-particle_enable=\"false\" data-particle-mobile-disabled=\"false\" class=\"elementor-element elementor-element-78e1720 e-flex e-con-boxed e-con e-parent\" data-id=\"78e1720\" data-element_type=\"container\">\n\t\t\t\t\t<div class=\"e-con-inner\">\n\t\t\t\t<div class=\"elementor-element elementor-element-300c97e elementor-widget elementor-widget-text-editor\" data-id=\"300c97e\" data-element_type=\"widget\" data-widget_type=\"text-editor.default\">\n\t\t\t\t\t\t\t\t\t<div class=\"row\"><div class=\"col-md-12\"><div id=\"pagecontent\">Fotos: M. Avramaki, K. Paragkamian, A. Ronioti<\/div><\/div><\/div>\t\t\t\t\t\t\t\t<\/div>\n\t\t\t\t\t<\/div>\n\t\t\t\t<\/div>\n\t\t\t\t<\/div>","protected":false},"excerpt":{"rendered":"<p>\u03a3\u03b5\u03b2\u03b1\u03c3\u03bc\u03cc\u03c2 \u03c3\u03c4\u03b7 \u03a6\u03cd\u03c3\u03b7 \u03ba\u03b1\u03b9 \u03c4\u03b1 \u03a3\u03c0\u03ae\u03bb\u03b1\u03b9\u03b1 \u03c4\u03bf\u03c5 \u03a8\u03b7\u03bb\u03bf\u03c1\u03b5\u03af\u03c4\u03b7 \u2013 \u039f\u03b4\u03b7\u03b3\u03cc\u03c2 \u03a3\u03c5\u03bc\u03c0\u03b5\u03c1\u03b9\u03c6\u03bf\u03c1\u03ac\u03c2 \u0391\u03c6\u03ae\u03bd\u03c9 \u03c4\u03b1 \u03c0\u03ac\u03bd\u03c4\u03b1 \u03b3\u03cd\u03c1\u03c9 \u03bc\u03bf\u03c5, \u03c4\u03bf\u03c5\u03bb\u03ac\u03c7\u03b9\u03c3\u03c4\u03bf\u03bd \u03cc\u03c0\u03c9\u03c2 \u03c4\u03b1 \u03b2\u03c1\u03ae\u03ba\u03b1! \u03a6\u03c1\u03bf\u03bd\u03c4\u03af\u03b6\u03c9 \u03bd\u03b1 \u03bc\u03b7 \u03b4\u03b9\u03b1\u03c4\u03b1\u03c1\u03ac\u03c3\u03c3\u03c9 \u03c4\u03b1 \u03ac\u03b3\u03c1\u03b9\u03b1 \u03b6\u03ce\u03b1 \u03ba\u03b1\u03b9 \u03c4\u03b1 \u03c6\u03c5\u03c4\u03ac! \u0399\u03b4\u03b9\u03b1\u03af\u03c4\u03b5\u03c1\u03b1, \u03b4\u03b5\u03bd \u03b1\u03c6\u03b1\u03b9\u03c1\u03ce \u03c6\u03c5\u03c4\u03ac \u03bc\u03b5 \u03c4\u03b7 \u03c1\u03af\u03b6\u03b1 \u03c4\u03bf\u03c5\u03c2! \u0394\u03b5\u03bd \u03b1\u03c0\u03bf\u03c3\u03c0\u03ce \u03b2\u03c1\u03ac\u03c7\u03bf\u03c5\u03c2, \u03ba\u03bf\u03bc\u03bc\u03ac\u03c4\u03b9\u03b1 \u03c0\u03b5\u03c4\u03c1\u03c9\u03bc\u03ac\u03c4\u03c9\u03bd, \u03bf\u03c1\u03c5\u03ba\u03c4\u03ac \u03ae \u03ac\u03bb\u03bb\u03b1 \u03c5\u03bb\u03b9\u03ba\u03ac \u03b1\u03c0\u03cc \u03c4\u03b1 \u03bf\u03b9\u03ba\u03bf\u03c3\u03c5\u03c3\u03c4\u03ae\u03bc\u03b1\u03c4\u03b1! \u0394\u03b5\u03bd \u03ba\u03b1\u03c4\u03b1\u03c3\u03c4\u03c1\u03ad\u03c6\u03c9 \u03b1\u03c0\u03bf\u03bb\u03b9\u03b8\u03ce\u03bc\u03b1\u03c4\u03b1 \u03ae \u03c4\u03bf [&hellip;]<\/p>","protected":false},"author":1,"featured_media":0,"parent":0,"menu_order":0,"comment_status":"closed","ping_status":"closed","template":"","meta":{"footnotes":""},"class_list":["post-2408","page","type-page","status-publish","hentry"],"_links":{"self":[{"href":"https:\/\/psiloritisgeopark.gr\/de\/wp-json\/wp\/v2\/pages\/2408","targetHints":{"allow":["GET"]}}],"collection":[{"href":"https:\/\/psiloritisgeopark.gr\/de\/wp-json\/wp\/v2\/pages"}],"about":[{"href":"https:\/\/psiloritisgeopark.gr\/de\/wp-json\/wp\/v2\/types\/page"}],"author":[{"embeddable":true,"href":"https:\/\/psiloritisgeopark.gr\/de\/wp-json\/wp\/v2\/users\/1"}],"replies":[{"embeddable":true,"href":"https:\/\/psiloritisgeopark.gr\/de\/wp-json\/wp\/v2\/comments?post=2408"}],"version-history":[{"count":7,"href":"https:\/\/psiloritisgeopark.gr\/de\/wp-json\/wp\/v2\/pages\/2408\/revisions"}],"predecessor-version":[{"id":2425,"href":"https:\/\/psiloritisgeopark.gr\/de\/wp-json\/wp\/v2\/pages\/2408\/revisions\/2425"}],"wp:attachment":[{"href":"https:\/\/psiloritisgeopark.gr\/de\/wp-json\/wp\/v2\/media?parent=2408"}],"curies":[{"name":"wp","href":"https:\/\/api.w.org\/{rel}","templated":true}]}}