{"id":2416,"date":"2025-09-17T13:36:58","date_gmt":"2025-09-17T13:36:58","guid":{"rendered":"https:\/\/nextdigital-demos.info\/gewparko\/?page_id=2416"},"modified":"2025-09-22T11:28:27","modified_gmt":"2025-09-22T11:28:27","slug":"%cf%83%ce%ae%ce%bc%ce%b1-%cf%80%ce%bf%ce%b9%cf%8c%cf%84%ce%b7%cf%84%ce%b1%cf%82","status":"publish","type":"page","link":"https:\/\/psiloritisgeopark.gr\/de\/%cf%83%ce%ae%ce%bc%ce%b1-%cf%80%ce%bf%ce%b9%cf%8c%cf%84%ce%b7%cf%84%ce%b1%cf%82\/","title":{"rendered":"Qualit\u00e4tslabel"},"content":{"rendered":"<div data-elementor-type=\"wp-page\" data-elementor-id=\"2416\" class=\"elementor elementor-2416\" data-elementor-post-type=\"page\">\n\t\t\t\t<div data-particle_enable=\"false\" data-particle-mobile-disabled=\"false\" class=\"elementor-element elementor-element-3b69919 e-flex e-con-boxed e-con e-parent\" data-id=\"3b69919\" data-element_type=\"container\" data-settings=\"{&quot;background_background&quot;:&quot;classic&quot;}\">\n\t\t\t\t\t<div class=\"e-con-inner\">\n\t\t\t\t<div class=\"elementor-element elementor-element-3fd18d3 elementor-widget elementor-widget-heading\" data-id=\"3fd18d3\" data-element_type=\"widget\" data-widget_type=\"heading.default\">\n\t\t\t\t\t<h2 class=\"elementor-heading-title elementor-size-default\">Qualit\u00e4tslabel<\/h2>\t\t\t\t<\/div>\n\t\t\t\t\t<\/div>\n\t\t\t\t<\/div>\n\t\t<div data-particle_enable=\"false\" data-particle-mobile-disabled=\"false\" class=\"elementor-element elementor-element-5bbb2ae e-flex e-con-boxed e-con e-parent\" data-id=\"5bbb2ae\" data-element_type=\"container\" data-settings=\"{&quot;background_background&quot;:&quot;classic&quot;}\">\n\t\t\t\t\t<div class=\"e-con-inner\">\n\t\t<div data-particle_enable=\"false\" data-particle-mobile-disabled=\"false\" class=\"elementor-element elementor-element-793257f e-con-full e-flex e-con e-child\" data-id=\"793257f\" data-element_type=\"container\">\n\t\t\t\t<div class=\"elementor-element elementor-element-ceafcfa elementor-widget elementor-widget-heading\" data-id=\"ceafcfa\" data-element_type=\"widget\" data-widget_type=\"heading.default\">\n\t\t\t\t\t<h2 class=\"elementor-heading-title elementor-size-default\">Lokales Qualit\u00e4tssiegel von Psiloritis \u2013 Zusammenarbeit mit UNESCO-Wert<\/h2>\t\t\t\t<\/div>\n\t\t\t\t<\/div>\n\t\t\t\t\t<\/div>\n\t\t\t\t<\/div>\n\t\t<div data-particle_enable=\"false\" data-particle-mobile-disabled=\"false\" class=\"elementor-element elementor-element-6c6a9cd e-flex e-con-boxed e-con e-parent\" data-id=\"6c6a9cd\" data-element_type=\"container\">\n\t\t\t\t\t<div class=\"e-con-inner\">\n\t\t\t\t<div class=\"elementor-element elementor-element-547ce61 elementor-widget elementor-widget-text-editor\" data-id=\"547ce61\" data-element_type=\"widget\" data-widget_type=\"text-editor.default\">\n\t\t\t\t\t\t\t\t\t<p>Die AKOMM \u2013 Psiloritis Entwicklungsagentur S.A. OTA setzt in Zusammenarbeitmit dem Gemeindenetzwerk des Psiloritis (IdeonNetzwerk) die Initiative zurF\u00f6rderung und VernetzungallerAkteure in der Region des Psiloritis Geoparks fort, der seit 2015 als UNESCO Global Geopark anerkanntist. Diese Initiative betrifft das LokaleQualit\u00e4tssiegel \u2013 das Partnersiegel des Psiloritis Geoparks \u2013, das die direkteVerbindung und Zusammenarbeitzwischen dem Geopark und den Akteuren der lokalen Gemeinschaft kennzeichnet.<br \/><br \/>Als beteiligte Institutionen, mit denen der Geopark (und sein Verwaltungsorgan, das Netzwerk Idaion) zusammenarbeitet, k\u00f6nnen Unternehmen und ihre kollektiven Organe, Kulturvereine, Einrichtungen, die f\u00fcr die Region wichtige Infrastrukturen verwalten (H\u00f6hlen, Museen usw.), Einrichtungen, die in indirekter Verbindung stehen und die Aktivit\u00e4ten des Geoparks Psiloritis auf vielf\u00e4ltige Weise unterst\u00fctzen (FIK-Museum, GEOTEE, INSPEE usw.) sowie andere Akteure der Zivilgesellschaft.<br \/><br \/>Die Vernetzung des Geoparks mit diesen Einrichtungen spiegelt sich je nach den Merkmalen der einzelnen Einrichtung unterschiedlich wider.<br \/>Mit den Unternehmen, die in der Region des Geoparks ans\u00e4ssig und t\u00e4tig sind, wie z. B. Beherbergungsbetriebe, Tavernen, Handwerksbetriebe, Frauenkooperativen usw., wurde das lokale Qualit\u00e4tssiegel des Geoparks Psiloritis geschaffen und gef\u00f6rdert.<br \/><br \/>Das lokale Qualit\u00e4tssiegel<br \/>a) bezieht sich auf Produkte und Dienstleistungen, die im Gebiet des Geoparks Psiloritis hergestellt und angeboten werden und dessen \u00f6kologischen und kulturellen Wert widerspiegeln,<br \/>b) spiegelt die Zusammenarbeit zwischen den Institutionen und Unternehmen der weiteren Region Psiloritis f\u00fcr deren sich gegenseitig befruchtende und nachhaltige Entwicklung wider.<br \/><br \/>Es ist zu betonen, dass der Geopark Psiloritis Mitglied des Europ\u00e4ischen Geopark-Netzwerks ist, das derzeit 98 Geoparks in europ\u00e4ischen L\u00e4ndern umfasst, sowie dem Weltnetz der Geoparks der UNESCO, dem 195 Geoparks aus 48 L\u00e4ndern weltweit angeh\u00f6ren.<br \/><br \/>Jeder Geopark muss in seinen Besucherinformationszentren Informationen \u00fcber alle Geoparks bereitstellen, die dem Netzwerk angeh\u00f6ren.<br \/>Wenn wir bedenken, dass es weltweit Geoparks auf allen Kontinenten gibt, werden uns die M\u00f6glichkeiten bewusst, unsere Region auf globaler Ebene bekannt zu machen.<br \/><br \/>Die Verwendung des lokalen Qualit\u00e4tssiegels hat f\u00fcr ein Unternehmen folgende Vorteile:<\/p><ul><li>Die Nutzung des Mehrwerts, den das UNESCO-Logo mit sich bringt<\/li><li>Die M\u00f6glichkeit, das Unternehmen bekannt zu machen. Die Bekanntmachung erfolgt \u00fcber die Website des Geoparks, \u00fcber entsprechendes Werbematerial, das vom Geopark Psiloritis herausgegeben wird (Reisef\u00fchrer, Brosch\u00fcren, interaktive Karten usw.), durch die Aktivit\u00e4ten, an denen er teilnimmt (z. B. Ausstellungen, Veranstaltungen des Europ\u00e4ischen und Weltweiten Geopark-Netzwerks usw.), an den Informationsstellen des Geoparks.<\/li><li>Die M\u00f6glichkeit f\u00fcr das Unternehmen, den Besuchern Material des Geoparks zur Verf\u00fcgung zu stellen.<\/li><li>Die Zusammenarbeit mit dem Geopark in Bereichen, in denen das Unternehmen t\u00e4tig ist (z. B. werden bei der Organisation von Konferenzen und Veranstaltungen in der Regel Unternehmen mit dem lokalen Qualit\u00e4tssiegel f\u00fcr die Beherbergung\/Verpflegung\/das Catering ausgew\u00e4hlt).<\/li><\/ul><p>Das Verfahren zur Vergabe des lokalen Qualit\u00e4tssiegels des Geoparks Psiloritis ist wie folgt:<\/p><ul><li>o Interessenbekundung des Unternehmens f\u00fcr den Erwerb des Labels f\u00fcr den UNESCO-Geopark Psiloritis unter info@psiloritisgeopark.gr<\/li><li>o Genehmigung des Antrags<\/li><li>o Unterzeichnung einer Vereinbarung zwischen dem Unternehmen und der Verwaltungsstelle des Geoparks, dem Netzwerk der Gemeinden von Psiloritis \u201eNetzwerk der Idaion\u201c<\/li><li>o Verleihung des lokalen Qualit\u00e4tssiegels<\/li><\/ul><p><br \/>Die Partnerunternehmen des Geoparks Psiloritis finden Sie\u00a0<a href=\"https:\/\/storymaps.nhmc.uoc.gr\/%ce%b5%cf%80%ce%b9%cf%87%ce%b5%ce%b9%cf%81%ce%ae%cf%83%ce%b5%ce%b9%cf%82\/\" target=\"_blank\" rel=\"noopener\">hier.<\/a>entweder auf der Karte oder nach Themenbereichen geordnet.<\/p>\t\t\t\t\t\t\t\t<\/div>\n\t\t\t\t\t<\/div>\n\t\t\t\t<\/div>\n\t\t<div data-particle_enable=\"false\" data-particle-mobile-disabled=\"false\" class=\"elementor-element elementor-element-4e96bd0 e-flex e-con-boxed e-con e-parent\" data-id=\"4e96bd0\" data-element_type=\"container\">\n\t\t\t\t\t<div class=\"e-con-inner\">\n\t\t\t\t<div class=\"elementor-element elementor-element-31ea667 elementor-widget elementor-widget-gallery\" data-id=\"31ea667\" data-element_type=\"widget\" data-settings=\"{&quot;lazyload&quot;:&quot;yes&quot;,&quot;gallery_layout&quot;:&quot;grid&quot;,&quot;columns&quot;:4,&quot;columns_tablet&quot;:2,&quot;columns_mobile&quot;:1,&quot;gap&quot;:{&quot;unit&quot;:&quot;px&quot;,&quot;size&quot;:10,&quot;sizes&quot;:[]},&quot;gap_tablet&quot;:{&quot;unit&quot;:&quot;px&quot;,&quot;size&quot;:10,&quot;sizes&quot;:[]},&quot;gap_mobile&quot;:{&quot;unit&quot;:&quot;px&quot;,&quot;size&quot;:10,&quot;sizes&quot;:[]},&quot;link_to&quot;:&quot;file&quot;,&quot;aspect_ratio&quot;:&quot;3:2&quot;,&quot;overlay_background&quot;:&quot;yes&quot;,&quot;content_hover_animation&quot;:&quot;fade-in&quot;}\" data-widget_type=\"gallery.default\">\n\t\t\t\t\t\t\t<div class=\"elementor-gallery__container\">\n\t\t\t\t\t\t\t<a class=\"e-gallery-item elementor-gallery-item elementor-animated-content\" href=\"https:\/\/psiloritisgeopark.gr\/wp-content\/uploads\/2025\/09\/tavern.jpg\" data-elementor-open-lightbox=\"yes\" data-elementor-lightbox-slideshow=\"31ea667\" data-elementor-lightbox-title=\"tavern\" data-e-action-hash=\"#elementor-action%3Aaction%3Dlightbox%26settings%3DeyJpZCI6MjQxOCwidXJsIjoiaHR0cHM6XC9cL3BzaWxvcml0aXNnZW9wYXJrLmdyXC93cC1jb250ZW50XC91cGxvYWRzXC8yMDI1XC8wOVwvdGF2ZXJuLmpwZyIsInNsaWRlc2hvdyI6IjMxZWE2NjcifQ%3D%3D\">\n\t\t\t\t\t<div class=\"e-gallery-image elementor-gallery-item__image\" data-thumbnail=\"https:\/\/psiloritisgeopark.gr\/wp-content\/uploads\/2025\/09\/tavern-300x300.jpg\" data-width=\"300\" data-height=\"300\" aria-label=\"\" role=\"img\" ><\/div>\n\t\t\t\t\t\t\t\t\t\t\t<div class=\"elementor-gallery-item__overlay\"><\/div>\n\t\t\t\t\t\t\t\t\t\t\t\t\t\t<\/a>\n\t\t\t\t\t\t\t<a class=\"e-gallery-item elementor-gallery-item elementor-animated-content\" href=\"https:\/\/psiloritisgeopark.gr\/wp-content\/uploads\/2025\/09\/meli.jpg\" data-elementor-open-lightbox=\"yes\" data-elementor-lightbox-slideshow=\"31ea667\" data-elementor-lightbox-title=\"meli\" data-e-action-hash=\"#elementor-action%3Aaction%3Dlightbox%26settings%3DeyJpZCI6MjQxOSwidXJsIjoiaHR0cHM6XC9cL3BzaWxvcml0aXNnZW9wYXJrLmdyXC93cC1jb250ZW50XC91cGxvYWRzXC8yMDI1XC8wOVwvbWVsaS5qcGciLCJzbGlkZXNob3ciOiIzMWVhNjY3In0%3D\">\n\t\t\t\t\t<div class=\"e-gallery-image elementor-gallery-item__image\" data-thumbnail=\"https:\/\/psiloritisgeopark.gr\/wp-content\/uploads\/2025\/09\/meli-300x300.jpg\" data-width=\"300\" data-height=\"300\" aria-label=\"\" role=\"img\" ><\/div>\n\t\t\t\t\t\t\t\t\t\t\t<div class=\"elementor-gallery-item__overlay\"><\/div>\n\t\t\t\t\t\t\t\t\t\t\t\t\t\t<\/a>\n\t\t\t\t\t<\/div>\n\t\t\t\t\t<\/div>\n\t\t\t\t\t<\/div>\n\t\t\t\t<\/div>\n\t\t\t\t<\/div>","protected":false},"excerpt":{"rendered":"<p>\u03a4\u03bf\u03c0\u03b9\u03ba\u03cc \u03a3\u03ae\u03bc\u03b1 \u03a0\u03bf\u03b9\u03cc\u03c4\u03b7\u03c4\u03b1\u03c2 \u03a8\u03b7\u03bb\u03bf\u03c1\u03b5\u03af\u03c4\u03b7 \u2013 \u03a3\u03c5\u03bd\u03b5\u03c1\u03b3\u03b1\u03c3\u03af\u03b1 \u03bc\u03b5 \u0391\u03be\u03af\u03b1 UNESCO \u03a4\u03bf \u0391\u039a\u039f\u039c\u039c-\u03a8\u0397\u039b\u039f\u03a1\u0395\u0399\u03a4\u0397\u03a3 \u0391\u039d\u0391\u03a0\u03a4\u03a5\u039e\u0399\u0391\u039a\u0397 \u0391.\u0395 \u039f\u03a4\u0391, \u03c3\u03b5 \u03c3\u03c5\u03bd\u03b5\u03c1\u03b3\u03b1\u03c3\u03af\u03b1 \u03bc\u03b5 \u03c4\u03bf \u0394\u03af\u03ba\u03c4\u03c5\u03bf \u0394\u03ae\u03bc\u03c9\u03bd \u03a8\u03b7\u03bb\u03bf\u03c1\u03b5\u03af\u03c4\u03b7 (\u0394\u03af\u03ba\u03c4\u03c5\u03bf \u0399\u0394\u0391\u0399\u03a9\u039d), \u03c3\u03c5\u03bd\u03b5\u03c7\u03af\u03b6\u03bf\u03c5\u03bd \u03c4\u03b7\u03bd \u03c0\u03c1\u03c9\u03c4\u03bf\u03b2\u03bf\u03c5\u03bb\u03af\u03b1 \u03c4\u03bf\u03c5 \u0391\u039a\u039f\u039c\u039c-\u03a8\u0397\u039b\u039f\u03a1\u0395\u0399\u03a4\u0397\u03a3 \u0391\u039d\u0391\u03a0\u03a4\u03a5\u039e\u0399\u0391\u039a\u0397 \u0391.\u0395 \u039f\u03a4\u0391 \u03b3\u03b9\u03b1 \u03c4\u03b7\u03bd \u03c0\u03c1\u03bf\u03ce\u03b8\u03b7\u03c3\u03b7 \u03ba\u03b1\u03b9 \u03b4\u03b9\u03ba\u03c4\u03cd\u03c9\u03c3\u03b7 \u03bc\u03b5\u03c4\u03b1\u03be\u03cd \u03cc\u03bb\u03c9\u03bd \u03c4\u03c9\u03bd \u03b5\u03bc\u03c0\u03bb\u03b5\u03ba\u03cc\u03bc\u03b5\u03bd\u03c9\u03bd \u03c6\u03bf\u03c1\u03ad\u03c9\u03bd \u03c4\u03b7\u03c2 \u03c0\u03b5\u03c1\u03b9\u03bf\u03c7\u03ae\u03c2 \u03c4\u03bf\u03c5 \u0393\u03b5\u03c9\u03c0\u03ac\u03c1\u03ba\u03bf\u03c5 \u03a8\u03b7\u03bb\u03bf\u03c1\u03b5\u03af\u03c4\u03b7, \u03c4\u03bf \u03bf\u03c0\u03bf\u03af\u03bf \u03b1\u03c0\u03cc \u03c4\u03bf 2015 \u03b5\u03af\u03bd\u03b1\u03b9 \u03b1\u03bd\u03b1\u03b3\u03bd\u03c9\u03c1\u03b9\u03c3\u03bc\u03ad\u03bd\u03bf \u03c9\u03c2 \u03c0\u03b1\u03b3\u03ba\u03cc\u03c3\u03bc\u03b9\u03bf [&hellip;]<\/p>","protected":false},"author":1,"featured_media":0,"parent":0,"menu_order":0,"comment_status":"closed","ping_status":"closed","template":"","meta":{"footnotes":""},"class_list":["post-2416","page","type-page","status-publish","hentry"],"_links":{"self":[{"href":"https:\/\/psiloritisgeopark.gr\/de\/wp-json\/wp\/v2\/pages\/2416","targetHints":{"allow":["GET"]}}],"collection":[{"href":"https:\/\/psiloritisgeopark.gr\/de\/wp-json\/wp\/v2\/pages"}],"about":[{"href":"https:\/\/psiloritisgeopark.gr\/de\/wp-json\/wp\/v2\/types\/page"}],"author":[{"embeddable":true,"href":"https:\/\/psiloritisgeopark.gr\/de\/wp-json\/wp\/v2\/users\/1"}],"replies":[{"embeddable":true,"href":"https:\/\/psiloritisgeopark.gr\/de\/wp-json\/wp\/v2\/comments?post=2416"}],"version-history":[{"count":6,"href":"https:\/\/psiloritisgeopark.gr\/de\/wp-json\/wp\/v2\/pages\/2416\/revisions"}],"predecessor-version":[{"id":2866,"href":"https:\/\/psiloritisgeopark.gr\/de\/wp-json\/wp\/v2\/pages\/2416\/revisions\/2866"}],"wp:attachment":[{"href":"https:\/\/psiloritisgeopark.gr\/de\/wp-json\/wp\/v2\/media?parent=2416"}],"curies":[{"name":"wp","href":"https:\/\/api.w.org\/{rel}","templated":true}]}}