{"id":2432,"date":"2025-09-18T07:32:19","date_gmt":"2025-09-18T07:32:19","guid":{"rendered":"https:\/\/nextdigital-demos.info\/gewparko\/?page_id=2432"},"modified":"2025-09-18T07:34:34","modified_gmt":"2025-09-18T07:34:34","slug":"%ce%b4%ce%b9%ce%b1%cf%87%ce%b5%ce%af%cf%81%ce%b9%cf%83%ce%b7-2","status":"publish","type":"page","link":"https:\/\/psiloritisgeopark.gr\/de\/%ce%b4%ce%b9%ce%b1%cf%87%ce%b5%ce%af%cf%81%ce%b9%cf%83%ce%b7-2\/","title":{"rendered":"Verwaltung"},"content":{"rendered":"<div data-elementor-type=\"wp-page\" data-elementor-id=\"2432\" class=\"elementor elementor-2432\" data-elementor-post-type=\"page\">\n\t\t\t\t<div data-particle_enable=\"false\" data-particle-mobile-disabled=\"false\" class=\"elementor-element elementor-element-3b69919 e-flex e-con-boxed e-con e-parent\" data-id=\"3b69919\" data-element_type=\"container\" data-settings=\"{&quot;background_background&quot;:&quot;classic&quot;}\">\n\t\t\t\t\t<div class=\"e-con-inner\">\n\t\t\t\t<div class=\"elementor-element elementor-element-3fd18d3 elementor-widget elementor-widget-heading\" data-id=\"3fd18d3\" data-element_type=\"widget\" data-widget_type=\"heading.default\">\n\t\t\t\t\t<h2 class=\"elementor-heading-title elementor-size-default\">Verwaltung<\/h2>\t\t\t\t<\/div>\n\t\t\t\t\t<\/div>\n\t\t\t\t<\/div>\n\t\t<div data-particle_enable=\"false\" data-particle-mobile-disabled=\"false\" class=\"elementor-element elementor-element-5bbb2ae e-flex e-con-boxed e-con e-parent\" data-id=\"5bbb2ae\" data-element_type=\"container\" data-settings=\"{&quot;background_background&quot;:&quot;classic&quot;}\">\n\t\t\t\t\t<div class=\"e-con-inner\">\n\t\t<div data-particle_enable=\"false\" data-particle-mobile-disabled=\"false\" class=\"elementor-element elementor-element-793257f e-con-full e-flex e-con e-child\" data-id=\"793257f\" data-element_type=\"container\">\n\t\t\t\t<div class=\"elementor-element elementor-element-ceafcfa elementor-widget elementor-widget-heading\" data-id=\"ceafcfa\" data-element_type=\"widget\" data-widget_type=\"heading.default\">\n\t\t\t\t\t<h2 class=\"elementor-heading-title elementor-size-default\">Geopark Psiloritis: Ein Katalysatorf\u00fcrEntwicklung und Zusammenarbeit in der Region<\/h2>\t\t\t\t<\/div>\n\t\t\t\t<\/div>\n\t\t\t\t\t<\/div>\n\t\t\t\t<\/div>\n\t\t<div data-particle_enable=\"false\" data-particle-mobile-disabled=\"false\" class=\"elementor-element elementor-element-6c6a9cd e-flex e-con-boxed e-con e-parent\" data-id=\"6c6a9cd\" data-element_type=\"container\">\n\t\t\t\t\t<div class=\"e-con-inner\">\n\t\t\t\t<div class=\"elementor-element elementor-element-547ce61 elementor-widget elementor-widget-text-editor\" data-id=\"547ce61\" data-element_type=\"widget\" data-widget_type=\"text-editor.default\">\n\t\t\t\t\t\t\t\t\t<p>Die Siedlungen im weiteren Gebiet des Psiloritis stehen vor gemeinsamen Herausforderungen und Problemen. Eine bedeutende Rolle in der Entwicklung der Region spielt der Psiloritis-Geopark, das offiziell als UNESCO Global Geopark anerkannt ist.<\/p><p>Seit 1988 ist in der Region die Entwicklungsagentur AKOMM-Psiloritis S.A. t\u00e4tig, die eine ma\u00dfgebliche Rolle bei der Entwicklung der Gegend gespielt hat.<\/p><p>Diese Agentur hatte die Initiative zur Gr\u00fcndung des Psiloritis-Geoparks und zu seiner Aufnahme in das Europ\u00e4ische sowie in das Globale Netzwerk der Geoparks ergriffen und war \u00fcber viele Jahre auch f\u00fcr dessen Verwaltung verantwortlich.<\/p><p>Die jahrelange Erfahrung zeigte jedoch, dass die Verwaltung des Geoparks von einer Einrichtung \u00fcbernommen werden sollte, die neben einem institutionellen Status auch \u00fcber die F\u00e4higkeit verf\u00fcgt, Ma\u00dfnahmen und Verpflichtungen des Geoparks zu finanzieren.<\/p><p>Aus diesem Grund wurde 2019 das Gemeindeverbundnetzwerk des Psiloritis gegr\u00fcndet, mit dem offiziellen Namen Ideon Network.<br \/><br \/>Die Rechtsform des Netzwerks entspricht Artikel 101 des griechischen Gesetzes 3852\/2010 (zivilrechtliche Non-Profit-Organisation gem\u00e4\u00df Artikel 741 des B\u00fcrgerlichen Gesetzbuches).<br \/><br \/>Gr\u00fcndungsmitglieder sind:<\/p><p>Die Gemeinden der Region: Amari, Anogeia, Gortyna, Malevizi, Mylopotamos, Rethymno, Phaistos<\/p><p>Die Region Kreta<\/p><p><img fetchpriority=\"high\" decoding=\"async\" class=\"alignnone wp-image-2078 size-full\" src=\"https:\/\/psiloritisgeopark.gr\/wp-content\/uploads\/2025\/09\/\u03b9\u03b4\u03b1\u03b9\u03c9\u03bd.gif\" alt=\"\" width=\"1772\" height=\"510\" \/><\/p><p>Ziel des Netzwerks ist die freiwillige Zusammenarbeit seiner Mitglieder zu Fragen, die mit ihren geografischen Besonderheiten zusammenh\u00e4ngen, sowie das gemeinsame Eintreten f\u00fcr L\u00f6sungen ihrer tats\u00e4chlichen Probleme, die sich auf ihre historische, kulturelle, sozio\u00f6konomische und \u00f6kologische Entwicklung beziehen, mit dem Ziel einer ausgewogenen und nachhaltigen Entwicklung.<\/p><p>Die Hauptziele des Netzwerks sind insbesondere:<\/p><ol><li>F\u00f6rderung und Umsetzung von Ma\u00dfnahmen zum Schutz, zur Erhaltung und Aufwertung der nat\u00fcrlichen und kulturellen Umwelt des Psiloritis.<\/li><li>Organisation und Betrieb des NATURPARKS PSILORITIS (UNESCO Global Geopark).<\/li><li>Technische Unterst\u00fctzung seiner Mitglieder auf allen Ebenen.<\/li><li>Unterst\u00fctzung und F\u00f6rderung wissenschaftlicher Forschung und Studien im Bereich der nat\u00fcrlichen und kulturellen Umwelt<\/li><li>Durchf\u00fchrung von Ma\u00dfnahmen zur F\u00f6rderung sanfter Tourismusformen (Natur-, Geo-, \u00d6ko- und Agrotourismus) sowie anderer alternativer Tourismusformen.<\/li><li>F\u00f6rderung und Unterst\u00fctzung von Bildungsaktivit\u00e4ten.<\/li><li>Entwicklung von Kooperationen mit anderen \u00f6ffentlichen oder lokalen Institutionen, Organisationen oder Unternehmen zur Erreichung der Netzwerkziele.<\/li><li>F\u00f6rderung des Umweltbewusstseins durch Beeinflussung sozialer Akteure und Information der B\u00fcrger, damit umweltfreundlichere Einstellungen und Verhaltensweisen in Bereichen wie Wirtschaft, Kultur und Gesellschaft gef\u00f6rdert werden.<\/li><li>Aufwertung des kulturellen Erbes, der folkloristischen Besonderheiten und der lokalen Produkte.<\/li><li>Anbahnung von Partnerschaften und Kommunikation mit \u00e4hnlichen Einrichtungen und Organisationen im In- und Ausland.<\/li><li>Sicherstellung finanzieller Unabh\u00e4ngigkeit und wirtschaftlicher St\u00e4rke zur Unterst\u00fctzung der Arbeit des Netzwerks<\/li><li>Durchf\u00fchrung von Projekten im Auftrag seiner Mitglieder oder anderer Organisationen. Dabei fungiert das Netzwerk im Rahmen dieser Projekte als bevollm\u00e4chtigter Verwalter der Beg\u00fcnstigten und verwaltet die f\u00fcr die Projektdurchf\u00fchrung vorgesehenen Mittel.<\/li><\/ol>\t\t\t\t\t\t\t\t<\/div>\n\t\t\t\t\t<\/div>\n\t\t\t\t<\/div>\n\t\t\t\t<\/div>","protected":false},"excerpt":{"rendered":"<p>\u00ab\u0393\u03b5\u03c9\u03c0\u03ac\u03c1\u03ba\u03bf \u03a8\u03b7\u03bb\u03bf\u03c1\u03b5\u03af\u03c4\u03b7: \u039a\u03b1\u03c4\u03b1\u03bb\u03cd\u03c4\u03b7\u03c2 \u0391\u03bd\u03ac\u03c0\u03c4\u03c5\u03be\u03b7\u03c2 \u03ba\u03b1\u03b9 \u03a3\u03c5\u03bd\u03b5\u03c1\u03b3\u03b1\u03c3\u03af\u03b1\u03c2 \u03c3\u03c4\u03b7\u03bd \u03a0\u03b5\u03c1\u03b9\u03bf\u03c7\u03ae\u00bb \u039f\u03b9 \u03bf\u03b9\u03ba\u03b9\u03c3\u03bc\u03bf\u03af \u03c4\u03b7\u03c2 \u03b5\u03c5\u03c1\u03cd\u03c4\u03b5\u03c1\u03b7\u03c2 \u03c0\u03b5\u03c1\u03b9\u03bf\u03c7\u03ae\u03c2 \u03c4\u03bf\u03c5 \u03a8\u03b7\u03bb\u03bf\u03c1\u03b5\u03af\u03c4\u03b7, \u03b1\u03bd\u03c4\u03b9\u03bc\u03b5\u03c4\u03c9\u03c0\u03af\u03b6\u03bf\u03c5\u03bd \u03ba\u03bf\u03b9\u03bd\u03ac \u03c0\u03c1\u03bf\u03b2\u03bb\u03ae\u03bc\u03b1\u03c4\u03b1 \u03ba\u03b1\u03b9 \u03c0\u03c1\u03bf\u03ba\u03bb\u03ae\u03c3\u03b5\u03b9\u03c2. \u03a3\u03b7\u03bc\u03b1\u03bd\u03c4\u03b9\u03ba\u03cc \u03c1\u03cc\u03bb\u03bf \u03c3\u03c4\u03b7\u03bd \u03b1\u03bd\u03ac\u03c0\u03c4\u03c5\u03be\u03b7 \u03c4\u03b7\u03c2 \u03c0\u03b5\u03c1\u03b9\u03bf\u03c7\u03ae\u03c2 \u03b4\u03b9\u03b1\u03b4\u03c1\u03b1\u03bc\u03b1\u03c4\u03af\u03b6\u03b5\u03b9 \u03c4\u03bf \u0393\u03b5\u03c9\u03c0\u03ac\u03c1\u03ba\u03bf \u03a8\u03b7\u03bb\u03bf\u03c1\u03b5\u03af\u03c4\u03b7 \u03c4\u03bf \u03bf\u03c0\u03bf\u03af\u03bf \u03ad\u03c7\u03b5\u03b9 \u03b1\u03bd\u03b1\u03b3\u03bd\u03c9\u03c1\u03b9\u03c3\u03b8\u03b5\u03af \u03b5\u03c0\u03af\u03c3\u03b7\u03bc\u03b1 \u03c9\u03c2 \u03c0\u03b1\u03b3\u03ba\u03cc\u03c3\u03bc\u03b9\u03bf \u0393\u03b5\u03c9\u03c0\u03ac\u03c1\u03ba\u03bf UNESCO. \u03a3\u03c4\u03b7\u03bd \u03c0\u03b5\u03c1\u03b9\u03bf\u03c7\u03ae \u03c5\u03c0\u03ac\u03c1\u03c7\u03b5\u03b9 \u03b1\u03c0\u03cc \u03c4\u03bf 1988 \u03c4\u03bf \u0391\u039a\u039f\u039c\u039c-\u03a8\u0397\u039b\u039f\u03a1\u0395\u0399\u03a4\u0397\u03a3 \u0391\u039d\u0391\u03a0\u03a4\u03a5\u039e\u0399\u0391\u039a\u0397 \u0391\u0395 \u039f\u03a4\u0391, \u03c4\u03bf \u03bf\u03c0\u03bf\u03af\u03bf \u03ad\u03c7\u03b5\u03b9 \u03b4\u03b9\u03b1\u03b4\u03c1\u03b1\u03bc\u03b1\u03c4\u03af\u03c3\u03b5\u03b9 \u03ba\u03b1\u03c4\u03b1\u03bb\u03c5\u03c4\u03b9\u03ba\u03cc [&hellip;]<\/p>","protected":false},"author":1,"featured_media":0,"parent":0,"menu_order":0,"comment_status":"closed","ping_status":"closed","template":"","meta":{"footnotes":""},"class_list":["post-2432","page","type-page","status-publish","hentry"],"_links":{"self":[{"href":"https:\/\/psiloritisgeopark.gr\/de\/wp-json\/wp\/v2\/pages\/2432","targetHints":{"allow":["GET"]}}],"collection":[{"href":"https:\/\/psiloritisgeopark.gr\/de\/wp-json\/wp\/v2\/pages"}],"about":[{"href":"https:\/\/psiloritisgeopark.gr\/de\/wp-json\/wp\/v2\/types\/page"}],"author":[{"embeddable":true,"href":"https:\/\/psiloritisgeopark.gr\/de\/wp-json\/wp\/v2\/users\/1"}],"replies":[{"embeddable":true,"href":"https:\/\/psiloritisgeopark.gr\/de\/wp-json\/wp\/v2\/comments?post=2432"}],"version-history":[{"count":4,"href":"https:\/\/psiloritisgeopark.gr\/de\/wp-json\/wp\/v2\/pages\/2432\/revisions"}],"predecessor-version":[{"id":2436,"href":"https:\/\/psiloritisgeopark.gr\/de\/wp-json\/wp\/v2\/pages\/2432\/revisions\/2436"}],"wp:attachment":[{"href":"https:\/\/psiloritisgeopark.gr\/de\/wp-json\/wp\/v2\/media?parent=2432"}],"curies":[{"name":"wp","href":"https:\/\/api.w.org\/{rel}","templated":true}]}}