{"id":2475,"date":"2025-09-18T07:56:33","date_gmt":"2025-09-18T07:56:33","guid":{"rendered":"https:\/\/nextdigital-demos.info\/gewparko\/?page_id=2475"},"modified":"2025-09-18T08:04:19","modified_gmt":"2025-09-18T08:04:19","slug":"%cf%84%ce%bf-%cf%80%ce%ac%cf%81%ce%ba%ce%bf","status":"publish","type":"page","link":"https:\/\/psiloritisgeopark.gr\/de\/%cf%84%ce%bf-%cf%80%ce%ac%cf%81%ce%ba%ce%bf\/","title":{"rendered":"Der Park"},"content":{"rendered":"<div data-elementor-type=\"wp-page\" data-elementor-id=\"2475\" class=\"elementor elementor-2475\" data-elementor-post-type=\"page\">\n\t\t\t\t<div data-particle_enable=\"false\" data-particle-mobile-disabled=\"false\" class=\"elementor-element elementor-element-3b69919 e-flex e-con-boxed e-con e-parent\" data-id=\"3b69919\" data-element_type=\"container\" data-settings=\"{&quot;background_background&quot;:&quot;classic&quot;}\">\n\t\t\t\t\t<div class=\"e-con-inner\">\n\t\t\t\t<div class=\"elementor-element elementor-element-3fd18d3 elementor-widget elementor-widget-heading\" data-id=\"3fd18d3\" data-element_type=\"widget\" data-widget_type=\"heading.default\">\n\t\t\t\t\t<h2 class=\"elementor-heading-title elementor-size-default\">Der Park<\/h2>\t\t\t\t<\/div>\n\t\t\t\t\t<\/div>\n\t\t\t\t<\/div>\n\t\t<div data-particle_enable=\"false\" data-particle-mobile-disabled=\"false\" class=\"elementor-element elementor-element-6c6a9cd e-flex e-con-boxed e-con e-parent\" data-id=\"6c6a9cd\" data-element_type=\"container\">\n\t\t\t\t\t<div class=\"e-con-inner\">\n\t\t\t\t<div class=\"elementor-element elementor-element-547ce61 elementor-widget elementor-widget-text-editor\" data-id=\"547ce61\" data-element_type=\"widget\" data-widget_type=\"text-editor.default\">\n\t\t\t\t\t\t\t\t\t<div class=\"listsubitems\"><h2><a href=\"https:\/\/psiloritisgeopark.gr\/de\/videos-%ce%ba%ce%b1%ce%b9-%cf%86%cf%89%cf%84%ce%bf%ce%b3%cf%81%ce%b1%cf%86%ce%b9%ce%ba%cf%8c-%cf%85%ce%bb%ce%b9%ce%ba%cf%8c\/\">Geschichte<\/a><\/h2><div class=\"listsubdescription\">Der Psiloritis-Geopark wurde 2001 als informeller Naturpark von der Gesellschaft A.K.O.M.M. \u2013 Psiloritis Entwicklungsagentur A.G. O.T.A. mit wissenschaftlicher Unterst\u00fctzung des Naturkundemuseums der Universit\u00e4t Kreta gegr\u00fcndet.<\/div><div class=\"clear\">\u00a0<\/div><\/div><div class=\"listsubitems\"><h2><a href=\"https:\/\/psiloritisgeopark.gr\/de\/%ce%b4%ce%b9%ce%b1%cf%87%ce%b5%ce%af%cf%81%ce%b9%cf%83%ce%b7-2\/\">Verwaltung<\/a><\/h2><div class=\"listsubdescription\">Die D\u00f6rfer in der weiterenUmgebung des Psiloritis stehenvorgemeinsamenHerausforderungen und Problemen. Eine wichtige Rolle bei...<\/div><div class=\"clear\">\u00a0<\/div><\/div><div class=\"listsubitems\"><h2><a href=\"https:\/\/psiloritisgeopark.gr\/de\/%ce%b4%ce%b9%ce%b1%cf%87%ce%b5%ce%af%cf%81%ce%b9%cf%83%ce%b7\/\">Lage<\/a><\/h2><div class=\"listsubdescription\">Der Psiloritis-Geopark befindet sich im Zentrum Kretas. Er umfasst das Psiloritis-Gebirge von seinen s\u00fcdlichen Ausl\u00e4ufern in der Region von Messara und dem Amari-Becken bis zu seinem n\u00f6rdlichen Ausl\u00e4ufer im Kouloukonas-Gebirge und dem Kretischen Meer. Verwaltungsm\u00e4\u00dfig geh\u00f6rt er zu den Regionalbezirken Heraklion und Rethymno.<\/div><div class=\"clear\">\u00a0<\/div><\/div><div class=\"listsubitems\"><h2><a href=\"https:\/\/psiloritisgeopark.gr\/de\/%ce%b3%ce%b5%cf%89%cf%80%ce%ac%cf%81%ce%ba%ce%b1\/\">Geoparks<\/a><\/h2><div class=\"listsubdescription\">Dank seines reichengeowissenschaftlichenInhalts, der atemberaubendenLandschaft und seines unbestreitbarenhistorischen und kulturellenErbeswurde der Naturpark Psiloritis von Anfang an in das Europ\u00e4ische Geopark-Netzwerk und das Globale Geopark-Netzwerkaufgenommen und erlangte so internationaleBekanntheit.<\/div><div class=\"clear\">\u00a0<\/div><\/div><div class=\"listsubitems\"><h2><a href=\"https:\/\/psiloritisgeopark.gr\/de\/%ce%b2%ce%b9%ce%bf%cf%80%ce%bf%ce%b9%ce%ba%ce%b9%ce%bb%cf%8c%cf%84%ce%b7%cf%84%ce%b1\/\">Biodiversit\u00e9<\/a><\/h2><div class=\"listsubdescription\">\u00a0<\/div><div class=\"clear\">\u00a0<\/div><\/div><div class=\"listsubitems\"><h2><a href=\"https:\/\/psiloritisgeopark.gr\/de\/%ce%b3%ce%b5%cf%8e%cf%84%ce%bf%cf%80%ce%bf%ce%b9\/\">Geostandorte<\/a><\/h2><div class=\"listsubdescription\">Die Erdmonumente und Geologischen Stellen des Psiloritis sind \u00fcber das gesamte Gebiet des Gebirges verstreut.<\/div><div class=\"clear\">\u00a0<\/div><\/div><div class=\"listsubitems\"><h2><a href=\"https:\/\/psiloritisgeopark.gr\/de\/%cf%84%ce%bf-%ce%ba%ce%bb%ce%af%ce%bc%ce%b1\/\">Das Klima<\/a><\/h2><div class=\"listsubdescription\">Im Allgemeinen geh\u00f6rt das Klima Kretas zum typischen mediterranen Landklima. Seine Hauptmerkmale sind mild und sanft.<\/div><div class=\"clear\">\u00a0<\/div><\/div><div class=\"listsubitems\"><h2><a href=\"https:\/\/psiloritisgeopark.gr\/de\/%ce%ad%cf%81%ce%b5%cf%85%ce%bd%ce%b1\/\">Forschung<\/a><\/h2><div class=\"listsubdescription\">Die Forschung ist ein wichtiger Pfeiler des Geoparks Psiloritis, da dank der verschiedenen Studien, die in der Region durchgef\u00fchrt werden, das Wissen \u00fcber das nat\u00fcrliche und kulturelle Erbe des Geoparks dokumentiert und erweitert werden kann!<\/div><div class=\"clear\">\u00a0<\/div><\/div><div class=\"listsubitems\"><h2><a href=\"https:\/\/psiloritisgeopark.gr\/de\/%ce%b4%cf%81%ce%b1%cf%83%cf%84%ce%b7%cf%81%ce%b9%cf%8c%cf%84%ce%b7%cf%84%ce%b5%cf%82\/\">Aktivit\u00e4ten<\/a><\/h2><div class=\"listsubdescription\">\u00a0<\/div><div class=\"clear\">\u00a0<\/div><\/div><div class=\"listsubitems\"><h2><a href=\"https:\/\/psiloritisgeopark.gr\/de\/%ce%ba%ce%ad%ce%bd%cf%84%cf%81%ce%bf-%cf%80%ce%bb%ce%b7%cf%81%ce%bf%cf%86%cf%8c%cf%81%ce%b7%cf%83%ce%b7%cf%82-2\/\">Informationszentrum<\/a><\/h2><div class=\"listsubdescription\">Das Informationszentrum des Naturparks Psiloritis befindet sich in Anogia, in einem eigens daf\u00fcr eingerichteten Raum in...<\/div><div class=\"clear\">\u00a0<\/div><\/div><div class=\"listsubitems\"><h2><a href=\"https:\/\/psiloritisgeopark.gr\/de\/%ce%b5%cf%84%ce%b1%ce%af%cf%81%ce%bf%ce%b9\/\">Partner<\/a><\/h2><div class=\"listsubdescription\">Partner sind Einrichtungen, die nicht vor Ort pr\u00e4sent sein m\u00fcssen. Sie arbeiten mit dem Geopark bei Aktivit\u00e4ten zusammen...<\/div><div class=\"clear\">\u00a0<\/div><\/div><div class=\"listsubitems\"><h2><a href=\"https:\/\/psiloritisgeopark.gr\/de\/%ce%b5%ce%ba%ce%b4%cf%8c%cf%83%ce%b5%ce%b9%cf%82\/\">Ver\u00f6ffentlichungen<\/a><\/h2><\/div>\t\t\t\t\t\t\t\t<\/div>\n\t\t\t\t\t<\/div>\n\t\t\t\t<\/div>\n\t\t\t\t<\/div>","protected":false},"excerpt":{"rendered":"<p>\u0399\u03c3\u03c4\u03bf\u03c1\u03b9\u03ba\u03cc \u03a4\u03bf \u03b3\u03b5\u03c9\u03c0\u03ac\u03c1\u03ba\u03bf \u03c4\u03bf\u03c5 \u03a8\u03b7\u03bb\u03bf\u03c1\u03b5\u03af\u03c4\u03b7 \u03b9\u03b4\u03c1\u03cd\u03b8\u03b7\u03ba\u03b5 \u03c4\u03bf 2001 \u03c3\u03b1\u03bd \u03ac\u03c4\u03c5\u03c0\u03bf \u03a6\u03c5\u03c3\u03b9\u03ba\u03cc \u03a0\u03ac\u03c1\u03ba\u03bf \u03b1\u03c0\u03cc \u03c4\u03b7\u03bd \u03b5\u03c4\u03b1\u03b9\u03c1\u03af\u03b1 \u0391.\u039a.\u039f.\u039c.\u039c. &#8211; \u03a8\u03b7\u03bb\u03bf\u03c1\u03b5\u03af\u03c4\u03b7\u03c2 \u0391\u03bd\u03b1\u03c0\u03c4\u03c5\u03be\u03b9\u03b1\u03ba\u03ae&#8230;\u00a0 \u0394\u03b9\u03b1\u03c7\u03b5\u03af\u03c1\u03b9\u03c3\u03b7 \u039f\u03b9 \u03bf\u03b9\u03ba\u03b9\u03c3\u03bc\u03bf\u03af \u03c4\u03b7\u03c2 \u03b5\u03c5\u03c1\u03cd\u03c4\u03b5\u03c1\u03b7\u03c2 \u03c0\u03b5\u03c1\u03b9\u03bf\u03c7\u03ae\u03c2 \u03c4\u03bf\u03c5 \u03a8\u03b7\u03bb\u03bf\u03c1\u03b5\u03af\u03c4\u03b7, \u03b1\u03bd\u03c4\u03b9\u03bc\u03b5\u03c4\u03c9\u03c0\u03af\u03b6\u03bf\u03c5\u03bd \u03ba\u03bf\u03b9\u03bd\u03ac \u03c0\u03c1\u03bf\u03b2\u03bb\u03ae\u03bc\u03b1\u03c4\u03b1 \u03ba\u03b1\u03b9 \u03c0\u03c1\u03bf\u03ba\u03bb\u03ae\u03c3\u03b5\u03b9\u03c2. \u03a3\u03b7\u03bc\u03b1\u03bd\u03c4\u03b9\u03ba\u03cc \u03c1\u03cc\u03bb\u03bf \u03c3\u03c4\u03b7\u03bd&#8230;\u00a0 \u0398\u03ad\u03c3\u03b7 \u03a4\u03bf \u0393\u03b5\u03c9\u03c0\u03ac\u03c1\u03ba\u03bf \u03c4\u03bf\u03c5 \u03a8\u03b7\u03bb\u03bf\u03c1\u03b5\u03af\u03c4\u03b7 \u03b2\u03c1\u03af\u03c3\u03ba\u03b5\u03c4\u03b1\u03b9 \u03c3\u03c4\u03b7\u03bd \u03ba\u03b5\u03bd\u03c4\u03c1\u03b9\u03ba\u03ae \u039a\u03c1\u03ae\u03c4\u03b7 \u03ba\u03b1\u03b9 \u03c0\u03b5\u03c1\u03b9\u03bb\u03b1\u03bc\u03b2\u03ac\u03bd\u03b5\u03b9 \u03c4\u03b7\u03bd \u03bf\u03c1\u03bf\u03c3\u03b5\u03b9\u03c1\u03ac \u03c4\u03bf\u03c5 \u03a8\u03b7\u03bb\u03bf\u03c1\u03b5\u03af\u03c4\u03b7 \u03b1\u03c0\u03cc \u03c4\u03b9\u03c2 \u03bd\u03cc\u03c4\u03b9\u03b5\u03c2&#8230;\u00a0 \u0393\u03b5\u03c9\u03c0\u03ac\u03c1\u03ba\u03b1 \u039b\u03cc\u03b3\u03c9 [&hellip;]<\/p>","protected":false},"author":1,"featured_media":0,"parent":0,"menu_order":0,"comment_status":"closed","ping_status":"closed","template":"","meta":{"footnotes":""},"class_list":["post-2475","page","type-page","status-publish","hentry"],"_links":{"self":[{"href":"https:\/\/psiloritisgeopark.gr\/de\/wp-json\/wp\/v2\/pages\/2475","targetHints":{"allow":["GET"]}}],"collection":[{"href":"https:\/\/psiloritisgeopark.gr\/de\/wp-json\/wp\/v2\/pages"}],"about":[{"href":"https:\/\/psiloritisgeopark.gr\/de\/wp-json\/wp\/v2\/types\/page"}],"author":[{"embeddable":true,"href":"https:\/\/psiloritisgeopark.gr\/de\/wp-json\/wp\/v2\/users\/1"}],"replies":[{"embeddable":true,"href":"https:\/\/psiloritisgeopark.gr\/de\/wp-json\/wp\/v2\/comments?post=2475"}],"version-history":[{"count":4,"href":"https:\/\/psiloritisgeopark.gr\/de\/wp-json\/wp\/v2\/pages\/2475\/revisions"}],"predecessor-version":[{"id":2480,"href":"https:\/\/psiloritisgeopark.gr\/de\/wp-json\/wp\/v2\/pages\/2475\/revisions\/2480"}],"wp:attachment":[{"href":"https:\/\/psiloritisgeopark.gr\/de\/wp-json\/wp\/v2\/media?parent=2475"}],"curies":[{"name":"wp","href":"https:\/\/api.w.org\/{rel}","templated":true}]}}