{"id":2497,"date":"2025-09-18T08:54:16","date_gmt":"2025-09-18T08:54:16","guid":{"rendered":"https:\/\/nextdigital-demos.info\/gewparko\/?page_id=2497"},"modified":"2025-09-25T08:58:09","modified_gmt":"2025-09-25T08:58:09","slug":"%ce%b5%ce%ba%cf%80%ce%b1%ce%af%ce%b4%ce%b5%cf%85%cf%83%ce%b7","status":"publish","type":"page","link":"https:\/\/psiloritisgeopark.gr\/de\/%ce%b5%ce%ba%cf%80%ce%b1%ce%af%ce%b4%ce%b5%cf%85%cf%83%ce%b7\/","title":{"rendered":"Bildung"},"content":{"rendered":"<div data-elementor-type=\"wp-page\" data-elementor-id=\"2497\" class=\"elementor elementor-2497\" data-elementor-post-type=\"page\">\n\t\t\t\t<div data-particle_enable=\"false\" data-particle-mobile-disabled=\"false\" class=\"elementor-element elementor-element-3b69919 e-flex e-con-boxed e-con e-parent\" data-id=\"3b69919\" data-element_type=\"container\" data-settings=\"{&quot;background_background&quot;:&quot;classic&quot;}\">\n\t\t\t\t\t<div class=\"e-con-inner\">\n\t\t\t\t<div class=\"elementor-element elementor-element-3fd18d3 elementor-widget elementor-widget-heading\" data-id=\"3fd18d3\" data-element_type=\"widget\" data-widget_type=\"heading.default\">\n\t\t\t\t\t<h2 class=\"elementor-heading-title elementor-size-default\">Bildung<\/h2>\t\t\t\t<\/div>\n\t\t\t\t\t<\/div>\n\t\t\t\t<\/div>\n\t\t<div data-particle_enable=\"false\" data-particle-mobile-disabled=\"false\" class=\"elementor-element elementor-element-5bbb2ae e-flex e-con-boxed e-con e-parent\" data-id=\"5bbb2ae\" data-element_type=\"container\" data-settings=\"{&quot;background_background&quot;:&quot;classic&quot;}\">\n\t\t\t\t\t<div class=\"e-con-inner\">\n\t\t<div data-particle_enable=\"false\" data-particle-mobile-disabled=\"false\" class=\"elementor-element elementor-element-793257f e-con-full e-flex e-con e-child\" data-id=\"793257f\" data-element_type=\"container\">\n\t\t\t\t<div class=\"elementor-element elementor-element-ceafcfa elementor-widget elementor-widget-heading\" data-id=\"ceafcfa\" data-element_type=\"widget\" data-widget_type=\"heading.default\">\n\t\t\t\t\t<h2 class=\"elementor-heading-title elementor-size-default\">\u201eDer Geopark Psiloritis als Bildungsinstrument: Programme und Kooperationen\u201c<\/h2>\t\t\t\t<\/div>\n\t\t\t\t<\/div>\n\t\t\t\t\t<\/div>\n\t\t\t\t<\/div>\n\t\t<div data-particle_enable=\"false\" data-particle-mobile-disabled=\"false\" class=\"elementor-element elementor-element-6c6a9cd e-flex e-con-boxed e-con e-parent\" data-id=\"6c6a9cd\" data-element_type=\"container\">\n\t\t\t\t\t<div class=\"e-con-inner\">\n\t\t\t\t<div class=\"elementor-element elementor-element-547ce61 elementor-widget elementor-widget-text-editor\" data-id=\"547ce61\" data-element_type=\"widget\" data-widget_type=\"text-editor.default\">\n\t\t\t\t\t\t\t\t\t<p>Die\u00a0<strong>Bildungsaktivit\u00e4ten des Geoparks<\/strong>\u00a0werdenhaupts\u00e4chlichdurch seine wichtigsten Partner, das Umweltbildungszentrum von Anogeia und das Naturkundemuseum von Kreta, durchgef\u00fchrt<br \/>Der Geopark hat imRahmenverschiedenerProjekteverschiedeneBildungsprogrammeentwickelt.<\/p><h2><a href=\"https:\/\/psiloritisgeopark.gr\/de\/e-geodiscover-app\/\">E-geodiscover<\/a><\/h2><div class=\"listsubdescription\">Entdecken Sie die Umgebung und Kultur des Psiloritis, indem Sie auf seinen Georouten spielen und lernen...<\/div><div>\u00a0<\/div><div id=\"subPages\"><div class=\"listsubitems\"><h2><a href=\"https:\/\/psiloritisgeopark.gr\/de\/%ce%b5%ce%ba%cf%80%ce%b1%ce%b9%ce%b4%ce%b5%cf%85%cf%84%ce%b9%ce%ba%cf%8c-%cf%85%ce%bb%ce%b9%ce%ba%cf%8c-%ce%b3%ce%b5%cf%89%cf%80%ce%ac%cf%81%ce%ba%ce%bf%cf%85-%cf%88%ce%b7%ce%bb%ce%bf%cf%81%ce%b5\/\">P\u00e4dagogisches Material des Psiloritis-Geoparks<\/a><\/h2><div class=\"listsubdescription\">Der Geopark Psiloritis bietetverschiedeneBildungsma\u00dfnahmen und Aktivit\u00e4tenf\u00fcrSch\u00fcler und Kinder an, die...<\/div><div class=\"clear\">\u00a0<\/div><\/div><div class=\"listsubitems\"><h2><a href=\"https:\/\/psiloritisgeopark.gr\/de\/%ce%b5%ce%ba%cf%80%ce%b1%ce%af%ce%b4%ce%b5%cf%85%cf%83%ce%b7-%ce%b5%ce%bd%ce%b7%ce%bb%ce%af%ce%ba%cf%89%ce%bd-%ce%b5%cf%80%ce%b1%ce%b3%ce%b3%ce%b5%ce%bb%ce%bc%ce%b1%cf%84%ce%b9%cf%8e%ce%bd\/\">Erwachsenenbildung \/ FachlicheFortbildung<\/a><\/h2><div class=\"listsubdescription\">Der Geopark Psiloritis organisiert von Zeit zu Zeit odernimmt auf Einladung an Seminarenoder Workshop-Reihenteil, die...<\/div><div class=\"clear\">\u00a0<\/div><\/div><div class=\"listsubitems\"><h2><a href=\"https:\/\/psiloritisgeopark.gr\/de\/%ce%ba-%cf%80-%ce%b5-%ce%b1%ce%bd%cf%89%ce%b3%ce%b5%ce%af%cf%89%ce%bd\/\">K.P.E. Anogeia<\/a><\/h2><div class=\"listsubdescription\">Zentrumf\u00fcrUmweltbildungAnogion Das KPE Anogionistseit 2006 in Betrieb und geh\u00f6rtzum Ministerium f\u00fcrNationale...<\/div><div class=\"clear\">\u00a0<\/div><\/div><div class=\"listsubitems\"><h2><a href=\"https:\/\/psiloritisgeopark.gr\/de\/%ce%bc%ce%bf%cf%85%cf%83%ce%b5%ce%af%ce%bf-%cf%86%cf%85%cf%83%ce%b9%ce%ba%ce%ae%cf%82-%ce%b9%cf%83%cf%84%ce%bf%cf%81%ce%af%ce%b1%cf%82\/\">Naturkundemuseum<\/a><\/h2><div class=\"listsubdescription\">Das Naturkundemuseum von Kreta \u2013 Universit\u00e4t Kretaist der wissenschaftlicheBerater des Geoparks Psiloritis...<\/div><div class=\"clear\">\u00a0<\/div><\/div><div class=\"listsubitems\"><h2><a href=\"https:\/\/psiloritisgeopark.gr\/de\/%ce%b1%cf%83%cf%84%ce%b5%cf%81%ce%bf%cf%83%ce%ba%ce%bf%cf%80%ce%b5%ce%af%ce%bf-%cf%83%ce%ba%ce%af%ce%bd%ce%b1%ce%ba%ce%b1\/\">Skinakas-Sternwarte<\/a><\/h2><div class=\"listsubdescription\">Die Skinakas-SternwarteisteinegemeinsameForschungseinrichtung der Universit\u00e4t Kreta und des TechnologischenInstituts...<\/div><div class=\"clear\">\u00a0<\/div><\/div><div class=\"listsubitems\"><h2><a href=\"https:\/\/psiloritisgeopark.gr\/de\/%cf%80%ce%b1%ce%bb%ce%b1%ce%b9%ce%bf%ce%bd%cf%84%ce%bf%ce%bb%ce%bf%ce%b3%ce%b9%ce%ba%cf%8c-%ce%bc%ce%bf%cf%85%cf%83%ce%b5%ce%af%ce%bf-%cf%81%ce%b5%ce%b8%cf%8d%ce%bc%ce%bd%ce%bf%cf%85-%cf%84%ce%ad\/\">Pal\u00e4ontologisches Museum von Rethymno (Temenos Mastaba)<\/a><\/h2><div class=\"listsubdescription\">Das Temenos Mastabamit seiner einzigartigenArchitekturaus 9 Kuppeln, den aneinandergrenzendenZellen, dem \u201eIgoumenio\u201d und dem...<\/div><\/div><\/div>\t\t\t\t\t\t\t\t<\/div>\n\t\t\t\t\t<\/div>\n\t\t\t\t<\/div>\n\t\t\t\t<\/div>","protected":false},"excerpt":{"rendered":"<p>\u00ab\u03a4\u03bf \u0393\u03b5\u03c9\u03c0\u03ac\u03c1\u03ba\u03bf \u03a8\u03b7\u03bb\u03bf\u03c1\u03b5\u03af\u03c4\u03b7 \u03c9\u03c2 \u0395\u03ba\u03c0\u03b1\u03b9\u03b4\u03b5\u03c5\u03c4\u03b9\u03ba\u03cc \u0395\u03c1\u03b3\u03b1\u03bb\u03b5\u03af\u03bf: \u03a0\u03c1\u03bf\u03b3\u03c1\u03ac\u03bc\u03bc\u03b1\u03c4\u03b1 \u03ba\u03b1\u03b9 \u03a3\u03c5\u03bd\u03b5\u03c1\u03b3\u03b1\u03c3\u03af\u03b5\u03c2\u00bb \u039f\u03b9\u00a0\u03b5\u03ba\u03c0\u03b1\u03b9\u03b4\u03b5\u03c5\u03c4\u03b9\u03ba\u03ad\u03c2 \u03b4\u03c1\u03b1\u03c3\u03c4\u03b7\u03c1\u03b9\u03cc\u03c4\u03b7\u03c4\u03b5\u03c2\u00a0\u03c4\u03bf\u03c5 \u03b3\u03b5\u03c9\u03c0\u03ac\u03c1\u03ba\u03bf\u03c5 \u03c5\u03bb\u03bf\u03c0\u03bf\u03b9\u03bf\u03cd\u03bd\u03c4\u03b1\u03b9 \u03ba\u03c5\u03c1\u03af\u03c9\u03c2 \u03bc\u03ad\u03c3\u03c9 \u03c4\u03c9\u03bd \u03b2\u03b1\u03c3\u03b9\u03ba\u03ce\u03bd \u03c4\u03bf\u03c5 \u03b5\u03c4\u03b1\u03af\u03c1\u03c9\u03bd, \u03c4\u03bf\u03c5 \u039a\u03ad\u03bd\u03c4\u03c1\u03bf\u03c5 \u03a0\u03b5\u03c1\u03b9\u03b2\u03b1\u03bb\u03bb\u03bf\u03bd\u03c4\u03b9\u03ba\u03ae\u03c2 \u0395\u03ba\u03c0\u03b1\u03af\u03b4\u03b5\u03c5\u03c3\u03b7\u03c2 \u0391\u03bd\u03c9\u03b3\u03b5\u03af\u03c9\u03bd \u03ba\u03b1\u03b9 \u03c4\u03bf\u03c5 \u039c\u03bf\u03c5\u03c3\u03b5\u03af\u03bf\u03c5 \u03a6\u03c5\u03c3\u03b9\u03ba\u03ae\u03c2 \u0399\u03c3\u03c4\u03bf\u03c1\u03af\u03b1\u03c2 \u039a\u03c1\u03ae\u03c4\u03b7\u03c2.\u03a4\u03bf \u0393\u03b5\u03c9\u03c0\u03ac\u03c1\u03ba\u03bf \u03ad\u03c7\u03b5\u03b9 \u03c3\u03c7\u03b5\u03b4\u03b9\u03ac\u03c3\u03b5\u03b9 \u03b4\u03b9\u03ac\u03c6\u03bf\u03c1\u03b1 \u03b5\u03ba\u03c0\u03b1\u03b9\u03b4\u03b5\u03c5\u03c4\u03b9\u03ba\u03ac \u03c0\u03c1\u03bf\u03b3\u03c1\u03ac\u03bc\u03bc\u03b1\u03c4\u03b1 \u03bc\u03ad\u03c3\u03c9 \u03c4\u03b7\u03c2 \u03c5\u03bb\u03bf\u03c0\u03bf\u03af\u03c3\u03b7\u03c2 \u03c0\u03bf\u03b9\u03ba\u03af\u03bb\u03c9\u03bd \u03ad\u03c1\u03b3\u03c9\u03bd. E-geodiscover (app) \u0391\u03bd\u03b1\u03ba\u03b1\u03bb\u03cd\u03c8\u03c4\u03b5 \u03c4\u03bf \u03c0\u03b5\u03c1\u03b9\u03b2\u03ac\u03bb\u03bb\u03bf\u03bd \u03ba\u03b1\u03b9 \u03c4\u03bf\u03bd \u03c0\u03bf\u03bb\u03b9\u03c4\u03b9\u03c3\u03bc\u03cc \u03c4\u03bf\u03c5 \u03a8\u03b7\u03bb\u03bf\u03c1\u03b5\u03af\u03c4\u03b7 \u03c0\u03b1\u03af\u03b6\u03bf\u03bd\u03c4\u03b1\u03c2 \u03ba\u03b1\u03b9 \u03bc\u03b1\u03b8\u03b1\u03af\u03bd\u03bf\u03bd\u03c4\u03b1\u03c2 \u03c3\u03c4\u03b9\u03c2 [&hellip;]<\/p>","protected":false},"author":1,"featured_media":0,"parent":0,"menu_order":0,"comment_status":"closed","ping_status":"closed","template":"","meta":{"footnotes":""},"class_list":["post-2497","page","type-page","status-publish","hentry"],"_links":{"self":[{"href":"https:\/\/psiloritisgeopark.gr\/de\/wp-json\/wp\/v2\/pages\/2497","targetHints":{"allow":["GET"]}}],"collection":[{"href":"https:\/\/psiloritisgeopark.gr\/de\/wp-json\/wp\/v2\/pages"}],"about":[{"href":"https:\/\/psiloritisgeopark.gr\/de\/wp-json\/wp\/v2\/types\/page"}],"author":[{"embeddable":true,"href":"https:\/\/psiloritisgeopark.gr\/de\/wp-json\/wp\/v2\/users\/1"}],"replies":[{"embeddable":true,"href":"https:\/\/psiloritisgeopark.gr\/de\/wp-json\/wp\/v2\/comments?post=2497"}],"version-history":[{"count":10,"href":"https:\/\/psiloritisgeopark.gr\/de\/wp-json\/wp\/v2\/pages\/2497\/revisions"}],"predecessor-version":[{"id":2990,"href":"https:\/\/psiloritisgeopark.gr\/de\/wp-json\/wp\/v2\/pages\/2497\/revisions\/2990"}],"wp:attachment":[{"href":"https:\/\/psiloritisgeopark.gr\/de\/wp-json\/wp\/v2\/media?parent=2497"}],"curies":[{"name":"wp","href":"https:\/\/api.w.org\/{rel}","templated":true}]}}