{"id":2502,"date":"2025-09-18T09:09:03","date_gmt":"2025-09-18T09:09:03","guid":{"rendered":"https:\/\/nextdigital-demos.info\/gewparko\/?page_id=2502"},"modified":"2026-01-27T14:41:24","modified_gmt":"2026-01-27T14:41:24","slug":"%ce%b5%ce%ba%cf%80%ce%b1%ce%b9%ce%b4%ce%b5%cf%85%cf%84%ce%b9%ce%ba%cf%8c-%cf%85%ce%bb%ce%b9%ce%ba%cf%8c-%ce%b3%ce%b5%cf%89%cf%80%ce%ac%cf%81%ce%ba%ce%bf%cf%85-%cf%88%ce%b7%ce%bb%ce%bf%cf%81%ce%b5","status":"publish","type":"page","link":"https:\/\/psiloritisgeopark.gr\/de\/%ce%b5%ce%ba%cf%80%ce%b1%ce%b9%ce%b4%ce%b5%cf%85%cf%84%ce%b9%ce%ba%cf%8c-%cf%85%ce%bb%ce%b9%ce%ba%cf%8c-%ce%b3%ce%b5%cf%89%cf%80%ce%ac%cf%81%ce%ba%ce%bf%cf%85-%cf%88%ce%b7%ce%bb%ce%bf%cf%81%ce%b5\/","title":{"rendered":"P\u00e4dagogisches Material des Psiloritis-Geoparks"},"content":{"rendered":"<div data-elementor-type=\"wp-page\" data-elementor-id=\"2502\" class=\"elementor elementor-2502\" data-elementor-post-type=\"page\">\n\t\t\t\t<div data-particle_enable=\"false\" data-particle-mobile-disabled=\"false\" class=\"elementor-element elementor-element-3b69919 e-flex e-con-boxed e-con e-parent\" data-id=\"3b69919\" data-element_type=\"container\" data-settings=\"{&quot;background_background&quot;:&quot;classic&quot;}\">\n\t\t\t\t\t<div class=\"e-con-inner\">\n\t\t\t\t<div class=\"elementor-element elementor-element-3fd18d3 elementor-widget elementor-widget-heading\" data-id=\"3fd18d3\" data-element_type=\"widget\" data-widget_type=\"heading.default\">\n\t\t\t\t\t<h2 class=\"elementor-heading-title elementor-size-default\">P\u00e4dagogisches Material des Psiloritis-Geoparks<\/h2>\t\t\t\t<\/div>\n\t\t\t\t\t<\/div>\n\t\t\t\t<\/div>\n\t\t<div data-particle_enable=\"false\" data-particle-mobile-disabled=\"false\" class=\"elementor-element elementor-element-6c6a9cd e-flex e-con-boxed e-con e-parent\" data-id=\"6c6a9cd\" data-element_type=\"container\">\n\t\t\t\t\t<div class=\"e-con-inner\">\n\t\t\t\t<div class=\"elementor-element elementor-element-547ce61 elementor-widget elementor-widget-text-editor\" data-id=\"547ce61\" data-element_type=\"widget\" data-widget_type=\"text-editor.default\">\n\t\t\t\t\t\t\t\t\t<div>Der Psiloritis-Geopark bietet eine Vielzahl an Bildungsaktivit\u00e4ten f\u00fcr Sch\u00fclerinnen und Sch\u00fcler sowie Kinder, die den Park und das Informationszentrum besuchen. Diese beinhalten:<\/div><div><strong>Besuch des Informationszentrums des Psiloritis-Geoparks<\/strong><\/div><div>Das\u00a0<a href=\"https:\/\/www.google.com\/maps\/place\/%CE%A0%CE%B1%CE%B3%CE%BA%CF%8C%CF%83%CE%BC%CE%B9%CE%BF+%CE%93%CE%B5%CF%89%CF%80%CE%AC%CF%81%CE%BA%CE%BF+UNESCO+%CE%A8%CE%B7%CE%BB%CE%BF%CF%81%CE%B5%CE%AF%CF%84%CE%B7,+%CE%9A%CE%AD%CE%BD%CF%84%CF%81%CE%BF+%CE%A0%CE%BB%CE%B7%CF%81%CE%BF%CF%86%CF%8C%CF%81%CE%B7%CF%83%CE%B7%CF%82-+Psiloritis+Unesco+Global+Geopark,+Information+Center\/@35.2875104,24.8897734,15z\/data=!4m6!3m5!1s0x149b01bc84710599:0x61a68d9454db049b!8m2!3d35.2875104!4d24.8897734!16s%2Fg%2F11r_sjp_66\" target=\"_blank\" rel=\"noopener\">Informationszentrum des Geoparks Psiloritis<\/a>\u00a0befindet sich im Erdgeschoss des AKOMM-Geb\u00e4udes am Ortseingang des Dorfes Anogeia, in Richtung Heraklion. Es beherbergt Informations- und Lehrmaterial, kleine Versuchsanordnungen, Dioramen (einer H\u00f6hle, eines Berg\u00f6kosystems und eines traditionellen Hauses aus Anogeia), eine Ausstellung lokaler Produkte sowie eine kleine Sammlung von Gesteinen und Fossilien aus dem Gebiet des Geoparks. Au\u00dferdem stehen digitale Lernwerkzeuge zur Verf\u00fcgung. F\u00fchrungen werden auf Griechisch und Englisch angeboten.<\/div><div>\u00a0<\/div><div><img fetchpriority=\"high\" decoding=\"async\" class=\"alignnone size-medium wp-image-3066\" src=\"https:\/\/psiloritisgeopark.gr\/wp-content\/uploads\/2026\/01\/1000072005-300x225.jpg\" alt=\"\" width=\"300\" height=\"225\" srcset=\"https:\/\/psiloritisgeopark.gr\/wp-content\/uploads\/2026\/01\/1000072005-300x225.jpg 300w, https:\/\/psiloritisgeopark.gr\/wp-content\/uploads\/2026\/01\/1000072005-1024x768.jpg 1024w, https:\/\/psiloritisgeopark.gr\/wp-content\/uploads\/2026\/01\/1000072005-768x576.jpg 768w, https:\/\/psiloritisgeopark.gr\/wp-content\/uploads\/2026\/01\/1000072005-1536x1152.jpg 1536w, https:\/\/psiloritisgeopark.gr\/wp-content\/uploads\/2026\/01\/1000072005-2048x1536.jpg 2048w, https:\/\/psiloritisgeopark.gr\/wp-content\/uploads\/2026\/01\/1000072005-16x12.jpg 16w\" sizes=\"(max-width: 300px) 100vw, 300px\" \/> <img decoding=\"async\" class=\"alignnone size-medium wp-image-3065\" src=\"https:\/\/psiloritisgeopark.gr\/wp-content\/uploads\/2026\/01\/1000072003-300x225.jpg\" alt=\"\" width=\"300\" height=\"225\" srcset=\"https:\/\/psiloritisgeopark.gr\/wp-content\/uploads\/2026\/01\/1000072003-300x225.jpg 300w, https:\/\/psiloritisgeopark.gr\/wp-content\/uploads\/2026\/01\/1000072003-1024x768.jpg 1024w, https:\/\/psiloritisgeopark.gr\/wp-content\/uploads\/2026\/01\/1000072003-768x576.jpg 768w, https:\/\/psiloritisgeopark.gr\/wp-content\/uploads\/2026\/01\/1000072003-1536x1152.jpg 1536w, https:\/\/psiloritisgeopark.gr\/wp-content\/uploads\/2026\/01\/1000072003-2048x1536.jpg 2048w, https:\/\/psiloritisgeopark.gr\/wp-content\/uploads\/2026\/01\/1000072003-16x12.jpg 16w\" sizes=\"(max-width: 300px) 100vw, 300px\" \/> <img decoding=\"async\" class=\"alignnone size-medium wp-image-3067\" src=\"https:\/\/psiloritisgeopark.gr\/wp-content\/uploads\/2026\/01\/1000072009-300x225.jpg\" alt=\"\" width=\"300\" height=\"225\" srcset=\"https:\/\/psiloritisgeopark.gr\/wp-content\/uploads\/2026\/01\/1000072009-300x225.jpg 300w, https:\/\/psiloritisgeopark.gr\/wp-content\/uploads\/2026\/01\/1000072009-1024x768.jpg 1024w, https:\/\/psiloritisgeopark.gr\/wp-content\/uploads\/2026\/01\/1000072009-768x576.jpg 768w, https:\/\/psiloritisgeopark.gr\/wp-content\/uploads\/2026\/01\/1000072009-1536x1152.jpg 1536w, https:\/\/psiloritisgeopark.gr\/wp-content\/uploads\/2026\/01\/1000072009-2048x1536.jpg 2048w, https:\/\/psiloritisgeopark.gr\/wp-content\/uploads\/2026\/01\/1000072009-16x12.jpg 16w\" sizes=\"(max-width: 300px) 100vw, 300px\" \/> <img loading=\"lazy\" decoding=\"async\" class=\"alignnone wp-image-3068\" src=\"https:\/\/psiloritisgeopark.gr\/wp-content\/uploads\/2026\/01\/1000072025-225x300.jpg\" alt=\"\" width=\"166\" height=\"221\" srcset=\"https:\/\/psiloritisgeopark.gr\/wp-content\/uploads\/2026\/01\/1000072025-225x300.jpg 225w, https:\/\/psiloritisgeopark.gr\/wp-content\/uploads\/2026\/01\/1000072025-768x1024.jpg 768w, https:\/\/psiloritisgeopark.gr\/wp-content\/uploads\/2026\/01\/1000072025-1152x1536.jpg 1152w, https:\/\/psiloritisgeopark.gr\/wp-content\/uploads\/2026\/01\/1000072025-1536x2048.jpg 1536w, https:\/\/psiloritisgeopark.gr\/wp-content\/uploads\/2026\/01\/1000072025-9x12.jpg 9w, https:\/\/psiloritisgeopark.gr\/wp-content\/uploads\/2026\/01\/1000072025-scaled.jpg 1920w\" sizes=\"(max-width: 166px) 100vw, 166px\" \/><\/div><div>\u00a0<\/div><div><strong>Bildungsaktivit\u00e4ten im Freien<\/strong><\/div><div>Das Personal des Psiloritis-Geoparks organisiert oder beteiligt sich auf Einladung an Informations- oder Bildungsaktionen im Gel\u00e4nde zu verschiedenen Themenbereichen des Geoparks. Die Sch\u00fclerinnen und Sch\u00fcler haben so die M\u00f6glichkeit, die geologischen (und weiteren) Besonderheiten des Geoparks au\u00dferhalb des Klassenzimmers kennenzulernen.<\/div><div>\u00a0<\/div><div><img loading=\"lazy\" decoding=\"async\" class=\"alignnone wp-image-3073\" src=\"https:\/\/psiloritisgeopark.gr\/wp-content\/uploads\/2026\/01\/edufield2-300x225.jpg\" alt=\"\" width=\"351\" height=\"263\" srcset=\"https:\/\/psiloritisgeopark.gr\/wp-content\/uploads\/2026\/01\/edufield2-300x225.jpg 300w, https:\/\/psiloritisgeopark.gr\/wp-content\/uploads\/2026\/01\/edufield2-768x575.jpg 768w, https:\/\/psiloritisgeopark.gr\/wp-content\/uploads\/2026\/01\/edufield2-16x12.jpg 16w, https:\/\/psiloritisgeopark.gr\/wp-content\/uploads\/2026\/01\/edufield2.jpg 857w\" sizes=\"(max-width: 351px) 100vw, 351px\" \/> <img loading=\"lazy\" decoding=\"async\" class=\"alignnone wp-image-3072\" src=\"https:\/\/psiloritisgeopark.gr\/wp-content\/uploads\/2026\/01\/edufield-300x237.jpg\" alt=\"\" width=\"335\" height=\"265\" srcset=\"https:\/\/psiloritisgeopark.gr\/wp-content\/uploads\/2026\/01\/edufield-300x237.jpg 300w, https:\/\/psiloritisgeopark.gr\/wp-content\/uploads\/2026\/01\/edufield-15x12.jpg 15w, https:\/\/psiloritisgeopark.gr\/wp-content\/uploads\/2026\/01\/edufield.jpg 729w\" sizes=\"(max-width: 335px) 100vw, 335px\" \/><\/div><div><p><strong><a title=\"Bildungs-App \u201ee-Geodiscover\" href=\"https:\/\/www.psiloritisgeopark.gr\/el\/gia-ton-episkepti\/e-geodiscover--app-\/\" target=\"_blank\" rel=\"noopener\">Bildungs-App \u201ee-Geodiscover<\/a>\u00a0f\u00fcr Android-Ger\u00e4te<\/strong><\/p><p>Entdecken Sie die Pfade von Mygia und Gonies durch eine kostenlose Bildungs-App aus dem Google Play Store.\nDie App vermittelt Wissen \u00fcber Geologie, Kultur und Umwelt des Geoparks sowie Kompetenzen in Kartenlesen, Orientierung und Navigation. Sie ist als \u201eSchatzsuche\u201c-Quiz entlang eines kurzen, leicht begehbaren Pfades im Gebiet von Stefana und\/oder Gonies aufgebaut.<\/p><\/div><p><img loading=\"lazy\" decoding=\"async\" class=\"alignnone wp-image-3071\" src=\"https:\/\/psiloritisgeopark.gr\/wp-content\/uploads\/2026\/01\/egeodiscover-300x121.jpg\" alt=\"\" width=\"401\" height=\"162\" srcset=\"https:\/\/psiloritisgeopark.gr\/wp-content\/uploads\/2026\/01\/egeodiscover-300x121.jpg 300w, https:\/\/psiloritisgeopark.gr\/wp-content\/uploads\/2026\/01\/egeodiscover-768x311.jpg 768w, https:\/\/psiloritisgeopark.gr\/wp-content\/uploads\/2026\/01\/egeodiscover-18x7.jpg 18w, https:\/\/psiloritisgeopark.gr\/wp-content\/uploads\/2026\/01\/egeodiscover.jpg 865w\" sizes=\"(max-width: 401px) 100vw, 401px\" \/> <img loading=\"lazy\" decoding=\"async\" class=\"alignnone wp-image-3082\" src=\"https:\/\/psiloritisgeopark.gr\/wp-content\/uploads\/2026\/01\/digital-300x234.jpg\" alt=\"\" width=\"213\" height=\"166\" srcset=\"https:\/\/psiloritisgeopark.gr\/wp-content\/uploads\/2026\/01\/digital-300x234.jpg 300w, https:\/\/psiloritisgeopark.gr\/wp-content\/uploads\/2026\/01\/digital-15x12.jpg 15w, https:\/\/psiloritisgeopark.gr\/wp-content\/uploads\/2026\/01\/digital.jpg 563w\" sizes=\"(max-width: 213px) 100vw, 213px\" \/><\/p><div><p><strong>Bildungsprogramme des Psiloritis-Geoparks<\/strong><\/p><p>Im Informationszentrum des Geoparks finden 1\u20132-st\u00fcndige Bildungsprogramme statt. Sie beinhalten eine Einf\u00fchrung in die folgenden Themen sowie kurze Aktivit\u00e4ten in Form von Spielen. Je nach Interessen und p\u00e4dagogischen Zielen der jeweiligen Schulklasse k\u00f6nnen die Programme durch zus\u00e4tzliche Aktivit\u00e4ten erweitert werden, die im Rahmen von spezifischen Projekten entwickelt wurden (z.\u202fB. \u00f6kologischer Fu\u00dfabdruck der Ern\u00e4hrung, lokale Produkte, Risiken f\u00fcr Berg\u00f6kosysteme).\u00a0<\/p><p>1.\u00a0<b>1.\tPsiloritis: Global\u00a0<\/b><b>Geopark<\/b>\u00a0<b>UNESCO\u00a0<\/b>(Grundschule\u2013Gymnasium)\nWas ist ein Geopark und was macht er? Was sind Geost\u00e4tten und was bedeutet geologische Vielfalt? Wie verlief die pal\u00e4ogeographische Entwicklung Kretas? Wie h\u00e4ngt die Geologie mit Tieren, Pflanzen und Menschen auf dem Psiloritis zusammen?<\/p><\/div><div>2.\u00a0<b>Ein M\u00e4rchen im\u00a0<\/b><b>Geopark<\/b><b>\u00a0Psiloritis\u00a0<\/b>(Kindergarten\u20133. Klasse)\nWer untersucht Gesteine? Was ist ein Geopark? Was ist eine Geost\u00e4tte \u2013 und was nicht? Welche Rolle spielt Geologie in Mythen?<\/div><div>Ein Spiel rund um einen Mythos des Psiloritis-Geoparks!<\/div><div><p>3.\u00a0<strong>Biodiversit\u00e4t und der Psiloritis-Geopark<\/strong> (4. Klasse\u2013Gymnasium)\nWas ist ein Geopark? Was sind Geo- und Biodiversit\u00e4t \u2013 und wie h\u00e4ngen sie zusammen? Welche besonderen Pflanzen und Tiere gibt es im Geopark? Ihre Geschichte und die Bedrohungen, denen sie ausgesetzt sind.<\/p><p><img loading=\"lazy\" decoding=\"async\" class=\"alignnone wp-image-3064\" src=\"https:\/\/psiloritisgeopark.gr\/wp-content\/uploads\/2026\/01\/481454895_1141959031056314_4744642753402598043_n-300x300.jpg\" alt=\"\" width=\"202\" height=\"202\" srcset=\"https:\/\/psiloritisgeopark.gr\/wp-content\/uploads\/2026\/01\/481454895_1141959031056314_4744642753402598043_n-300x300.jpg 300w, https:\/\/psiloritisgeopark.gr\/wp-content\/uploads\/2026\/01\/481454895_1141959031056314_4744642753402598043_n-150x150.jpg 150w, https:\/\/psiloritisgeopark.gr\/wp-content\/uploads\/2026\/01\/481454895_1141959031056314_4744642753402598043_n-768x768.jpg 768w, https:\/\/psiloritisgeopark.gr\/wp-content\/uploads\/2026\/01\/481454895_1141959031056314_4744642753402598043_n-12x12.jpg 12w, https:\/\/psiloritisgeopark.gr\/wp-content\/uploads\/2026\/01\/481454895_1141959031056314_4744642753402598043_n.jpg 853w\" sizes=\"(max-width: 202px) 100vw, 202px\" \/> <img loading=\"lazy\" decoding=\"async\" class=\"alignnone wp-image-3079\" src=\"https:\/\/psiloritisgeopark.gr\/wp-content\/uploads\/2026\/01\/wordassociation-300x226.jpg\" alt=\"\" width=\"264\" height=\"199\" srcset=\"https:\/\/psiloritisgeopark.gr\/wp-content\/uploads\/2026\/01\/wordassociation-300x226.jpg 300w, https:\/\/psiloritisgeopark.gr\/wp-content\/uploads\/2026\/01\/wordassociation-768x578.jpg 768w, https:\/\/psiloritisgeopark.gr\/wp-content\/uploads\/2026\/01\/wordassociation-16x12.jpg 16w, https:\/\/psiloritisgeopark.gr\/wp-content\/uploads\/2026\/01\/wordassociation.jpg 794w\" sizes=\"(max-width: 264px) 100vw, 264px\" \/> <img loading=\"lazy\" decoding=\"async\" class=\"alignnone wp-image-3078\" src=\"https:\/\/psiloritisgeopark.gr\/wp-content\/uploads\/2026\/01\/petres-226x300.jpg\" alt=\"\" width=\"153\" height=\"203\" srcset=\"https:\/\/psiloritisgeopark.gr\/wp-content\/uploads\/2026\/01\/petres-226x300.jpg 226w, https:\/\/psiloritisgeopark.gr\/wp-content\/uploads\/2026\/01\/petres-9x12.jpg 9w, https:\/\/psiloritisgeopark.gr\/wp-content\/uploads\/2026\/01\/petres.jpg 410w\" sizes=\"(max-width: 153px) 100vw, 153px\" \/> <img loading=\"lazy\" decoding=\"async\" class=\"alignnone wp-image-3077\" src=\"https:\/\/psiloritisgeopark.gr\/wp-content\/uploads\/2026\/01\/paramithigeoparko-300x300.jpg\" alt=\"\" width=\"202\" height=\"202\" srcset=\"https:\/\/psiloritisgeopark.gr\/wp-content\/uploads\/2026\/01\/paramithigeoparko-300x300.jpg 300w, https:\/\/psiloritisgeopark.gr\/wp-content\/uploads\/2026\/01\/paramithigeoparko-150x150.jpg 150w, https:\/\/psiloritisgeopark.gr\/wp-content\/uploads\/2026\/01\/paramithigeoparko-12x12.jpg 12w, https:\/\/psiloritisgeopark.gr\/wp-content\/uploads\/2026\/01\/paramithigeoparko.jpg 525w\" sizes=\"(max-width: 202px) 100vw, 202px\" \/> <img loading=\"lazy\" decoding=\"async\" class=\"alignnone wp-image-3074\" src=\"https:\/\/psiloritisgeopark.gr\/wp-content\/uploads\/2026\/01\/diatrofi-300x226.jpg\" alt=\"\" width=\"272\" height=\"205\" srcset=\"https:\/\/psiloritisgeopark.gr\/wp-content\/uploads\/2026\/01\/diatrofi-300x226.jpg 300w, https:\/\/psiloritisgeopark.gr\/wp-content\/uploads\/2026\/01\/diatrofi-16x12.jpg 16w, https:\/\/psiloritisgeopark.gr\/wp-content\/uploads\/2026\/01\/diatrofi.jpg 661w\" sizes=\"(max-width: 272px) 100vw, 272px\" \/><\/p><\/div><div><p>P\u00e4dagogische Museumskoffer zu verschiedenen Themen<\/p><p>Im Rahmen verschiedener Projekte und in Zusammenarbeit mit mehreren Institutionen hat der Psiloritis-Geopark eine Reihe von Museumskoffern entwickelt, die bei Schulbesuchen im Informationszentrum zum Einsatz kommen oder an Lehrer*innen in der Region ausgeliehen werden k\u00f6nnen.<\/p><p><em>Die unterirdische Reise des Wassers\u201c<\/em>Im Rahmen des LEADER+-Projekts in Zusammenarbeit mit der Entwicklungsagentur AKOMM und dem Naturhistorischen Museum von Kreta.<\/p><p>Dieser Koffer thematisiert die Beziehung zwischen Kalkstein und Wasser, den unterirdischen Verlauf des Wassers durch das Gestein, die Bildung von Karstformen sowie die \u00d6kosysteme und die Biodiversit\u00e4t in solchen Umgebungen (z.\u202fB. H\u00f6hlenlebensr\u00e4ume).\nEr enth\u00e4lt:\n\u2013 Anleitungen und ein Theoriebuch\n\u2013 Versuchsdossiers und Spielmaterialien (Kreuzwortr\u00e4tsel, Wortsuchspiele)\n\u2013 zwei Brettspiele\nZielgruppe: Sch\u00fclerinnen und Sch\u00fcler der Klassen 5\u20139 sowie deren Lehrkr\u00e4fte.<\/p><p><img loading=\"lazy\" decoding=\"async\" class=\"alignnone wp-image-3076\" src=\"https:\/\/psiloritisgeopark.gr\/wp-content\/uploads\/2026\/01\/nero-300x212.jpg\" alt=\"\" width=\"303\" height=\"215\" srcset=\"https:\/\/psiloritisgeopark.gr\/wp-content\/uploads\/2026\/01\/nero-300x212.jpg 300w, https:\/\/psiloritisgeopark.gr\/wp-content\/uploads\/2026\/01\/nero-18x12.jpg 18w, https:\/\/psiloritisgeopark.gr\/wp-content\/uploads\/2026\/01\/nero.jpg 704w\" sizes=\"(max-width: 303px) 100vw, 303px\" \/><\/p><p>2. &#8220;<em>Klimawandel und Insel-Geoparks\u201c<\/em>Im Rahmen des GEO-IN-Projekts (Interreg), in Zusammenarbeit mit den UNESCO-Geoparks Troodos, Sitia, Lesbos und dem Naturhistorischen Museum von Kreta.<\/p><p>Dieser Koffer zielt darauf ab, das Verst\u00e4ndnis f\u00fcr den Klimawandel, die Auswirkungen der modernen Lebensweise und damit verbundene Naturph\u00e4nomene zu f\u00f6rdern.\nEr enth\u00e4lt:\n\u2013 Anleitungen und ein Theoriebuch\n\u2013 Aktivit\u00e4ts- und Spielmappen\n\u2013 Poster, Karten\n\u2013 zwei Brettspiele\nZielgruppe: Kinder von 8\u201314 Jahren und ihre Lehrkr\u00e4fte.<\/p><p><img loading=\"lazy\" decoding=\"async\" class=\"alignnone size-medium wp-image-3080\" src=\"https:\/\/psiloritisgeopark.gr\/wp-content\/uploads\/2026\/01\/klimatiki-226x300.jpg\" alt=\"\" width=\"226\" height=\"300\" srcset=\"https:\/\/psiloritisgeopark.gr\/wp-content\/uploads\/2026\/01\/klimatiki-226x300.jpg 226w, https:\/\/psiloritisgeopark.gr\/wp-content\/uploads\/2026\/01\/klimatiki-9x12.jpg 9w, https:\/\/psiloritisgeopark.gr\/wp-content\/uploads\/2026\/01\/klimatiki.jpg 440w\" sizes=\"(max-width: 226px) 100vw, 226px\" \/><\/p><p>Reduzieren \u2013 Wiederverwenden \u2013 Recyceln\u201c\nIm Rahmen des Programms HORIZON 2020 \u201eRURITAGE\u201c, mit Unterst\u00fctzung des Umweltbildungszentrums Anogeia, des Naturhistorischen Museums von Kreta und des Ingenieurb\u00fcros AELIA Sustainable Engineering.\u00a0<\/p><p>Ziel des Programms ist es, Lernende f\u00fcr Umweltthemen im Zusammenhang mit Abfallreduzierung, Wiederverwendung und Recycling \u2013 insbesondere von Kunststoffen \u2013 zu sensibilisieren. Das gesamte Material ist auch digital verf\u00fcgbar.\nEs enth\u00e4lt:\n\u2013 einen Leitfaden f\u00fcr Lehrkr\u00e4fte\n\u2013 theoretisches und praktisches Material f\u00fcr drei Hauptaktivit\u00e4ten zu den genannten Themen\nZielgruppe: Sch\u00fclerinnen und Sch\u00fcler der Klassen 2\u20136 und deren Lehrkr\u00e4fte.<\/p><p><img decoding=\"async\" src=\"https:\/\/www.psiloritisgeopark.gr\/images\/editor\/UserFiles\/edu\/file.jpg\" alt=\"\" \/><img loading=\"lazy\" decoding=\"async\" class=\"alignnone size-medium wp-image-3083\" src=\"https:\/\/psiloritisgeopark.gr\/wp-content\/uploads\/2026\/01\/reduce1-300x162.jpg\" alt=\"\" width=\"300\" height=\"162\" srcset=\"https:\/\/psiloritisgeopark.gr\/wp-content\/uploads\/2026\/01\/reduce1-300x162.jpg 300w, https:\/\/psiloritisgeopark.gr\/wp-content\/uploads\/2026\/01\/reduce1-18x10.jpg 18w, https:\/\/psiloritisgeopark.gr\/wp-content\/uploads\/2026\/01\/reduce1.jpg 309w\" sizes=\"(max-width: 300px) 100vw, 300px\" \/> <img loading=\"lazy\" decoding=\"async\" class=\"alignnone wp-image-3090\" src=\"https:\/\/psiloritisgeopark.gr\/wp-content\/uploads\/2026\/01\/reduce3-300x300.jpg\" alt=\"\" width=\"164\" height=\"164\" srcset=\"https:\/\/psiloritisgeopark.gr\/wp-content\/uploads\/2026\/01\/reduce3-300x300.jpg 300w, https:\/\/psiloritisgeopark.gr\/wp-content\/uploads\/2026\/01\/reduce3-150x150.jpg 150w, https:\/\/psiloritisgeopark.gr\/wp-content\/uploads\/2026\/01\/reduce3-12x12.jpg 12w, https:\/\/psiloritisgeopark.gr\/wp-content\/uploads\/2026\/01\/reduce3.jpg 615w\" sizes=\"(max-width: 164px) 100vw, 164px\" \/><\/p><p>Weitere Museumskoffer, die im Informationszentrum des Geoparks zur Verf\u00fcgung stehen und je nach Besuchsthema eingesetzt werden, sind:\u00a0<strong>\u2013 \u201eHabichtadler \u2013 der Adler des Mittelmeers\u201c\n\u2013 \u201eNatura-2000-Gebiete Kretas: Geschichten aus Tausenden von Jahren\u201c (Hellenische Ornithologische Gesellschaft)<\/strong>\u00a0und\u00a0<strong>Bildungskoffer des Projekts LIFE GRECABAT<\/strong>.<\/p><\/div>\t\t\t\t\t\t\t\t<\/div>\n\t\t\t\t\t<\/div>\n\t\t\t\t<\/div>\n\t\t\t\t<\/div>","protected":false},"excerpt":{"rendered":"<p>\u03a4\u03bf \u0393\u03b5\u03c9\u03c0\u03ac\u03c1\u03ba\u03bf \u03a8\u03b7\u03bb\u03bf\u03c1\u03b5\u03af\u03c4\u03b7 \u03c0\u03c1\u03bf\u03c3\u03c6\u03ad\u03c1\u03b5\u03b9 \u03b4\u03b9\u03ac\u03c6\u03bf\u03c1\u03b5\u03c2 \u03b5\u03ba\u03c0\u03b1\u03b9\u03b4\u03b5\u03c5\u03c4\u03b9\u03ba\u03ad\u03c2 \u03b4\u03c1\u03ac\u03c3\u03b5\u03b9\u03c2 \u03ba\u03b1\u03b9 \u03b4\u03c1\u03b1\u03c3\u03c4\u03b7\u03c1\u03b9\u03cc\u03c4\u03b7\u03c4\u03b5\u03c2 \u03c3\u03b5 \u03bc\u03b1\u03b8\u03b7\u03c4\u03ad\u03c2 \u03ba\u03b1\u03b9 \u03c0\u03b1\u03b9\u03b4\u03b9\u03ac \u03c0\u03bf\u03c5 \u03b5\u03c0\u03b9\u03c3\u03ba\u03ad\u03c0\u03c4\u03bf\u03bd\u03c4\u03b1\u03b9 \u03c4\u03bf \u03a0\u03ac\u03c1\u03ba\u03bf \u03ba\u03b1\u03b9 \u03c4\u03bf \u039a\u03ad\u03bd\u03c4\u03c1\u03bf \u0395\u03bd\u03b7\u03bc\u03ad\u03c1\u03c9\u03c3\u03b7\u03c2. \u0391\u03c5\u03c4\u03ad\u03c2 \u03b1\u03c6\u03bf\u03c1\u03bf\u03cd\u03bd:\u0395\u03c0\u03af\u03c3\u03ba\u03b5\u03c8\u03b7 \u03c3\u03c4\u03bf \u039a\u03ad\u03bd\u03c4\u03c1\u03bf \u03a0\u03bb\u03b7\u03c1\u03bf\u03c6\u03cc\u03c1\u03b7\u03c3\u03b7\u03c2 \u0393\u03b5\u03c9\u03c0\u03ac\u03c1\u03ba\u03bf\u03c5 \u03a8\u03b7\u03bb\u03bf\u03c1\u03b5\u03af\u03c4\u03b7\u03a4\u03bf\u00a0\u039a\u03ad\u03bd\u03c4\u03c1\u03bf \u03a0\u03bb\u03b7\u03c1\u03bf\u03c6\u03cc\u03c1\u03b7\u03c3\u03b7\u03c2 \u03c4\u03bf\u03c5 \u0393\u03b5\u03c9\u03c0\u03ac\u03c1\u03ba\u03bf\u03c5 \u03a8\u03b7\u03bb\u03bf\u03c1\u03b5\u03af\u03c4\u03b7\u00a0\u03bb\u03b5\u03b9\u03c4\u03bf\u03c5\u03c1\u03b3\u03b5\u03af \u03c3\u03c4\u03bf \u03b9\u03c3\u03cc\u03b3\u03b5\u03b9\u03bf \u03c4\u03bf\u03c5 \u03ba\u03c4\u03b9\u03c1\u03af\u03bf\u03c5 \u03c4\u03bf\u03c5 \u0391\u039a\u039f\u039c\u039c \u03c3\u03c4\u03b7\u03bd \u03b5\u03af\u03c3\u03bf\u03b4\u03bf \u03c4\u03bf\u03c5 \u03c7\u03c9\u03c1\u03b9\u03bf\u03cd \u03c4\u03c9\u03bd \u0391\u03bd\u03c9\u03b3\u03b5\u03af\u03c9\u03bd, \u03c0\u03c1\u03bf\u03c2 \u03c4\u03b7\u03bd \u03ad\u03be\u03bf\u03b4\u03bf \u03c4\u03bf\u03c5 \u0397\u03c1\u03b1\u03ba\u03bb\u03b5\u03af\u03bf\u03c5. \u03a0\u03b5\u03c1\u03b9\u03bb\u03b1\u03bc\u03b2\u03ac\u03bd\u03b5\u03b9 \u03b5\u03bd\u03b7\u03bc\u03b5\u03c1\u03c9\u03c4\u03b9\u03ba\u03cc \u03ba\u03b9 \u03b5\u03ba\u03c0\u03b1\u03b9\u03b4\u03b5\u03c5\u03c4\u03b9\u03ba\u03cc \u03c5\u03bb\u03b9\u03ba\u03cc \u03ba\u03b1\u03b9 [&hellip;]<\/p>","protected":false},"author":1,"featured_media":0,"parent":0,"menu_order":0,"comment_status":"closed","ping_status":"closed","template":"","meta":{"footnotes":""},"class_list":["post-2502","page","type-page","status-publish","hentry"],"_links":{"self":[{"href":"https:\/\/psiloritisgeopark.gr\/de\/wp-json\/wp\/v2\/pages\/2502","targetHints":{"allow":["GET"]}}],"collection":[{"href":"https:\/\/psiloritisgeopark.gr\/de\/wp-json\/wp\/v2\/pages"}],"about":[{"href":"https:\/\/psiloritisgeopark.gr\/de\/wp-json\/wp\/v2\/types\/page"}],"author":[{"embeddable":true,"href":"https:\/\/psiloritisgeopark.gr\/de\/wp-json\/wp\/v2\/users\/1"}],"replies":[{"embeddable":true,"href":"https:\/\/psiloritisgeopark.gr\/de\/wp-json\/wp\/v2\/comments?post=2502"}],"version-history":[{"count":10,"href":"https:\/\/psiloritisgeopark.gr\/de\/wp-json\/wp\/v2\/pages\/2502\/revisions"}],"predecessor-version":[{"id":3387,"href":"https:\/\/psiloritisgeopark.gr\/de\/wp-json\/wp\/v2\/pages\/2502\/revisions\/3387"}],"wp:attachment":[{"href":"https:\/\/psiloritisgeopark.gr\/de\/wp-json\/wp\/v2\/media?parent=2502"}],"curies":[{"name":"wp","href":"https:\/\/api.w.org\/{rel}","templated":true}]}}