{"id":2507,"date":"2025-09-18T09:10:37","date_gmt":"2025-09-18T09:10:37","guid":{"rendered":"https:\/\/nextdigital-demos.info\/gewparko\/?page_id=2507"},"modified":"2026-02-25T11:12:33","modified_gmt":"2026-02-25T11:12:33","slug":"%ce%b5%ce%ba%cf%80%ce%b1%ce%af%ce%b4%ce%b5%cf%85%cf%83%ce%b7-%ce%b5%ce%bd%ce%b7%ce%bb%ce%af%ce%ba%cf%89%ce%bd-%ce%b5%cf%80%ce%b1%ce%b3%ce%b3%ce%b5%ce%bb%ce%bc%ce%b1%cf%84%ce%b9%cf%8e%ce%bd","status":"publish","type":"page","link":"https:\/\/psiloritisgeopark.gr\/de\/%ce%b5%ce%ba%cf%80%ce%b1%ce%af%ce%b4%ce%b5%cf%85%cf%83%ce%b7-%ce%b5%ce%bd%ce%b7%ce%bb%ce%af%ce%ba%cf%89%ce%bd-%ce%b5%cf%80%ce%b1%ce%b3%ce%b3%ce%b5%ce%bb%ce%bc%ce%b1%cf%84%ce%b9%cf%8e%ce%bd\/","title":{"rendered":"Erwachsenenbildung \/ FachlicheFortbildung"},"content":{"rendered":"<div data-elementor-type=\"wp-page\" data-elementor-id=\"2507\" class=\"elementor elementor-2507\" data-elementor-post-type=\"page\">\n\t\t\t\t<div data-particle_enable=\"false\" data-particle-mobile-disabled=\"false\" class=\"elementor-element elementor-element-3b69919 e-flex e-con-boxed e-con e-parent\" data-id=\"3b69919\" data-element_type=\"container\" data-settings=\"{&quot;background_background&quot;:&quot;classic&quot;}\">\n\t\t\t\t\t<div class=\"e-con-inner\">\n\t\t\t\t<div class=\"elementor-element elementor-element-3fd18d3 elementor-widget elementor-widget-heading\" data-id=\"3fd18d3\" data-element_type=\"widget\" data-widget_type=\"heading.default\">\n\t\t\t\t\t<h2 class=\"elementor-heading-title elementor-size-default\">Erwachsenenbildung \/ FachlicheFortbildung<\/h2>\t\t\t\t<\/div>\n\t\t\t\t\t<\/div>\n\t\t\t\t<\/div>\n\t\t<div data-particle_enable=\"false\" data-particle-mobile-disabled=\"false\" class=\"elementor-element elementor-element-6c6a9cd e-flex e-con-boxed e-con e-parent\" data-id=\"6c6a9cd\" data-element_type=\"container\">\n\t\t\t\t\t<div class=\"e-con-inner\">\n\t\t\t\t<div class=\"elementor-element elementor-element-547ce61 elementor-widget elementor-widget-text-editor\" data-id=\"547ce61\" data-element_type=\"widget\" data-widget_type=\"text-editor.default\">\n\t\t\t\t\t\t\t\t\t<div class=\"row\"><div class=\"col-md-12\"><div id=\"pagecontent\">Der Psiloritis-Geopark organisiertoderbeteiligtsichgelegentlich \u2013 auch auf Einladung \u2013 an Seminarenoder Workshop-Reihen, die sich an Bewohner*innen der Region und an Fachkr\u00e4fterichten, die dortt\u00e4tigsindodermit der Region verbundensind. ZieldieserVeranstaltungenist es, den lokalenGemeinschaftenAspekte des Geoparks n\u00e4herzubringen, die f\u00fcrihrt\u00e4gliches Leben relevant sind, odersiemitbesonderenBr\u00e4uchen und Traditionenvertrautzumachen, die in bestimmtenGegenden des Gebietsgepflegtwerden. Dar\u00fcberhinausrichtensichspezielleSeminare an Fachleutemit dem Ziel, siezuinformieren und\/oderweiterzubildenzuThemenwiealternativer, gr\u00fcneroderlangsamerTourismus, erfahrungsbasierterTourismus, gr\u00fcneWirtschaft, Nachhaltigkeit, Kreislaufwirtschaft und \u00c4hnliches.<\/div><\/div><\/div><div class=\"row\">\u00a0<\/div><div><img fetchpriority=\"high\" decoding=\"async\" class=\"aligncenter wp-image-4663 size-large\" src=\"https:\/\/psiloritisgeopark.gr\/wp-content\/uploads\/2026\/02\/\u03c3\u03c5\u03bd\u03bf\u03b4\u03bf\u03b91-1024x1024.jpg\" alt=\"\" width=\"800\" height=\"800\" srcset=\"https:\/\/psiloritisgeopark.gr\/wp-content\/uploads\/2026\/02\/\u03c3\u03c5\u03bd\u03bf\u03b4\u03bf\u03b91-1024x1024.jpg 1024w, https:\/\/psiloritisgeopark.gr\/wp-content\/uploads\/2026\/02\/\u03c3\u03c5\u03bd\u03bf\u03b4\u03bf\u03b91-300x300.jpg 300w, https:\/\/psiloritisgeopark.gr\/wp-content\/uploads\/2026\/02\/\u03c3\u03c5\u03bd\u03bf\u03b4\u03bf\u03b91-150x150.jpg 150w, https:\/\/psiloritisgeopark.gr\/wp-content\/uploads\/2026\/02\/\u03c3\u03c5\u03bd\u03bf\u03b4\u03bf\u03b91-768x768.jpg 768w, https:\/\/psiloritisgeopark.gr\/wp-content\/uploads\/2026\/02\/\u03c3\u03c5\u03bd\u03bf\u03b4\u03bf\u03b91-12x12.jpg 12w, https:\/\/psiloritisgeopark.gr\/wp-content\/uploads\/2026\/02\/\u03c3\u03c5\u03bd\u03bf\u03b4\u03bf\u03b91.jpg 1536w\" sizes=\"(max-width: 800px) 100vw, 800px\" \/><\/div><div><p>Zweit\u00e4giger Workshop f\u00fcr Bergf\u00fchrer mit Pr\u00e4sentationen im Geopark-Informationszentrum und Exkursionen, M\u00e4rz 2023.<\/p><\/div><div><img decoding=\"async\" class=\"aligncenter wp-image-4662 size-large\" src=\"https:\/\/psiloritisgeopark.gr\/wp-content\/uploads\/2026\/02\/DSC_0291-1024x683.jpg\" alt=\"\" width=\"800\" height=\"534\" srcset=\"https:\/\/psiloritisgeopark.gr\/wp-content\/uploads\/2026\/02\/DSC_0291-1024x683.jpg 1024w, https:\/\/psiloritisgeopark.gr\/wp-content\/uploads\/2026\/02\/DSC_0291-300x200.jpg 300w, https:\/\/psiloritisgeopark.gr\/wp-content\/uploads\/2026\/02\/DSC_0291-768x512.jpg 768w, https:\/\/psiloritisgeopark.gr\/wp-content\/uploads\/2026\/02\/DSC_0291-1536x1024.jpg 1536w, https:\/\/psiloritisgeopark.gr\/wp-content\/uploads\/2026\/02\/DSC_0291-2048x1365.jpg 2048w, https:\/\/psiloritisgeopark.gr\/wp-content\/uploads\/2026\/02\/DSC_0291-18x12.jpg 18w\" sizes=\"(max-width: 800px) 100vw, 800px\" \/><p>Zweit\u00e4giges Seminar \u00fcber die M\u00f6glichkeiten und Hindernisse f\u00fcr die Entwicklung von Geotourismusaktivit\u00e4ten im Psiloritis-Geoparkgebiet, im Lokalen Geotourismuslabor der AKOMM-PSILORITIS AAE Lokalen Entwicklungsagentur f\u00fcr interessierte Fachleute und Bewohner der Region, Juli 2024.<\/p><img decoding=\"async\" class=\"aligncenter wp-image-4664 size-large\" src=\"https:\/\/psiloritisgeopark.gr\/wp-content\/uploads\/2026\/02\/group-1024x682.jpg\" alt=\"\" width=\"800\" height=\"533\" srcset=\"https:\/\/psiloritisgeopark.gr\/wp-content\/uploads\/2026\/02\/group-1024x682.jpg 1024w, https:\/\/psiloritisgeopark.gr\/wp-content\/uploads\/2026\/02\/group-300x200.jpg 300w, https:\/\/psiloritisgeopark.gr\/wp-content\/uploads\/2026\/02\/group-768x511.jpg 768w, https:\/\/psiloritisgeopark.gr\/wp-content\/uploads\/2026\/02\/group-18x12.jpg 18w, https:\/\/psiloritisgeopark.gr\/wp-content\/uploads\/2026\/02\/group.jpg 1395w\" sizes=\"(max-width: 800px) 100vw, 800px\" \/><\/div><div>Fortbildungsseminar f\u00fcr Lehrer zum Thema \u201eKlimakrise und Biodiversit\u00e4t im UNESCO Global Geopark Psiloritis: Ein p\u00e4dagogischer Ansatz f\u00fcr aktive B\u00fcrgerschaft\u201c, Juni 2025.<\/div>\t\t\t\t\t\t\t\t<\/div>\n\t\t\t\t\t<\/div>\n\t\t\t\t<\/div>\n\t\t\t\t<\/div>","protected":false},"excerpt":{"rendered":"<p>\u03a4\u03bf \u0393\u03b5\u03c9\u03c0\u03ac\u03c1\u03ba\u03bf \u03a8\u03b7\u03bb\u03bf\u03c1\u03b5\u03af\u03c4\u03b7 \u03ba\u03b1\u03c4\u03ac \u03ba\u03b1\u03b9\u03c1\u03bf\u03cd\u03c2\u00a0\u03b4\u03b9\u03bf\u03c1\u03b3\u03b1\u03bd\u03ce\u03bd\u03b5\u03b9 \u03ae \u03c3\u03c5\u03bc\u03bc\u03b5\u03c4\u03ad\u03c7\u03b5\u03b9, \u03bc\u03b5\u03c4\u03ac \u03b1\u03c0\u03cc \u03c0\u03c1\u03cc\u03c3\u03ba\u03bb\u03b7\u03c3\u03b7, \u03c3\u03b5 \u03c3\u03b5\u03bc\u03b9\u03bd\u03ac\u03c1\u03b9\u03b1 \u03ae \u03ba\u03cd\u03ba\u03bb\u03bf\u03c5\u03c2 \u03b5\u03c1\u03b3\u03b1\u03c3\u03c4\u03b7\u03c1\u03af\u03c9\u03bd \u03c0\u03bf\u03c5 \u03b1\u03c6\u03bf\u03c1\u03bf\u03cd\u03bd \u03ba\u03b1\u03c4\u03bf\u03af\u03ba\u03bf\u03c5\u03c2 \u03c4\u03b7\u03c2 \u03c0\u03b5\u03c1\u03b9\u03bf\u03c7\u03ae\u03c2 \u03ba\u03b1\u03b9 \u03b5\u03c0\u03b1\u03b3\u03b3\u03b5\u03bb\u03bc\u03b1\u03c4\u03af\u03b5\u03c2 \u03c0\u03bf\u03c5 \u03b4\u03c1\u03b1\u03c3\u03c4\u03b7\u03c1\u03b9\u03bf\u03c0\u03bf\u03b9\u03bf\u03cd\u03bd\u03c4\u03b1\u03b9 \u03ae \u03c3\u03c7\u03b5\u03c4\u03af\u03b6\u03bf\u03bd\u03c4\u03b1\u03b9 \u03bc&#8217; \u03b1\u03c5\u03c4\u03ae\u03bd. \u039f\u03b9 \u03b4\u03c1\u03ac\u03c3\u03b5\u03b9\u03c2 \u03b1\u03c5\u03c4\u03ad\u03c2 \u03b3\u03af\u03bd\u03bf\u03bd\u03c4\u03b1\u03b9 \u03bc\u03b5 \u03c3\u03ba\u03bf\u03c0\u03cc \u03c4\u03b7 \u03b3\u03bd\u03c9\u03c1\u03b9\u03bc\u03af\u03b1 \u03c4\u03c9\u03bd \u03ba\u03b1\u03c4\u03bf\u03af\u03ba\u03c9\u03bd \u03bc\u03b5 \u03c7\u03b1\u03c1\u03b1\u03ba\u03c4\u03b7\u03c1\u03b9\u03c3\u03c4\u03b9\u03ba\u03ac \u03c4\u03bf\u03c5 \u0393\u03b5\u03c9\u03c0\u03ac\u03c1\u03ba\u03bf\u03c5 \u03c0\u03bf\u03c5 \u03c4\u03bf\u03c5\u03c2 \u03b1\u03c6\u03bf\u03c1\u03bf\u03cd\u03bd \u03ae\/ \u03ba\u03b1\u03b9 \u03c4\u03b7 \u03b3\u03bd\u03c9\u03c1\u03b9\u03bc\u03af\u03b1 \u03bc\u03b5 \u03b9\u03b4\u03b9\u03b1\u03af\u03c4\u03b5\u03c1\u03b1 \u03ad\u03b8\u03b9\u03bc\u03b1 \u03ba\u03b1\u03b9 \u03c0\u03b1\u03c1\u03b1\u03b4\u03cc\u03c3\u03b5\u03b9\u03c2 \u03c0\u03bf\u03c5 [&hellip;]<\/p>","protected":false},"author":1,"featured_media":0,"parent":0,"menu_order":0,"comment_status":"closed","ping_status":"closed","template":"","meta":{"footnotes":""},"class_list":["post-2507","page","type-page","status-publish","hentry"],"_links":{"self":[{"href":"https:\/\/psiloritisgeopark.gr\/de\/wp-json\/wp\/v2\/pages\/2507","targetHints":{"allow":["GET"]}}],"collection":[{"href":"https:\/\/psiloritisgeopark.gr\/de\/wp-json\/wp\/v2\/pages"}],"about":[{"href":"https:\/\/psiloritisgeopark.gr\/de\/wp-json\/wp\/v2\/types\/page"}],"author":[{"embeddable":true,"href":"https:\/\/psiloritisgeopark.gr\/de\/wp-json\/wp\/v2\/users\/1"}],"replies":[{"embeddable":true,"href":"https:\/\/psiloritisgeopark.gr\/de\/wp-json\/wp\/v2\/comments?post=2507"}],"version-history":[{"count":7,"href":"https:\/\/psiloritisgeopark.gr\/de\/wp-json\/wp\/v2\/pages\/2507\/revisions"}],"predecessor-version":[{"id":4667,"href":"https:\/\/psiloritisgeopark.gr\/de\/wp-json\/wp\/v2\/pages\/2507\/revisions\/4667"}],"wp:attachment":[{"href":"https:\/\/psiloritisgeopark.gr\/de\/wp-json\/wp\/v2\/media?parent=2507"}],"curies":[{"name":"wp","href":"https:\/\/api.w.org\/{rel}","templated":true}]}}