{"id":2512,"date":"2025-09-18T09:12:12","date_gmt":"2025-09-18T09:12:12","guid":{"rendered":"https:\/\/nextdigital-demos.info\/gewparko\/?page_id=2512"},"modified":"2026-02-11T13:34:52","modified_gmt":"2026-02-11T13:34:52","slug":"%ce%ba-%cf%80-%ce%b5-%ce%b1%ce%bd%cf%89%ce%b3%ce%b5%ce%af%cf%89%ce%bd","status":"publish","type":"page","link":"https:\/\/psiloritisgeopark.gr\/de\/%ce%ba-%cf%80-%ce%b5-%ce%b1%ce%bd%cf%89%ce%b3%ce%b5%ce%af%cf%89%ce%bd\/","title":{"rendered":"K.P.E. Anogeia"},"content":{"rendered":"<div data-elementor-type=\"wp-page\" data-elementor-id=\"2512\" class=\"elementor elementor-2512\" data-elementor-post-type=\"page\">\n\t\t\t\t<div data-particle_enable=\"false\" data-particle-mobile-disabled=\"false\" class=\"elementor-element elementor-element-3b69919 e-flex e-con-boxed e-con e-parent\" data-id=\"3b69919\" data-element_type=\"container\" data-settings=\"{&quot;background_background&quot;:&quot;classic&quot;}\">\n\t\t\t\t\t<div class=\"e-con-inner\">\n\t\t\t\t<div class=\"elementor-element elementor-element-3fd18d3 elementor-widget elementor-widget-heading\" data-id=\"3fd18d3\" data-element_type=\"widget\" data-widget_type=\"heading.default\">\n\t\t\t\t\t<h2 class=\"elementor-heading-title elementor-size-default\">K.P.E. Anogeia<\/h2>\t\t\t\t<\/div>\n\t\t\t\t\t<\/div>\n\t\t\t\t<\/div>\n\t\t<div data-particle_enable=\"false\" data-particle-mobile-disabled=\"false\" class=\"elementor-element elementor-element-6c6a9cd e-flex e-con-boxed e-con e-parent\" data-id=\"6c6a9cd\" data-element_type=\"container\">\n\t\t\t\t\t<div class=\"e-con-inner\">\n\t\t\t\t<div class=\"elementor-element elementor-element-547ce61 elementor-widget elementor-widget-text-editor\" data-id=\"547ce61\" data-element_type=\"widget\" data-widget_type=\"text-editor.default\">\n\t\t\t\t\t\t\t\t\t<p><strong>Umweltbildungszentrum Anogia<img decoding=\"async\" class=\"aligncenter wp-image-3899 size-full\" src=\"https:\/\/psiloritisgeopark.gr\/wp-content\/uploads\/2026\/01\/kpe1.jpg\" alt=\"\" width=\"122\" height=\"91\" srcset=\"https:\/\/psiloritisgeopark.gr\/wp-content\/uploads\/2026\/01\/kpe1.jpg 122w, https:\/\/psiloritisgeopark.gr\/wp-content\/uploads\/2026\/01\/kpe1-16x12.jpg 16w\" sizes=\"(max-width: 122px) 100vw, 122px\" \/><\/strong><\/p><div>\u00a0<\/div><p>Das\u00a0<a href=\"http:\/\/www.kpe-anogion.gr\/\" target=\"_blank\" rel=\"noopener\"><strong>Umweltbildungszentrum Anogeia (KPE Anogeion)<\/strong><\/a>\u00a0besteht seit 2006 und geh\u00f6rt zum Ministerium f\u00fcr Nationale Bildung und religi\u00f6se Angelegenheiten. Es befindet sich im Studienzentrum der Nationalen Jugendstiftung im Ortsteil Anogeia.<br \/>Die wichtigsten Bildungsaktivit\u00e4ten des Zentrums sind:<\/p><ul><li>Sensibilisierung junger Menschen f\u00fcr Umweltprobleme, um verantwortungsbewusstes und partizipatives Verhalten zu f\u00f6rdern, das zum \u00f6kologischen Gleichgewicht und zur Lebensqualit\u00e4t beitr\u00e4gt \u2013 im Sinne einer nachhaltigen Entwicklung.<\/li><li>Planung und Durchf\u00fchrung verschiedener Programme f\u00fcr Schulen. An diesen Programmen nehmen Sch\u00fclergruppen aus Grund- und Sekundarschulen auf Kreta und in anderen Regionen Griechenlands teil.<\/li><li>Organisation von Fortbildungsseminaren f\u00fcr Lehrkr\u00e4fte der Primar- und Sekundarstufe.<\/li><li>Unterst\u00fctzung von Umweltbildungsprogrammen an Schulen.<\/li><li>Erstellung von Bildungsmaterialien zum Thema Umwelt.<\/li><li>Zusammenarbeit mit wissenschaftlichen Einrichtungen auf lokaler, nationaler und internationaler Ebene zur Vertiefung von Information, Forschung und Dokumentation p\u00e4dagogischer Programme.<\/li><li>Schulung verschiedener sozialer Gruppen innerhalb der lokalen Gemeinschaft.<\/li><li>Teilnahme an lokalen Initiativen von Beh\u00f6rden und anderen gesellschaftlichen Gruppen, die sich mit Umwelt- und Nachhaltigkeitsthemen befassen.<\/li><li>Schlie\u00dflich: Durchf\u00fchrung von Bildungsaktivit\u00e4ten im Zusammenhang mit dem Psiloritis-Geopark.<\/li><\/ul><p>Das KPE Anogeia bietet zahlreiche Bildungsprogramme im Freien und in Geb\u00e4uden an. Es verf\u00fcgt \u00fcber Unterbringungs- und Verpflegungsm\u00f6glichkeiten f\u00fcr etwa 60 Teilnehmer*innen sowie \u00fcber Labore und Schulungsr\u00e4ume f\u00fcr den Innenbereich.<\/p><p>E-mail:info@kpe-anogion.gr<\/p><p>Web-site:\u00a0<a href=\"http:\/\/www.kpe-anogion.gr\/\" target=\"_blank\" rel=\"noopener\">https:\/\/kpe-anog.reth.sch.gr\/<\/a><\/p>\t\t\t\t\t\t\t\t<\/div>\n\t\t\t\t\t<\/div>\n\t\t\t\t<\/div>\n\t\t\t\t<\/div>","protected":false},"excerpt":{"rendered":"<p>\u039a\u03ad\u03bd\u03c4\u03c1\u03bf \u03a0\u03b5\u03c1\u03b9\u03b2\u03b1\u03bb\u03bb\u03bf\u03bd\u03c4\u03b9\u03ba\u03ae\u03c2 \u0395\u03ba\u03c0\u03b1\u03af\u03b4\u03b5\u03c5\u03c3\u03b7\u03c2 \u0391\u03bd\u03c9\u03b3\u03b5\u03af\u03c9\u03bd \u00a0 \u03a4\u03bf\u00a0\u039a\u03a0\u0395 \u0391\u03bd\u03c9\u03b3\u03b5\u03af\u03c9\u03bd\u00a0\u03bb\u03b5\u03b9\u03c4\u03bf\u03c5\u03c1\u03b3\u03b5\u03af \u03b1\u03c0\u03cc \u03c4\u03bf 2006 \u03ba\u03b1\u03b9 \u03b1\u03bd\u03ae\u03ba\u03b5\u03b9 \u03c3\u03c4\u03bf \u03a5\u03c0\u03bf\u03c5\u03c1\u03b3\u03b5\u03af\u03bf \u0395\u03b8\u03bd\u03b9\u03ba\u03ae\u03c2 \u03a0\u03b1\u03b9\u03b4\u03b5\u03af\u03b1\u03c2 \u03ba\u03b1\u03b9 \u0398\u03c1\u03b7\u03c3\u03ba\u03b5\u03c5\u03bc\u03ac\u03c4\u03c9\u03bd \u03ba\u03b1\u03b9 \u03c3\u03c4\u03b5\u03b3\u03ac\u03b6\u03b5\u03c4\u03b1\u03b9 \u03c3\u03c4\u03bf \u039a\u03ad\u03bd\u03c4\u03c1\u03bf \u039c\u03b5\u03bb\u03ad\u03c4\u03b7\u03c2 \u03c4\u03bf\u03c5 \u0395\u03b8\u03bd\u03b9\u03ba\u03bf\u03cd \u0399\u03b4\u03c1\u03cd\u03bc\u03b1\u03c4\u03bf\u03c2 \u039d\u03ad\u03c9\u03bd \u03c4\u03bf\u03c5 \u03a4\u03bc\u03ae\u03bc\u03b1\u03c4\u03bf\u03c2 \u0391\u03bd\u03c9\u03b3\u03b5\u03af\u03c9\u03bd.\u039f\u03b9 \u03ba\u03cd\u03c1\u03b9\u03b5\u03c2 \u03b5\u03ba\u03c0\u03b1\u03b9\u03b4\u03b5\u03c5\u03c4\u03b9\u03ba\u03ad\u03c2 \u03b4\u03c1\u03b1\u03c3\u03c4\u03b7\u03c1\u03b9\u03cc\u03c4\u03b7\u03c4\u03b5\u03c2 \u03c4\u03bf\u03c5 \u0395.\u03a0.\u0391. \u03b5\u03af\u03bd\u03b1\u03b9: \u0397 \u0395\u03c5\u03b1\u03b9\u03c3\u03b8\u03b7\u03c4\u03bf\u03c0\u03bf\u03af\u03b7\u03c3\u03b7 \u03c4\u03c9\u03bd \u03bd\u03ad\u03c9\u03bd \u03c3\u03b5 \u03b8\u03ad\u03bc\u03b1\u03c4\u03b1 \u03c3\u03c7\u03b5\u03c4\u03b9\u03ba\u03ac \u03bc\u03b5 \u03c4\u03b1 \u03c0\u03b5\u03c1\u03b9\u03b2\u03b1\u03bb\u03bb\u03bf\u03bd\u03c4\u03b9\u03ba\u03ac \u03c0\u03c1\u03bf\u03b2\u03bb\u03ae\u03bc\u03b1\u03c4\u03b1 \u03c0\u03c1\u03bf\u03ba\u03b5\u03b9\u03bc\u03ad\u03bd\u03bf\u03c5 \u03bd\u03b1 \u03b1\u03bd\u03b1\u03c0\u03c4\u03c5\u03c7\u03b8\u03bf\u03cd\u03bd \u03bf\u03b9 \u03c5\u03c0\u03b5\u03cd\u03b8\u03c5\u03bd\u03b5\u03c2 \u03c3\u03c5\u03bc\u03c0\u03b5\u03c1\u03b9\u03c6\u03bf\u03c1\u03ad\u03c2 \u03ba\u03b1\u03b9 \u03c3\u03c5\u03bc\u03bc\u03b5\u03c4\u03bf\u03c7\u03b9\u03ba\u03ae [&hellip;]<\/p>","protected":false},"author":1,"featured_media":0,"parent":0,"menu_order":0,"comment_status":"closed","ping_status":"closed","template":"","meta":{"footnotes":""},"class_list":["post-2512","page","type-page","status-publish","hentry"],"_links":{"self":[{"href":"https:\/\/psiloritisgeopark.gr\/de\/wp-json\/wp\/v2\/pages\/2512","targetHints":{"allow":["GET"]}}],"collection":[{"href":"https:\/\/psiloritisgeopark.gr\/de\/wp-json\/wp\/v2\/pages"}],"about":[{"href":"https:\/\/psiloritisgeopark.gr\/de\/wp-json\/wp\/v2\/types\/page"}],"author":[{"embeddable":true,"href":"https:\/\/psiloritisgeopark.gr\/de\/wp-json\/wp\/v2\/users\/1"}],"replies":[{"embeddable":true,"href":"https:\/\/psiloritisgeopark.gr\/de\/wp-json\/wp\/v2\/comments?post=2512"}],"version-history":[{"count":8,"href":"https:\/\/psiloritisgeopark.gr\/de\/wp-json\/wp\/v2\/pages\/2512\/revisions"}],"predecessor-version":[{"id":4453,"href":"https:\/\/psiloritisgeopark.gr\/de\/wp-json\/wp\/v2\/pages\/2512\/revisions\/4453"}],"wp:attachment":[{"href":"https:\/\/psiloritisgeopark.gr\/de\/wp-json\/wp\/v2\/media?parent=2512"}],"curies":[{"name":"wp","href":"https:\/\/api.w.org\/{rel}","templated":true}]}}