{"id":2517,"date":"2025-09-18T09:13:12","date_gmt":"2025-09-18T09:13:12","guid":{"rendered":"https:\/\/nextdigital-demos.info\/gewparko\/?page_id=2517"},"modified":"2026-02-11T13:36:41","modified_gmt":"2026-02-11T13:36:41","slug":"%ce%bc%ce%bf%cf%85%cf%83%ce%b5%ce%af%ce%bf-%cf%86%cf%85%cf%83%ce%b9%ce%ba%ce%ae%cf%82-%ce%b9%cf%83%cf%84%ce%bf%cf%81%ce%af%ce%b1%cf%82","status":"publish","type":"page","link":"https:\/\/psiloritisgeopark.gr\/de\/%ce%bc%ce%bf%cf%85%cf%83%ce%b5%ce%af%ce%bf-%cf%86%cf%85%cf%83%ce%b9%ce%ba%ce%ae%cf%82-%ce%b9%cf%83%cf%84%ce%bf%cf%81%ce%af%ce%b1%cf%82\/","title":{"rendered":"Naturkundemuseum"},"content":{"rendered":"<div data-elementor-type=\"wp-page\" data-elementor-id=\"2517\" class=\"elementor elementor-2517\" data-elementor-post-type=\"page\">\n\t\t\t\t<div data-particle_enable=\"false\" data-particle-mobile-disabled=\"false\" class=\"elementor-element elementor-element-3b69919 e-flex e-con-boxed e-con e-parent\" data-id=\"3b69919\" data-element_type=\"container\" data-settings=\"{&quot;background_background&quot;:&quot;classic&quot;}\">\n\t\t\t\t\t<div class=\"e-con-inner\">\n\t\t\t\t<div class=\"elementor-element elementor-element-3fd18d3 elementor-widget elementor-widget-heading\" data-id=\"3fd18d3\" data-element_type=\"widget\" data-widget_type=\"heading.default\">\n\t\t\t\t\t<h2 class=\"elementor-heading-title elementor-size-default\">Naturkundemuseum<\/h2>\t\t\t\t<\/div>\n\t\t\t\t\t<\/div>\n\t\t\t\t<\/div>\n\t\t<div data-particle_enable=\"false\" data-particle-mobile-disabled=\"false\" class=\"elementor-element elementor-element-6c6a9cd e-flex e-con-boxed e-con e-parent\" data-id=\"6c6a9cd\" data-element_type=\"container\">\n\t\t\t\t\t<div class=\"e-con-inner\">\n\t\t\t\t<div class=\"elementor-element elementor-element-547ce61 elementor-widget elementor-widget-text-editor\" data-id=\"547ce61\" data-element_type=\"widget\" data-widget_type=\"text-editor.default\">\n\t\t\t\t\t\t\t\t\t<p><img fetchpriority=\"high\" decoding=\"async\" class=\"size-medium wp-image-3265\" src=\"https:\/\/psiloritisgeopark.gr\/wp-content\/uploads\/2026\/01\/NHMC-new-Logo-2013_hor-GR-300x177.jpg\" alt=\"\" width=\"300\" height=\"177\" srcset=\"https:\/\/psiloritisgeopark.gr\/wp-content\/uploads\/2026\/01\/NHMC-new-Logo-2013_hor-GR-300x177.jpg 300w, https:\/\/psiloritisgeopark.gr\/wp-content\/uploads\/2026\/01\/NHMC-new-Logo-2013_hor-GR-1024x603.jpg 1024w, https:\/\/psiloritisgeopark.gr\/wp-content\/uploads\/2026\/01\/NHMC-new-Logo-2013_hor-GR-768x453.jpg 768w, https:\/\/psiloritisgeopark.gr\/wp-content\/uploads\/2026\/01\/NHMC-new-Logo-2013_hor-GR-1536x905.jpg 1536w, https:\/\/psiloritisgeopark.gr\/wp-content\/uploads\/2026\/01\/NHMC-new-Logo-2013_hor-GR-18x12.jpg 18w, https:\/\/psiloritisgeopark.gr\/wp-content\/uploads\/2026\/01\/NHMC-new-Logo-2013_hor-GR.jpg 1889w\" sizes=\"(max-width: 300px) 100vw, 300px\" \/><\/p><p>Das\u00a0<a href=\"http:\/\/www.nhmc.uoc.gr\/\" target=\"_blank\" rel=\"noopener\"><strong>Naturkundemuseum von Kreta \u2013 Universit\u00e4t Kretaist<\/strong><\/a>\u00a0der wissenschaftlicheBerater des Psiloritis-Geoparks in Umweltfragen. Es betreibtForschung in den Bereichen Geo- und Biodiversit\u00e4t des \u00f6stlichenMittelmeerraumsmitSchwerpunkt auf der \u00c4g\u00e4is und Kreta. Das Museum verf\u00fcgt\u00fcberumfangreicheSammlungen und gut ausgestatteteunterst\u00fctzendeAbteilungen, daruntereineBibliothek, ein GIS-Labor, einmolekularbiologisches Labor u.\u202fa. Zudember\u00e4t es den griechischenStaat in umweltbezogenenBelangen. Es unterst\u00fctztauch die Lehraktivit\u00e4ten der Universit\u00e4t Kreta auf Bachelor- und Master-Niveau.<\/p><p>Das Museum hat zahlreichepermanente und tempor\u00e4reAusstellungenrealisiert. Es hat auch seine eigeneDauerausstellungentworfen und betreibtsiederzeit in einemrenoviertenGeb\u00e4ude der ehemaligenElektrizit\u00e4tsgesellschaft an der K\u00fcstenpromenade von Heraklion. Die Ausstellungerstrecktsich\u00fcbereineFl\u00e4che von rund 4.000\u202fm\u00b2 und widmetsich der Umwelt des \u00f6stlichenMittelmeerraums.<\/p><p>Der Vertreter des Museums imManagementkomitee des Geoparks, Dr. Charalambos Fasoulas, wurdezumVorsitzenden des Verwaltungsrats des Gemeindeverbunds \u201eIdeon Network\u201c des Psiloritis gew\u00e4hlt.<\/p>\t\t\t\t\t\t\t\t<\/div>\n\t\t\t\t\t<\/div>\n\t\t\t\t<\/div>\n\t\t\t\t<\/div>","protected":false},"excerpt":{"rendered":"<p>\u03a4\u03bf\u00a0\u039c\u03bf\u03c5\u03c3\u03b5\u03af\u03bf \u03a6\u03c5\u03c3\u03b9\u03ba\u03ae\u03c2 \u0399\u03c3\u03c4\u03bf\u03c1\u03af\u03b1\u03c2 \u039a\u03c1\u03ae\u03c4\u03b7\u03c2 \u2013 \u03a0\u03b1\u03bd\u03b5\u03c0\u03b9\u03c3\u03c4\u03b7\u03bc\u03af\u03bf\u03c5 \u039a\u03c1\u03ae\u03c4\u03b7\u03c2\u00a0\u03b5\u03af\u03bd\u03b1\u03b9 \u03bf \u03b5\u03c0\u03b9\u03c3\u03c4\u03b7\u03bc\u03bf\u03bd\u03b9\u03ba\u03cc\u03c2 \u03c3\u03cd\u03bc\u03b2\u03bf\u03c5\u03bb\u03bf\u03c2 \u03c4\u03bf\u03c5 \u03b3\u03b5\u03c9\u03c0\u03ac\u03c1\u03ba\u03bf\u03c5 \u03c4\u03bf\u03c5 \u03a8\u03b7\u03bb\u03bf\u03c1\u03b5\u03af\u03c4\u03b7 \u03c3\u03b5 \u03a0\u03b5\u03c1\u03b9\u03b2\u03b1\u03bb\u03bb\u03bf\u03bd\u03c4\u03b9\u03ba\u03ac \u03b8\u03ad\u03bc\u03b1\u03c4\u03b1. \u0394\u03c1\u03b1\u03c3\u03c4\u03b7\u03c1\u03b9\u03bf\u03c0\u03bf\u03b9\u03b5\u03af\u03c4\u03b1\u03b9 \u03b5\u03c1\u03b5\u03c5\u03bd\u03b7\u03c4\u03b9\u03ba\u03ac \u03c3\u03c4\u03bf\u03c5\u03c2 \u03c4\u03bf\u03bc\u03b5\u03af\u03c2 \u03c4\u03b7\u03c2 \u03b3\u03ad\u03c9- \u03ba\u03b1\u03b9 \u03b2\u03b9\u03bf\u03c0\u03bf\u03b9\u03ba\u03b9\u03bb\u03cc\u03c4\u03b7\u03c4\u03b1\u03c2 \u03c4\u03b7\u03c2 \u0391\u03bd\u03b1\u03c4\u03bf\u03bb\u03b9\u03ba\u03ae\u03c2 \u039c\u03b5\u03c3\u03bf\u03b3\u03b5\u03af\u03bf\u03c5 \u03bc\u03b5 \u03ad\u03bc\u03c6\u03b1\u03c3\u03b7 \u03c3\u03c4\u03bf \u0391\u03b9\u03b3\u03b1\u03af\u03bf \u03ba\u03b1\u03b9 \u03c4\u03b7\u03bd \u039a\u03c1\u03ae\u03c4\u03b7. \u0394\u03b9\u03b1\u03b8\u03ad\u03c4\u03b5\u03b9 \u03c0\u03bb\u03ae\u03b8\u03bf\u03c2 \u03c3\u03c5\u03bb\u03bb\u03bf\u03b3\u03ce\u03bd \u03ba\u03b1\u03b9 \u03bf\u03c1\u03b3\u03b1\u03bd\u03c9\u03bc\u03ad\u03bd\u03b1 \u03c5\u03c0\u03bf\u03c3\u03c4\u03b7\u03c1\u03b9\u03ba\u03c4\u03b9\u03ba\u03ac \u03c4\u03bc\u03ae\u03bc\u03b1\u03c4\u03b1, \u03cc\u03c0\u03c9\u03c2 \u03b2\u03b9\u03b2\u03bb\u03b9\u03bf\u03b8\u03ae\u03ba\u03b7, \u03c4\u03bc\u03ae\u03bc\u03b1 GIS, \u039c\u03bf\u03c1\u03b9\u03b1\u03ba\u03cc \u0395\u03c1\u03b3\u03b1\u03c3\u03c4\u03ae\u03c1\u03b9\u03bf \u03ba.\u03b1., \u03b5\u03bd\u03ce \u03bb\u03b5\u03b9\u03c4\u03bf\u03c5\u03c1\u03b3\u03b5\u03af \u03ba\u03b1\u03b9 \u03c9\u03c2 \u03c3\u03cd\u03bc\u03b2\u03bf\u03c5\u03bb\u03bf\u03c2 \u03c4\u03b7\u03c2 [&hellip;]<\/p>","protected":false},"author":1,"featured_media":0,"parent":0,"menu_order":0,"comment_status":"closed","ping_status":"closed","template":"","meta":{"footnotes":""},"class_list":["post-2517","page","type-page","status-publish","hentry"],"_links":{"self":[{"href":"https:\/\/psiloritisgeopark.gr\/de\/wp-json\/wp\/v2\/pages\/2517","targetHints":{"allow":["GET"]}}],"collection":[{"href":"https:\/\/psiloritisgeopark.gr\/de\/wp-json\/wp\/v2\/pages"}],"about":[{"href":"https:\/\/psiloritisgeopark.gr\/de\/wp-json\/wp\/v2\/types\/page"}],"author":[{"embeddable":true,"href":"https:\/\/psiloritisgeopark.gr\/de\/wp-json\/wp\/v2\/users\/1"}],"replies":[{"embeddable":true,"href":"https:\/\/psiloritisgeopark.gr\/de\/wp-json\/wp\/v2\/comments?post=2517"}],"version-history":[{"count":7,"href":"https:\/\/psiloritisgeopark.gr\/de\/wp-json\/wp\/v2\/pages\/2517\/revisions"}],"predecessor-version":[{"id":4462,"href":"https:\/\/psiloritisgeopark.gr\/de\/wp-json\/wp\/v2\/pages\/2517\/revisions\/4462"}],"wp:attachment":[{"href":"https:\/\/psiloritisgeopark.gr\/de\/wp-json\/wp\/v2\/media?parent=2517"}],"curies":[{"name":"wp","href":"https:\/\/api.w.org\/{rel}","templated":true}]}}