{"id":2522,"date":"2025-09-18T09:14:56","date_gmt":"2025-09-18T09:14:56","guid":{"rendered":"https:\/\/nextdigital-demos.info\/gewparko\/?page_id=2522"},"modified":"2025-09-18T09:19:58","modified_gmt":"2025-09-18T09:19:58","slug":"%ce%b1%cf%83%cf%84%ce%b5%cf%81%ce%bf%cf%83%ce%ba%ce%bf%cf%80%ce%b5%ce%af%ce%bf-%cf%83%ce%ba%ce%af%ce%bd%ce%b1%ce%ba%ce%b1","status":"publish","type":"page","link":"https:\/\/psiloritisgeopark.gr\/de\/%ce%b1%cf%83%cf%84%ce%b5%cf%81%ce%bf%cf%83%ce%ba%ce%bf%cf%80%ce%b5%ce%af%ce%bf-%cf%83%ce%ba%ce%af%ce%bd%ce%b1%ce%ba%ce%b1\/","title":{"rendered":"Skinakas-Sternwarte"},"content":{"rendered":"<div data-elementor-type=\"wp-page\" data-elementor-id=\"2522\" class=\"elementor elementor-2522\" data-elementor-post-type=\"page\">\n\t\t\t\t<div data-particle_enable=\"false\" data-particle-mobile-disabled=\"false\" class=\"elementor-element elementor-element-3b69919 e-flex e-con-boxed e-con e-parent\" data-id=\"3b69919\" data-element_type=\"container\" data-settings=\"{&quot;background_background&quot;:&quot;classic&quot;}\">\n\t\t\t\t\t<div class=\"e-con-inner\">\n\t\t\t\t<div class=\"elementor-element elementor-element-3fd18d3 elementor-widget elementor-widget-heading\" data-id=\"3fd18d3\" data-element_type=\"widget\" data-widget_type=\"heading.default\">\n\t\t\t\t\t<h2 class=\"elementor-heading-title elementor-size-default\">Skinakas-Sternwarte<\/h2>\t\t\t\t<\/div>\n\t\t\t\t\t<\/div>\n\t\t\t\t<\/div>\n\t\t<div data-particle_enable=\"false\" data-particle-mobile-disabled=\"false\" class=\"elementor-element elementor-element-6c6a9cd e-flex e-con-boxed e-con e-parent\" data-id=\"6c6a9cd\" data-element_type=\"container\">\n\t\t\t\t\t<div class=\"e-con-inner\">\n\t\t\t\t<div class=\"elementor-element elementor-element-547ce61 elementor-widget elementor-widget-text-editor\" data-id=\"547ce61\" data-element_type=\"widget\" data-widget_type=\"text-editor.default\">\n\t\t\t\t\t\t\t\t\t<div class=\"row\"><div class=\"col-md-12\"><div id=\"pagecontent\"><div><img decoding=\"async\" src=\"https:\/\/www.psiloritisgeopark.gr\/images\/editor\/UserFiles\/1.jpg\" alt=\"\" \/><\/div><p>Das\u00a0<a href=\"https:\/\/skinakas.physics.uoc.gr\/\" target=\"_blank\" rel=\"noopener\">Skinakas-Sternwarte<\/a>\u00a0ist eine gemeinsame Forschungseinrichtung der Universit\u00e4t Kreta und der Stiftung f\u00fcr Forschung und Technologie \u2013 Hellas (FORTH). Am Observatorium sind drei Teleskope mit Spiegeldurchmessern von 1,3\u202fm, 0,6\u202fm und 0,3\u202fm in Betrieb.<\/p><p>Der Betrieb des Observatoriums wird vom Personal des Fachbereichs Physik der Universit\u00e4t Kreta und des Instituts f\u00fcr Astrophysik des FORTH unterst\u00fctzt.<\/p><p>Das Observatorium befindet sich auf dem Berg Ida (Psiloritis) im Zentrum Kretas auf einer H\u00f6he von 1.750\u202fm. Die Luftlinie zur Stadt Heraklion betr\u00e4gt 25\u202fkm, w\u00e4hrend die Stra\u00dfenentfernung etwa 50\u202fkm betr\u00e4gt. Auf dem Weg dorthin liegt rund 20\u202fkm vor dem Observatorium die traditionelle Stadt Anogeia, die f\u00fcr ihre bedeutende Rolle in der neueren Geschichte Kretas bekannt ist. Nordwestlich des Observatoriums, in einer Luftlinie von etwa 6\u202fkm, befindet sich die ber\u00fchmte Ideon-H\u00f6hle, in der \u2013 der Mythologie zufolge \u2013 Zeus aufgezogen wurde.<\/p><\/div><\/div><\/div><div class=\"row\">\u00a0<\/div>\t\t\t\t\t\t\t\t<\/div>\n\t\t\t\t\t<\/div>\n\t\t\t\t<\/div>\n\t\t\t\t<\/div>","protected":false},"excerpt":{"rendered":"<p>\u03a4\u03bf\u00a0\u0391\u03c3\u03c4\u03b5\u03c1\u03bf\u03c3\u03ba\u03bf\u03c0\u03b5\u03af\u03bf \u03a3\u03ba\u03af\u03bd\u03b1\u03ba\u03b1\u00a0\u03b1\u03c0\u03bf\u03c4\u03b5\u03bb\u03b5\u03af \u03ba\u03bf\u03b9\u03bd\u03ae \u03b5\u03c1\u03b5\u03c5\u03bd\u03b7\u03c4\u03b9\u03ba\u03ae \u03c5\u03c0\u03bf\u03b4\u03bf\u03bc\u03ae \u03c4\u03bf\u03c5 \u03a0\u03b1\u03bd\u03b5\u03c0\u03b9\u03c3\u03c4\u03b7\u03bc\u03af\u03bf\u03c5 \u039a\u03c1\u03ae\u03c4\u03b7\u03c2 \u03ba\u03b1\u03b9 \u03c4\u03bf\u03c5 \u0399\u03b4\u03c1\u03cd\u03bc\u03b1\u03c4\u03bf\u03c2 \u03a4\u03b5\u03c7\u03bd\u03bf\u03bb\u03bf\u03b3\u03af\u03b1\u03c2 &amp; \u0388\u03c1\u03b5\u03c5\u03bd\u03b1\u03c2 (\u0399\u03a4\u0395). \u03a3\u03c4\u03bf \u0391\u03c3\u03c4\u03b5\u03c1\u03bf\u03c3\u03ba\u03bf\u03c0\u03b5\u03af\u03bf \u03b5\u03af\u03bd\u03b1\u03b9 \u03b5\u03b3\u03ba\u03b1\u03c4\u03b5\u03c3\u03c4\u03b7\u03bc\u03ad\u03bd\u03b1 \u03ba\u03b1\u03b9 \u03bb\u03b5\u03b9\u03c4\u03bf\u03c5\u03c1\u03b3\u03bf\u03cd\u03bd \u03c4\u03c1\u03af\u03b1 \u03c4\u03b7\u03bb\u03b5\u03c3\u03ba\u03cc\u03c0\u03b9\u03b1 \u03bc\u03b5 \u03b4\u03b9\u03ac\u03bc\u03b5\u03c4\u03c1\u03bf \u03ba\u03b1\u03c4\u03cc\u03c0\u03c4\u03c1\u03bf\u03c5 1.3 \u03bc, 0.6 \u03bc \u03ba\u03b1\u03b9 0.3 \u03bc \u03b1\u03bd\u03c4\u03af\u03c3\u03c4\u03bf\u03b9\u03c7\u03b1. \u0397 \u03bb\u03b5\u03b9\u03c4\u03bf\u03c5\u03c1\u03b3\u03af\u03b1 \u03c4\u03bf\u03c5 \u0391\u03c3\u03c4\u03b5\u03c1\u03bf\u03c3\u03ba\u03bf\u03c0\u03b5\u03af\u03bf\u03c5 \u03a3\u03ba\u03af\u03bd\u03b1\u03ba\u03b1 \u03c5\u03c0\u03bf\u03c3\u03c4\u03b7\u03c1\u03af\u03b6\u03b5\u03c4\u03b1\u03b9 \u03b1\u03c0\u03cc \u03c0\u03c1\u03bf\u03c3\u03c9\u03c0\u03b9\u03ba\u03cc \u03c4\u03bf\u03c5 \u03a4\u03bc\u03ae\u03bc\u03b1\u03c4\u03bf\u03c2 \u03a6\u03c5\u03c3\u03b9\u03ba\u03ae\u03c2 \u03c4\u03bf\u03c5 \u03a0\u03b1\u03bd. \u039a\u03c1\u03ae\u03c4\u03b7\u03c2 \u03ba\u03b1\u03b9 \u03c4\u03bf\u03c5 \u0399\u03bd\u03c3\u03c4\u03b9\u03c4\u03bf\u03cd\u03c4\u03bf\u03c5 \u0391\u03c3\u03c4\u03c1\u03bf\u03c6\u03c5\u03c3\u03b9\u03ba\u03ae\u03c2 \u03c4\u03bf\u03c5 \u0399\u03a4\u0395. \u03a4\u03bf [&hellip;]<\/p>","protected":false},"author":1,"featured_media":0,"parent":0,"menu_order":0,"comment_status":"closed","ping_status":"closed","template":"","meta":{"footnotes":""},"class_list":["post-2522","page","type-page","status-publish","hentry"],"_links":{"self":[{"href":"https:\/\/psiloritisgeopark.gr\/de\/wp-json\/wp\/v2\/pages\/2522","targetHints":{"allow":["GET"]}}],"collection":[{"href":"https:\/\/psiloritisgeopark.gr\/de\/wp-json\/wp\/v2\/pages"}],"about":[{"href":"https:\/\/psiloritisgeopark.gr\/de\/wp-json\/wp\/v2\/types\/page"}],"author":[{"embeddable":true,"href":"https:\/\/psiloritisgeopark.gr\/de\/wp-json\/wp\/v2\/users\/1"}],"replies":[{"embeddable":true,"href":"https:\/\/psiloritisgeopark.gr\/de\/wp-json\/wp\/v2\/comments?post=2522"}],"version-history":[{"count":4,"href":"https:\/\/psiloritisgeopark.gr\/de\/wp-json\/wp\/v2\/pages\/2522\/revisions"}],"predecessor-version":[{"id":2526,"href":"https:\/\/psiloritisgeopark.gr\/de\/wp-json\/wp\/v2\/pages\/2522\/revisions\/2526"}],"wp:attachment":[{"href":"https:\/\/psiloritisgeopark.gr\/de\/wp-json\/wp\/v2\/media?parent=2522"}],"curies":[{"name":"wp","href":"https:\/\/api.w.org\/{rel}","templated":true}]}}