{"id":2527,"date":"2025-09-18T09:20:41","date_gmt":"2025-09-18T09:20:41","guid":{"rendered":"https:\/\/nextdigital-demos.info\/gewparko\/?page_id=2527"},"modified":"2025-09-18T09:22:56","modified_gmt":"2025-09-18T09:22:56","slug":"%cf%80%ce%b1%ce%bb%ce%b1%ce%b9%ce%bf%ce%bd%cf%84%ce%bf%ce%bb%ce%bf%ce%b3%ce%b9%ce%ba%cf%8c-%ce%bc%ce%bf%cf%85%cf%83%ce%b5%ce%af%ce%bf-%cf%81%ce%b5%ce%b8%cf%8d%ce%bc%ce%bd%ce%bf%cf%85-%cf%84%ce%ad","status":"publish","type":"page","link":"https:\/\/psiloritisgeopark.gr\/de\/%cf%80%ce%b1%ce%bb%ce%b1%ce%b9%ce%bf%ce%bd%cf%84%ce%bf%ce%bb%ce%bf%ce%b3%ce%b9%ce%ba%cf%8c-%ce%bc%ce%bf%cf%85%cf%83%ce%b5%ce%af%ce%bf-%cf%81%ce%b5%ce%b8%cf%8d%ce%bc%ce%bd%ce%bf%cf%85-%cf%84%ce%ad\/","title":{"rendered":"Pal\u00e4ontologisches Museum von Rethymno (Temenos Mastaba)"},"content":{"rendered":"<div data-elementor-type=\"wp-page\" data-elementor-id=\"2527\" class=\"elementor elementor-2527\" data-elementor-post-type=\"page\">\n\t\t\t\t<div data-particle_enable=\"false\" data-particle-mobile-disabled=\"false\" class=\"elementor-element elementor-element-3b69919 e-flex e-con-boxed e-con e-parent\" data-id=\"3b69919\" data-element_type=\"container\" data-settings=\"{&quot;background_background&quot;:&quot;classic&quot;}\">\n\t\t\t\t\t<div class=\"e-con-inner\">\n\t\t\t\t<div class=\"elementor-element elementor-element-3fd18d3 elementor-widget elementor-widget-heading\" data-id=\"3fd18d3\" data-element_type=\"widget\" data-widget_type=\"heading.default\">\n\t\t\t\t\t<h2 class=\"elementor-heading-title elementor-size-default\">Pal\u00e4ontologisches Museum von Rethymno (Temenos Mastaba)<\/h2>\t\t\t\t<\/div>\n\t\t\t\t\t<\/div>\n\t\t\t\t<\/div>\n\t\t<div data-particle_enable=\"false\" data-particle-mobile-disabled=\"false\" class=\"elementor-element elementor-element-6c6a9cd e-flex e-con-boxed e-con e-parent\" data-id=\"6c6a9cd\" data-element_type=\"container\">\n\t\t\t\t\t<div class=\"e-con-inner\">\n\t\t\t\t<div class=\"elementor-element elementor-element-547ce61 elementor-widget elementor-widget-text-editor\" data-id=\"547ce61\" data-element_type=\"widget\" data-widget_type=\"text-editor.default\">\n\t\t\t\t\t\t\t\t\t<div class=\"content\"><p>Die Mastaba-Moschee, mit ihrer besonderen Architektur aus neun Kuppeln, den aneinandergereihten R\u00e4umen, dem sogenannten \u201eHegoumenio\u201c (ehemalige Abtsresidenz) und dem umliegenden Garten, ist ein bedeutendes Denkmal der Stadt Rethymno. Sie wurde dem Naturkundemuseum Kreta per Beschluss des griechischen Kulturministeriums \u00fcberlassen. Nach Abschluss der Restaurierung und einer museologischen Planung wurde sie als Pal\u00e4ontologisches Museum Rethymno \u2013 Goulandris Naturkundemuseum er\u00f6ffnet.<br \/><br \/>Die pal\u00e4ontologische Sammlung der Stadt Rethymno, die dem Museum \u00fcbergeben wurde, bildet die Grundlage der Ausstellung. Besucher*innen k\u00f6nnen einen bedeutenden Teil der Entwicklungsgeschichte Kretas entdecken, die geologischen und pal\u00e4ontologischen Ver\u00e4nderungen, die sich \u00fcber einen Zeitraum von 300 Millionen Jahren vollzogen haben. Originalfunde endemischer S\u00e4ugetiere werden in lebensgro\u00dfen, anatomisch korrekten Rekonstruktionen pr\u00e4sentiert. Hervorzuheben sind die kretischen Zwerg-Elefanten, Zwergflusspferde und die vielf\u00e4ltigen Hirscharten Kretas \u2013 insbesondere der Keulenhirsch von Rethymno (Candiacervus ropalophorus), der auch das Logo des Museums darstellt.<br \/><br \/>Im eigens gestalteten Garten von 2,5\u202fHektar wurden typische Pflanzen Kretas gepflanzt: Platanen, Bitterorangenb\u00e4ume, Judasb\u00e4ume, Olivenb\u00e4ume, Johannisbrotb\u00e4ume, kretische Palmen, Oleander und Lorbeer sowie Str\u00e4ucher wie Wildrosen, Lavendel, Diptam, Keuschlamm und Rosmarin.<br \/><br \/>Im Pal\u00e4ontologischen Museum von Rethymno finden heute zahlreiche Veranstaltungen, F\u00fchrungen, Bildungsprogramme und Aktivit\u00e4ten f\u00fcr Sch\u00fcler*innen statt \u2013 ebenso wie spezielle F\u00fchrungen f\u00fcr griechische und internationale G\u00e4ste.<br \/><br \/>Erleben Sie einen\u00a0<a href=\"https:\/\/virtualtour.gnhm.gr\/mastampa\/\" target=\"_blank\" rel=\"noopener\">ersten Einblick durch die virtuelle Tour<\/a>\u00a0des Goulandris Naturkundemuseums.<\/p><\/div><div class=\"pageMedia\"><div class=\"row\"><div class=\"col-md-6 imagecol\"><a class=\"fancyImage\" title=\"\u03a0\u03b1\u03bb\u03b1\u03b9\u03bf\u03bd\u03c4\u03bf\u03bb\u03bf\u03b3\u03b9\u03ba\u03cc \u039c\u03bf\u03c5\u03c3\u03b5\u03af\u03bf \u03a1\u03b5\u03b8\u03cd\u03bc\u03bd\u03bf\u03c5 (\u03a4\u03ad\u03bc\u03b5\u03bd\u03bf\u03c2 \u039c\u03b1\u03c3\u03c4\u03b1\u03bc\u03c0\u03ac)-1\" href=\"https:\/\/psiloritisgeopark.gr\/de\/images\/pagemedia\/images\/mastampas.jpg\/\"><img decoding=\"async\" class=\"img-responsive\" title=\"\u03a0\u03b1\u03bb\u03b1\u03b9\u03bf\u03bd\u03c4\u03bf\u03bb\u03bf\u03b3\u03b9\u03ba\u03cc \u039c\u03bf\u03c5\u03c3\u03b5\u03af\u03bf \u03a1\u03b5\u03b8\u03cd\u03bc\u03bd\u03bf\u03c5 (\u03a4\u03ad\u03bc\u03b5\u03bd\u03bf\u03c2 \u039c\u03b1\u03c3\u03c4\u03b1\u03bc\u03c0\u03ac)-1\" src=\"https:\/\/www.psiloritisgeopark.gr\/images\/pagemedia\/thumbnails\/mastampas.jpg\" alt=\"\u03a0\u03b1\u03bb\u03b1\u03b9\u03bf\u03bd\u03c4\u03bf\u03bb\u03bf\u03b3\u03b9\u03ba\u03cc \u039c\u03bf\u03c5\u03c3\u03b5\u03af\u03bf \u03a1\u03b5\u03b8\u03cd\u03bc\u03bd\u03bf\u03c5 (\u03a4\u03ad\u03bc\u03b5\u03bd\u03bf\u03c2 \u039c\u03b1\u03c3\u03c4\u03b1\u03bc\u03c0\u03ac)-1\" \/><\/a><\/div><\/div><\/div>\t\t\t\t\t\t\t\t<\/div>\n\t\t\t\t\t<\/div>\n\t\t\t\t<\/div>\n\t\t\t\t<\/div>","protected":false},"excerpt":{"rendered":"<p>\u03a4\u03bf \u03a4\u03ad\u03bc\u03b5\u03bd\u03bf\u03c2 \u039c\u03b1\u03c3\u03c4\u03b1\u03bc\u03c0\u03ac, \u03bc\u03b5 \u03c4\u03b7\u03bd \u03b9\u03b4\u03b9\u03ac\u03b6\u03bf\u03c5\u03c3\u03b1 \u03b1\u03c1\u03c7\u03b9\u03c4\u03b5\u03ba\u03c4\u03bf\u03bd\u03b9\u03ba\u03ae \u03c4\u03c9\u03bd 9 \u03c4\u03c1\u03bf\u03cd\u03bb\u03c9\u03bd, \u03c4\u03b1 \u03c3\u03c5\u03bd\u03b5\u03c7\u03cc\u03bc\u03b5\u03bd\u03b1 \u03ba\u03b5\u03bb\u03b9\u03ac, \u03c4\u03bf \u00ab\u0397\u03b3\u03bf\u03c5\u03bc\u03b5\u03bd\u03b5\u03af\u03bf\u00bb \u03ba\u03b1\u03b9 \u03c4\u03bf\u03bd \u03c0\u03b5\u03c1\u03b9\u03b2\u03ac\u03bb\u03bb\u03bf\u03bd\u03c4\u03b1 \u03c7\u03ce\u03c1\u03bf \u03c4\u03bf\u03c5 \u03b1\u03c0\u03bf\u03c4\u03b5\u03bb\u03b5\u03af \u03b1\u03c5\u03c4\u03cc \u03ba\u03b1\u03b8\u2019 \u03b1\u03c5\u03c4\u03cc \u03bc\u03bd\u03b7\u03bc\u03b5\u03af\u03bf \u03c4\u03b7\u03c2 \u03c0\u03cc\u03bb\u03b7\u03c2 \u03c4\u03bf\u03c5 \u03a1\u03b5\u03b8\u03cd\u03bc\u03bd\u03bf\u03c5. \u0388\u03c7\u03b5\u03b9 \u03c0\u03b1\u03c1\u03b1\u03c7\u03c9\u03c1\u03b7\u03b8\u03b5\u03af \u03c3\u03c4\u03bf \u039c.\u0393.\u03a6.\u0399. \u03bc\u03b5 \u03b1\u03c0\u03cc\u03c6\u03b1\u03c3\u03b7 \u03c4\u03bf\u03c5 \u03a5\u03c0\u03bf\u03c5\u03c1\u03b3\u03b5\u03af\u03bf\u03c5 \u03a0\u03bf\u03bb\u03b9\u03c4\u03b9\u03c3\u03bc\u03bf\u03cd. \u039c\u03b5\u03c4\u03ac \u03c4\u03b7\u03bd \u03bf\u03bb\u03bf\u03ba\u03bb\u03ae\u03c1\u03c9\u03c3\u03b7 \u03c4\u03b7\u03c2 \u03b1\u03bd\u03b1\u03c3\u03c4\u03ae\u03bb\u03c9\u03c3\u03b7\u03c2 \u03ba\u03b1\u03b9 \u03c4\u03b7\u03bd \u03b5\u03ba\u03c4\u03ad\u03bb\u03b5\u03c3\u03b7 \u03c4\u03b7\u03c2 \u03c3\u03c7\u03b5\u03c4\u03b9\u03ba\u03ae\u03c2 \u03bc\u03bf\u03c5\u03c3\u03b5\u03b9\u03bf\u03bb\u03bf\u03b3\u03b9\u03ba\u03ae\u03c2 \u03bc\u03b5\u03bb\u03ad\u03c4\u03b7\u03c2, \u03bb\u03b5\u03b9\u03c4\u03bf\u03c5\u03c1\u03b3\u03b5\u03af \u03c9\u03c2 \u03a0\u03b1\u03bb\u03b1\u03b9\u03bf\u03bd\u03c4\u03bf\u03bb\u03bf\u03b3\u03b9\u03ba\u03cc \u039c\u03bf\u03c5\u03c3\u03b5\u03af\u03bf \u03a1\u03b5\u03b8\u03cd\u03bc\u03bd\u03bf\u03c5 [&hellip;]<\/p>","protected":false},"author":1,"featured_media":0,"parent":0,"menu_order":0,"comment_status":"closed","ping_status":"closed","template":"","meta":{"footnotes":""},"class_list":["post-2527","page","type-page","status-publish","hentry"],"_links":{"self":[{"href":"https:\/\/psiloritisgeopark.gr\/de\/wp-json\/wp\/v2\/pages\/2527","targetHints":{"allow":["GET"]}}],"collection":[{"href":"https:\/\/psiloritisgeopark.gr\/de\/wp-json\/wp\/v2\/pages"}],"about":[{"href":"https:\/\/psiloritisgeopark.gr\/de\/wp-json\/wp\/v2\/types\/page"}],"author":[{"embeddable":true,"href":"https:\/\/psiloritisgeopark.gr\/de\/wp-json\/wp\/v2\/users\/1"}],"replies":[{"embeddable":true,"href":"https:\/\/psiloritisgeopark.gr\/de\/wp-json\/wp\/v2\/comments?post=2527"}],"version-history":[{"count":4,"href":"https:\/\/psiloritisgeopark.gr\/de\/wp-json\/wp\/v2\/pages\/2527\/revisions"}],"predecessor-version":[{"id":2531,"href":"https:\/\/psiloritisgeopark.gr\/de\/wp-json\/wp\/v2\/pages\/2527\/revisions\/2531"}],"wp:attachment":[{"href":"https:\/\/psiloritisgeopark.gr\/de\/wp-json\/wp\/v2\/media?parent=2527"}],"curies":[{"name":"wp","href":"https:\/\/api.w.org\/{rel}","templated":true}]}}