{"id":2535,"date":"2025-09-18T09:33:36","date_gmt":"2025-09-18T09:33:36","guid":{"rendered":"https:\/\/nextdigital-demos.info\/gewparko\/?page_id=2535"},"modified":"2025-09-25T08:57:11","modified_gmt":"2025-09-25T08:57:11","slug":"%ce%b3%ce%b9%ce%b1-%cf%84%ce%bf%ce%bd-%ce%b5%cf%80%ce%b9%cf%83%ce%ba%ce%ad%cf%80%cf%84%ce%b7","status":"publish","type":"page","link":"https:\/\/psiloritisgeopark.gr\/de\/%ce%b3%ce%b9%ce%b1-%cf%84%ce%bf%ce%bd-%ce%b5%cf%80%ce%b9%cf%83%ce%ba%ce%ad%cf%80%cf%84%ce%b7\/","title":{"rendered":"F\u00fcr Besucher"},"content":{"rendered":"<div data-elementor-type=\"wp-page\" data-elementor-id=\"2535\" class=\"elementor elementor-2535\" data-elementor-post-type=\"page\">\n\t\t\t\t<div data-particle_enable=\"false\" data-particle-mobile-disabled=\"false\" class=\"elementor-element elementor-element-3b69919 e-flex e-con-boxed e-con e-parent\" data-id=\"3b69919\" data-element_type=\"container\" data-settings=\"{&quot;background_background&quot;:&quot;classic&quot;}\">\n\t\t\t\t\t<div class=\"e-con-inner\">\n\t\t\t\t<div class=\"elementor-element elementor-element-3fd18d3 elementor-widget elementor-widget-heading\" data-id=\"3fd18d3\" data-element_type=\"widget\" data-widget_type=\"heading.default\">\n\t\t\t\t\t<h2 class=\"elementor-heading-title elementor-size-default\">F\u00fcr Besucher<\/h2>\t\t\t\t<\/div>\n\t\t\t\t\t<\/div>\n\t\t\t\t<\/div>\n\t\t<div data-particle_enable=\"false\" data-particle-mobile-disabled=\"false\" class=\"elementor-element elementor-element-6c6a9cd e-flex e-con-boxed e-con e-parent\" data-id=\"6c6a9cd\" data-element_type=\"container\">\n\t\t\t\t\t<div class=\"e-con-inner\">\n\t\t\t\t<div class=\"elementor-element elementor-element-547ce61 elementor-widget elementor-widget-text-editor\" data-id=\"547ce61\" data-element_type=\"widget\" data-widget_type=\"text-editor.default\">\n\t\t\t\t\t\t\t\t\t<div class=\"listsubitems\"><h2><a href=\"https:\/\/psiloritisgeopark.gr\/de\/%ce%b4%ce%b9%ce%b1%ce%b4%cf%81%ce%b1%cf%83%cf%84%ce%b9%ce%ba%cf%8c%cf%82-%cf%87%ce%ac%cf%81%cf%84%ce%b7%cf%82-%ce%b3%ce%b5%cf%89%cf%80%ce%ac%cf%81%ce%ba%ce%bf%cf%85\/\">Interaktive Karte des Geoparks<\/a><\/h2><div class=\"listsubdescription\">Besuchen Sie die interaktive Karte des Geoparks und finden Sie zahlreiche Informationen zu Sehensw\u00fcrdigkeiten, Produkten ...<\/div><div class=\"clear\">\u00a0<\/div><\/div><div class=\"listsubitems\"><h2><a href=\"https:\/\/psiloritisgeopark.gr\/de\/%ce%b1%cf%86%ce%b7%ce%b3%ce%b7%ce%bc%ce%b1%cf%84%ce%b9%ce%ba%cf%8c%cf%82-%cf%87%ce%ac%cf%81%cf%84%ce%b7%cf%82-%ce%b5%ce%b9%ce%ba%ce%bf%ce%bd%ce%b9%ce%ba%ce%ae-%ce%be%ce%b5%ce%bd%ce%ac%ce%b3%ce%b7\/\">Narrative Karte<\/a><\/h2><div class=\"listsubdescription\">Besuchen Sie die folgende narrative Karte des Geoparks, die einen virtuellen Rundgang zu den wichtigsten...<\/div><div class=\"clear\">\u00a0<\/div><\/div><div class=\"listsubitems\"><h2><a href=\"https:\/\/psiloritisgeopark.gr\/de\/%ce%bd%ce%ad%ce%bf%ce%b9-%ce%b1%cf%86%ce%b7%ce%b3%ce%b7%ce%bc%ce%b1%cf%84%ce%b9%ce%ba%ce%bf%ce%af-%cf%87%ce%ac%cf%81%cf%84%ce%b5%cf%82\/\">Neue narrative Karten<\/a><\/h2><div class=\"listsubdescription\">Besuchen Sie die folgende narrative Karte des Geoparks, die einen virtuellen Rundgang zu den wichtigsten...<\/div><div class=\"clear\">\u00a0<\/div><\/div><div class=\"listsubitems\"><h2><a href=\"https:\/\/psiloritisgeopark.gr\/de\/%ce%bd%ce%ad%ce%b1-%ce%b5%ce%b9%ce%ba%ce%bf%ce%bd%ce%b9%ce%ba%ce%ae-%cf%80%ce%b5%cf%81%ce%b9%ce%ae%ce%b3%ce%b7%cf%83%ce%b7-%ce%ba%ce%b1%ce%b9-%ce%b5%cf%81%ce%bc%ce%b7%ce%bd%ce%b5%ce%af%ce%b1-%ce%b3\/\">Neuer virtueller Rundgang und Interpretation des Geotops von Nida<\/a><\/h2><div class=\"listsubdescription\">Neuer virtueller Rundgang und Interpretation des Geotops von Nida: Genie\u00dfen Sie einen virtuellen Rundgang durch das Geotop von Nida, das...<\/div><div class=\"clear\">\u00a0<\/div><\/div><div class=\"listsubitems\"><h2><a href=\"https:\/\/psiloritisgeopark.gr\/de\/%ce%b5%ce%b9%ce%ba%ce%bf%ce%bd%ce%b9%ce%ba%ce%ae-%cf%80%ce%b5%cf%81%ce%b9%ce%ae%ce%b3%ce%b7%cf%83%ce%b7-%cf%83%cf%84%ce%b9%cf%82-%ce%ba%ce%bf%cf%81%cf%85%cf%86%ce%ad%cf%82-%cf%84%ce%bf%cf%85-%cf%88\/\">Virtueller Rundgang auf den Gipfeln des Psiloritis<\/a><\/h2><div class=\"listsubdescription\">Begeben Sie sich zum Mitato des Heiligen Kreuzes und genie\u00dfen Sie den Panoramablick vom Gipfel des Psiloritis! Um sich umzuschauen...<\/div><div class=\"clear\">\u00a0<\/div><\/div><div class=\"listsubitems\"><h2><a href=\"https:\/\/psiloritisgeopark.gr\/de\/%ce%b5%ce%ba%cf%80%ce%b1%ce%af%ce%b4%ce%b5%cf%85%cf%83%ce%b7\/\">Bildung<\/a><\/h2><div class=\"listsubdescription\">Die Bildungsaktivit\u00e4ten des Geoparks werden haupts\u00e4chlich durch seine wichtigsten Partner, das Zentrum...<\/div><div class=\"clear\">\u00a0<\/div><\/div><div class=\"listsubitems\"><h2><a href=\"https:\/\/psiloritisgeopark.gr\/de\/%ce%b4%ce%b9%ce%b1%ce%bc%ce%bf%ce%bd%ce%ae\/\">Unterkunft<\/a><\/h2><div class=\"listsubdescription\">Au\u00dfenfoto Innenfoto Name Website KtimaPanakronAmari-Schule f\u00fcr K\u00f6rperloseTel. ...<\/div><div class=\"clear\">\u00a0<\/div><\/div><div class=\"listsubitems\"><h2><a href=\"https:\/\/psiloritisgeopark.gr\/de\/%ce%b4%ce%b9%ce%b1%cf%84%cf%81%ce%bf%cf%86%ce%ae\/\">Verpflegung<\/a><\/h2><div class=\"listsubdescription\">In den Tavernen der Region finden Sie Gerichte der traditionellen kretischen K\u00fcche. Je nach Ort werden Sie...<\/div><div class=\"clear\">\u00a0<\/div><\/div><div class=\"listsubitems\"><h2><a href=\"https:\/\/psiloritisgeopark.gr\/de\/%ce%b5%ce%bd%ce%b1%ce%bb%ce%bb%ce%b1%ce%ba%cf%84%ce%b9%ce%ba%cf%8c%cf%82-%cf%84%ce%bf%cf%85%cf%81%ce%b9%cf%83%ce%bc%cf%8c%cf%82\/\">Alternativer Tourismus<\/a><\/h2><div class=\"listsubdescription\">Hier finden Sie unsere Reiseb\u00fcros und Partner, die im Bereich des alternativen Tourismus t\u00e4tig sind...<\/div><div class=\"clear\">\u00a0<\/div><\/div><div class=\"listsubitems\"><h2><a href=\"https:\/\/psiloritisgeopark.gr\/de\/%cf%84%ce%bf%cf%80%ce%b9%ce%ba%ce%ac-%cf%80%cf%81%ce%bf%cf%8a%cf%8c%ce%bd%cf%84%ce%b1\/\">Lokale Produkte<\/a><\/h2><div class=\"listsubdescription\">Die Region Psiloritis ist reich an Produkten, die den Besucher dazu einladen, zu probieren, zu f\u00fchlen und zu sehen, was...<\/div><div class=\"clear\">\u00a0<\/div><\/div><div class=\"listsubitems\"><h2><a href=\"https:\/\/psiloritisgeopark.gr\/de\/t%ce%bf%cf%85%cf%81%ce%b9%cf%83%cf%84%ce%b9%ce%ba%cf%8c%cf%82-%ce%bf%ce%b4%ce%b7%ce%b3%cf%8c%cf%82\/\">Reisef\u00fchrer<\/a><\/h2><div class=\"listsubdescription\">REISEF\u00dcHRER (Umschlag, S. 1-39, 40-67, 68-81, 82-120)...<\/div><div class=\"clear\">\u00a0<\/div><\/div><div class=\"listsubitems\"><h2><a href=\"https:\/\/psiloritisgeopark.gr\/de\/%cf%84%ce%bf%cf%80%ce%b9%ce%ba%ce%bf%ce%af-%ce%ba%ce%b1%ce%bb%ce%bb%ce%b9%cf%84%ce%ad%cf%87%ce%bd%ce%b5%cf%82\/\">Lokale K\u00fcnstler<\/a><\/h2><div class=\"listsubdescription\">\u00a0<\/div><div class=\"clear\">\u00a0<\/div><\/div><div class=\"listsubitems\"><h2><a href=\"https:\/\/psiloritisgeopark.gr\/de\/%ce%b3%ce%b5%cf%89%cf%84%ce%bf%cf%85%cf%81%ce%b9%cf%83%ce%bc%cf%8c%cf%82\/\">Geotourismus<\/a><\/h2><div class=\"listsubdescription\">\u00a0<\/div><div class=\"clear\">\u00a0<\/div><\/div><div class=\"listsubitems\"><h2><a href=\"https:\/\/psiloritisgeopark.gr\/de\/%cf%86%ce%af%ce%bb%ce%bf%ce%b9-%cf%84%ce%bf%cf%85-%cf%88%ce%b7%ce%bb%ce%bf%cf%81%ce%b5%ce%af%cf%84%ce%b7\/\">Freunde des Psiloritis<\/a><\/h2><div class=\"listsubdescription\">\u00a0<\/div><div class=\"clear\">\u00a0<\/div><\/div><div class=\"listsubitems\"><h2><a href=\"https:\/\/psiloritisgeopark.gr\/de\/%cf%85%cf%80%ce%b5%cf%8d%ce%b8%cf%85%ce%bd%ce%bf%cf%82-%cf%80%ce%b5%cf%81%ce%b9%ce%b7%ce%b3%ce%b7%cf%84%ce%ae%cf%82\/\">Verantwortungsbewusster Reisender<\/a><\/h2><div class=\"listsubdescription\">Ich lasse alles um mich herum so, wie ich es vorgefunden habe! Ich achte darauf, die wilden Tiere und Pflanzen nicht zu st\u00f6ren! Insbesondere...<\/div><\/div>\t\t\t\t\t\t\t\t<\/div>\n\t\t\t\t\t<\/div>\n\t\t\t\t<\/div>\n\t\t\t\t<\/div>","protected":false},"excerpt":{"rendered":"<p>\u0394\u03b9\u03b1\u03b4\u03c1\u03b1\u03c3\u03c4\u03b9\u03ba\u03cc\u03c2 \u03a7\u03ac\u03c1\u03c4\u03b7\u03c2 \u0393\u03b5\u03c9\u03c0\u03ac\u03c1\u03ba\u03bf\u03c5 \u0395\u03c0\u03b9\u03c3\u03ba\u03b5\u03c6\u03c4\u03b5\u03af\u03c4\u03b5 \u03c4\u03bf \u0394\u03b9\u03b1\u03b4\u03c1\u03b1\u03c3\u03c4\u03b9\u03ba\u03cc \u03a7\u03ac\u03c1\u03c4\u03b7 \u03c4\u03bf\u03c5 \u03b3\u03b5\u03c9\u03c0\u03ac\u03c1\u03ba\u03bf\u03c5 \u03ba\u03b1\u03b9 \u03b2\u03c1\u03b5\u03af\u03c4\u03b5 \u03c0\u03bb\u03ae\u03b8o\u03c2 \u03c0\u03bb\u03b7\u03c1\u03bf\u03c6\u03bf\u03c1\u03b9\u03ce\u03bd \u03b3\u03b9\u03b1 \u03c4\u03b1 \u03c3\u03b7\u03bc\u03b5\u03af\u03b1 \u03b5\u03bd\u03b4\u03b9\u03b1\u03c6\u03ad\u03c1\u03bf\u03bd\u03c4\u03bf\u03c2, \u03c4\u03b1 \u03c0\u03c1\u03bf\u03ca\u03cc\u03bd\u03c4\u03b1&#8230;\u00a0 \u0391\u03c6\u03b7\u03b3\u03b7\u03bc\u03b1\u03c4\u03b9\u03ba\u03cc\u03c2 \u03a7\u03ac\u03c1\u03c4\u03b7\u03c2 \u0395\u03c0\u03b9\u03c3\u03ba\u03b5\u03c6\u03c4\u03b5\u03af\u03c4\u03b5 \u03c4\u03bf\u03bd \u03c0\u03b1\u03c1\u03b1\u03ba\u03ac\u03c4\u03c9 \u03b1\u03c6\u03b7\u03b3\u03b7\u03bc\u03b1\u03c4\u03b9\u03ba\u03cc \u03c7\u03ac\u03c1\u03c4\u03b7 \u03c4\u03bf\u03c5 \u03b3\u03b5\u03c9\u03c0\u03ac\u03c1\u03ba\u03bf\u03c5 \u03c0\u03bf\u03c5 \u03c0\u03c1\u03bf\u03c3\u03c6\u03ad\u03c1\u03b5\u03b9 \u03bc\u03b9\u03b1 \u03b5\u03b9\u03ba\u03bf\u03bd\u03b9\u03ba\u03ae \u03c0\u03b5\u03c1\u03b9\u03ae\u03b3\u03b7\u03c3\u03b7 \u03c3\u03c4\u03b9\u03c2 \u03c3\u03b7\u03bc\u03b1\u03bd\u03c4\u03b9\u03ba\u03cc\u03c4\u03b5\u03c1\u03b5\u03c2&#8230;\u00a0 \u039d\u03ad\u03bf\u03b9 \u0391\u03c6\u03b7\u03b3\u03b7\u03bc\u03b1\u03c4\u03b9\u03ba\u03bf\u03af \u03a7\u03ac\u03c1\u03c4\u03b5\u03c2 \u039d\u03ad\u03bf\u03b9 \u0391\u03c6\u03b7\u03b3\u03b7\u03bc\u03b1\u03c4\u03b9\u03ba\u03bf\u03af \u03a7\u03ac\u03c1\u03c4\u03b5\u03c2 \u03b3\u03b9\u03b1 \u0395\u03ba\u03ba\u03bb\u03b7\u03c3\u03af\u03b5\u03c2 \u0391\u03bc\u03b1\u03c1\u03af\u03bf\u03c5, \u039f\u03c1\u03bf\u03c0\u03ad\u03b4\u03b9\u03bf \u039d\u03af\u03b4\u03b1\u03c2 \u03ba\u03b1\u03b9 \u03c3\u03c5\u03bd\u03b5\u03c1\u03b3\u03b1\u03b6\u03cc\u03bc\u03b5\u03bd\u03b5\u03c2 \u03b5\u03c0\u03b9\u03c7\u03b5\u03b9\u03c1\u03ae\u03c3\u03b5\u03b9\u03c2: \u00a0 \u039c\u03ad\u03c3\u03b1 \u03b1\u03c0\u03bf \u03c4\u03bf \u03ad\u03c1\u03b3\u03bf&#8230;\u00a0 \u039d\u03ad\u03b1 [&hellip;]<\/p>","protected":false},"author":1,"featured_media":0,"parent":0,"menu_order":0,"comment_status":"closed","ping_status":"closed","template":"","meta":{"footnotes":""},"class_list":["post-2535","page","type-page","status-publish","hentry"],"_links":{"self":[{"href":"https:\/\/psiloritisgeopark.gr\/de\/wp-json\/wp\/v2\/pages\/2535","targetHints":{"allow":["GET"]}}],"collection":[{"href":"https:\/\/psiloritisgeopark.gr\/de\/wp-json\/wp\/v2\/pages"}],"about":[{"href":"https:\/\/psiloritisgeopark.gr\/de\/wp-json\/wp\/v2\/types\/page"}],"author":[{"embeddable":true,"href":"https:\/\/psiloritisgeopark.gr\/de\/wp-json\/wp\/v2\/users\/1"}],"replies":[{"embeddable":true,"href":"https:\/\/psiloritisgeopark.gr\/de\/wp-json\/wp\/v2\/comments?post=2535"}],"version-history":[{"count":16,"href":"https:\/\/psiloritisgeopark.gr\/de\/wp-json\/wp\/v2\/pages\/2535\/revisions"}],"predecessor-version":[{"id":2987,"href":"https:\/\/psiloritisgeopark.gr\/de\/wp-json\/wp\/v2\/pages\/2535\/revisions\/2987"}],"wp:attachment":[{"href":"https:\/\/psiloritisgeopark.gr\/de\/wp-json\/wp\/v2\/media?parent=2535"}],"curies":[{"name":"wp","href":"https:\/\/api.w.org\/{rel}","templated":true}]}}