{"id":2583,"date":"2025-09-18T11:07:14","date_gmt":"2025-09-18T11:07:14","guid":{"rendered":"https:\/\/nextdigital-demos.info\/gewparko\/?page_id=2583"},"modified":"2025-09-18T11:07:56","modified_gmt":"2025-09-18T11:07:56","slug":"%ce%b4%ce%b5%ce%bb%cf%84%ce%af%ce%bf-%cf%84%cf%8d%cf%80%ce%bf%cf%85-%ce%b3%ce%b9%ce%b1-%cf%84%ce%b7%ce%bd-5%ce%b7-%ce%b3%ce%b9%ce%bf%cf%81%cf%84%ce%ae-%ce%b3%ce%b5%cf%89%cf%80%ce%ac%cf%81%ce%ba%ce%bf","status":"publish","type":"page","link":"https:\/\/psiloritisgeopark.gr\/de\/%ce%b4%ce%b5%ce%bb%cf%84%ce%af%ce%bf-%cf%84%cf%8d%cf%80%ce%bf%cf%85-%ce%b3%ce%b9%ce%b1-%cf%84%ce%b7%ce%bd-5%ce%b7-%ce%b3%ce%b9%ce%bf%cf%81%cf%84%ce%ae-%ce%b3%ce%b5%cf%89%cf%80%ce%ac%cf%81%ce%ba%ce%bf\/","title":{"rendered":"Pressemitteilung zur 5. Feier des Geoparks Psiloritis \u2013 21. Juli 2025, Amari"},"content":{"rendered":"<div data-elementor-type=\"wp-page\" data-elementor-id=\"2583\" class=\"elementor elementor-2583\" data-elementor-post-type=\"page\">\n\t\t\t\t<div data-particle_enable=\"false\" data-particle-mobile-disabled=\"false\" class=\"elementor-element elementor-element-3b69919 e-flex e-con-boxed e-con e-parent\" data-id=\"3b69919\" data-element_type=\"container\" data-settings=\"{&quot;background_background&quot;:&quot;classic&quot;}\">\n\t\t\t\t\t<div class=\"e-con-inner\">\n\t\t\t\t<div class=\"elementor-element elementor-element-3fd18d3 elementor-widget elementor-widget-heading\" data-id=\"3fd18d3\" data-element_type=\"widget\" data-widget_type=\"heading.default\">\n\t\t\t\t\t<h2 class=\"elementor-heading-title elementor-size-default\">Pressemitteilung zur 5. Feier des Geoparks Psiloritis \u2013 21. Juli 2025, Amari<\/h2>\t\t\t\t<\/div>\n\t\t\t\t\t<\/div>\n\t\t\t\t<\/div>\n\t\t<div data-particle_enable=\"false\" data-particle-mobile-disabled=\"false\" class=\"elementor-element elementor-element-6c6a9cd e-flex e-con-boxed e-con e-parent\" data-id=\"6c6a9cd\" data-element_type=\"container\">\n\t\t\t\t\t<div class=\"e-con-inner\">\n\t\t\t\t<div class=\"elementor-element elementor-element-547ce61 elementor-widget elementor-widget-text-editor\" data-id=\"547ce61\" data-element_type=\"widget\" data-widget_type=\"text-editor.default\">\n\t\t\t\t\t\t\t\t\t<p><strong>Pressemitteilung zur 5. Feier des Geoparks Psiloritis \u2013 21. Juli 2025, Amari<\/strong><br \/><br \/>Am Montag, den 21. Juli 2025, fand die 5. Feier des Geoparks Psiloritis im Gut Panakron im Rahmen des Amari Green Festival statt. Diese Feier hatte zum Ziel, die Partner und Aktivit\u00e4ten des Geoparks hervorzuheben und die Zusammenarbeit zu f\u00f6rdern. W\u00e4hrend der gesamten Veranstaltung hatten Besucherinnen und Besucher, Freunde und Unterst\u00fctzer des Geoparks die M\u00f6glichkeit, Ausstellungen lokaler Produkte von Partnern sowie Kunstwerke von K\u00fcnstlern aus verschiedenen Regionen des Psiloritis zu entdecken.<br \/><br \/><img fetchpriority=\"high\" decoding=\"async\" src=\"https:\/\/www.psiloritisgeopark.gr\/images\/editor\/UserFiles\/giorth2025\/%CE%B2%CE%B1%CE%BD%CE%BD%CE%B5%CF%81.jpg\" alt=\"\" width=\"239\" height=\"318\" \/>\u00a0<img decoding=\"async\" src=\"https:\/\/www.psiloritisgeopark.gr\/images\/editor\/UserFiles\/giorth2025\/%CE%B5%CE%BA%CE%B8%CE%B5%CF%83%CE%B7.jpg\" alt=\"\" width=\"478\" height=\"315\" \/>\u00a0<img decoding=\"async\" src=\"https:\/\/www.psiloritisgeopark.gr\/images\/editor\/UserFiles\/giorth2025\/%CE%B5%CE%AF%CF%83%CE%BF%CE%B4%CE%BF%CF%82.jpg\" alt=\"\" width=\"237\" height=\"316\" \/><br \/><br \/>An einem Abend voller L\u00e4cheln und Begegnungen f\u00fcllte sich das Gut Panakron mit den einzigartigen Geschm\u00e4ckern und D\u00fcften des Psiloritis sowie mit Werken der Volkskunst aus den verschiedenen Gebieten des Geoparks: von Malerei, Fotografie und Weberei bis hin zu Holzschnitzerei, Steinschnitzerei, Keramik und traditionellen Glocken. Gleichzeitig verbanden sich die Leinw\u00e4nde der Ausstellung Flora mirabilis mit den Pflanzen des Geoparks harmonisch mit den Kunstwerken der Geopark-K\u00fcnstler. Dar\u00fcber hinaus wurden Fotoausstellungen in digitaler und gedruckter Form pr\u00e4sentiert \u2013 sowohl von erfahrenen Fotografen als auch von Sch\u00fclerwettbewerben (CLLD\/LEADER der LAG AKOMM\u2013Psiloritis Entwicklungsagentur \u201eDie Reise beginnt in deiner Heimat. Lerne sie kennen: Aktionen zur Sensibilisierung von Besuchern und Einwohnern des Naturparks Psiloritis\u201c) mit dem Thema Landschaften und Menschen des Psiloritis. Ebenfalls wurde \u00fcber die Begleitung am Berg durch zertifizierte Bergf\u00fchrer informiert.<br \/><br \/><img loading=\"lazy\" decoding=\"async\" src=\"https:\/\/www.psiloritisgeopark.gr\/images\/editor\/UserFiles\/giorth2025\/%CE%B1%CE%B5%CF%81%CE%AC%CE%BA%CE%B7%CF%82_%CF%83%CF%85%CE%BD%CE%BF%CE%B4%CE%BF%CE%AF_%CF%80%CE%B1%CE%B6%CE%AC%CF%81%CE%B9%20%CE%B2%CE%B9%CE%B2%CE%BB%CE%B9%CE%BF%CF%85.jpg\" alt=\"\" width=\"228\" height=\"303\" \/>\u00a0<img loading=\"lazy\" decoding=\"async\" src=\"https:\/\/www.psiloritisgeopark.gr\/images\/editor\/UserFiles\/giorth2025\/%CE%B5%CE%BA%CE%B8%CE%B5%CF%83%CE%B9%CE%B1%CE%BA%CE%B1%20%CE%B1%CF%80%CE%BF%CE%BD%CF%84%CE%B5%CF%82.jpg\" alt=\"\" width=\"451\" height=\"298\" \/>\u00a0<img loading=\"lazy\" decoding=\"async\" src=\"https:\/\/www.psiloritisgeopark.gr\/images\/editor\/UserFiles\/giorth2025\/%CE%BA%CE%BF%CF%85%CF%81%CE%BA%CE%BF%CF%85%CE%BB%CE%BF%CF%8D.jpg\" alt=\"\" width=\"197\" height=\"294\" \/><br \/>\u00a0<img loading=\"lazy\" decoding=\"async\" src=\"https:\/\/www.psiloritisgeopark.gr\/images\/editor\/UserFiles\/giorth2025\/%CE%B1%CE%BD%CE%B5%CE%B3%CE%BD%CF%89%CF%81%CE%BF.jpg\" alt=\"\" width=\"164\" height=\"246\" \/>\u00a0<img loading=\"lazy\" decoding=\"async\" src=\"https:\/\/www.psiloritisgeopark.gr\/images\/editor\/UserFiles\/giorth2025\/%CE%BC%CE%B9%CF%84%CE%BF%CF%82.jpg\" alt=\"\" width=\"359\" height=\"241\" \/>\u00a0<img loading=\"lazy\" decoding=\"async\" src=\"https:\/\/www.psiloritisgeopark.gr\/images\/editor\/UserFiles\/giorth2025\/%CE%BB%CE%BF%CE%B3%CE%BF%CF%831.jpg\" alt=\"\" width=\"358\" height=\"237\" \/><br \/><img loading=\"lazy\" decoding=\"async\" src=\"https:\/\/www.psiloritisgeopark.gr\/images\/editor\/UserFiles\/giorth2025\/%CE%B6%CF%8E%CE%BC%CE%B9%CE%BD%CE%B8%CE%BF%CF%82.jpg\" alt=\"\" width=\"361\" height=\"241\" \/>\u00a0<img loading=\"lazy\" decoding=\"async\" src=\"https:\/\/www.psiloritisgeopark.gr\/images\/editor\/UserFiles\/giorth2025\/%CF%83%CF%84%CE%B1%CF%8D%CF%81%CE%BF%CF%82.jpg\" alt=\"\" width=\"163\" height=\"245\" \/>\u00a0<img loading=\"lazy\" decoding=\"async\" src=\"https:\/\/www.psiloritisgeopark.gr\/images\/editor\/UserFiles\/giorth2025\/%CE%BA%CE%B5%CF%81%CE%B1%CE%BC%CE%B5%CE%AF%CE%BF%CE%BD.jpg\" alt=\"\" width=\"363\" height=\"242\" \/><br \/><br \/>Gro\u00dfen Anklang fanden die Mitmach-Webereiateliers der Webschule Anogeia, bei denen Kinder und Erwachsene die Herstellung von Textilien auf tragbaren Rahmenwebst\u00fchlen, Bandwebst\u00fchlen und Tischwebst\u00fchlen mit Litzen und Kamm f\u00fcr Flickenteppiche ausprobieren konnten<br \/>Die Veranstaltung begann am Morgen mit einer Besichtigung des Klosters Asomaton, einer Begr\u00fc\u00dfung und F\u00fchrung durch die Nonnen des Klosters, einer Wanderung durch die Patsos-Schlucht und einer Weinverkostung im Weingut Kourkoulou. Der Nachmittag wurde durch parallele Aktivit\u00e4ten bereichert, darunter Keramikworkshops sowie herausragende Vortr\u00e4ge, die zum Nachdenken und Diskutieren anregten. Dr. Charalambos Fasoulas sprach \u00fcber die Aktionen und Initiativen des Geoparks Psiloritis f\u00fcr 2025. Dr. Marina Tzakosta, Professorin am Fachbereich Vorschulp\u00e4dagogik der Universit\u00e4t Kreta, referierte \u00fcber \u201eDie Vergangenheit, Gegenwart und Zukunft der kretischen Sprache\u201c. Schlie\u00dflich sprach Dr. Georgios Nikolakakis, Emeritierter Professor f\u00fcr Soziologie an der Universit\u00e4t Kreta, \u00fcber \u201eVerhaltensweisen und gute Praktiken f\u00fcr das Zusammenleben von Landwirtschaft und Viehzucht im Psiloritis auf der Grundlage fr\u00fcherer Prinzipien\u201c.<br \/>Die Diskussionen wurden von dem Journalisten Herrn Manousos Klados moderiert.<br \/><br \/><img loading=\"lazy\" decoding=\"async\" src=\"https:\/\/www.psiloritisgeopark.gr\/images\/editor\/UserFiles\/giorth2025\/%CE%A0%CE%B1%CF%84%CF%83%CF%8C%CF%82.jpg\" alt=\"\" width=\"269\" height=\"204\" \/>\u00a0<img loading=\"lazy\" decoding=\"async\" src=\"https:\/\/www.psiloritisgeopark.gr\/images\/editor\/UserFiles\/giorth2025\/%CE%BF%CE%BC%CE%B9%CE%BB%CE%B9%CE%B5%CF%82_%CE%B5%CE%BA%CE%B8%CE%B5%CF%83%CE%B7.jpg\" alt=\"\" width=\"336\" height=\"209\" \/>\u00a0<img loading=\"lazy\" decoding=\"async\" src=\"https:\/\/www.psiloritisgeopark.gr\/images\/editor\/UserFiles\/giorth2025\/%CE%BF%CE%BC%CE%B9%CE%BB%CE%B9%CE%B5%CF%82_%CE%B5%CE%BA%CE%B8%CE%B5%CF%83%CE%B72.jpg\" alt=\"\" width=\"312\" height=\"210\" \/><br \/><img loading=\"lazy\" decoding=\"async\" src=\"https:\/\/www.psiloritisgeopark.gr\/images\/editor\/UserFiles\/giorth2025\/%CF%85%CF%86%CE%B1%CE%BD%CF%84%CE%B9%CE%BA%CE%AE%20(1).jpg\" alt=\"\" width=\"307\" height=\"202\" \/>\u00a0<img loading=\"lazy\" decoding=\"async\" src=\"https:\/\/www.psiloritisgeopark.gr\/images\/editor\/UserFiles\/giorth2025\/%CF%83%CF%85%CE%BD%CE%BF%CE%B4%CE%BF%CE%AF.jpg\" alt=\"\" width=\"304\" height=\"203\" \/>\u00a0<img loading=\"lazy\" decoding=\"async\" src=\"https:\/\/www.psiloritisgeopark.gr\/images\/editor\/UserFiles\/giorth2025\/%CE%BF%CE%BC%CE%B9%CE%BB%CE%AF%CE%B5%CF%82%20%CF%81%CE%BF%CE%B4%CE%B1%CE%BA%CE%B1%CF%82.jpg\" alt=\"\" width=\"298\" height=\"198\" \/><br \/><br \/>Ein festlicher Abschluss erwartete die Besucher mit einem Konzert des Pavlos-Vlastos-Chors unter der Leitung von Antonis Micheloudakis, mit den Mitwirkenden: Michalis Pavlakis (Lyra, Lyra-Violine, Gesang), Stelios Iliakis (Laute), Vasilis Nikoloudakis (Gitarre), Stelios Moulakakis (Percussion) sowie dem Musikprogramm \u201eDie Basilikumduftenden: Lieder des Hockers und der Gemeinschaft\u201c mit Charalambos Angelakis, Despina Anastasopoulou, Vasilis Papadakis, Stergios Karaiskos, Nikiforos Volanakis und Stelios Moulakakis.<br \/><br \/><img loading=\"lazy\" decoding=\"async\" src=\"https:\/\/www.psiloritisgeopark.gr\/images\/editor\/UserFiles\/giorth2025\/%CF%87%CE%BF%CF%81%CF%89%CE%B4%CE%B9%CE%B1.jpg\" alt=\"\" width=\"418\" height=\"278\" \/>\u00a0<img loading=\"lazy\" decoding=\"async\" src=\"https:\/\/www.psiloritisgeopark.gr\/images\/editor\/UserFiles\/giorth2025\/%CE%BD%CE%B9%CF%84%CF%83%CE%B1_%CE%B3%CE%B1%CE%BB%CE%BB%CE%B9%CE%BF%CF%82.jpg\" alt=\"\" width=\"185\" height=\"277\" \/>\u00a0<img loading=\"lazy\" decoding=\"async\" src=\"https:\/\/www.psiloritisgeopark.gr\/images\/editor\/UserFiles\/giorth2025\/%CE%B5%CE%B9%CE%BA%CF%8C%CE%BD%CE%B1_Viber_2025-07-24_00-56-08-935.jpg\" alt=\"\" width=\"413\" height=\"276\" \/><br \/><br \/>Ein besonderer Dank gilt allen Partnern und Unterst\u00fctzern des Geoparks Psiloritis, die erneut den einzigartigen Charakter des Geoparks mit ihren Produkten und Werken hervorhoben, der Gemeinde Amari und den Organisatoren des Amari Green Festival f\u00fcr eine weitere hervorragende Veranstaltung, ihre Gastfreundschaft und Unterst\u00fctzung, sowie der Gemeinde Anogeia f\u00fcr die Bereitstellung eines Gem\u00e4ldes von Polydoros und Maria-Teresa Aerakis und\u00a0<em>\u0396\u0391\u03a1\u039f\u03a3<\/em>\u00a0S.A. f\u00fcr die Wasserspende.<br \/><br \/>Abschlie\u00dfend bedankt sich der Geopark Psiloritis herzlich bei allen Freunden, deren Teilnahme den einzigartigen Charakter des Psiloritis hervorgehoben hat.<br \/><br \/>Teilnehmende K\u00fcnstler:\u00a0<br \/><br \/>Polydoros und Maria Teresa Aerakis, Konstantinos Gallios, Georgios Kapsalis, Nikos Kapsalis, Br\u00fcder Sifakis (Grigoris, Michalis, Sifis), Stavros Koukiadakis, Manolis Prinianakis, Asimina Trikali, Giangos Chairetis und Nitsa Chaireti.<br \/><br \/><img loading=\"lazy\" decoding=\"async\" src=\"https:\/\/www.psiloritisgeopark.gr\/images\/editor\/UserFiles\/giorth2025\/%CF%80%CF%81%CE%B9%CE%BD_%CE%B5%CE%BD%CF%84%CF%81%CF%85.jpg\" alt=\"\" width=\"307\" height=\"203\" \/>\u00a0<img loading=\"lazy\" decoding=\"async\" src=\"https:\/\/www.psiloritisgeopark.gr\/images\/editor\/UserFiles\/giorth2025\/%CE%BA%CE%B1%CF%88%CE%BD.jpg\" alt=\"\" width=\"136\" height=\"201\" \/>\u00a0<img loading=\"lazy\" decoding=\"async\" src=\"https:\/\/www.psiloritisgeopark.gr\/images\/editor\/UserFiles\/giorth2025\/%CF%83%CE%B7%CF%86%CE%AC%CE%BA%CE%B7%CE%B4%CE%B5%CF%82.jpg\" alt=\"\" width=\"308\" height=\"205\" \/>\u00a0<img loading=\"lazy\" decoding=\"async\" src=\"https:\/\/www.psiloritisgeopark.gr\/images\/editor\/UserFiles\/giorth2025\/%CE%B5%CE%BA%CE%B8.jpg\" alt=\"\" width=\"302\" height=\"199\" \/><br \/><br \/>Teilnehmende lokale Unternehmen:\u00a0<br \/><br \/><em>Cretan Herbs<\/em>\u00a0Cretan Herbs (kretische Kr\u00e4uter\u00a0<em>Cretanthos<\/em>\u00a0(Oliven\u00f6lprodukte)\u00a0<em>Logos craftware<\/em>\u00a0(Holzschnitzerei),\u00a0<em>\u039c\u0399\u03a4\u039f\u03a3<\/em>\u00a0(Webatelier und Volkskunst)\u00a0<em>\u03b1\u03b8\u03cc\u03c2<\/em>\u00a0Athos (Seifenwerkstatt),\u00a0<em>Anegnoro<\/em>\u00a0(Honigprodukte),\u00a0<em>Zominthos<\/em>\u00a0(Milchprodukte),\u00a0<em>Idaia Gi<\/em>\u00a0Frauenkooperative Gergeri\u00a0<em>Kourkoulou<\/em>\u00a0Weingut, Honig,\u00a0<em>Romanakis<\/em>,\u00a0<em>To Konaki<\/em>\u00a0Imkerverein Gergeri.<br \/><br \/>Ebenso<br \/><br \/>der Bergf\u00fchrerverein Kretas, die Sozialgenossenschaft\u00a0<em>RODAKAS<\/em>\u00a0aus Margarites, Mylopotamos\u00a0<em>und die Kulturorganisation Androidus \u2013 Argastiri.<\/em><br \/><br \/><strong>Wir sehen uns n\u00e4chstes Jahr in einem anderen Dorf des Psiloritis!<\/strong><br \/><em>Auf Wiedersehen<br \/><br \/><\/em>Fotos von: Psiloritis UNESCO Global Geopark, Amari Green Festival \u2013 Ioannis Rallis<\/p>\t\t\t\t\t\t\t\t<\/div>\n\t\t\t\t\t<\/div>\n\t\t\t\t<\/div>\n\t\t\t\t<\/div>","protected":false},"excerpt":{"rendered":"<p>\u0394\u03b5\u03bb\u03c4\u03af\u03bf \u03c4\u03cd\u03c0\u03bf\u03c5 \u03b3\u03b9\u03b1 \u03c4\u03b7\u03bd 5\u03b7 \u0393\u03b9\u03bf\u03c1\u03c4\u03ae \u0393\u03b5\u03c9\u03c0\u03ac\u03c1\u03ba\u03bf\u03c5 \u03a8\u03b7\u03bb\u03bf\u03c1\u03b5\u03af\u03c4\u03b7 \u03c3\u03c4\u03b9\u03c2 21 \u0399\u03bf\u03c5\u03bb\u03af\u03bf\u03c5 2025 \u03c3\u03c4\u03bf \u0391\u03bc\u03ac\u03c1\u03b9 \u03a4\u03b7\u03bd \u0394\u03b5\u03c5\u03c4\u03ad\u03c1\u03b1 21 \u0399\u03bf\u03c5\u03bb\u03af\u03bf\u03c5 2025 \u03c0\u03c1\u03b1\u03b3\u03bc\u03b1\u03c4\u03bf\u03c0\u03bf\u03b9\u03ae\u03b8\u03b7\u03ba\u03b5 \u03b7 5\u03b7 \u0393\u03b9\u03bf\u03c1\u03c4\u03ae \u03c4\u03bf\u03c5 \u0393\u03b5\u03c9\u03c0\u03ac\u03c1\u03ba\u03bf\u03c5 \u03a8\u03b7\u03bb\u03bf\u03c1\u03b5\u03af\u03c4\u03b7 \u03c3\u03c4\u03bf \u039a\u03c4\u03ae\u03bc\u03b1 \u03a0\u03ac\u03bd\u03b1\u03ba\u03c1\u03bf\u03bd \u03c3\u03c4\u03b1 \u03c0\u03bb\u03b1\u03af\u03c3\u03b9\u03b1 \u03c4\u03bf\u03c5 Amari Green Festival, \u03bc\u03b9\u03b1 \u03b3\u03b9\u03bf\u03c1\u03c4\u03ae \u03c0\u03bf\u03c5 \u03b1\u03c0\u03bf\u03c3\u03ba\u03bf\u03c0\u03b5\u03af \u03c3\u03c4\u03b7\u03bd \u03b1\u03bd\u03ac\u03b4\u03b5\u03b9\u03be\u03b7 \u03ba\u03b1\u03b9 \u03b1\u03bb\u03bb\u03b7\u03bb\u03b5\u03c0\u03af\u03b4\u03c1\u03b1\u03c3\u03b7 \u03c4\u03c9\u03bd \u03c3\u03c5\u03bd\u03b5\u03c1\u03b3\u03b1\u03c4\u03ce\u03bd \u03ba\u03b1\u03b9 \u03c4\u03c9\u03bd \u03b4\u03c1\u03b1\u03c3\u03c4\u03b7\u03c1\u03b9\u03bf\u03c4\u03ae\u03c4\u03c9\u03bd \u03c4\u03bf\u03c5 \u0393\u03b5\u03c9\u03c0\u03ac\u03c1\u03ba\u03bf\u03c5. \u039a\u03b1\u03b8\u2019 \u03cc\u03bb\u03b7 \u03c4\u03b7 \u03b4\u03b9\u03ac\u03c1\u03ba\u03b5\u03b9\u03b1 \u03c4\u03b7\u03c2 [&hellip;]<\/p>","protected":false},"author":1,"featured_media":0,"parent":0,"menu_order":0,"comment_status":"closed","ping_status":"closed","template":"","meta":{"footnotes":""},"class_list":["post-2583","page","type-page","status-publish","hentry"],"_links":{"self":[{"href":"https:\/\/psiloritisgeopark.gr\/de\/wp-json\/wp\/v2\/pages\/2583","targetHints":{"allow":["GET"]}}],"collection":[{"href":"https:\/\/psiloritisgeopark.gr\/de\/wp-json\/wp\/v2\/pages"}],"about":[{"href":"https:\/\/psiloritisgeopark.gr\/de\/wp-json\/wp\/v2\/types\/page"}],"author":[{"embeddable":true,"href":"https:\/\/psiloritisgeopark.gr\/de\/wp-json\/wp\/v2\/users\/1"}],"replies":[{"embeddable":true,"href":"https:\/\/psiloritisgeopark.gr\/de\/wp-json\/wp\/v2\/comments?post=2583"}],"version-history":[{"count":4,"href":"https:\/\/psiloritisgeopark.gr\/de\/wp-json\/wp\/v2\/pages\/2583\/revisions"}],"predecessor-version":[{"id":2587,"href":"https:\/\/psiloritisgeopark.gr\/de\/wp-json\/wp\/v2\/pages\/2583\/revisions\/2587"}],"wp:attachment":[{"href":"https:\/\/psiloritisgeopark.gr\/de\/wp-json\/wp\/v2\/media?parent=2583"}],"curies":[{"name":"wp","href":"https:\/\/api.w.org\/{rel}","templated":true}]}}