{"id":2603,"date":"2025-09-18T11:15:47","date_gmt":"2025-09-18T11:15:47","guid":{"rendered":"https:\/\/nextdigital-demos.info\/gewparko\/?page_id=2603"},"modified":"2025-09-18T11:16:10","modified_gmt":"2025-09-18T11:16:10","slug":"%cf%83%cf%85%ce%bc%ce%bc%ce%b5%cf%84%ce%bf%cf%87%ce%ae-%cf%84%ce%bf%cf%85-%cf%80%ce%b1%ce%b3%ce%ba%cf%8c%cf%83%ce%bc%ce%b9%ce%bf%cf%85-%ce%b3%ce%b5%cf%89%cf%80%ce%ac%cf%81%ce%ba%ce%bf%cf%85-unesco","status":"publish","type":"page","link":"https:\/\/psiloritisgeopark.gr\/de\/%cf%83%cf%85%ce%bc%ce%bc%ce%b5%cf%84%ce%bf%cf%87%ce%ae-%cf%84%ce%bf%cf%85-%cf%80%ce%b1%ce%b3%ce%ba%cf%8c%cf%83%ce%bc%ce%b9%ce%bf%cf%85-%ce%b3%ce%b5%cf%89%cf%80%ce%ac%cf%81%ce%ba%ce%bf%cf%85-unesco\/","title":{"rendered":"TEILNAHME DES UNESCO GLOBAL GEOPARK PSILORITIS AN DER 51. KOORDINIERUNGSSITZUNG DES EUROP\u00c4ISCHEN GEOPARK-NETZWERKS \u2013 10. JAHRESTAG DES UNESCO-GLOBALGEOPARK-PROGRAMMS"},"content":{"rendered":"<div data-elementor-type=\"wp-page\" data-elementor-id=\"2603\" class=\"elementor elementor-2603\" data-elementor-post-type=\"page\">\n\t\t\t\t<div data-particle_enable=\"false\" data-particle-mobile-disabled=\"false\" class=\"elementor-element elementor-element-3b69919 e-flex e-con-boxed e-con e-parent\" data-id=\"3b69919\" data-element_type=\"container\" data-settings=\"{&quot;background_background&quot;:&quot;classic&quot;}\">\n\t\t\t\t\t<div class=\"e-con-inner\">\n\t\t\t\t<div class=\"elementor-element elementor-element-3fd18d3 elementor-widget elementor-widget-heading\" data-id=\"3fd18d3\" data-element_type=\"widget\" data-widget_type=\"heading.default\">\n\t\t\t\t\t<h2 class=\"elementor-heading-title elementor-size-default\">TEILNAHME DES UNESCO GLOBAL GEOPARK PSILORITIS AN DER 51. KOORDINIERUNGSSITZUNG DES EUROP\u00c4ISCHEN GEOPARK-NETZWERKS \u2013 10. JAHRESTAG DES UNESCO-GLOBALGEOPARK-PROGRAMMS<\/h2>\t\t\t\t<\/div>\n\t\t\t\t\t<\/div>\n\t\t\t\t<\/div>\n\t\t<div data-particle_enable=\"false\" data-particle-mobile-disabled=\"false\" class=\"elementor-element elementor-element-6c6a9cd e-flex e-con-boxed e-con e-parent\" data-id=\"6c6a9cd\" data-element_type=\"container\">\n\t\t\t\t\t<div class=\"e-con-inner\">\n\t\t\t\t<div class=\"elementor-element elementor-element-547ce61 elementor-widget elementor-widget-text-editor\" data-id=\"547ce61\" data-element_type=\"widget\" data-widget_type=\"text-editor.default\">\n\t\t\t\t\t\t\t\t\t<div class=\"x11i5rnm xat24cr x1mh8g0r x1vvkbs xtlvy1s x126k92a\"><div dir=\"auto\"><strong>TEILNAHME DES UNESCO GLOBAL GEOPARK PSILORITIS AN DER 51. KOORDINIERUNGSSITZUNG DES EUROP\u00c4ISCHEN GEOPARK-NETZWERKS \u2013 10. JAHRESTAG DES UNESCO-GLOBALGEOPARK-PROGRAMMS<\/strong><\/div><div dir=\"auto\">\u00a0<\/div><\/div><p>Zehn Jahre nach der Einrichtung des UNESCO-Globalgeopark-Programms, dem am schnellsten wachsenden Programm innerhalb der UNESCO, fand die 51. Koordinierungssitzung des Europ\u00e4ischen Geopark-Netzwerks am 5.\u20136. M\u00e4rz 2025 im UNESCO-Hauptsitz in Paris statt. Mit dem klaren Ziel, dieses bedeutende Jubil\u00e4um zu w\u00fcrdigen, kamen Vertreter aller 109 UNESCO Global Geoparks Europas zusammen, ebenso die Koordinatoren des Europ\u00e4ischen Geopark-Netzwerks, das Exekutivkomitee des Globalen Geopark-Netzwerks, Botschafter, UNESCO-Vertreter und Repr\u00e4sentanten anderer Organisationen sowie Vertreter von Geoparks aus Asien, dem Nahen Osten, Afrika, Kanada und Lateinamerika.<br \/><br \/><img fetchpriority=\"high\" decoding=\"async\" src=\"https:\/\/www.psiloritisgeopark.gr\/images\/editor\/UserFiles\/News\/UNESCO%20PARIS%202025\/476865774_1059726162866340_6805891487044353205_n.jpg\" alt=\"\" width=\"260\" height=\"309\" \/>\u00a0<img decoding=\"async\" src=\"https:\/\/www.psiloritisgeopark.gr\/images\/editor\/UserFiles\/News\/UNESCO%20PARIS%202025\/IMG_20250304_144028.jpg\" alt=\"\" width=\"399\" height=\"300\" \/>\u00a0<img decoding=\"async\" src=\"https:\/\/www.psiloritisgeopark.gr\/images\/editor\/UserFiles\/News\/UNESCO%20PARIS%202025\/IMG_20250305_175741_1.jpg\" alt=\"\" width=\"382\" height=\"287\" \/><br \/><br \/><\/p><p>Im Rahmen der Sitzungen wurden organisatorische und operative Fragen des Netzwerks er\u00f6rtert und beschlossen. Gleichzeitig fand ein interaktiver Workshop zum Thema Klimawandel statt, koordiniert von der entsprechenden Arbeitsgruppe des Netzwerks. Dabei pr\u00e4sentierte unser Geopark unter anderem kurz das Projekt RescueME, an dem er als Partner beteiligt ist.<br \/><br \/><img loading=\"lazy\" decoding=\"async\" src=\"https:\/\/www.psiloritisgeopark.gr\/images\/editor\/UserFiles\/News\/UNESCO%20PARIS%202025\/481998616_1059473846224905_417371058492391980_n.jpg\" alt=\"\" width=\"351\" height=\"263\" \/>\u00a0<img loading=\"lazy\" decoding=\"async\" src=\"https:\/\/www.psiloritisgeopark.gr\/images\/editor\/UserFiles\/News\/UNESCO%20PARIS%202025\/IMG_20250305_121852%20(1).jpg\" alt=\"\" width=\"351\" height=\"264\" \/>\u00a0<img loading=\"lazy\" decoding=\"async\" src=\"https:\/\/www.psiloritisgeopark.gr\/images\/editor\/UserFiles\/News\/UNESCO%20PARIS%202025\/IMG_20250305_133518.jpg\" alt=\"\" width=\"347\" height=\"261\" \/><br \/><br \/><\/p><p>Dar\u00fcber hinaus wurden offene Diskussionen \u00fcber die Initiativen der Geoparks auf lokaler und internationaler Ebene zur Verwaltung des Natur- und Kulturerbes, zur nachhaltigen Entwicklung, zur Bildung sowie zur F\u00f6rderung der Geoparks gef\u00fchrt. Ebenso wurde eine Verkostungsveranstaltung mit einem Buffet lokaler Produkte vieler europ\u00e4ischer Geoparks organisiert, bei der auch Spezialit\u00e4ten aller griechischen Geoparks angeboten wurden.<br \/><img loading=\"lazy\" decoding=\"async\" src=\"https:\/\/www.psiloritisgeopark.gr\/images\/editor\/UserFiles\/News\/UNESCO%20PARIS%202025\/IMG_20250306_131717.jpg\" alt=\"\" width=\"400\" height=\"300\" \/>\u00a0<img loading=\"lazy\" decoding=\"async\" src=\"https:\/\/www.psiloritisgeopark.gr\/images\/editor\/UserFiles\/News\/UNESCO%20PARIS%202025\/483668561_546703568434122_8391075862443899891_n.jpg\" alt=\"\" width=\"396\" height=\"298\" \/>\u00a0<img loading=\"lazy\" decoding=\"async\" src=\"https:\/\/www.psiloritisgeopark.gr\/images\/editor\/UserFiles\/News\/UNESCO%20PARIS%202025\/IMG-ca323b4bfdfb1f039e3cef3ebfd687b1-V%20(1).jpg\" alt=\"\" width=\"225\" height=\"300\" \/><br \/><br \/><\/p><p>W\u00e4hrend des Besuchs der Mitglieder des Griechischen Geopark-Forums in Paris fand zudem ein Treffen mit dem Botschafter Griechenlands, Herrn G. Koumoutsakos, statt, der die Vertreter des Forums empfing, Fragen zu den griechischen Geoparks er\u00f6rterte und seine Unterst\u00fctzung f\u00fcr ihre Arbeit zusicherte.<br \/><br \/><img loading=\"lazy\" decoding=\"async\" src=\"https:\/\/www.psiloritisgeopark.gr\/images\/editor\/UserFiles\/News\/UNESCO%20PARIS%202025\/481448072_1054270350071999_6162254416745538352_n.jpg\" alt=\"\" width=\"641\" height=\"406\" \/><\/p><p>Die Veranstaltung wurde von Frau Sophie Justice und Herrn Dr. Charalambos Fasoulas, Koordinatoren des Europ\u00e4ischen Geopark-Netzwerks, in Zusammenarbeit mit dem Sekretariat des UNESCO-Globalgeopark-Programms und der Franz\u00f6sischen Nationalkommission f\u00fcr die UNESCO geleitet.<br \/><br \/><img loading=\"lazy\" decoding=\"async\" src=\"https:\/\/www.psiloritisgeopark.gr\/images\/editor\/UserFiles\/News\/UNESCO%20PARIS%202025\/481310164_1058683366303953_4304694921555143470_n.jpg\" alt=\"\" width=\"638\" height=\"479\" \/><br \/><br \/>Fotos von: Europ\u00e4isches Geopark-Netzwerk und Mitglieder des Griechischen Geopark-Forums.<\/p>\t\t\t\t\t\t\t\t<\/div>\n\t\t\t\t\t<\/div>\n\t\t\t\t<\/div>\n\t\t\t\t<\/div>","protected":false},"excerpt":{"rendered":"<p>\u03a3\u03c5\u03bc\u03bc\u03b5\u03c4\u03bf\u03c7\u03ae \u03c4\u03bf\u03c5 \u03a0\u03b1\u03b3\u03ba\u03cc\u03c3\u03bc\u03b9\u03bf\u03c5 \u0393\u03b5\u03c9\u03c0\u03ac\u03c1\u03ba\u03bf\u03c5 UNESCO \u03a8\u03b7\u03bb\u03bf\u03c1\u03b5\u03af\u03c4\u03b7 \u03c3\u03c4\u03b7\u03bd 51\u03b7 \u03a3\u03c5\u03bd\u03c4\u03bf\u03bd\u03b9\u03c3\u03c4\u03b9\u03ba\u03ae \u03a3\u03c5\u03bd\u03ac\u03bd\u03c4\u03b7\u03c3\u03b7 \u03c4\u03bf\u03c5 \u0394\u03b9\u03ba\u03c4\u03cd\u03bf\u03c5 \u0395\u03c5\u03c1\u03c9\u03c0\u03b1\u03ca\u03ba\u03ce\u03bd \u0393\u03b5\u03c9\u03c0\u03ac\u03c1\u03ba\u03c9\u03bd- \u0395\u03c0\u03ad\u03c4\u03b5\u03b9\u03bf\u03c2 10 \u03c7\u03c1\u03cc\u03bd\u03c9\u03bd \u03b1\u03c0\u03cc \u03c4\u03b7 \u03b4\u03b7\u03bc\u03b9\u03bf\u03c5\u03c1\u03b3\u03af\u03b1 \u03c4\u03bf\u03c5 \u03c0\u03c1\u03bf\u03b3\u03c1\u03ac\u03bc\u03bc\u03b1\u03c4\u03bf\u03c2 &#8220;\u03a0\u03b1\u03b3\u03ba\u03cc\u03c3\u03bc\u03b9\u03b1 \u0393\u03b5\u03c9\u03c0\u03ac\u03c1\u03ba\u03b1 UNESCO&#8221;\u00a0 10 \u03c7\u03c1\u03cc\u03bd\u03b9\u03b1 \u03b1\u03c0\u03cc \u03c4\u03b7 \u03b4\u03b7\u03bc\u03b9\u03bf\u03c5\u03c1\u03b3\u03af\u03b1 \u03c4\u03bf\u03c5 \u03c0\u03c1\u03bf\u03b3\u03c1\u03ac\u03bc\u03bc\u03b1\u03c4\u03bf\u03c2 &#8220;\u03a0\u03b1\u03b3\u03ba\u03cc\u03c3\u03bc\u03b9\u03b1 \u0393\u03b5\u03c9\u03c0\u03ac\u03c1\u03ba\u03b1 UNESCO&#8221;, \u03c4\u03bf\u03c5 \u03c0\u03b9\u03bf \u03b3\u03c1\u03ae\u03b3\u03bf\u03c1\u03b1 \u03b1\u03bd\u03b1\u03c0\u03c4\u03c5\u03c3\u03c3\u03cc\u03bc\u03b5\u03bd\u03bf\u03c5 \u03c0\u03c1\u03bf\u03b3\u03c1\u03ac\u03bc\u03bc\u03b1\u03c4\u03bf\u03c2 \u03bc\u03ad\u03c3\u03b1 \u03c3\u03c4\u03bf\u03bd \u039f\u03c1\u03b3\u03b1\u03bd\u03b9\u03c3\u03bc\u03cc, \u03bc\u03b5 \u03c4\u03b7\u03bd 51\u03b7 \u03a3\u03c5\u03bd\u03c4\u03bf\u03bd\u03b9\u03c3\u03c4\u03b9\u03ba\u03ae \u03a3\u03c5\u03bd\u03ac\u03bd\u03c4\u03b7\u03c3\u03b7 \u03c4\u03bf\u03c5 \u0394\u03b9\u03ba\u03c4\u03cd\u03bf\u03c5 \u0395\u03c5\u03c1\u03c9\u03c0\u03b1\u03ca\u03ba\u03ce\u03bd \u0393\u03b5\u03c9\u03c0\u03ac\u03c1\u03ba\u03c9\u03bd \u03bd\u03b1 \u03bb\u03b1\u03bc\u03b2\u03ac\u03bd\u03b5\u03b9 \u03c7\u03ce\u03c1\u03b1 [&hellip;]<\/p>","protected":false},"author":1,"featured_media":0,"parent":0,"menu_order":0,"comment_status":"closed","ping_status":"closed","template":"","meta":{"footnotes":""},"class_list":["post-2603","page","type-page","status-publish","hentry"],"_links":{"self":[{"href":"https:\/\/psiloritisgeopark.gr\/de\/wp-json\/wp\/v2\/pages\/2603","targetHints":{"allow":["GET"]}}],"collection":[{"href":"https:\/\/psiloritisgeopark.gr\/de\/wp-json\/wp\/v2\/pages"}],"about":[{"href":"https:\/\/psiloritisgeopark.gr\/de\/wp-json\/wp\/v2\/types\/page"}],"author":[{"embeddable":true,"href":"https:\/\/psiloritisgeopark.gr\/de\/wp-json\/wp\/v2\/users\/1"}],"replies":[{"embeddable":true,"href":"https:\/\/psiloritisgeopark.gr\/de\/wp-json\/wp\/v2\/comments?post=2603"}],"version-history":[{"count":4,"href":"https:\/\/psiloritisgeopark.gr\/de\/wp-json\/wp\/v2\/pages\/2603\/revisions"}],"predecessor-version":[{"id":2607,"href":"https:\/\/psiloritisgeopark.gr\/de\/wp-json\/wp\/v2\/pages\/2603\/revisions\/2607"}],"wp:attachment":[{"href":"https:\/\/psiloritisgeopark.gr\/de\/wp-json\/wp\/v2\/media?parent=2603"}],"curies":[{"name":"wp","href":"https:\/\/api.w.org\/{rel}","templated":true}]}}