{"id":2905,"date":"2025-09-22T14:33:27","date_gmt":"2025-09-22T14:33:27","guid":{"rendered":"https:\/\/nextdigital-demos.info\/gewparko\/?page_id=2905"},"modified":"2025-09-23T06:43:27","modified_gmt":"2025-09-23T06:43:27","slug":"%cf%83%cf%85%ce%bd%ce%b5%cf%81%ce%b3%ce%ac%cf%84%ce%b5%cf%82-%cf%85%cf%80%ce%bf%cf%83%cf%84%ce%b7%cf%81%ce%b9%ce%ba%cf%84%ce%ad%cf%82","status":"publish","type":"page","link":"https:\/\/psiloritisgeopark.gr\/de\/%cf%83%cf%85%ce%bd%ce%b5%cf%81%ce%b3%ce%ac%cf%84%ce%b5%cf%82-%cf%85%cf%80%ce%bf%cf%83%cf%84%ce%b7%cf%81%ce%b9%ce%ba%cf%84%ce%ad%cf%82\/","title":{"rendered":"Stakeholder und Unterst\u00fctzer"},"content":{"rendered":"<div data-elementor-type=\"wp-page\" data-elementor-id=\"2905\" class=\"elementor elementor-2905\" data-elementor-post-type=\"page\">\n\t\t\t\t<div data-particle_enable=\"false\" data-particle-mobile-disabled=\"false\" class=\"elementor-element elementor-element-ec0636b e-flex e-con-boxed e-con e-parent\" data-id=\"ec0636b\" data-element_type=\"container\" data-settings=\"{&quot;background_background&quot;:&quot;classic&quot;}\">\n\t\t\t\t\t<div class=\"e-con-inner\">\n\t\t\t\t<div class=\"elementor-element elementor-element-06e946d elementor-widget elementor-widget-heading\" data-id=\"06e946d\" data-element_type=\"widget\" data-widget_type=\"heading.default\">\n\t\t\t\t\t<h2 class=\"elementor-heading-title elementor-size-default\">Stakeholder und Unterst\u00fctzer<\/h2>\t\t\t\t<\/div>\n\t\t\t\t\t<\/div>\n\t\t\t\t<\/div>\n\t\t<div data-particle_enable=\"false\" data-particle-mobile-disabled=\"false\" class=\"elementor-element elementor-element-3c3ab88 e-flex e-con-boxed e-con e-parent\" data-id=\"3c3ab88\" data-element_type=\"container\" data-settings=\"{&quot;background_background&quot;:&quot;classic&quot;}\">\n\t\t\t\t\t<div class=\"e-con-inner\">\n\t\t<div data-particle_enable=\"false\" data-particle-mobile-disabled=\"false\" class=\"elementor-element elementor-element-20d267e e-con-full e-flex e-con e-child\" data-id=\"20d267e\" data-element_type=\"container\">\n\t\t\t\t<div class=\"elementor-element elementor-element-24d6a05 elementor-widget elementor-widget-heading\" data-id=\"24d6a05\" data-element_type=\"widget\" data-widget_type=\"heading.default\">\n\t\t\t\t\t<h2 class=\"elementor-heading-title elementor-size-default\">Stakeholder-Netzwerk&amp;LokalesQualit\u00e4tssiegel des Psiloritis-Geoparks<\/h2>\t\t\t\t<\/div>\n\t\t\t\t<\/div>\n\t\t\t\t\t<\/div>\n\t\t\t\t<\/div>\n\t\t<div data-particle_enable=\"false\" data-particle-mobile-disabled=\"false\" class=\"elementor-element elementor-element-9e1eac3 e-flex e-con-boxed e-con e-parent\" data-id=\"9e1eac3\" data-element_type=\"container\">\n\t\t\t\t\t<div class=\"e-con-inner\">\n\t\t\t\t<div class=\"elementor-element elementor-element-07a6fa9 elementor-widget elementor-widget-text-editor\" data-id=\"07a6fa9\" data-element_type=\"widget\" data-widget_type=\"text-editor.default\">\n\t\t\t\t\t\t\t\t\t<p class=\"v1MsoNormal\"><b>Das Psiloritis-Geopark hat einNetzwerk von Partnern und Unterst\u00fctzernaufgebaut, das ausUnternehmen, kleinenWerkst\u00e4tten, Kunsthandwerkern, Produzenten, K\u00fcnstlern und Dienstleisternbesteht, die innerhalb der Grenzen des Geoparks t\u00e4tigsind.<\/b><\/p><p class=\"v1MsoNormal\"><b>Unsere Partner und Unterst\u00fctzerhabeneineKooperationsvereinbarungmit dem Geopark unterzeichnet und m\u00fcssenspezifischeQualit\u00e4tskriterien je nachKategorieerf\u00fcllen. DieseKriterienzielen auf einenachhaltigelokaleEntwicklungsowie auf die Unterst\u00fctzunglokalerProdukte und der lokalenWirtschaft ab. Die Partner und Unterst\u00fctzersindberechtigt, das lokaleQualit\u00e4tssiegel des Geoparks zutragen und zuverwenden. SpezielleAnwendungensowie die InteraktiveKartebietenweitereInformationen\u00fcbersie.<\/b><\/p><p><img fetchpriority=\"high\" decoding=\"async\" class=\"alignnone wp-image-2920 size-full\" src=\"https:\/\/psiloritisgeopark.gr\/wp-content\/uploads\/2025\/09\/\u03a3\u03b7\u03bc\u03b1-\u03c0\u03bf\u03b9\u03cc\u03c4\u03b7\u03c4\u03b1\u03c2-croped.jpg\" alt=\"\" width=\"555\" height=\"398\" srcset=\"https:\/\/psiloritisgeopark.gr\/wp-content\/uploads\/2025\/09\/\u03a3\u03b7\u03bc\u03b1-\u03c0\u03bf\u03b9\u03cc\u03c4\u03b7\u03c4\u03b1\u03c2-croped.jpg 555w, https:\/\/psiloritisgeopark.gr\/wp-content\/uploads\/2025\/09\/\u03a3\u03b7\u03bc\u03b1-\u03c0\u03bf\u03b9\u03cc\u03c4\u03b7\u03c4\u03b1\u03c2-croped-300x215.jpg 300w\" sizes=\"(max-width: 555px) 100vw, 555px\" \/><\/p>\t\t\t\t\t\t\t\t<\/div>\n\t\t\t\t<div class=\"elementor-element elementor-element-efd9f5a elementor-cta--layout-image-above elementor-widget__width-initial elementor-cta--skin-classic elementor-animated-content elementor-bg-transform elementor-bg-transform-zoom-in elementor-widget elementor-widget-call-to-action\" data-id=\"efd9f5a\" data-element_type=\"widget\" data-widget_type=\"call-to-action.default\">\n\t\t\t\t\t\t\t<div class=\"elementor-cta\">\n\t\t\t\t\t<div class=\"elementor-cta__bg-wrapper\">\n\t\t\t\t<div class=\"elementor-cta__bg elementor-bg\" style=\"background-image: url(https:\/\/psiloritisgeopark.gr\/wp-content\/uploads\/2025\/09\/epixeirisis-1.jpg);\" role=\"img\" aria-label=\"epixeirisis\"><\/div>\n\t\t\t\t<div class=\"elementor-cta__bg-overlay\"><\/div>\n\t\t\t<\/div>\n\t\t\t\t\t\t\t<div class=\"elementor-cta__content\">\n\t\t\t\t\n\t\t\t\t\t\t\t\t\t<h2 class=\"elementor-cta__title elementor-cta__content-item elementor-content-item\">\n\t\t\t\t\t\tPartner betriebe\t\t\t\t\t<\/h2>\n\t\t\t\t\n\t\t\t\t\n\t\t\t\t\t\t\t\t\t<div class=\"elementor-cta__button-wrapper elementor-cta__content-item elementor-content-item\">\n\t\t\t\t\t<a class=\"elementor-cta__button elementor-button elementor-size-\" href=\"https:\/\/storymaps.nhmc.uoc.gr\/%ce%b5%cf%80%ce%b9%cf%87%ce%b5%ce%b9%cf%81%ce%ae%cf%83%ce%b5%ce%b9%cf%82\/\">\n\t\t\t\t\t\tHier ansehen\t\t\t\t\t<\/a>\n\t\t\t\t\t<\/div>\n\t\t\t\t\t\t\t<\/div>\n\t\t\t\t\t\t<\/div>\n\t\t\t\t\t\t<\/div>\n\t\t\t\t\t<\/div>\n\t\t\t\t<\/div>\n\t\t\t\t<\/div>","protected":false},"excerpt":{"rendered":"<p>\u0394\u03af\u03ba\u03c4\u03c5\u03bf \u03a3\u03c5\u03bd\u03b5\u03c1\u03b3\u03b1\u03c4\u03ce\u03bd &amp; \u03a4\u03bf\u03c0\u03b9\u03ba\u03cc \u03a3\u03ae\u03bc\u03b1 \u03a0\u03bf\u03b9\u03cc\u03c4\u03b7\u03c4\u03b1\u03c2 \u03c4\u03bf\u03c5 \u0393\u03b5\u03c9\u03c0\u03ac\u03c1\u03ba\u03bf\u03c5 \u03a8\u03b7\u03bb\u03bf\u03c1\u03b5\u03af\u03c4\u03b7 \u03a4\u03bf \u0393\u03b5\u03c9\u03c0\u03ac\u03c1\u03ba\u03bf \u03c4\u03bf\u03c5 \u03a8\u03b7\u03bb\u03bf\u03c1\u03b5\u03af\u03c4\u03b7 \u03ad\u03c7\u03b5\u03b9 \u03b1\u03bd\u03b1\u03c0\u03c4\u03cd\u03be\u03b5\u03b9 \u03ad\u03bd\u03b1 \u03b4\u03af\u03ba\u03c4\u03c5\u03bf \u03c3\u03c5\u03bd\u03b5\u03c1\u03b3\u03b1\u03c4\u03ce\u03bd \u2013 \u03c5\u03c0\u03bf\u03c3\u03c4\u03b7\u03c1\u03b9\u03ba\u03c4\u03ce\u03bd \u03c0\u03bf\u03c5 \u03b1\u03c0\u03bf\u03c4\u03b5\u03bb\u03b5\u03af\u03c4\u03b1\u03b9 \u03b1\u03c0\u03cc \u03b5\u03c0\u03b9\u03c7\u03b5\u03b9\u03c1\u03ae\u03c3\u03b5\u03b9\u03c2, \u03bc\u03b9\u03ba\u03c1\u03ad\u03c2 \u03b2\u03b9\u03bf\u03c4\u03b5\u03c7\u03bd\u03af\u03b5\u03c2, \u03c7\u03b5\u03b9\u03c1\u03bf\u03c4\u03ad\u03c7\u03bd\u03b5\u03c2, \u03c0\u03b1\u03c1\u03b1\u03b3\u03c9\u03b3\u03bf\u03cd\u03c2, \u03ba\u03b1\u03bb\u03bb\u03b9\u03c4\u03ad\u03c7\u03bd\u03b5\u03c2 \u03ba\u03b1\u03b9 \u03c0\u03ac\u03c1\u03bf\u03c7\u03bf\u03c5\u03c2 \u03c5\u03c0\u03b7\u03c1\u03b5\u03c3\u03b9\u03ce\u03bd \u03c0\u03bf\u03c5 \u03b4\u03c1\u03b1\u03c3\u03c4\u03b7\u03c1\u03b9\u03bf\u03c0\u03bf\u03b9\u03bf\u03cd\u03bd\u03c4\u03b1\u03b9 \u03bc\u03ad\u03c3\u03b1 \u03c3\u03c4\u03b1 \u03cc\u03c1\u03b9\u03b1 \u03c4\u03bf\u03c5 \u03b3\u03b5\u03c9\u03c0\u03ac\u03c1\u03ba\u03bf\u03c5. \u039f\u03b9 \u03c3\u03c5\u03bd\u03b5\u03c1\u03b3\u03ac\u03c4\u03b5\u03c2-\u03c5\u03c0\u03bf\u03c3\u03c4\u03b7\u03c1\u03b9\u03ba\u03c4\u03ad\u03c2 \u03bc\u03b1\u03c2 \u03ad\u03c7\u03bf\u03c5\u03bd \u03c5\u03c0\u03bf\u03b3\u03c1\u03ac\u03c8\u03b5\u03b9 \u03c3\u03cd\u03bc\u03c6\u03c9\u03bd\u03bf \u03c3\u03c5\u03bd\u03b5\u03c1\u03b3\u03b1\u03c3\u03af\u03b1\u03c2 \u03bc\u03b5 \u03c4\u03bf \u03b3\u03b5\u03c9\u03c0\u03ac\u03c1\u03ba\u03bf \u03ba\u03b1\u03b9 \u03bf\u03c6\u03b5\u03af\u03bb\u03bf\u03c5\u03bd \u03bd\u03b1 \u03c0\u03bb\u03b7\u03c1\u03bf\u03cd\u03bd \u03c3\u03c5\u03b3\u03ba\u03b5\u03ba\u03c1\u03b9\u03bc\u03ad\u03bd\u03b1 \u03b1\u03bd\u03ac [&hellip;]<\/p>","protected":false},"author":1,"featured_media":0,"parent":0,"menu_order":0,"comment_status":"closed","ping_status":"closed","template":"","meta":{"footnotes":""},"class_list":["post-2905","page","type-page","status-publish","hentry"],"_links":{"self":[{"href":"https:\/\/psiloritisgeopark.gr\/de\/wp-json\/wp\/v2\/pages\/2905","targetHints":{"allow":["GET"]}}],"collection":[{"href":"https:\/\/psiloritisgeopark.gr\/de\/wp-json\/wp\/v2\/pages"}],"about":[{"href":"https:\/\/psiloritisgeopark.gr\/de\/wp-json\/wp\/v2\/types\/page"}],"author":[{"embeddable":true,"href":"https:\/\/psiloritisgeopark.gr\/de\/wp-json\/wp\/v2\/users\/1"}],"replies":[{"embeddable":true,"href":"https:\/\/psiloritisgeopark.gr\/de\/wp-json\/wp\/v2\/comments?post=2905"}],"version-history":[{"count":10,"href":"https:\/\/psiloritisgeopark.gr\/de\/wp-json\/wp\/v2\/pages\/2905\/revisions"}],"predecessor-version":[{"id":2923,"href":"https:\/\/psiloritisgeopark.gr\/de\/wp-json\/wp\/v2\/pages\/2905\/revisions\/2923"}],"wp:attachment":[{"href":"https:\/\/psiloritisgeopark.gr\/de\/wp-json\/wp\/v2\/media?parent=2905"}],"curies":[{"name":"wp","href":"https:\/\/api.w.org\/{rel}","templated":true}]}}