{"id":2930,"date":"2025-09-24T10:54:24","date_gmt":"2025-09-24T10:54:24","guid":{"rendered":"https:\/\/nextdigital-demos.info\/gewparko\/?page_id=2930"},"modified":"2026-02-24T08:41:03","modified_gmt":"2026-02-24T08:41:03","slug":"%cf%84%ce%bf%ce%bc%ce%ae-%cf%84%ce%b1%ce%bb%ce%bb%ce%b1%ce%af%cf%89%ce%bd-%ce%bf%cf%81%ce%ad%cf%89%ce%bd","status":"publish","type":"page","link":"https:\/\/psiloritisgeopark.gr\/de\/%cf%84%ce%bf%ce%bc%ce%ae-%cf%84%ce%b1%ce%bb%ce%bb%ce%b1%ce%af%cf%89%ce%bd-%ce%bf%cf%81%ce%ad%cf%89%ce%bd\/","title":{"rendered":"TALEA-GEBIRGE-SCHNITT"},"content":{"rendered":"<div data-elementor-type=\"wp-page\" data-elementor-id=\"2930\" class=\"elementor elementor-2930\" data-elementor-post-type=\"page\">\n\t\t\t\t<div data-particle_enable=\"false\" data-particle-mobile-disabled=\"false\" class=\"elementor-element elementor-element-3b69919 e-flex e-con-boxed e-con e-parent\" data-id=\"3b69919\" data-element_type=\"container\" data-settings=\"{&quot;background_background&quot;:&quot;classic&quot;}\">\n\t\t\t\t\t<div class=\"e-con-inner\">\n\t\t\t\t<div class=\"elementor-element elementor-element-3fd18d3 elementor-widget elementor-widget-heading\" data-id=\"3fd18d3\" data-element_type=\"widget\" data-widget_type=\"heading.default\">\n\t\t\t\t\t<h2 class=\"elementor-heading-title elementor-size-default\">TALEA-GEBIRGE-SCHNITT<\/h2>\t\t\t\t<\/div>\n\t\t\t\t\t<\/div>\n\t\t\t\t<\/div>\n\t\t<div data-particle_enable=\"false\" data-particle-mobile-disabled=\"false\" class=\"elementor-element elementor-element-6c6a9cd e-flex e-con-boxed e-con e-parent\" data-id=\"6c6a9cd\" data-element_type=\"container\">\n\t\t\t\t\t<div class=\"e-con-inner\">\n\t\t\t\t<div class=\"elementor-element elementor-element-547ce61 elementor-widget elementor-widget-text-editor\" data-id=\"547ce61\" data-element_type=\"widget\" data-widget_type=\"text-editor.default\">\n\t\t\t\t\t\t\t\t\t<p><strong>\u0391. Der Talea-Gebirge-Schnitt: eine 250\nMillionen Jahre lange Reise in die Vergangenheit<br \/><\/strong> <img fetchpriority=\"high\" decoding=\"async\" class=\"aligncenter wp-image-4567 size-large\" src=\"https:\/\/psiloritisgeopark.gr\/wp-content\/uploads\/2026\/02\/koyloy1-1024x680.jpg\" alt=\"\" width=\"800\" height=\"531\" srcset=\"https:\/\/psiloritisgeopark.gr\/wp-content\/uploads\/2026\/02\/koyloy1-1024x680.jpg 1024w, https:\/\/psiloritisgeopark.gr\/wp-content\/uploads\/2026\/02\/koyloy1-300x199.jpg 300w, https:\/\/psiloritisgeopark.gr\/wp-content\/uploads\/2026\/02\/koyloy1-768x510.jpg 768w, https:\/\/psiloritisgeopark.gr\/wp-content\/uploads\/2026\/02\/koyloy1-18x12.jpg 18w, https:\/\/psiloritisgeopark.gr\/wp-content\/uploads\/2026\/02\/koyloy1.jpg 1403w\" sizes=\"(max-width: 800px) 100vw, 800px\" \/><\/p><p>\u00a0<\/p><p>Das Kouloukonas-Gebirge, auch Talea Ori genannt, befindet sich im n\u00f6rdlichen Teil des Naturparks Psiloritis. Nur in dieser Region Kretas finden sich die \u00e4ltesten Gesteine der Einheit der \"plattenf\u00f6rmigen Kalke\" (Plattenkalke), und zwar in umgekehrter Abfolge, d.h. \u00e4lteres Gestein \u00fcberlagert j\u00fcngeres. Dies ist auf den gewaltigen Druck zur\u00fcckzuf\u00fchren, dem diese Gesteine vor Millionen von Jahren ausgesetzt waren und der sich heute in zahllosen<br \/>Faltungen und Br\u00fcchen<br \/>Folgt man einem Weg von der Nordk\u00fcste ins Landesinnere des Mylopotamos-Tals, unternimmt man eine imagin\u00e4re Reise von etwa 250 Millionen Jahren in die geologische Vergangenheit Kretas. In Stra\u00dfeneinschnitten, an Bergh\u00e4ngen und in engen Schluchten treten s\u00e4mtliche Gesteine der Einheit der Plattenkalke zutage: Faltungen, Verwerfungen, Fossilien sowie zahlreiche nat\u00fcrliche und kulturelle Besonderheiten der Region.<\/p><p>A1. Die \"Hochdruck\"-Fossilien von Fodele\u00a0<\/p><p>An den Stra\u00dfenh\u00e4ngen der Nationalstra\u00dfe Heraklion-Chania finden sich in metamorphosierten Dolomiten einige der \u00e4ltesten Fossilien Kretas in nahezu perfektem Erhaltungszustand. Es handelt sich um Fossilien von Korallen, Bryozoen und Brachiopoden, die etwa 300 Millionen Jahre alt sind. Die sie enthaltenden Gesteine lagen vor ca. 23 Millionen Jahren in einer Tiefe von mehr als 30 Kilometern im Erdinneren, wo sie zu Marmor umgewandelt wurden. Trotz des enormen Drucks und der hohen Temperaturen, denen sie ausgesetzt waren, sind die Fossilien von Fodele bemerkenswert gut erhalten.<\/p><p><img decoding=\"async\" class=\"aligncenter wp-image-4565 size-large\" src=\"https:\/\/psiloritisgeopark.gr\/wp-content\/uploads\/2026\/02\/Koralia-300-ekat-xronia-fodele-1024x685.jpg\" alt=\"\" width=\"800\" height=\"535\" srcset=\"https:\/\/psiloritisgeopark.gr\/wp-content\/uploads\/2026\/02\/Koralia-300-ekat-xronia-fodele-1024x685.jpg 1024w, https:\/\/psiloritisgeopark.gr\/wp-content\/uploads\/2026\/02\/Koralia-300-ekat-xronia-fodele-300x201.jpg 300w, https:\/\/psiloritisgeopark.gr\/wp-content\/uploads\/2026\/02\/Koralia-300-ekat-xronia-fodele-768x513.jpg 768w, https:\/\/psiloritisgeopark.gr\/wp-content\/uploads\/2026\/02\/Koralia-300-ekat-xronia-fodele-1536x1027.jpg 1536w, https:\/\/psiloritisgeopark.gr\/wp-content\/uploads\/2026\/02\/Koralia-300-ekat-xronia-fodele-2048x1369.jpg 2048w, https:\/\/psiloritisgeopark.gr\/wp-content\/uploads\/2026\/02\/Koralia-300-ekat-xronia-fodele-18x12.jpg 18w\" sizes=\"(max-width: 800px) 100vw, 800px\" \/><\/p><p>A2. Permzeitliche Fossilien von Bali<\/p><p>Die \u00e4ltesten Gesteine der Einheit der Plattenkalke treten rund um den K\u00fcstenort Bali zutage. Es handelt sich vor allem um dunkle Schiefer und Dolomite, in denen an einigen Stellen Fossilien aus der Permzeit (ca. 300 Millionen Jahre alt) gefunden wurden. Dazu z\u00e4hlen Trilobiten, Korallen, Crinoiden und Schnecken.<\/p><p>A3. Die Talea-Ori-Sektion\u00a0<\/p><p>Die Gebirgskette des Kouloukonas (Talea Ori) besteht vollst\u00e4ndig aus Gesteinen der Einheit der Plattenkalke. Sie ist die einzige Region auf Kreta, in der sowohl die \u00e4ltesten Gesteine dieser Einheit (z.B. die Gesteine von Fodele) als auch nahezu die gesamte Abfolge sichtbar sind.<br \/>Die kurvige Stra\u00dfe, die vom Dorf Sisses an den Nordh\u00e4ngen des Kouloukonas bis ins Tal von Mylopotamos f\u00fchrt, bietet eine geologische Zeitreise \u00fcber 250 Millionen Jahre hinweg.<br \/>Sie beginnt bei den dolomitischen Marmorformationen von Fodele (ca. 300 Mio. Jahre alt), verl\u00e4uft \u00fcber die wei\u00dfen Marmore von Sisses (ca. 250 Mio. Jahre alt), den seltenen, geb\u00e4nderten Stromatolith-Dolomit (ca. 220 Mio. Jahre alt), weiter \u00fcber die wei\u00dfen Marmore und grauen Dolomite der Bergr\u00fccken (ca. 180 Mio. Jahre alt) bis zu den typischen Plattenkalken mit ihren kieseligen Einschaltungen im Mylopotamos-Tal (150 bis 50 Mio. Jahre alt).<br \/>Das Besondere an diesen Gesteinen ist, dass sie vor etwa 23 Mio. Jahren unter enormem Druck stark gefaltet und dabei umgekehrt wurden, so dass j\u00fcngere Gesteine von \u00e4lteren \u00fcberlagert sind. Besonders hervorzuheben ist der Stromatolith-Dolomit, der von Cyanobakterien in sauerstofffreien Umgebungen gebildet wurde.<br \/>Diese Organismen, wie vor 2 Milliarden Jahren und auch heute an den K\u00fcsten Australiens, binden Eisenoxide und setzen wie bei der Photosynthese Sauerstoff frei. So entstehen geb\u00e4nderte Dolomite mit r\u00f6tlich gef\u00e4rbten Eisenablagerungen und grauem Dolomit.<\/p><p><img decoding=\"async\" src=\"https:\/\/www.psiloritisgeopark.gr\/images\/editor\/UserFiles\/geosites\/tomitalaiwn.jpg\" alt=\"\" \/><img decoding=\"async\" class=\"aligncenter wp-image-4566 size-large\" src=\"https:\/\/psiloritisgeopark.gr\/wp-content\/uploads\/2026\/02\/strvma-1024x798.jpg\" alt=\"\" width=\"800\" height=\"623\" srcset=\"https:\/\/psiloritisgeopark.gr\/wp-content\/uploads\/2026\/02\/strvma-1024x798.jpg 1024w, https:\/\/psiloritisgeopark.gr\/wp-content\/uploads\/2026\/02\/strvma-300x234.jpg 300w, https:\/\/psiloritisgeopark.gr\/wp-content\/uploads\/2026\/02\/strvma-768x598.jpg 768w, https:\/\/psiloritisgeopark.gr\/wp-content\/uploads\/2026\/02\/strvma-15x12.jpg 15w, https:\/\/psiloritisgeopark.gr\/wp-content\/uploads\/2026\/02\/strvma.jpg 1104w\" sizes=\"(max-width: 800px) 100vw, 800px\" \/><\/p><p>A4. Faltungen von Vosakos\u00a0<\/p><p>Entlang der Strecke vom Dorf Kato Doxaro zum Kloster Vosakos treten verschiedene Gesteine der Plattenkalk-Einheit zutage: typische Plattenkalke, gelbliche Schiefer des Gigilos-Typs und wei\u00dfe massige Marmore mit Stromatolithen. Besonders beeindruckend sind jedoch die Faltungen in den Plattenkalken, einige der spektakul\u00e4rsten auf Kreta.<br \/>Der enorme Druck vor 23 Mio. Jahren erzeugte eine Vielzahl von Faltungen in unterschiedlichster Form und Gr\u00f6\u00dfe, die entlang der Stra\u00dfeneinschnitte auf etwa einem Kilometer L\u00e4nge sichtbar sind. Von zentimetergro\u00dfen bis meterhohen Strukturen, von schwachen Verformungen bis zu vollst\u00e4ndigen Faltungen wird das Gestein und mit ihm die Topographie zerknittert.\u00a0<br \/>Die Faltungen werden durch den Wechsel von wei\u00dfen kieseligen Einschaltungen und grauem Marmor noch betont und gehen oft mit beeindruckenden Verwerfungen einher.<br \/>Die sch\u00f6ne Landschaft des Geropotamos-Tals mit dem malerischen Dorf Doxaro, den traditionellen \"Mitata\" (Steinh\u00fctten) und Dreschpl\u00e4tzen sowie den Faltungen kann man auf dem entsprechenden Wanderweg erkunden, der bis zu den H\u00e4ngen des Kouloukonas ansteigt und die Stra\u00dfe nach Vosako erreicht.<\/p><p>\u00a0\u00a0<img loading=\"lazy\" decoding=\"async\" class=\"aligncenter wp-image-4569 size-large\" src=\"https:\/\/psiloritisgeopark.gr\/wp-content\/uploads\/2026\/02\/Vossakos-folds_E-Nikolakakis-1024x685.jpg\" alt=\"\" width=\"800\" height=\"535\" srcset=\"https:\/\/psiloritisgeopark.gr\/wp-content\/uploads\/2026\/02\/Vossakos-folds_E-Nikolakakis-1024x685.jpg 1024w, https:\/\/psiloritisgeopark.gr\/wp-content\/uploads\/2026\/02\/Vossakos-folds_E-Nikolakakis-300x201.jpg 300w, https:\/\/psiloritisgeopark.gr\/wp-content\/uploads\/2026\/02\/Vossakos-folds_E-Nikolakakis-768x514.jpg 768w, https:\/\/psiloritisgeopark.gr\/wp-content\/uploads\/2026\/02\/Vossakos-folds_E-Nikolakakis-1536x1028.jpg 1536w, https:\/\/psiloritisgeopark.gr\/wp-content\/uploads\/2026\/02\/Vossakos-folds_E-Nikolakakis-18x12.jpg 18w, https:\/\/psiloritisgeopark.gr\/wp-content\/uploads\/2026\/02\/Vossakos-folds_E-Nikolakakis.jpg 1936w\" sizes=\"(max-width: 800px) 100vw, 800px\" \/> \u00a0<\/p><p>A5. Unterwasserquellen von Bali\u00a0<\/p><p>Die karbonatischen Gesteine im gesamten Psiloritis-Gebiet erm\u00f6glichen es dem Wasser, \u00fcber gro\u00dfe Strecken unterirdisch zu flie\u00dfen und manchmal direkt ins Meer zu gelangen. Ein solches Ph\u00e4nomen findet sich in verschiedenen Buchten bei Bali, wo kleine Unterwasserquellen aus H\u00f6hlen entspringen. Diese Quellen sind besonders, da sie bidirektional funktionieren: Im Winter und Fr\u00fchjahr geben sie S\u00fc\u00dfwasser ab, w\u00e4hrend sie im Sommer Meerwasser aufsaugen.<br \/>Studien zeigen, dass ein Teil des S\u00fc\u00dfwassers von den Hochplateaus des Psiloritis stammt.<\/p><p>\u00a0<\/p>\t\t\t\t\t\t\t\t<\/div>\n\t\t\t\t\t<\/div>\n\t\t\t\t<\/div>\n\t\t\t\t<\/div>","protected":false},"excerpt":{"rendered":"<p>A. \u03a4\u03bf\u03bc\u03ae \u03a4\u03b1\u03bb\u03bb\u03b1\u03af\u03c9\u03bd \u039f\u03c1\u03ad\u03c9\u03bd: \u03ad\u03bd\u03b1 \u03c4\u03b1\u03be\u03af\u03b4\u03b9 250 \u03b5\u03ba\u03b1\u03c4\u03bf\u03bc\u03bc\u03c5\u03c1\u03af\u03c9\u03bd \u03c7\u03c1\u03cc\u03bd\u03c9\u03bd \u03c3\u03c4\u03bf \u03c0\u03b1\u03c1\u03b5\u03bb\u03b8\u03cc\u03bd \u00a0 \u03a4\u03bf \u03cc\u03c1\u03bf\u03c2 \u039a\u03bf\u03c5\u03bb\u03bf\u03cd\u03ba\u03c9\u03bd\u03b1\u03c2 \u03ae \u03a4\u03b1\u03bb\u03bb\u03b1\u03af\u03b1 \u038c\u03c1\u03b7, \u03b2\u03c1\u03af\u03c3\u03ba\u03b5\u03c4\u03b1\u03b9 \u03c3\u03c4\u03b7 \u03b2\u03cc\u03c1\u03b5\u03b9\u03b1 \u03c0\u03c1\u03bf\u03ad\u03ba\u03c4\u03b1\u03c3\u03b7 \u03c4\u03bf\u03c5 \u03a6\u03c5\u03c3\u03b9\u03ba\u03bf\u03cd \u03a0\u03ac\u03c1\u03ba\u03bf\u03c5 \u03c4\u03bf\u03c5 \u03a8\u03b7\u03bb\u03bf\u03c1\u03b5\u03af\u03c4\u03b7. \u039c\u03cc\u03bd\u03bf \u03c3\u03c4\u03b7\u03bd \u03c0\u03b5\u03c1\u03b9\u03bf\u03c7\u03ae \u03b1\u03c5\u03c4\u03ae \u03c4\u03b7\u03c2 \u039a\u03c1\u03ae\u03c4\u03b7\u03c2 \u03b2\u03c1\u03af\u03c3\u03ba\u03bf\u03bd\u03c4\u03b1\u03b9 \u03c4\u03b1 \u03c0\u03b1\u03bb\u03b9\u03cc\u03c4\u03b5\u03c1\u03b1 \u03c0\u03b5\u03c4\u03c1\u03ce\u03bc\u03b1\u03c4\u03b1 \u03c4\u03b7\u03c2 \u03b5\u03bd\u03cc\u03c4\u03b7\u03c4\u03b1\u03c2 \u03c4\u03c9\u03bd \u00ab\u03a0\u03bb\u03b1\u03ba\u03c9\u03b4\u03ce\u03bd \u03b1\u03c3\u03b2\u03b5\u03c3\u03c4\u03bf\u03bb\u03af\u03b8\u03c9\u03bd\u00bb \u03ba\u03b1\u03b9 \u03bc\u03ac\u03bb\u03b9\u03c3\u03c4\u03b1 \u03c3\u03b5 \u03b1\u03bd\u03b5\u03c3\u03c4\u03c1\u03b1\u03bc\u03bc\u03ad\u03bd\u03b7 \u03c3\u03b5\u03b9\u03c1\u03ac, \u03b4\u03b7\u03bb\u03b1\u03b4\u03ae \u03c4\u03bf \u03c0\u03b1\u03bb\u03b9\u03cc\u03c4\u03b5\u03c1\u03bf \u03c0\u03ad\u03c4\u03c1\u03c9\u03bc\u03b1 \u03c3\u03ba\u03b5\u03c0\u03ac\u03b6\u03b5\u03b9 \u03c4\u03bf \u03bd\u03b5\u03cc\u03c4\u03b5\u03c1\u03bf \u03c3\u03b5 [&hellip;]<\/p>","protected":false},"author":1,"featured_media":0,"parent":0,"menu_order":0,"comment_status":"closed","ping_status":"closed","template":"","meta":{"footnotes":""},"class_list":["post-2930","page","type-page","status-publish","hentry"],"_links":{"self":[{"href":"https:\/\/psiloritisgeopark.gr\/de\/wp-json\/wp\/v2\/pages\/2930","targetHints":{"allow":["GET"]}}],"collection":[{"href":"https:\/\/psiloritisgeopark.gr\/de\/wp-json\/wp\/v2\/pages"}],"about":[{"href":"https:\/\/psiloritisgeopark.gr\/de\/wp-json\/wp\/v2\/types\/page"}],"author":[{"embeddable":true,"href":"https:\/\/psiloritisgeopark.gr\/de\/wp-json\/wp\/v2\/users\/1"}],"replies":[{"embeddable":true,"href":"https:\/\/psiloritisgeopark.gr\/de\/wp-json\/wp\/v2\/comments?post=2930"}],"version-history":[{"count":10,"href":"https:\/\/psiloritisgeopark.gr\/de\/wp-json\/wp\/v2\/pages\/2930\/revisions"}],"predecessor-version":[{"id":4572,"href":"https:\/\/psiloritisgeopark.gr\/de\/wp-json\/wp\/v2\/pages\/2930\/revisions\/4572"}],"wp:attachment":[{"href":"https:\/\/psiloritisgeopark.gr\/de\/wp-json\/wp\/v2\/media?parent=2930"}],"curies":[{"name":"wp","href":"https:\/\/api.w.org\/{rel}","templated":true}]}}