{"id":2938,"date":"2025-09-24T10:57:22","date_gmt":"2025-09-24T10:57:22","guid":{"rendered":"https:\/\/nextdigital-demos.info\/gewparko\/?page_id=2938"},"modified":"2026-02-24T09:38:29","modified_gmt":"2026-02-24T09:38:29","slug":"%cf%84%ce%b1-%ce%ba%ce%b1%cf%81%cf%83%cf%84%ce%b9%ce%ba%ce%ac-%cf%84%ce%bf%cf%80%ce%af%ce%b1-%cf%84%ce%bf%cf%85-%cf%88%ce%b7%ce%bb%ce%bf%cf%81%ce%b5%ce%af%cf%84%ce%b7","status":"publish","type":"page","link":"https:\/\/psiloritisgeopark.gr\/de\/%cf%84%ce%b1-%ce%ba%ce%b1%cf%81%cf%83%cf%84%ce%b9%ce%ba%ce%ac-%cf%84%ce%bf%cf%80%ce%af%ce%b1-%cf%84%ce%bf%cf%85-%cf%88%ce%b7%ce%bb%ce%bf%cf%81%ce%b5%ce%af%cf%84%ce%b7\/","title":{"rendered":"DIE KARSTLANDSCHAFTEN DES PSILORITIS"},"content":{"rendered":"<div data-elementor-type=\"wp-page\" data-elementor-id=\"2938\" class=\"elementor elementor-2938\" data-elementor-post-type=\"page\">\n\t\t\t\t<div data-particle_enable=\"false\" data-particle-mobile-disabled=\"false\" class=\"elementor-element elementor-element-3b69919 e-flex e-con-boxed e-con e-parent\" data-id=\"3b69919\" data-element_type=\"container\" data-settings=\"{&quot;background_background&quot;:&quot;classic&quot;}\">\n\t\t\t\t\t<div class=\"e-con-inner\">\n\t\t\t\t<div class=\"elementor-element elementor-element-3fd18d3 elementor-widget elementor-widget-heading\" data-id=\"3fd18d3\" data-element_type=\"widget\" data-widget_type=\"heading.default\">\n\t\t\t\t\t<h2 class=\"elementor-heading-title elementor-size-default\">DIE KARSTLANDSCHAFTEN DES PSILORITIS<\/h2>\t\t\t\t<\/div>\n\t\t\t\t\t<\/div>\n\t\t\t\t<\/div>\n\t\t<div data-particle_enable=\"false\" data-particle-mobile-disabled=\"false\" class=\"elementor-element elementor-element-6c6a9cd e-flex e-con-boxed e-con e-parent\" data-id=\"6c6a9cd\" data-element_type=\"container\">\n\t\t\t\t\t<div class=\"e-con-inner\">\n\t\t\t\t<div class=\"elementor-element elementor-element-547ce61 elementor-widget elementor-widget-text-editor\" data-id=\"547ce61\" data-element_type=\"widget\" data-widget_type=\"text-editor.default\">\n\t\t\t\t\t\t\t\t\t<p><strong>B. Die Karstlandschaften des Psiloritis<br \/><\/strong><br \/><img fetchpriority=\"high\" decoding=\"async\" class=\"aligncenter wp-image-4579 size-full\" src=\"https:\/\/psiloritisgeopark.gr\/wp-content\/uploads\/2026\/02\/Nida.jpg\" alt=\"\" width=\"787\" height=\"252\" srcset=\"https:\/\/psiloritisgeopark.gr\/wp-content\/uploads\/2026\/02\/Nida.jpg 787w, https:\/\/psiloritisgeopark.gr\/wp-content\/uploads\/2026\/02\/Nida-300x96.jpg 300w, https:\/\/psiloritisgeopark.gr\/wp-content\/uploads\/2026\/02\/Nida-768x246.jpg 768w, https:\/\/psiloritisgeopark.gr\/wp-content\/uploads\/2026\/02\/Nida-18x6.jpg 18w\" sizes=\"(max-width: 787px) 100vw, 787px\" \/><\/p><p>Die Aufl\u00f6sung der Kalke, Dolomite und Marmore des Psiloritis, insbesondere in seinem Gebirgsbereich, hat eine Vielzahl solcher Formen und Landschaften geschaffen. Sie pr\u00e4gen das Relief des Berges und bestimmen ma\u00dfgeblich das Auftreten des Lebens in all seinen Auspr\u00e4gungen \u2013 vom kleinen K\u00e4fer bis zum Menschen.<br \/>Die \u201eKarstlandschaften des Psiloritis\u201c \u2013 wenn man H\u00f6hlen und Sch\u00e4chte, die im gesamten Park vorkommen, au\u00dfen vor l\u00e4sst \u2013 betreffen oberirdische Vertiefungen unterschiedlicher Gr\u00f6\u00dfe: von kleinen Mulden (Arolithoi und Chytres), Ponoren und Rinnen bis hin zu gro\u00dfen Hochplateaus wie Nida und Petradolakia.<br \/>In vielen Regionen f\u00fchrt das v\u00f6llige Fehlen von Boden und die Dominanz des harten Kalksteins zu gespenstischen und beeindruckenden Landschaftsbildern. Die \u201eKrater\u201c bei Kourouna und im Gebiet von Skinakas haben Mythen \u00fcber angebliche \u201eVulkane\u201c des Psiloritis hervorgebracht \u2013 diese sind jedoch weit von der Wirklichkeit entfernt.<br \/>In den Karstlandschaften des Psiloritis begegnet der Besucher all diesen Formen und wird von der einzigartigen Landschaft und der Vielfalt des Lebens begeistert sein.<\/p><p>B1. Nida-Hochplateau<\/p><p>Das Nida-Plateau ist das h\u00f6chstgelegene Plateau Kretas mit einer durchschnittlichen H\u00f6he von 1.360 Metern. Es handelt sich im Wesentlichen um ein Polje \u2013 eine typische Karstsenke \u2013, das durch die Aufl\u00f6sung von Kalkgestein und die Vereinigung benachbarter kleinerer Vertiefungen entstanden ist. Wie auch die benachbarten Plateaus von Petradolakia bildet sich das Nida-Plateau an der Kontaktzone zweier gro\u00dfer karbonatischer Einheiten: der \u201ePlattenkalke\u201c und der \u201eTripolis-Einheit\u201c, wo geringm\u00e4chtige, metaflyschgesteine \u200b\u200bder \u201ePlatischen Kalke\u201c und kleine Vorkommen von \u201ePhylliten-Quarziten\u201c.<br \/>Eine entscheidende Rolle bei seiner Entstehung spielte die gro\u00dfe St\u00f6rungszone, die sowohl die \u00f6stlichen H\u00e4nge des Psiloritis als auch das Plateau selbst begrenzt. Diese St\u00f6rung lie\u00df das Gebiet des Plateaus im Vergleich zum Psiloritis absinken und schuf Bedingungen, die eine st\u00e4rkere Wasseransammlung und Gesteinsaufl\u00f6sung beg\u00fcnstigten.<\/p><p>Der Eingang zur Idaion-H\u00f6hle liegt genau auf dieser St\u00f6rungslinie, die auch zu ihrer Freilegung f\u00fchrte. Zahlreiche Dolinen, in denen Wasser in das Erdinnere versickert, befinden sich im n\u00f6rdlichen Teil des Plateaus \u2013 ein Bereich, der offenbar st\u00e4rker abgesunken ist.<br \/>Das Erscheinungsbild des Plateaus variiert je nach Jahreszeit: Im Winter mit Schnee oder Wolken bedeckt, im Fr\u00fchling gr\u00fcn und bl\u00fchend, im Sommer mit roten Ahornb\u00e4umen durchzogen, im Herbst ganz in grauem Kalkstein \u2013 Nida ist stets faszinierend.<\/p><p>Heute wird das Plateau vor allem f\u00fcr Weidewirtschaft genutzt, doch fr\u00fcher bot die r\u00f6tliche Erde einen fruchtbaren Boden f\u00fcr den Getreideanbau. Die Wasservorkommen, auch wenn sie sp\u00e4rlich sind, reichen aus, um \u00d6kosysteme und menschliche Aktivit\u00e4ten zu erhalten. Die wichtigsten Quellen sind Varsamos im S\u00fcden, Afentis Christos nahe der Idaion-H\u00f6hle und Romana etwas weiter n\u00f6rdlich.<\/p><p>In den verschiedenen Ecken des Plateaus setzen die typischen Mitata der Hirten \u2013 einfache, steinerne Unterst\u00e4nde \u2013 menschliche Akzente in die unber\u00fchrte Berglandschaft. Von kleinen Schluchten aus, die hier beginnen oder enden, kann man zum Gipfel des Psiloritis aufsteigen, in den Rouvas-Wald hinabsteigen oder einfach vom nat\u00fcrlichen Balkon aus die fruchtbare Messara-Ebene bestaunen.<\/p><p><img decoding=\"async\" class=\"aligncenter wp-image-4578 size-large\" src=\"https:\/\/psiloritisgeopark.gr\/wp-content\/uploads\/2026\/02\/Nida_-Ch-Fassoulas-1024x683.jpg\" alt=\"\" width=\"800\" height=\"534\" srcset=\"https:\/\/psiloritisgeopark.gr\/wp-content\/uploads\/2026\/02\/Nida_-Ch-Fassoulas-1024x683.jpg 1024w, https:\/\/psiloritisgeopark.gr\/wp-content\/uploads\/2026\/02\/Nida_-Ch-Fassoulas-300x200.jpg 300w, https:\/\/psiloritisgeopark.gr\/wp-content\/uploads\/2026\/02\/Nida_-Ch-Fassoulas-768x512.jpg 768w, https:\/\/psiloritisgeopark.gr\/wp-content\/uploads\/2026\/02\/Nida_-Ch-Fassoulas-1536x1024.jpg 1536w, https:\/\/psiloritisgeopark.gr\/wp-content\/uploads\/2026\/02\/Nida_-Ch-Fassoulas-2048x1365.jpg 2048w, https:\/\/psiloritisgeopark.gr\/wp-content\/uploads\/2026\/02\/Nida_-Ch-Fassoulas-18x12.jpg 18w\" sizes=\"(max-width: 800px) 100vw, 800px\" \/><\/p><p>\u00a0B2. Idaion-H\u00f6hle\u00a0<\/p><p>Die Idaion-H\u00f6hle liegt am Rand der Nida-Hochebene, an der steilen Ostflanke des Psiloritis, die durch eine gro\u00dfe St\u00f6rungszone geformt wurde. Der H\u00f6hleneingang befindet sich direkt auf dieser St\u00f6rung, und im Inneren sind ebenfalls parallele St\u00f6rungsfl\u00e4chen erkennbar. Am leicht abfallenden Eingang, der in eine gro\u00dfe Kammer f\u00fchrt, sowie im Inneren der H\u00f6hle, lassen sich Falten der Einheit der \u201ePlattenkalke\u201c beobachten.<\/p><p>Obwohl die H\u00f6hle geologisch nicht besonders spektakul\u00e4r ist \u2013 sie besitzt weder Tropfsteinschmuck noch gro\u00dfe Ausdehnung \u2013 hat sie enormen arch\u00e4ologischen und kulturellen Wert. Laut Mythologie fand der kretisch geborene Zeus hier als Neugeborener Zuflucht, um dem Zorn seines Vaters Kronos zu entgehen. Die einheimischen Krieger, die Kureten, \u00fcbert\u00f6nten sein Weinen mit dem L\u00e4rm ihrer Waffen, w\u00e4hrend die Ziege Amaltheia ihn s\u00e4ugte.<\/p><p>Die Ausgrabungen von Professor Y. Sakellarakis best\u00e4tigten die Bedeutung des Ortes: Die Idaion-H\u00f6hle war der bedeutendste Kultplatz auf Kreta, von der minoischen bis zur r\u00f6mischen Zeit. Noch heute ist am Eingang der H\u00f6hle der rechteckige, in den Fels gehauene Altar der antiken Zeremonien zu sehen.<\/p><p><img decoding=\"async\" class=\"aligncenter wp-image-4582 size-large\" src=\"https:\/\/psiloritisgeopark.gr\/wp-content\/uploads\/2026\/02\/IdaioAndro_KolendrianouM-1024x683.jpg\" alt=\"\" width=\"800\" height=\"534\" srcset=\"https:\/\/psiloritisgeopark.gr\/wp-content\/uploads\/2026\/02\/IdaioAndro_KolendrianouM-1024x683.jpg 1024w, https:\/\/psiloritisgeopark.gr\/wp-content\/uploads\/2026\/02\/IdaioAndro_KolendrianouM-300x200.jpg 300w, https:\/\/psiloritisgeopark.gr\/wp-content\/uploads\/2026\/02\/IdaioAndro_KolendrianouM-768x512.jpg 768w, https:\/\/psiloritisgeopark.gr\/wp-content\/uploads\/2026\/02\/IdaioAndro_KolendrianouM-1536x1024.jpg 1536w, https:\/\/psiloritisgeopark.gr\/wp-content\/uploads\/2026\/02\/IdaioAndro_KolendrianouM-2048x1365.jpg 2048w, https:\/\/psiloritisgeopark.gr\/wp-content\/uploads\/2026\/02\/IdaioAndro_KolendrianouM-18x12.jpg 18w\" sizes=\"(max-width: 800px) 100vw, 800px\" \/><\/p><p>B3. Petradolakia\u00a0<\/p><p>Petradolakia ist eine seltene Karstlandschaft, die von den Kalkgesteinen der Tripolis-Einheit und zahlreichen oberfl\u00e4chlichen Senken gepr\u00e4gt ist. Kleine und gro\u00dfe Dolinen, Einsturztrichter und Sch\u00e4chte \u2013 kraterartige Formen, die an Vulkane erinnern \u2013 bilden eine beeindruckende Szenerie, die man vom benachbarten Gipfel des Skinakas mit dem gleichnamigen Observatorium aus bewundern kann.<\/p><p><img loading=\"lazy\" decoding=\"async\" class=\"aligncenter wp-image-4575 size-large\" src=\"https:\/\/psiloritisgeopark.gr\/wp-content\/uploads\/2026\/02\/112819_Charkoutsis_Psiloritis-1024x718.jpg\" alt=\"\" width=\"800\" height=\"561\" srcset=\"https:\/\/psiloritisgeopark.gr\/wp-content\/uploads\/2026\/02\/112819_Charkoutsis_Psiloritis-1024x718.jpg 1024w, https:\/\/psiloritisgeopark.gr\/wp-content\/uploads\/2026\/02\/112819_Charkoutsis_Psiloritis-300x210.jpg 300w, https:\/\/psiloritisgeopark.gr\/wp-content\/uploads\/2026\/02\/112819_Charkoutsis_Psiloritis-768x538.jpg 768w, https:\/\/psiloritisgeopark.gr\/wp-content\/uploads\/2026\/02\/112819_Charkoutsis_Psiloritis-1536x1076.jpg 1536w, https:\/\/psiloritisgeopark.gr\/wp-content\/uploads\/2026\/02\/112819_Charkoutsis_Psiloritis-2048x1435.jpg 2048w, https:\/\/psiloritisgeopark.gr\/wp-content\/uploads\/2026\/02\/112819_Charkoutsis_Psiloritis-18x12.jpg 18w\" sizes=\"(max-width: 800px) 100vw, 800px\" \/><\/p><p>Sch\u00f6ne Faltenstrukturen entwickeln sich stellenweise im typischen Plattenkalk des westlichen Abschnitts, die farbenfrohe Schichten aufweisen. An einigen Stellen treten wei\u00dfe, silikatreiche Aggregate zutage, die laut einiger Theorien aus ehemaligen Schwammkolonien des urzeitlichen Tethys-Ozeans entstanden sind.<\/p><p>Der sp\u00e4rliche Boden auf den Plateaus beherbergt eine Vielzahl von Pflanzen- und Tierarten des Psiloritis. Besonders hervorzuheben ist die Horstrissea dolinicola,<em>Horstrissea dolinicola<\/em>eine seltene Pflanze, die nur in bestimmten Dolinen rund um den Skinakas w\u00e4chst, sowie der Psiloritis-Schmetterling (Kretania psylorita),<em>Kretania psylorita<\/em>der gegen Ende des Fr\u00fchlings in gro\u00dfer Zahl erscheint \u2013 allerdings nur auf den Hochplateaus des Gebirges.<img decoding=\"async\" src=\"https:\/\/www.psiloritisgeopark.gr\/images\/editor\/UserFiles\/geosites\/petradolakia.jpg\" alt=\"\" \/><\/p><p>B4. Die Kretische Abschiebungsst\u00f6rung\u00a0<\/p><p>Einer der besten Orte, um die gro\u00dfe kretische Abschiebungsst\u00f6rung zu beobachten \u2013 welche die hochdruckmetamorphen Gesteine der Einheiten Plattenkalk und Phyllit-Quarzit von den unmetamorphen Kalksteinen der Tripolis-Einheit trennt \u2013 befindet sich neben der kleinen Kapelle des Agios Fanourios bei Petradolakia.<\/p><p>Diese St\u00f6rung hob die Plattenkalkgesteine vor mehreren Millionen Jahren aus Tiefen von 30\u201340 Kilometern an die Erdoberfl\u00e4che.<br \/>Die benachbarte Quelle verdankt ihre Entstehung ebenfalls dieser St\u00f6rung, da sie das durchl\u00e4ssige Kalkgestein der Tripolis-Einheit mit dem darunter liegenden, undurchl\u00e4ssigen Metaflysch des Plattenkalks in Kontakt bringt.\nAn den steilen Felsw\u00e4nden der Gegend w\u00e4chst au\u00dferdem eines der charakteristischsten aromatischen Kr\u00e4uter Kretas: der Diptam oder \u201eErontas\u201c (Origanum dictamnus).<em>Origanum dictamnus<\/em>).<\/p><p><img loading=\"lazy\" decoding=\"async\" class=\"aligncenter wp-image-4585 size-large\" src=\"https:\/\/psiloritisgeopark.gr\/wp-content\/uploads\/2026\/02\/\u03a1\u03ae\u03b3\u03bc\u03b1-\u0391\u03b3\u03af\u03bf\u03c5-\u03a6\u03b1\u03bd\u03bf\u03c5\u03c1\u03af\u03bf\u03c5-\u03a7-\u03a6\u03b1\u03c3\u03bf\u03c5\u03bb\u03ac\u03c2_Agios-Fanourios-detachment-fault-Ch-Fassoulas-1024x685.jpg\" alt=\"\" width=\"800\" height=\"535\" srcset=\"https:\/\/psiloritisgeopark.gr\/wp-content\/uploads\/2026\/02\/\u03a1\u03ae\u03b3\u03bc\u03b1-\u0391\u03b3\u03af\u03bf\u03c5-\u03a6\u03b1\u03bd\u03bf\u03c5\u03c1\u03af\u03bf\u03c5-\u03a7-\u03a6\u03b1\u03c3\u03bf\u03c5\u03bb\u03ac\u03c2_Agios-Fanourios-detachment-fault-Ch-Fassoulas-1024x685.jpg 1024w, https:\/\/psiloritisgeopark.gr\/wp-content\/uploads\/2026\/02\/\u03a1\u03ae\u03b3\u03bc\u03b1-\u0391\u03b3\u03af\u03bf\u03c5-\u03a6\u03b1\u03bd\u03bf\u03c5\u03c1\u03af\u03bf\u03c5-\u03a7-\u03a6\u03b1\u03c3\u03bf\u03c5\u03bb\u03ac\u03c2_Agios-Fanourios-detachment-fault-Ch-Fassoulas-300x201.jpg 300w, https:\/\/psiloritisgeopark.gr\/wp-content\/uploads\/2026\/02\/\u03a1\u03ae\u03b3\u03bc\u03b1-\u0391\u03b3\u03af\u03bf\u03c5-\u03a6\u03b1\u03bd\u03bf\u03c5\u03c1\u03af\u03bf\u03c5-\u03a7-\u03a6\u03b1\u03c3\u03bf\u03c5\u03bb\u03ac\u03c2_Agios-Fanourios-detachment-fault-Ch-Fassoulas-768x514.jpg 768w, https:\/\/psiloritisgeopark.gr\/wp-content\/uploads\/2026\/02\/\u03a1\u03ae\u03b3\u03bc\u03b1-\u0391\u03b3\u03af\u03bf\u03c5-\u03a6\u03b1\u03bd\u03bf\u03c5\u03c1\u03af\u03bf\u03c5-\u03a7-\u03a6\u03b1\u03c3\u03bf\u03c5\u03bb\u03ac\u03c2_Agios-Fanourios-detachment-fault-Ch-Fassoulas-1536x1028.jpg 1536w, https:\/\/psiloritisgeopark.gr\/wp-content\/uploads\/2026\/02\/\u03a1\u03ae\u03b3\u03bc\u03b1-\u0391\u03b3\u03af\u03bf\u03c5-\u03a6\u03b1\u03bd\u03bf\u03c5\u03c1\u03af\u03bf\u03c5-\u03a7-\u03a6\u03b1\u03c3\u03bf\u03c5\u03bb\u03ac\u03c2_Agios-Fanourios-detachment-fault-Ch-Fassoulas-2048x1371.jpg 2048w, https:\/\/psiloritisgeopark.gr\/wp-content\/uploads\/2026\/02\/\u03a1\u03ae\u03b3\u03bc\u03b1-\u0391\u03b3\u03af\u03bf\u03c5-\u03a6\u03b1\u03bd\u03bf\u03c5\u03c1\u03af\u03bf\u03c5-\u03a7-\u03a6\u03b1\u03c3\u03bf\u03c5\u03bb\u03ac\u03c2_Agios-Fanourios-detachment-fault-Ch-Fassoulas-18x12.jpg 18w\" sizes=\"(max-width: 800px) 100vw, 800px\" \/><\/p><p>\u00a0B5. Der Metaflysch von Agia Marina<\/p><p>Obwohl der Metaflysch des Plattenkalks die am wenigsten verbreitete Gesteinseinheit des Psiloritis ist \u2013 heute ein metamorphes Gestein mit hohem Tonanteil und Kalkger\u00f6llen \u2013 hat er eine zentrale Bedeutung f\u00fcr das Leben.\nSein Vorkommen am \u00f6stlichen Rand des Psiloritis ist der Grund f\u00fcr das Auftreten zahlreicher Quellen, da er verhindert, dass das Wasser aus dem dar\u00fcberliegenden Tripolis-Kalk tiefer in den Untergrund eindringt.<br \/>In der Region von Agia Marina, in der N\u00e4he der arch\u00e4ologischen St\u00e4tte von Zominthos, tritt der Metaflysch in bedeutendem Ma\u00dfe zutage und bildet die gleichnamigen Quellen.<\/p><p><img loading=\"lazy\" decoding=\"async\" class=\"aligncenter wp-image-4583 size-large\" src=\"https:\/\/psiloritisgeopark.gr\/wp-content\/uploads\/2026\/02\/metafl-agmar-1024x679.jpg\" alt=\"\" width=\"800\" height=\"530\" srcset=\"https:\/\/psiloritisgeopark.gr\/wp-content\/uploads\/2026\/02\/metafl-agmar-1024x679.jpg 1024w, https:\/\/psiloritisgeopark.gr\/wp-content\/uploads\/2026\/02\/metafl-agmar-300x199.jpg 300w, https:\/\/psiloritisgeopark.gr\/wp-content\/uploads\/2026\/02\/metafl-agmar-768x509.jpg 768w, https:\/\/psiloritisgeopark.gr\/wp-content\/uploads\/2026\/02\/metafl-agmar-18x12.jpg 18w, https:\/\/psiloritisgeopark.gr\/wp-content\/uploads\/2026\/02\/metafl-agmar.jpg 1399w\" sizes=\"(max-width: 800px) 100vw, 800px\" \/><\/p><p>B6. Die Schlucht und Faltungen von Mygia\u00a0<\/p><p>Die Mygia-Schlucht ist ein Ort, der eng mit den Traditionen von Anogeia verbunden ist. Sie verl\u00e4uft durch typische plattige Marmore, die eindrucksvoll an den senkrechten H\u00e4ngen freigelegt sind. Der starke Druck, dem diese Gesteine ausgesetzt waren, zeigt sich in zahllosen kantigen, zickzackf\u00f6rmigen Faltungen, die besonders am S\u00fcdufer sichtbar sind.\nDie Schlucht ist nicht besonders schmal \u2013 abgesehen von einigen Engstellen am Anfang und Ende \u2013 aber sie ist recht tief und besitzt vielerorts steile W\u00e4nde.\nEin Wanderweg verl\u00e4uft hoch \u00fcber dem n\u00f6rdlichen Hang und f\u00fchrt an alten und neuen Mitata (Hirtenh\u00fctten) vorbei.<br \/>Er verbindet die Schlucht mit weiteren bedeutenden Geostandorten der Region.<\/p><p><img loading=\"lazy\" decoding=\"async\" class=\"aligncenter wp-image-4584 size-large\" src=\"https:\/\/psiloritisgeopark.gr\/wp-content\/uploads\/2026\/02\/faraggi-Migia--1024x747.jpg\" alt=\"\" width=\"800\" height=\"584\" srcset=\"https:\/\/psiloritisgeopark.gr\/wp-content\/uploads\/2026\/02\/faraggi-Migia--1024x747.jpg 1024w, https:\/\/psiloritisgeopark.gr\/wp-content\/uploads\/2026\/02\/faraggi-Migia--300x219.jpg 300w, https:\/\/psiloritisgeopark.gr\/wp-content\/uploads\/2026\/02\/faraggi-Migia--768x560.jpg 768w, https:\/\/psiloritisgeopark.gr\/wp-content\/uploads\/2026\/02\/faraggi-Migia--1536x1121.jpg 1536w, https:\/\/psiloritisgeopark.gr\/wp-content\/uploads\/2026\/02\/faraggi-Migia--2048x1495.jpg 2048w, https:\/\/psiloritisgeopark.gr\/wp-content\/uploads\/2026\/02\/faraggi-Migia--16x12.jpg 16w\" sizes=\"(max-width: 800px) 100vw, 800px\" \/><\/p><p>\u00a0B7. Die Faltungen von Stefana\u00a0<\/p><p>Entlang der Stra\u00dfe von Anogeia zum Nida-Plateau, in der Gegend von Stefana, treten auff\u00e4llige \u201eN\u201c-f\u00f6rmige Faltungen im typischen plattigen Marmor zutage. Diese geh\u00f6ren zu den gr\u00f6\u00dften Faltungen der Region und sind sowohl an den Stra\u00dfenh\u00e4ngen als auch im Relief der umliegenden H\u00e4nge deutlich sichtbar.<\/p><p>B8. Einsturzdolinen von Stefana<\/p><p>Eines der markantesten Plateaus des Psiloritis, das die Wirkung des Wassers auf die \u201ePlattigen Kalke\u201c deutlich zeigt, liegt bei Stefana. Die gute Erreichbarkeit \u00fcber die Provinzstra\u00dfe nach Nida erleichtert die Erkundung der Umgebung sowie den Zugang zur Mygia-Schlucht.<br \/>Das kleine Plateau wird h\u00e4ufig \u00fcberflutet und bildet zeitweise Teiche, in denen Fr\u00f6sche leben. In der Mitte und am n\u00f6rdlichen Rand, nahe der Stra\u00dfe, befinden sich mehrere aktive Einsturzdolinen, durch die das Wasser ins Erdinnere versickert.\nJe nach Jahreszeit entdeckt man hier verschiedene Wildblumen wie Krokusse<em>Crocus oreocreticus<\/em>Herbstzeitlose<em>Colchicum cretense<\/em>Legousia-Arten<em>Legousia<\/em>\u00a0und weitere Vertreter der lokalen Flora.<br \/>Vom kleinen Mitato (Hirtenunterstand aus Stein) mit dem typischen Melkplatz am n\u00f6rdlichen Rand des Plateaus f\u00fchrt ein kurzer Pfad zu einer gro\u00dfen Steineiche. Von hier aus genie\u00dft man einen Panoramablick auf den n\u00f6rdlichen Teil des Parks \u2013 und abends den Sonnenuntergang hinter dem Kap von Chania.<\/p><p><img loading=\"lazy\" decoding=\"async\" class=\"wp-image-4581 size-large\" src=\"https:\/\/psiloritisgeopark.gr\/wp-content\/uploads\/2026\/02\/\u03bf\u03c1\u03bf\u03c0\u03ad\u03b4\u03b9\u03bf-\u03ba\u03b1\u03b9-\u03ba\u03b1\u03c4\u03b1\u03b2\u03cc\u03b8\u03c1\u03b1-\u03a3\u03c4\u03b5\u03c6\u03ac\u03bd\u03b1\u03c2-\u0395-\u039d\u03b9\u03ba\u03bf\u03bb\u03b1\u03ba\u03ac\u03ba\u03b7\u03c2_Stephana-plateau-and-sinkhole-E-Nikolakakis-899x1024.jpg\" alt=\"\" width=\"800\" height=\"911\" srcset=\"https:\/\/psiloritisgeopark.gr\/wp-content\/uploads\/2026\/02\/\u03bf\u03c1\u03bf\u03c0\u03ad\u03b4\u03b9\u03bf-\u03ba\u03b1\u03b9-\u03ba\u03b1\u03c4\u03b1\u03b2\u03cc\u03b8\u03c1\u03b1-\u03a3\u03c4\u03b5\u03c6\u03ac\u03bd\u03b1\u03c2-\u0395-\u039d\u03b9\u03ba\u03bf\u03bb\u03b1\u03ba\u03ac\u03ba\u03b7\u03c2_Stephana-plateau-and-sinkhole-E-Nikolakakis-899x1024.jpg 899w, https:\/\/psiloritisgeopark.gr\/wp-content\/uploads\/2026\/02\/\u03bf\u03c1\u03bf\u03c0\u03ad\u03b4\u03b9\u03bf-\u03ba\u03b1\u03b9-\u03ba\u03b1\u03c4\u03b1\u03b2\u03cc\u03b8\u03c1\u03b1-\u03a3\u03c4\u03b5\u03c6\u03ac\u03bd\u03b1\u03c2-\u0395-\u039d\u03b9\u03ba\u03bf\u03bb\u03b1\u03ba\u03ac\u03ba\u03b7\u03c2_Stephana-plateau-and-sinkhole-E-Nikolakakis-263x300.jpg 263w, https:\/\/psiloritisgeopark.gr\/wp-content\/uploads\/2026\/02\/\u03bf\u03c1\u03bf\u03c0\u03ad\u03b4\u03b9\u03bf-\u03ba\u03b1\u03b9-\u03ba\u03b1\u03c4\u03b1\u03b2\u03cc\u03b8\u03c1\u03b1-\u03a3\u03c4\u03b5\u03c6\u03ac\u03bd\u03b1\u03c2-\u0395-\u039d\u03b9\u03ba\u03bf\u03bb\u03b1\u03ba\u03ac\u03ba\u03b7\u03c2_Stephana-plateau-and-sinkhole-E-Nikolakakis-768x875.jpg 768w, https:\/\/psiloritisgeopark.gr\/wp-content\/uploads\/2026\/02\/\u03bf\u03c1\u03bf\u03c0\u03ad\u03b4\u03b9\u03bf-\u03ba\u03b1\u03b9-\u03ba\u03b1\u03c4\u03b1\u03b2\u03cc\u03b8\u03c1\u03b1-\u03a3\u03c4\u03b5\u03c6\u03ac\u03bd\u03b1\u03c2-\u0395-\u039d\u03b9\u03ba\u03bf\u03bb\u03b1\u03ba\u03ac\u03ba\u03b7\u03c2_Stephana-plateau-and-sinkhole-E-Nikolakakis-1348x1536.jpg 1348w, https:\/\/psiloritisgeopark.gr\/wp-content\/uploads\/2026\/02\/\u03bf\u03c1\u03bf\u03c0\u03ad\u03b4\u03b9\u03bf-\u03ba\u03b1\u03b9-\u03ba\u03b1\u03c4\u03b1\u03b2\u03cc\u03b8\u03c1\u03b1-\u03a3\u03c4\u03b5\u03c6\u03ac\u03bd\u03b1\u03c2-\u0395-\u039d\u03b9\u03ba\u03bf\u03bb\u03b1\u03ba\u03ac\u03ba\u03b7\u03c2_Stephana-plateau-and-sinkhole-E-Nikolakakis-1797x2048.jpg 1797w, https:\/\/psiloritisgeopark.gr\/wp-content\/uploads\/2026\/02\/\u03bf\u03c1\u03bf\u03c0\u03ad\u03b4\u03b9\u03bf-\u03ba\u03b1\u03b9-\u03ba\u03b1\u03c4\u03b1\u03b2\u03cc\u03b8\u03c1\u03b1-\u03a3\u03c4\u03b5\u03c6\u03ac\u03bd\u03b1\u03c2-\u0395-\u039d\u03b9\u03ba\u03bf\u03bb\u03b1\u03ba\u03ac\u03ba\u03b7\u03c2_Stephana-plateau-and-sinkhole-E-Nikolakakis-11x12.jpg 11w, https:\/\/psiloritisgeopark.gr\/wp-content\/uploads\/2026\/02\/\u03bf\u03c1\u03bf\u03c0\u03ad\u03b4\u03b9\u03bf-\u03ba\u03b1\u03b9-\u03ba\u03b1\u03c4\u03b1\u03b2\u03cc\u03b8\u03c1\u03b1-\u03a3\u03c4\u03b5\u03c6\u03ac\u03bd\u03b1\u03c2-\u0395-\u039d\u03b9\u03ba\u03bf\u03bb\u03b1\u03ba\u03ac\u03ba\u03b7\u03c2_Stephana-plateau-and-sinkhole-E-Nikolakakis.jpg 1927w\" sizes=\"(max-width: 800px) 100vw, 800px\" \/><\/p><p>B9. Der Schacht von Skinakas<\/p><p>Auf dem Weg von den Petradolakia zum Gipfel des Skinakas befindet sich einer der beeindruckendsten und am leichtesten zug\u00e4nglichen Sch\u00e4chte des Psiloritis. Ein schmaler Pfad, der Dolomite und Kalke der \u201eTripolis\u201c-Einheit durchquert \u2013 in einer fast w\u00fcstenartigen Landschaft \u2013 f\u00fchrt zu einem flachen Bachbett und anschlie\u00dfend zum Eingang des Schachts.\nMit einer Tiefe von etwa 20 Metern und einem Durchmesser von rund 10 Metern beeindruckt der Schacht durch seine senkrechten \u2013 und sehr gef\u00e4hrlichen \u2013 W\u00e4nde, die \u00fcppige Vegetation und die vielen V\u00f6gel, die er beherbergt. Am Grund, der in eine enge H\u00f6hle \u00fcbergeht, kann sich Schnee bis in den Hochsommer hinein halten.<\/p><p>B10. Dolinen bei Kourouna<\/p><p>Die Kourouna, ein Gipfel n\u00f6rdlich des Hauptkamms des Psiloritis, besteht aus typischem plattigem Marmor. Aufgrund der waagerechten Schichtung wirkt sie wie ein Kinderbauwerk aus Kl\u00f6tzchen.\nDie gro\u00dfe H\u00f6he verhindert das Wachstum von B\u00e4umen, wodurch alle Formen der oberfl\u00e4chlichen L\u00f6sung, die durch die Verkarstung entstanden sind, sichtbar werden.<br \/>Zahlreiche kleine und gro\u00dfe Dolinen in Kraterform sind nur von den Gipfeln des Psiloritis oder teilweise von den Weidegebieten des Livadiotiko oder Zoniano (Aori) aus zu sehen.<\/p>\t\t\t\t\t\t\t\t<\/div>\n\t\t\t\t\t<\/div>\n\t\t\t\t<\/div>\n\t\t\t\t<\/div>","protected":false},"excerpt":{"rendered":"<p>B.\u00a0\u03a4\u03b1 \u03ba\u03b1\u03c1\u03c3\u03c4\u03b9\u03ba\u03ac \u03c4\u03bf\u03c0\u03af\u03b1 \u03c4\u03bf\u03c5 \u03a8\u03b7\u03bb\u03bf\u03c1\u03b5\u03af\u03c4\u03b7 \u03a4\u03b1 \u03c0\u03b5\u03c1\u03b9\u03b2\u03ac\u03bb\u03bb\u03bf\u03bd\u03c4\u03b1 \u03ba\u03b1\u03b9 \u03bf\u03b9 \u03bf\u03b9\u03ba\u03cc\u03c4\u03bf\u03c0\u03bf\u03b9 \u03b5\u03af\u03bd\u03b1\u03b9 \u03c3\u03c5\u03bd\u03ae\u03b8\u03c9\u03c2 \u03b1\u03ba\u03c1\u03b1\u03af\u03b1 \u03ba\u03b1\u03b9 \u03be\u03b5\u03c7\u03c9\u03c1\u03b9\u03c3\u03c4\u03ac \u03cc\u03c0\u03c9\u03c2 \u03ba\u03b1\u03b9 \u03bf\u03b9 \u03bc\u03bf\u03c1\u03c6\u03ad\u03c2 \u03c4\u03b7\u03c2 \u03b6\u03c9\u03ae\u03c2 \u03c0\u03bf\u03c5 \u03c3\u03c5\u03bd\u03b1\u03bd\u03c4\u03b9\u03bf\u03cd\u03bd\u03c4\u03b1\u03b9 \u03c3\u03b5 \u03b1\u03c5\u03c4\u03ac. \u0395\u03af\u03c4\u03b5 \u03b5\u03af\u03bd\u03b1\u03b9 \u03b5\u03c0\u03b9\u03c6\u03b1\u03bd\u03b5\u03b9\u03b1\u03ba\u03ad\u03c2 \u03bc\u03bf\u03c1\u03c6\u03ad\u03c2 \u03c4\u03bf\u03c5 \u03b1\u03bd\u03b1\u03b3\u03bb\u03cd\u03c6\u03bf\u03c5 \u03cc\u03c0\u03c9\u03c2 \u03c4\u03b1 \u03bf\u03c1\u03bf\u03c0\u03ad\u03b4\u03b9\u03b1, \u03bf\u03b9 \u03b4\u03bf\u03bb\u03af\u03bd\u03b5\u03c2, \u03bf\u03b9 \u03ba\u03b1\u03c4\u03b1\u03b2\u03cc\u03b8\u03c1\u03b5\u03c2 \u03ba\u03b1\u03b9 \u03bf\u03b9 \u03ac\u03bb\u03bb\u03b5\u03c2 \u03c0\u03b1\u03c1\u03cc\u03bc\u03bf\u03b9\u03b5\u03c2 \u03bc\u03bf\u03c1\u03c6\u03ad\u03c2, \u03b5\u03af\u03c4\u03b5 \u03b5\u03af\u03bd\u03b1\u03b9 \u03c5\u03c0\u03cc\u03b3\u03b5\u03b9\u03b5\u03c2 \u03cc\u03c0\u03c9\u03c2 \u03c4\u03b1 \u03c3\u03c0\u03ae\u03bb\u03b1\u03b9\u03b1 \u03ba\u03b1\u03b9 \u03c4\u03b1 \u03b2\u03ac\u03c1\u03b1\u03b8\u03c1\u03b1 \u03c0\u03bf\u03c5 \u03c3\u03c5\u03bd\u03b1\u03c1\u03c0\u03ac\u03b6\u03bf\u03c5\u03bd \u03c4\u03bf\u03bd [&hellip;]<\/p>","protected":false},"author":1,"featured_media":0,"parent":0,"menu_order":0,"comment_status":"closed","ping_status":"closed","template":"","meta":{"footnotes":""},"class_list":["post-2938","page","type-page","status-publish","hentry"],"_links":{"self":[{"href":"https:\/\/psiloritisgeopark.gr\/de\/wp-json\/wp\/v2\/pages\/2938","targetHints":{"allow":["GET"]}}],"collection":[{"href":"https:\/\/psiloritisgeopark.gr\/de\/wp-json\/wp\/v2\/pages"}],"about":[{"href":"https:\/\/psiloritisgeopark.gr\/de\/wp-json\/wp\/v2\/types\/page"}],"author":[{"embeddable":true,"href":"https:\/\/psiloritisgeopark.gr\/de\/wp-json\/wp\/v2\/users\/1"}],"replies":[{"embeddable":true,"href":"https:\/\/psiloritisgeopark.gr\/de\/wp-json\/wp\/v2\/comments?post=2938"}],"version-history":[{"count":32,"href":"https:\/\/psiloritisgeopark.gr\/de\/wp-json\/wp\/v2\/pages\/2938\/revisions"}],"predecessor-version":[{"id":4593,"href":"https:\/\/psiloritisgeopark.gr\/de\/wp-json\/wp\/v2\/pages\/2938\/revisions\/4593"}],"wp:attachment":[{"href":"https:\/\/psiloritisgeopark.gr\/de\/wp-json\/wp\/v2\/media?parent=2938"}],"curies":[{"name":"wp","href":"https:\/\/api.w.org\/{rel}","templated":true}]}}