{"id":2952,"date":"2025-09-24T11:01:06","date_gmt":"2025-09-24T11:01:06","guid":{"rendered":"https:\/\/nextdigital-demos.info\/gewparko\/?page_id=2952"},"modified":"2026-02-24T09:53:39","modified_gmt":"2026-02-24T09:53:39","slug":"%ce%b3%ce%ba%cf%81%ce%b5%ce%bc%ce%bf%ce%af-%cf%84%ce%bf%cf%85-%ce%b1%ce%bc%ce%b1%cf%81%ce%af%ce%bf%cf%85","status":"publish","type":"page","link":"https:\/\/psiloritisgeopark.gr\/de\/%ce%b3%ce%ba%cf%81%ce%b5%ce%bc%ce%bf%ce%af-%cf%84%ce%bf%cf%85-%ce%b1%ce%bc%ce%b1%cf%81%ce%af%ce%bf%cf%85\/","title":{"rendered":"AMARI-KLIPPEN"},"content":{"rendered":"<div data-elementor-type=\"wp-page\" data-elementor-id=\"2952\" class=\"elementor elementor-2952\" data-elementor-post-type=\"page\">\n\t\t\t\t<div data-particle_enable=\"false\" data-particle-mobile-disabled=\"false\" class=\"elementor-element elementor-element-3b69919 e-flex e-con-boxed e-con e-parent\" data-id=\"3b69919\" data-element_type=\"container\" data-settings=\"{&quot;background_background&quot;:&quot;classic&quot;}\">\n\t\t\t\t\t<div class=\"e-con-inner\">\n\t\t\t\t<div class=\"elementor-element elementor-element-3fd18d3 elementor-widget elementor-widget-heading\" data-id=\"3fd18d3\" data-element_type=\"widget\" data-widget_type=\"heading.default\">\n\t\t\t\t\t<h2 class=\"elementor-heading-title elementor-size-default\">AMARI-KLIPPEN<\/h2>\t\t\t\t<\/div>\n\t\t\t\t\t<\/div>\n\t\t\t\t<\/div>\n\t\t<div data-particle_enable=\"false\" data-particle-mobile-disabled=\"false\" class=\"elementor-element elementor-element-6c6a9cd e-flex e-con-boxed e-con e-parent\" data-id=\"6c6a9cd\" data-element_type=\"container\">\n\t\t\t\t\t<div class=\"e-con-inner\">\n\t\t\t\t<div class=\"elementor-element elementor-element-547ce61 elementor-widget elementor-widget-text-editor\" data-id=\"547ce61\" data-element_type=\"widget\" data-widget_type=\"text-editor.default\">\n\t\t\t\t\t\t\t\t\t<p><strong>D. Amari-Klippen<br \/><img fetchpriority=\"high\" decoding=\"async\" class=\"aligncenter wp-image-4598 size-large\" src=\"https:\/\/psiloritisgeopark.gr\/wp-content\/uploads\/2026\/02\/gkr-amariou-1024x678.jpg\" alt=\"\" width=\"800\" height=\"530\" srcset=\"https:\/\/psiloritisgeopark.gr\/wp-content\/uploads\/2026\/02\/gkr-amariou-1024x678.jpg 1024w, https:\/\/psiloritisgeopark.gr\/wp-content\/uploads\/2026\/02\/gkr-amariou-300x199.jpg 300w, https:\/\/psiloritisgeopark.gr\/wp-content\/uploads\/2026\/02\/gkr-amariou-768x509.jpg 768w, https:\/\/psiloritisgeopark.gr\/wp-content\/uploads\/2026\/02\/gkr-amariou-18x12.jpg 18w, https:\/\/psiloritisgeopark.gr\/wp-content\/uploads\/2026\/02\/gkr-amariou.jpg 1398w\" sizes=\"(max-width: 800px) 100vw, 800px\" \/><br \/><\/strong><\/p><p>Das Amari ist eines der sch\u00f6nsten T\u00e4ler Kretas. Aufgrund der Gesteinsbeschaffenheit und seiner geografischen Lage ist Wasser hier reichlich vorhanden \u2013 und mit ihm auch das Leben. Im Westen des Psiloritis gelegen, erh\u00e4lt die Region reichlich Niederschlag und manchmal auch Schnee. Dadurch entstehen kleine B\u00e4che, die sich zum Platys-Fluss vereinen \u2013 einem der bedeutendsten Fl\u00fcsse Kretas, der ins Libysche Meer m\u00fcndet. Dieses Wasser war einst die Lebensader, die den umliegenden<br \/>D\u00f6rfern Wohlstand brachte.<\/p><p>Heute bleibt Amari touristisch unterentwickelt, vor allem wegen der schwierigen Erreichbarkeit. Es besticht jedoch durch seine unber\u00fchrte Natur und kulturelle Vielfalt. Die geologische Vielfalt ist gering: Vorherrschend sind Karbonatgesteine der Tripolis-Einheit, Flyschgesteine der Pindos-Zoneund j\u00fcngere Sedimente. Das auff\u00e4lligste Merkmal sind jedoch die steilen, senkrechten Felsw\u00e4nde, die sich von den hohen Gipfeln des<br \/>Psiloritis bis in das Tal hinabziehen.<\/p><p>Auch wenn sie weniger sichtbar sind als in der Region Gergeri\u2013Kamares, haben St\u00f6rungen auch hier das Landschaftsbild durch Hebung der Berge und Absenkung der Becken gepr\u00e4gt.<\/p><p>Der starke Kontrast zwischen der rauen Wildheit der Gebirgslandschaft und der friedlichen Ausgewogenheit des Tals macht das Amari unvergesslich.<\/p><p>D1. K\u00fcsten von Fourfouras\u00a0<\/p><p>Fourfouras ist ein malerisches Dorf am Fu\u00dfe des Psiloritis. Gleich hinter den H\u00e4usern steigen steile Klippen auf, die sich bis fast zum Gipfel des Berges ziehen. \u00d6stlich des Dorfes sind Reste einer alten K\u00fcstenlinie erhalten \u2013 Kies- und Sandschichten in etwa 600 Metern H\u00f6he.<\/p><p>In diesen Ablagerungen gefundene Fossilien (Seeigel und Muscheln) zeigen, dass sich hier vor 6\u20137 Millionen Jahren \u2013 im Mioz\u00e4n \u2013 die K\u00fcstenlinie des damaligen Kreta befand.<\/p><p>D2. Pantanassa-Formation\u00a0<\/p><p>Die r\u00f6tlichen, lockeren Sedimente rund um das Dorf Pantanassa geh\u00f6ren zu den wenigen Schichten auf Kreta, die vor 12 bis 8 Millionen Jahren an Land abgelagert wurden. Sie bestehen aus lockeren Sanden, Konglomeraten, Tonen und d\u00fcnnen Lignitschichten an der Oberfl\u00e4che \u2013 bekannt als Pantanassa-Formation.<br \/>Die Vielzahl an geologischen Daten aus diesen Schichten hat dazu beigetragen, jene ferne Zeit zu verstehen, in der sich Kreta von der \u00c4g\u00e4is zu l\u00f6sen begann und allm\u00e4hlich als Insel formte.<\/p><p>Ein St\u00fcck weiter westlich liegt die Patsos-Schlucht.<\/p><p><img decoding=\"async\" class=\"aligncenter wp-image-4594 size-large\" src=\"https:\/\/psiloritisgeopark.gr\/wp-content\/uploads\/2026\/02\/\u03c6\u03b1\u03c1\u03ac\u03b3\u03b3\u03b9-\u03a0\u03b1\u03c4\u03c3\u03bf\u03cd-\u0391\u03bc\u03b1\u03c1\u03b9-\u03a7-\u03a6\u03b1\u03c3\u03c3\u03bf\u03c5\u03bb\u03ac\u03c2_Patsos-Gorge-Ch-Fassoulas-768x1024.jpg\" alt=\"\" width=\"768\" height=\"1024\" srcset=\"https:\/\/psiloritisgeopark.gr\/wp-content\/uploads\/2026\/02\/\u03c6\u03b1\u03c1\u03ac\u03b3\u03b3\u03b9-\u03a0\u03b1\u03c4\u03c3\u03bf\u03cd-\u0391\u03bc\u03b1\u03c1\u03b9-\u03a7-\u03a6\u03b1\u03c3\u03c3\u03bf\u03c5\u03bb\u03ac\u03c2_Patsos-Gorge-Ch-Fassoulas-768x1024.jpg 768w, https:\/\/psiloritisgeopark.gr\/wp-content\/uploads\/2026\/02\/\u03c6\u03b1\u03c1\u03ac\u03b3\u03b3\u03b9-\u03a0\u03b1\u03c4\u03c3\u03bf\u03cd-\u0391\u03bc\u03b1\u03c1\u03b9-\u03a7-\u03a6\u03b1\u03c3\u03c3\u03bf\u03c5\u03bb\u03ac\u03c2_Patsos-Gorge-Ch-Fassoulas-225x300.jpg 225w, https:\/\/psiloritisgeopark.gr\/wp-content\/uploads\/2026\/02\/\u03c6\u03b1\u03c1\u03ac\u03b3\u03b3\u03b9-\u03a0\u03b1\u03c4\u03c3\u03bf\u03cd-\u0391\u03bc\u03b1\u03c1\u03b9-\u03a7-\u03a6\u03b1\u03c3\u03c3\u03bf\u03c5\u03bb\u03ac\u03c2_Patsos-Gorge-Ch-Fassoulas-1152x1536.jpg 1152w, https:\/\/psiloritisgeopark.gr\/wp-content\/uploads\/2026\/02\/\u03c6\u03b1\u03c1\u03ac\u03b3\u03b3\u03b9-\u03a0\u03b1\u03c4\u03c3\u03bf\u03cd-\u0391\u03bc\u03b1\u03c1\u03b9-\u03a7-\u03a6\u03b1\u03c3\u03c3\u03bf\u03c5\u03bb\u03ac\u03c2_Patsos-Gorge-Ch-Fassoulas-1536x2048.jpg 1536w, https:\/\/psiloritisgeopark.gr\/wp-content\/uploads\/2026\/02\/\u03c6\u03b1\u03c1\u03ac\u03b3\u03b3\u03b9-\u03a0\u03b1\u03c4\u03c3\u03bf\u03cd-\u0391\u03bc\u03b1\u03c1\u03b9-\u03a7-\u03a6\u03b1\u03c3\u03c3\u03bf\u03c5\u03bb\u03ac\u03c2_Patsos-Gorge-Ch-Fassoulas-9x12.jpg 9w, https:\/\/psiloritisgeopark.gr\/wp-content\/uploads\/2026\/02\/\u03c6\u03b1\u03c1\u03ac\u03b3\u03b3\u03b9-\u03a0\u03b1\u03c4\u03c3\u03bf\u03cd-\u0391\u03bc\u03b1\u03c1\u03b9-\u03a7-\u03a6\u03b1\u03c3\u03c3\u03bf\u03c5\u03bb\u03ac\u03c2_Patsos-Gorge-Ch-Fassoulas-scaled.jpg 1920w\" sizes=\"(max-width: 768px) 100vw, 768px\" \/><\/p>\u00a0<p>Hermes verehrt; Heute wurde die H\u00f6hle in eine kleine Felsenkirche umgewandelt, die dem Agios Antonios geweiht ist.<\/p><p>D3. Platania-Schlucht\u00a0<\/p><p>Die Schlucht, die sich n\u00f6rdlich des Dorfes Platania befindet, unterscheidet sich etwas von den anderen Schluchten Kretas. Zun\u00e4chst \u00f6ffnet sie sich als breites Tal in lockeren mioz\u00e4nen Sedimenten, verengt sich dann zu einer kurzen, aber sehr steilen und engen Passage in den Kalksteinen der Tripolis-Einheit, um schlie\u00dflich in ein weites Tal mit Flyschgesteinen derselben Gruppe zu m\u00fcnden.<\/p><p>Ein sch\u00f6ner Pfad f\u00fchrt vom Dorf zu den n\u00f6rdlichen H\u00e4ngen der Schlucht, wo Besucher verschiedene Wildblumen (Orchideen, Glockenblumen usw.), alte Olivenhaine mit jahrhundertealten B\u00e4umen und den eindrucksvollen Blick auf das Amari-Tal genie\u00dfen k\u00f6nnen. Der Eingang zur Schlucht wird von steilen Felsw\u00e4nden ges\u00e4umt, deren Kalksteinw\u00e4nde durch die kr\u00e4ftigen Farben der Eisenoxide gef\u00e4rbt sind. Kleine und gro\u00dfe H\u00f6hlen sowie senkrechte Felsen pr\u00e4gen die S\u00fcdh\u00e4nge.<\/p><p><img decoding=\"async\" class=\"aligncenter wp-image-4596 size-large\" src=\"https:\/\/psiloritisgeopark.gr\/wp-content\/uploads\/2026\/02\/\u03a6\u03b1\u03c1\u03ac\u03b3\u03b3\u03b9-\u03a0\u03bb\u03b1\u03c4\u03b1\u03bd\u03b9\u03ce\u03bd-\u03a7-\u03c6\u03b1\u03c3\u03bf\u03c5\u03bb\u03ac\u03c2_Platania-Gorge-Ch-Fassoulas-685x1024.jpg\" alt=\"\" width=\"685\" height=\"1024\" srcset=\"https:\/\/psiloritisgeopark.gr\/wp-content\/uploads\/2026\/02\/\u03a6\u03b1\u03c1\u03ac\u03b3\u03b3\u03b9-\u03a0\u03bb\u03b1\u03c4\u03b1\u03bd\u03b9\u03ce\u03bd-\u03a7-\u03c6\u03b1\u03c3\u03bf\u03c5\u03bb\u03ac\u03c2_Platania-Gorge-Ch-Fassoulas-685x1024.jpg 685w, https:\/\/psiloritisgeopark.gr\/wp-content\/uploads\/2026\/02\/\u03a6\u03b1\u03c1\u03ac\u03b3\u03b3\u03b9-\u03a0\u03bb\u03b1\u03c4\u03b1\u03bd\u03b9\u03ce\u03bd-\u03a7-\u03c6\u03b1\u03c3\u03bf\u03c5\u03bb\u03ac\u03c2_Platania-Gorge-Ch-Fassoulas-201x300.jpg 201w, https:\/\/psiloritisgeopark.gr\/wp-content\/uploads\/2026\/02\/\u03a6\u03b1\u03c1\u03ac\u03b3\u03b3\u03b9-\u03a0\u03bb\u03b1\u03c4\u03b1\u03bd\u03b9\u03ce\u03bd-\u03a7-\u03c6\u03b1\u03c3\u03bf\u03c5\u03bb\u03ac\u03c2_Platania-Gorge-Ch-Fassoulas-768x1147.jpg 768w, https:\/\/psiloritisgeopark.gr\/wp-content\/uploads\/2026\/02\/\u03a6\u03b1\u03c1\u03ac\u03b3\u03b3\u03b9-\u03a0\u03bb\u03b1\u03c4\u03b1\u03bd\u03b9\u03ce\u03bd-\u03a7-\u03c6\u03b1\u03c3\u03bf\u03c5\u03bb\u03ac\u03c2_Platania-Gorge-Ch-Fassoulas-1028x1536.jpg 1028w, https:\/\/psiloritisgeopark.gr\/wp-content\/uploads\/2026\/02\/\u03a6\u03b1\u03c1\u03ac\u03b3\u03b3\u03b9-\u03a0\u03bb\u03b1\u03c4\u03b1\u03bd\u03b9\u03ce\u03bd-\u03a7-\u03c6\u03b1\u03c3\u03bf\u03c5\u03bb\u03ac\u03c2_Platania-Gorge-Ch-Fassoulas-1371x2048.jpg 1371w, https:\/\/psiloritisgeopark.gr\/wp-content\/uploads\/2026\/02\/\u03a6\u03b1\u03c1\u03ac\u03b3\u03b3\u03b9-\u03a0\u03bb\u03b1\u03c4\u03b1\u03bd\u03b9\u03ce\u03bd-\u03a7-\u03c6\u03b1\u03c3\u03bf\u03c5\u03bb\u03ac\u03c2_Platania-Gorge-Ch-Fassoulas-8x12.jpg 8w, https:\/\/psiloritisgeopark.gr\/wp-content\/uploads\/2026\/02\/\u03a6\u03b1\u03c1\u03ac\u03b3\u03b3\u03b9-\u03a0\u03bb\u03b1\u03c4\u03b1\u03bd\u03b9\u03ce\u03bd-\u03a7-\u03c6\u03b1\u03c3\u03bf\u03c5\u03bb\u03ac\u03c2_Platania-Gorge-Ch-Fassoulas-scaled.jpg 1714w\" sizes=\"(max-width: 685px) 100vw, 685px\" \/><\/p><p><br \/>Hinter einem Steinbogen und einem nat\u00fcrlichen Bogen, der durch den Stamm eines wilden Olivenbaums gebildet wird, wird der Pfad f\u00fcr unge\u00fcbte Wanderer ziemlich gef\u00e4hrlich.<\/p><p>Das Gebiet eignet sich sowohl zur Beobachtung der Vogelwelt \u2014 mit G\u00e4nsegeiern und anderen Greifv\u00f6geln, die h\u00e4ufig gesichtet werden \u2014 als auch zur Betrachtung der wilden Flora Kretas.<\/p><p>D4. Die Brunnen von Tsikalas\u00a0<\/p><p>Oberhalb der Klippen von Vistagi tritt der Kontakt zwischen den Plattenkalken und den Gesteinen der Tripolis-Einheit zutage \u2013 Teil der Kretischen Abschiebung. Diese St\u00f6rungszone zerbrach die Gesteine in einem breiten Streifen, sodass Wasser dort l\u00e4nger gespeichert werden konnte. An verschiedenen Stellen, wie bei den \u201eBrunnen von Tsikalas\u201c, wurden Brunnen gegraben,<br \/>um Wasser f\u00fcr Viehzucht und Bergbaukulturen zu gewinnen.<\/p><p>D5. Leska und Chambathoura\u00a0<\/p><p>Am Rand der gro\u00dfen Klippe oberhalb von Fourfouras befinden sich zwei kleine H\u00f6hlen, Leska und Chambathoura. Leska liegt direkt an der Felswand und erfordert fortgeschrittene Kletterf\u00e4higkeiten, um sie zu erreichen. Es handelt sich um eine H\u00f6hle mit mehreren Kammern und Tropfsteinbildungen, die fr\u00fcher haupts\u00e4chlich zur K\u00e4se\u00acreifung genutzt wurde.<br \/><br \/>Chambathoura ist eine viel kleinere H\u00f6hle mit einer Haupthalle auf dem H\u00fcgel oberhalb der Klippe. Bemerkenswert ist, dass die Volksweisheit direkt \u00fcber der H\u00f6hle ein kleines Mitato (traditionelle Hirtensteinh\u00fctte) errichtete \u2013 eines der wenigen am Psiloritis, das aus den Kalksteinen der Tripolis-Einheit gebaut wurde \u2013, sodass die H\u00f6hle unmittelbar f\u00fcr die K\u00e4se\u00acreifung genutzt werden konnte.<\/p><p>D6. Die H\u00f6hle des Pan\u00a0<\/p><p>Auf einem der kleinen Plateaus der Bergzone von Fourfouras befindet sich eine kleine H\u00f6hle, in der in der Antike der Gott Pan verehrt wurde. Heute wird die H\u00f6hle von Hirten genutzt, w\u00e4hrend der Kultort in die nahegelegene Kapelle des Agios Myronas verlegt wurde.<\/p><p>D7. Laven von Kouroutes<\/p><p>Entlang der H\u00e4nge der Provinzstra\u00dfe nach Kouroutes, in Richtung des Dorfes Nithavri, dominieren r\u00f6tliche, raue Felsen das Landschaftsbild. Diese Gesteine sind Laven (Basalte), die vor etwa 65 Millionen Jahren im marinen Bereich des Tethys-Ozeans erstarrten. Diese besonderen alkalischen Gesteine beherbergen mehrere Pflanzenarten Kretas, wie etwa Aethionema saxatile.<\/p>\t\t\t\t\t\t\t\t<\/div>\n\t\t\t\t\t<\/div>\n\t\t\t\t<\/div>\n\t\t\t\t<\/div>","protected":false},"excerpt":{"rendered":"<p>D. \u0393\u03ba\u03c1\u03b5\u03bc\u03bf\u03af \u03c4\u03bf\u03c5 \u0391\u03bc\u03b1\u03c1\u03af\u03bf\u03c5 \u03a4\u03bf \u0391\u03bc\u03ac\u03c1\u03b9 \u03b5\u03af\u03bd\u03b1\u03b9 \u03bc\u03b9\u03b1 \u03b1\u03c0\u03cc \u03c4\u03b9\u03c2 \u03c0\u03b9\u03bf \u03cc\u03bc\u03bf\u03c1\u03c6\u03b5\u03c2 \u03ba\u03bf\u03b9\u03bb\u03ac\u03b4\u03b5\u03c2 \u03c4\u03b7\u03c2 \u039a\u03c1\u03ae\u03c4\u03b7\u03c2, \u03c0\u03bf\u03c5 \u03b5\u03be\u03b1\u03b9\u03c4\u03af\u03b1\u03c2 \u03c4\u03b7\u03c2 \u03c6\u03cd\u03c3\u03b7\u03c2 \u03c4\u03c9\u03bd \u03c0\u03b5\u03c4\u03c1\u03c9\u03bc\u03ac\u03c4\u03c9\u03bd \u03ba\u03b1\u03b9 \u03c4\u03b7\u03c2 \u03b3\u03b5\u03c9\u03b3\u03c1\u03b1\u03c6\u03b9\u03ba\u03ae\u03c2 \u03c4\u03b7\u03c2 \u03b8\u03ad\u03c3\u03b7\u03c2 \u03c4\u03bf \u03bd\u03b5\u03c1\u03cc \u03b5\u03af\u03bd\u03b1\u03b9 \u03ac\u03c6\u03b8\u03bf\u03bd\u03bf \u03ba\u03b1\u03b9 \u03bc\u03b1\u03b6\u03af \u03ba\u03b1\u03b9 \u03b7 \u03b6\u03c9\u03ae. \u03a4\u03bf\u03c0\u03bf\u03b8\u03b5\u03c4\u03b7\u03bc\u03ad\u03bd\u03bf \u03c3\u03c4\u03b1 \u03b4\u03c5\u03c4\u03b9\u03ba\u03ac \u03c4\u03bf\u03c5 \u03a8\u03b7\u03bb\u03bf\u03c1\u03b5\u03af\u03c4\u03b7 \u03b4\u03ad\u03c7\u03b5\u03c4\u03b1\u03b9 \u03bc\u03b5\u03b3\u03ac\u03bb\u03b5\u03c2 \u03c0\u03bf\u03c3\u03cc\u03c4\u03b7\u03c4\u03b5\u03c2 \u03b2\u03c1\u03bf\u03c7\u03bf\u03c0\u03c4\u03ce\u03c3\u03b5\u03c9\u03bd \u03ba\u03b1\u03b9 \u03bc\u03b5\u03c1\u03b9\u03ba\u03ad\u03c2 \u03c6\u03bf\u03c1\u03ad\u03c2 \u03c7\u03b9\u03bf\u03bd\u03b9\u03bf\u03cd, \u03c0\u03bf\u03c5 \u03c3\u03c7\u03b7\u03bc\u03b1\u03c4\u03af\u03b6\u03bf\u03c5\u03bd \u03bc\u03b9\u03ba\u03c1\u03ac \u03c1\u03ad\u03bc\u03b1\u03c4\u03b1 \u03ba\u03b1\u03b9 \u03c4\u03b5\u03bb\u03b9\u03ba\u03ac \u03c4\u03bf\u03bd [&hellip;]<\/p>","protected":false},"author":1,"featured_media":0,"parent":0,"menu_order":0,"comment_status":"closed","ping_status":"closed","template":"","meta":{"footnotes":""},"class_list":["post-2952","page","type-page","status-publish","hentry"],"_links":{"self":[{"href":"https:\/\/psiloritisgeopark.gr\/de\/wp-json\/wp\/v2\/pages\/2952","targetHints":{"allow":["GET"]}}],"collection":[{"href":"https:\/\/psiloritisgeopark.gr\/de\/wp-json\/wp\/v2\/pages"}],"about":[{"href":"https:\/\/psiloritisgeopark.gr\/de\/wp-json\/wp\/v2\/types\/page"}],"author":[{"embeddable":true,"href":"https:\/\/psiloritisgeopark.gr\/de\/wp-json\/wp\/v2\/users\/1"}],"replies":[{"embeddable":true,"href":"https:\/\/psiloritisgeopark.gr\/de\/wp-json\/wp\/v2\/comments?post=2952"}],"version-history":[{"count":8,"href":"https:\/\/psiloritisgeopark.gr\/de\/wp-json\/wp\/v2\/pages\/2952\/revisions"}],"predecessor-version":[{"id":4601,"href":"https:\/\/psiloritisgeopark.gr\/de\/wp-json\/wp\/v2\/pages\/2952\/revisions\/4601"}],"wp:attachment":[{"href":"https:\/\/psiloritisgeopark.gr\/de\/wp-json\/wp\/v2\/media?parent=2952"}],"curies":[{"name":"wp","href":"https:\/\/api.w.org\/{rel}","templated":true}]}}