{"id":2960,"date":"2025-09-24T11:04:05","date_gmt":"2025-09-24T11:04:05","guid":{"rendered":"https:\/\/nextdigital-demos.info\/gewparko\/?page_id=2960"},"modified":"2026-02-24T12:53:19","modified_gmt":"2026-02-24T12:53:19","slug":"%cf%83%cf%80%ce%b7%ce%bb%ce%b1%ce%b9%ce%bf%cf%80%ce%ac%cf%81%ce%ba%ce%bf","status":"publish","type":"page","link":"https:\/\/psiloritisgeopark.gr\/de\/%cf%83%cf%80%ce%b7%ce%bb%ce%b1%ce%b9%ce%bf%cf%80%ce%ac%cf%81%ce%ba%ce%bf\/","title":{"rendered":"SPEL\u00c4OPARK\u00a0"},"content":{"rendered":"<div data-elementor-type=\"wp-page\" data-elementor-id=\"2960\" class=\"elementor elementor-2960\" data-elementor-post-type=\"page\">\n\t\t\t\t<div data-particle_enable=\"false\" data-particle-mobile-disabled=\"false\" class=\"elementor-element elementor-element-3b69919 e-flex e-con-boxed e-con e-parent\" data-id=\"3b69919\" data-element_type=\"container\" data-settings=\"{&quot;background_background&quot;:&quot;classic&quot;}\">\n\t\t\t\t\t<div class=\"e-con-inner\">\n\t\t\t\t<div class=\"elementor-element elementor-element-3fd18d3 elementor-widget elementor-widget-heading\" data-id=\"3fd18d3\" data-element_type=\"widget\" data-widget_type=\"heading.default\">\n\t\t\t\t\t<h2 class=\"elementor-heading-title elementor-size-default\">SPEL\u00c4OPARK\u00a0<\/h2>\t\t\t\t<\/div>\n\t\t\t\t\t<\/div>\n\t\t\t\t<\/div>\n\t\t<div data-particle_enable=\"false\" data-particle-mobile-disabled=\"false\" class=\"elementor-element elementor-element-6c6a9cd e-flex e-con-boxed e-con e-parent\" data-id=\"6c6a9cd\" data-element_type=\"container\">\n\t\t\t\t\t<div class=\"e-con-inner\">\n\t\t\t\t<div class=\"elementor-element elementor-element-547ce61 elementor-widget elementor-widget-text-editor\" data-id=\"547ce61\" data-element_type=\"widget\" data-widget_type=\"text-editor.default\">\n\t\t\t\t\t\t\t\t\t<p><strong>E. Spel\u00e4opark\u00a0<\/strong><\/p><p><img fetchpriority=\"high\" decoding=\"async\" class=\"aligncenter wp-image-4609 size-large\" src=\"https:\/\/psiloritisgeopark.gr\/wp-content\/uploads\/2026\/02\/cave-1024x679.jpg\" alt=\"\" width=\"800\" height=\"530\" srcset=\"https:\/\/psiloritisgeopark.gr\/wp-content\/uploads\/2026\/02\/cave-1024x679.jpg 1024w, https:\/\/psiloritisgeopark.gr\/wp-content\/uploads\/2026\/02\/cave-300x199.jpg 300w, https:\/\/psiloritisgeopark.gr\/wp-content\/uploads\/2026\/02\/cave-768x509.jpg 768w, https:\/\/psiloritisgeopark.gr\/wp-content\/uploads\/2026\/02\/cave-18x12.jpg 18w, https:\/\/psiloritisgeopark.gr\/wp-content\/uploads\/2026\/02\/cave.jpg 1397w\" sizes=\"(max-width: 800px) 100vw, 800px\" \/><\/p><p><br \/>Neben den sichtbaren Geost\u00e4tten des Psiloritis gibt es jene, die man nur entdeckt, wenn man dem unterirdischen Weg des Wassers durch die Karbonatgesteine folgt. Es sind die besonderen Formationen, die durch karstische Verkarstung entstehen: die H\u00f6hlen.<\/p><p>Die Dominanz der Karbonatgesteine am Psiloritis, ihre Abfolge mit undurchl\u00e4ssigen Schichten sowie die komplexe geologische Geschichte des Gebirges f\u00fchrten zur Bildung unz\u00e4hliger H\u00f6hlen. Von Dolinen und Sch\u00e4chten bis zu H\u00f6hlen unterschiedlicher Gr\u00f6\u00dfe und Form sind diese unterirdischen Hohlr\u00e4ume die fehlenden Fl\u00fcsse des Psiloritis.<\/p><p>Das Leben hat sich an diese R\u00e4ume angepasst und Arten hervorgebracht, die im ewigen Dunkel ebenso gut existieren wie ihre Vorfahren an der Oberfl\u00e4che. Neben mehreren Fledermausarten bilden Schnecken, Spinnen, Pseudoskorpione, Isopoden und Insekten die Hauptgruppen der H\u00f6hlenfauna.<br \/>Die H\u00f6hlen sind auch untrennbar mit den Menschen des Psiloritis und ihren Aktivit\u00e4ten verbunden. Seit der ersten Besiedlung der Insel dienten sie als Kultst\u00e4tten, Wohnr\u00e4ume, K\u00e4sereien und K\u00e4selager, Zufluchtsorte in schwierigen Zeiten und Opferst\u00e4tten. Daher haben die meisten H\u00f6hlen eine bedeutende arch\u00e4ologische und historische Relevanz (und gelten, wie alle H\u00f6hlen Griechenlands, als potenzielle arch\u00e4ologische St\u00e4tten).<\/p><p>Viele zeichnen sich durch seltene Sch\u00f6nheit aus, sind bedeutende \u00d6kosysteme und spielen eine Schl\u00fcsselrolle im unterirdischen Wasserhaushalt. Einige sind leicht zug\u00e4nglich und f\u00fcr Besucher erschlossen, wie die Sfentoni-H\u00f6hle (Sfentoni\u2019s Hole) bei Zoniana oder die Gerontospilios-H\u00f6hle bei Melidoni; andere stellen selbst f\u00fcr Spezialisten eine Herausforderung dar, wie Chonos bei Sarhos oder Tafkoura bei Petradolakia<\/p><p>Die wichtigsten H\u00f6hlen des Psiloritis k\u00f6nnten f\u00fcr sich allein ein eigenes \u201eUnterpark\u201c bilden \u2013 das Spel\u00e4opark \u2013, geeignet f\u00fcr Bildungs-, Sport-, wissenschaftliche und touristische Aktivit\u00e4ten. Obwohl nur wenige dieser H\u00f6hlen offiziell verwaltet werden, sind die meisten zug\u00e4nglich, was den Besuchern die Verantwortung \u00fcbertr\u00e4gt, diesen einzigartigen Naturreichtum und das fragile Leben darin zu bewahren.<\/p><p>E1. Sfentoni-H\u00f6hle (Sfentoni\u2019s Hole)\u00a0<\/p><p>Die Sfentoni-H\u00f6hle liegt am Eingang des Dorfes Zoniana, in einer privilegierten Lage mit Blick \u00fcber das Mylopotamos-Tal. Sie ist eine der beiden \u201eerschlossenen\u201c H\u00f6hlen des Psiloritis, vollst\u00e4ndig zug\u00e4nglich (auch f\u00fcr Menschen mit Behinderungen) und geh\u00f6rt zu den sch\u00f6nsten und bedeutendsten H\u00f6hlen Griechenlands, vor allem wegen ihres reichen Tropfsteinschmucks.<\/p><p><img decoding=\"async\" class=\"aligncenter wp-image-4605 size-large\" src=\"https:\/\/psiloritisgeopark.gr\/wp-content\/uploads\/2026\/02\/Sfentoni3_M-Kolendrianou-1024x683.jpg\" alt=\"\" width=\"800\" height=\"534\" srcset=\"https:\/\/psiloritisgeopark.gr\/wp-content\/uploads\/2026\/02\/Sfentoni3_M-Kolendrianou-1024x683.jpg 1024w, https:\/\/psiloritisgeopark.gr\/wp-content\/uploads\/2026\/02\/Sfentoni3_M-Kolendrianou-300x200.jpg 300w, https:\/\/psiloritisgeopark.gr\/wp-content\/uploads\/2026\/02\/Sfentoni3_M-Kolendrianou-768x512.jpg 768w, https:\/\/psiloritisgeopark.gr\/wp-content\/uploads\/2026\/02\/Sfentoni3_M-Kolendrianou-1536x1024.jpg 1536w, https:\/\/psiloritisgeopark.gr\/wp-content\/uploads\/2026\/02\/Sfentoni3_M-Kolendrianou-2048x1365.jpg 2048w, https:\/\/psiloritisgeopark.gr\/wp-content\/uploads\/2026\/02\/Sfentoni3_M-Kolendrianou-18x12.jpg 18w\" sizes=\"(max-width: 800px) 100vw, 800px\" \/><\/p><p><br \/>Die H\u00f6hle entwickelte sich in Kalksteinen der Tripolis-Einheit, einige Dutzend Meter oberhalb ihres Kontakts mit der Phyllit-Quarzit-Serie.<\/p><p>Eine gro\u00dfe St\u00f6rung, die den gesamten Hang begrenzt, spielte bei ihrer Entstehung eine entscheidende Rolle: Das Wasser folgte der St\u00f6rung und bildete eine langgestreckte H\u00f6hle mit einer Fl\u00e4che von ca. 3 000 m\u00b2. Besucher k\u00f6nnen zwei Drittel der H\u00f6hle auf einem 270 Meter langen Weg besichtigen.<br \/>Im Inneren leben vier Fledermausarten und Dutzende von Wirbellosen (Mollusken, Spinnen, Pseudoskorpione, Isopoden, Doppelf\u00fc\u00dfer, Springschw\u00e4nze, Heuschrecken usw.), von denen einige farblos und blind sind; mindestens zwei Arten wurden ausschlie\u00dflich in der Sfentoni-H\u00f6hle gefunden. Die H\u00f6hle hat auch arch\u00e4ologische Bedeutung: Ausgrabungen haben gezeigt, dass sie \u00fcber Jahrtausende hinweg gelegentlich von Hirten genutzt wurde.<\/p><p>Die Keramikdatierung belegt eine kontinuierliche, wenn auch nicht intensive Nutzung von der Jungsteinzeit bis in die heutige Zeit<\/p><p>E2. H\u00f6hle von Kamares\u00a0<\/p><p>Die H\u00f6hle von Kamares geh\u00f6rt zu den h\u00f6chstgelegenen H\u00f6hlen Kretas. Sie befindet sich an den s\u00fcdlichen H\u00e4ngen des Psiloritis, direkt unterhalb des Gipfels Mavri Korfi (\u201eSchwarzer Gipfel\u201c). Die H\u00f6hle besteht aus einer gro\u00dfen Hauptkammer und ist in Dolomiten der \u201eTripolis-Gruppe\u201c direkt \u00fcber der Kretischen Abscherungsst\u00f6rung entstanden.<\/p><p>Der Zugang ist nur \u00fcber Bergpfade m\u00f6glich, entweder vom Dorf Kamares oder vom Nida-Plateau aus.<br \/>Die Kamares-H\u00f6hle hat eine herausragende arch\u00e4ologische Bedeutung, denn die hier gefundenen minoischen Tonwaren gaben einer ganzen Stilrichtung dieser Kultur ihren Namen. Es handelt sich um fr\u00fchminoische Gef\u00e4\u00dfe (ca. 2000 v. Chr.) von au\u00dfergew\u00f6hnlicher Kunstfertigkeit mit hauchd\u00fcnnen W\u00e4nden, farbenfrohen Verzierungen und beeindruckenden Mustern.<\/p><p>In dieser Zeit wurde die H\u00f6hle \u2013 vermutlich wegen ihres weiten Ausblicks \u00fcber S\u00fcdkreta \u2013 zu einem heiligen Ort erkl\u00e4rt. Arch\u00e4ologische Hinweise belegen auch eine sporadische Nutzung seit der Jungsteinzeit.<br \/><br \/><\/p><p><img decoding=\"async\" class=\"aligncenter wp-image-4607 size-large\" src=\"https:\/\/psiloritisgeopark.gr\/wp-content\/uploads\/2026\/02\/\u03a3\u03c0\u03ae\u03bb\u03b1\u03b9\u03bf-\u039a\u03b1\u03bc\u03b1\u03c1\u03ce\u03bd-1024x602.jpg\" alt=\"\" width=\"800\" height=\"470\" srcset=\"https:\/\/psiloritisgeopark.gr\/wp-content\/uploads\/2026\/02\/\u03a3\u03c0\u03ae\u03bb\u03b1\u03b9\u03bf-\u039a\u03b1\u03bc\u03b1\u03c1\u03ce\u03bd-1024x602.jpg 1024w, https:\/\/psiloritisgeopark.gr\/wp-content\/uploads\/2026\/02\/\u03a3\u03c0\u03ae\u03bb\u03b1\u03b9\u03bf-\u039a\u03b1\u03bc\u03b1\u03c1\u03ce\u03bd-300x176.jpg 300w, https:\/\/psiloritisgeopark.gr\/wp-content\/uploads\/2026\/02\/\u03a3\u03c0\u03ae\u03bb\u03b1\u03b9\u03bf-\u039a\u03b1\u03bc\u03b1\u03c1\u03ce\u03bd-768x452.jpg 768w, https:\/\/psiloritisgeopark.gr\/wp-content\/uploads\/2026\/02\/\u03a3\u03c0\u03ae\u03bb\u03b1\u03b9\u03bf-\u039a\u03b1\u03bc\u03b1\u03c1\u03ce\u03bd-1536x903.jpg 1536w, https:\/\/psiloritisgeopark.gr\/wp-content\/uploads\/2026\/02\/\u03a3\u03c0\u03ae\u03bb\u03b1\u03b9\u03bf-\u039a\u03b1\u03bc\u03b1\u03c1\u03ce\u03bd-2048x1204.jpg 2048w, https:\/\/psiloritisgeopark.gr\/wp-content\/uploads\/2026\/02\/\u03a3\u03c0\u03ae\u03bb\u03b1\u03b9\u03bf-\u039a\u03b1\u03bc\u03b1\u03c1\u03ce\u03bd-18x12.jpg 18w\" sizes=\"(max-width: 800px) 100vw, 800px\" \/><\/p><p>E3. Gerontospilios-H\u00f6hle\u00a0<\/p><p>An den Nordh\u00e4ngen oberhalb des Dorfes Melidoni, eingebettet in die Plattenkalk-Formation, liegt die H\u00f6hle von Gerontospilios. Besucher k\u00f6nnen nur die erste, aber dennoch beeindruckende Kammer besichtigen, da die tiefer gelegenen Bereiche wegen laufender arch\u00e4ologischer Ausgrabungen geschlossen sind.<\/p><p>Selbst dieser kleine zug\u00e4ngliche Teil reicht aus, um die Besucher zu beeindrucken. Die Hauptkammer z\u00e4hlt zu den gr\u00f6\u00dften auf Kreta, mit gewaltigen Stalaktiten und Stalagmiten. Leider wurden viele davon in der fernen Vergangenheit durch Vandalismus zerst\u00f6rt.<\/p><p>Die Nutzung der H\u00f6hle reicht bis in die Jungsteinzeit zur\u00fcck. In minoischer und klassischer Zeit war sie dem mythischen bronzenen Riesen Talos, dem Besch\u00fctzer Kretas, und dem Gott Hermes geweiht. Doch vor allem ist Gerontospilios ein Ort des Opfers: W\u00e4hrend der osmanischen Herrschaft fanden hier Hunderte von Frauen und Kindern einen grausamen Tod.<\/p><p><img loading=\"lazy\" decoding=\"async\" class=\"aligncenter wp-image-4606 size-large\" src=\"https:\/\/psiloritisgeopark.gr\/wp-content\/uploads\/2026\/02\/Melidoni-Cave_M-Kolendrianou-1024x683.jpg\" alt=\"\" width=\"800\" height=\"534\" srcset=\"https:\/\/psiloritisgeopark.gr\/wp-content\/uploads\/2026\/02\/Melidoni-Cave_M-Kolendrianou-1024x683.jpg 1024w, https:\/\/psiloritisgeopark.gr\/wp-content\/uploads\/2026\/02\/Melidoni-Cave_M-Kolendrianou-300x200.jpg 300w, https:\/\/psiloritisgeopark.gr\/wp-content\/uploads\/2026\/02\/Melidoni-Cave_M-Kolendrianou-768x512.jpg 768w, https:\/\/psiloritisgeopark.gr\/wp-content\/uploads\/2026\/02\/Melidoni-Cave_M-Kolendrianou-1536x1024.jpg 1536w, https:\/\/psiloritisgeopark.gr\/wp-content\/uploads\/2026\/02\/Melidoni-Cave_M-Kolendrianou-2048x1365.jpg 2048w, https:\/\/psiloritisgeopark.gr\/wp-content\/uploads\/2026\/02\/Melidoni-Cave_M-Kolendrianou-18x12.jpg 18w\" sizes=\"(max-width: 800px) 100vw, 800px\" \/><\/p><p>E4. Chainospilios-H\u00f6hle\u00a0<\/p><p>Au\u00dferhalb der Siedlung Kamar\u00e1ki befindet sich die Chainospilios-H\u00f6hle \u2013 eine langgestreckte, gallerieartige H\u00f6hle, die Teil eines alten unterirdischen Flussbettes ist. Die H\u00f6hle ist in den meisten Bereichen noch aktiv. Sie erstreckt sich \u00fcber etwa 200 Meter, w\u00e4hrend eine parallele Galerie von 120 Metern reich an Tropfsteinformationen ist. Sie entwickelte sich in brekzi\u00f6sen Kalksteinen des Mioz\u00e4ns (12 Millionen Jahre alt), die die ophiolithischen Gesteine der Region \u00fcberlagern.<\/p><p>Der enge, absch\u00fcssige Eingang erschwert den Zugang f\u00fcr H\u00f6hlenunerfahrene. Doch das beeindruckende H\u00f6hleninnere lohnt den Aufwand: Wuchtige stalagmitische S\u00e4ulen von \u00fcber 6 Metern H\u00f6he sowie zahlreiche kleinere und gr\u00f6\u00dfere Stalagmiten schm\u00fccken die H\u00f6hle. Entlang fast der gesamten Decke sind deutliche Spuren der erosiven Wirkung des einstigen Flusswassers zu erkennen.<\/p><p><img loading=\"lazy\" decoding=\"async\" class=\"aligncenter wp-image-4608 size-large\" src=\"https:\/\/psiloritisgeopark.gr\/wp-content\/uploads\/2026\/02\/IMG_20221014_104235-1024x771.jpg\" alt=\"\" width=\"800\" height=\"602\" srcset=\"https:\/\/psiloritisgeopark.gr\/wp-content\/uploads\/2026\/02\/IMG_20221014_104235-1024x771.jpg 1024w, https:\/\/psiloritisgeopark.gr\/wp-content\/uploads\/2026\/02\/IMG_20221014_104235-300x226.jpg 300w, https:\/\/psiloritisgeopark.gr\/wp-content\/uploads\/2026\/02\/IMG_20221014_104235-768x578.jpg 768w, https:\/\/psiloritisgeopark.gr\/wp-content\/uploads\/2026\/02\/IMG_20221014_104235-1536x1157.jpg 1536w, https:\/\/psiloritisgeopark.gr\/wp-content\/uploads\/2026\/02\/IMG_20221014_104235-2048x1542.jpg 2048w, https:\/\/psiloritisgeopark.gr\/wp-content\/uploads\/2026\/02\/IMG_20221014_104235-16x12.jpg 16w\" sizes=\"(max-width: 800px) 100vw, 800px\" \/><\/p><p>E5. Tafkoura-Schacht<\/p><p>Einer der vielen Schachtkomplexe in der Region Petradolakia und einer der bedeutendsten Griechenlands ist der Tafkoura-Schacht. Mit einer Tiefe von \u2013860 Metern unter der Erdoberfl\u00e4che ist er der zweittiefste Schachtkessel auf Kreta und einer der tiefsten auf dem Balkan.\nDie H\u00f6hle entwickelte sich ausschlie\u00dflich innerhalb der Plattenkalke des Psiloritis-Gebirges. Ihre Entstehung begann wahrscheinlich entlang einer der vielen St\u00f6rungen, die das Gestein der Region durchschneiden. Das Wasser folgte den Hebungsbewegungen<br \/>des Psiloritis-Massivs und grub sich auf dem Weg zur K\u00fcste immer tiefer in das Gestein, wodurch schlie\u00dflich dieses vertikale H\u00f6hlensystem entstand. Mit einer vermessenen Gesamtl\u00e4nge von 6,5 Kilometern ist Tafkoura die l\u00e4ngste H\u00f6hle Kretas.\nZusammen mit Tafkos bei Petradolakia (\u2013475\u202fm), Diplotafki (\u2013400\u202fm) und Mythia Kampathoura (\u2013270\u202fm) z\u00e4hlt sie zu den tiefsten Karstsystemen des Psiloritis, \u00fcber die das Regenwasser zur Karstquelle von Almyros westlich von Heraklion geleitet wird.<\/p><p>E6. H\u00f6hle Mougri\u00a0<\/p><p>Die Mougri-H\u00f6hle befindet sich im Herzen des Kouloukonas-Gebirges, nordwestlich des Klosters Vosakos. Sie hat sich innerhalb der unteren Gesteinsschichten der Gruppe der \u201ePlattenkalke\u201c der Region entlang einer der zahlreichen St\u00f6rungen gebildet, die das Gebiet gepr\u00e4gt haben.<br \/>Die H\u00f6hle ist besonders eindrucksvoll aufgrund ihrer reichen, haupts\u00e4chlich wandbasierten Spel\u00e4othem-Formationen. Sie besteht aus zwei gro\u00dfen Kammern mit einer Gesamtfl\u00e4che von etwa 2.000 m\u00b2. In der Vergangenheit war sie deutlich aktiver, wie gro\u00dfe, calcitreiche Wasserbecken in den tieferen Bereichen zeigen. Die H\u00f6hle wurde mindestens seit der minoischen Zeit vom Menschen genutzt. Der Zugang ist ausschlie\u00dflich erfahrenen H\u00f6hlenforschern vorbehalten.<\/p><p>E7. Doxa-H\u00f6hle\u00a0<\/p><p>Die Doxa-H\u00f6hle ist eine kleine H\u00f6hle, die sich in den Kalksteinen der \"Tripolis\"-Formation gebildet hat, genau an der Kontaktzone mit den Phyllit-Quarzit-Gesteinen der Region Marathos. Trotz ihrer geringen Gr\u00f6\u00dfe weist die H\u00f6hle eine sch\u00f6ne Vielfalt an Tropfsteinformationen in verschiedenen Farben und Formen auf. Aufgrund ihrer N\u00e4he zum Provinzstra\u00dfennetz ist der Zugang zur H\u00f6hle relativ einfach.<\/p><p>E8. Trapeza-H\u00f6hle von Tylissos\u00a0<\/p><p>Die Trapeza-H\u00f6hle entwickelte sich in den Kalksteinen der Tripolis-Einheit, die das Gebirge von Tylissos bilden. Ein relativ kleiner Eingang f\u00fchrt zu einer 30 Meter langen Haupthalle mit einer Fl\u00e4che von etwa einem halben Stremma, umgeben von kleinen Nebenr\u00e4umen. Am Eingang der Haupthalle ragen zwei massive S\u00e4ulen empor. Aus arch\u00e4ologischer Sicht ist dies die bedeutendste H\u00f6hle im weiteren Gebiet von Tylissos,<br \/>da sie vom mittleren bis zum sp\u00e4ten minoischen Zeitalter als Kultst\u00e4tte diente.<\/p><p>E9. Kalo Chorafi<\/p><p>Kalo Chorafi ist eine K\u00fcstenh\u00f6hle in der Gegend von Bali, die sich in plattigen Kalksteinen gebildet hat. Die H\u00f6hle ist klein und weist keine besonderen Tropfsteinbildungen auf. Viele Bereiche wurden zudem durch Meereserosion besch\u00e4digt.<\/p><p>Vor einigen Jahrzehnten wurden jedoch vom deutschen Pal\u00e4ontologen Siegfried Kuss zahlreiche Knochen von Hirschen, Zwerg-Elefanten und Nagetieren aus dem sp\u00e4ten Pleistoz\u00e4n (vor etwa 150.000 Jahren) ausgegraben. Die Ergebnisse seiner Ausgrabungen lieferten wertvolle Einblicke in das Leben auf Kreta w\u00e4hrend der letzten Eiszeiten.<\/p><p>E10. Chonos-H\u00f6hle von Sarhos<\/p><p>Die Chonos-H\u00f6hle in der Region Sarhos ist bei H\u00f6hlenforschern wegen ihrer Komplexit\u00e4t und betr\u00e4chtlichen L\u00e4nge besonders beliebt. Die H\u00f6hle fungiert im Wesentlichen als Siphon und tempor\u00e4re Quelle, denn bei starken Regenf\u00e4llen f\u00fcllen sich die tieferen Abschnitte rasch mit Wasser \u2013 was sie recht gef\u00e4hrlich macht. Bei anhaltenden und intensiven Regenf\u00e4llen kann die gesamte H\u00f6hle \u00fcberflutet werden, wobei das Wasser am Eingang austritt.<br \/>\u03c4\u03bf\u03c5.<\/p><p>Mit einer kartierten L\u00e4nge von fast 1.500 Metern und einer Tiefe von 225 Metern stellt die Sarhos-H\u00f6hle einen der wichtigsten Zufl\u00fcsse zur Almyros-Quelle dar, die nur 13,5\u202fkm von Sarhos entfernt liegt. Wahrscheinlich ist sie \u00fcber Siphons und Dolinen mit dem Livadia-Plateau bei Krousonas verbunden und verl\u00e4uft nach Norden entlang der gro\u00dfen St\u00f6rungszone Krousonas\u2013Tylissos. Sie wurde in Kalksteinen der \u201eTripolis\u201c-Formation angelegt, die in einer Tiefe von 100\u202fMetern dolomitisiert und stark tektonisiert sind.<\/p><p>Die Chonos-H\u00f6hle ist auch historisch bedeutsam, da sie w\u00e4hrend der Aufst\u00e4nde gegen die osmanische Herrschaft von den Dorfbewohnern wiederholt als Zufluchtsort genutzt wurde<\/p>\t\t\t\t\t\t\t\t<\/div>\n\t\t\t\t\t<\/div>\n\t\t\t\t<\/div>\n\t\t\t\t<\/div>","protected":false},"excerpt":{"rendered":"<p>\u0395. \u03a3\u03c0\u03b7\u03bb\u03b1\u03b9\u03bf\u03c0\u03ac\u03c1\u03ba\u03bf\u00a0 \u03a0\u03ad\u03c1\u03b1 \u03b1\u03c0\u03cc \u03c4\u03bf\u03c5\u03c2 \u03b5\u03bc\u03c6\u03b1\u03bd\u03b5\u03af\u03c2 \u03b3\u03b5\u03ce\u03c4\u03bf\u03c0\u03bf\u03c5\u03c2 \u03c4\u03bf\u03c5 \u03a8\u03b7\u03bb\u03bf\u03c1\u03b5\u03af\u03c4\u03b7 \u03c5\u03c0\u03ac\u03c1\u03c7\u03bf\u03c5\u03bd \u03ba\u03b1\u03b9 \u03b1\u03c5\u03c4\u03bf\u03af \u03c0\u03bf\u03c5 \u03b3\u03b9\u03b1 \u03bd\u03b1 \u03c4\u03bf\u03c5\u03c2 \u03b4\u03b5\u03b9 \u03ba\u03b1\u03bd\u03b5\u03af\u03c2 \u03b8\u03b1 \u03c0\u03c1\u03ad\u03c0\u03b5\u03b9 \u03bd\u03b1 \u03b1\u03ba\u03bf\u03bb\u03bf\u03c5\u03b8\u03ae\u03c3\u03b5\u03b9 \u03c4\u03bf\u03bd \u03af\u03b4\u03b9\u03bf, \u03c5\u03c0\u03cc\u03b3\u03b5\u03b9\u03bf \u03b4\u03c1\u03cc\u03bc\u03bf \u03c4\u03bf\u03c5 \u03bd\u03b5\u03c1\u03bf\u03cd, \u03bc\u03ad\u03c3\u03b1 \u03c3\u03c4\u03b1 \u03b1\u03bd\u03b8\u03c1\u03b1\u03ba\u03b9\u03ba\u03ac \u03c0\u03b5\u03c4\u03c1\u03ce\u03bc\u03b1\u03c4\u03b1. \u0395\u03af\u03bd\u03b1\u03b9 \u03bf\u03b9 \u03b9\u03b4\u03b9\u03b1\u03af\u03c4\u03b5\u03c1\u03bf\u03b9 \u03b1\u03c5\u03c4\u03bf\u03af \u03c3\u03c7\u03b7\u03bc\u03b1\u03c4\u03b9\u03c3\u03bc\u03bf\u03af \u03c4\u03bf\u03c5 \u03b5\u03c3\u03c9\u03c4\u03b5\u03c1\u03b9\u03ba\u03bf\u03cd \u03c4\u03b7\u03c2 \u03b3\u03b7\u03c2 \u03c0\u03bf\u03c5 \u03b4\u03b7\u03bc\u03b9\u03bf\u03c5\u03c1\u03b3\u03bf\u03cd\u03bd\u03c4\u03b1\u03b9 \u03c5\u03c0\u03bf\u03b3\u03b5\u03af\u03c9\u03c2 \u03b1\u03c0\u03cc \u03c4\u03b7\u03bd \u03ba\u03b1\u03c1\u03c3\u03c4\u03b9\u03ba\u03ae \u03b4\u03b9\u03ac\u03b2\u03c1\u03c9\u03c3\u03b7 \u03c4\u03c9\u03bd \u03b1\u03bd\u03b8\u03c1\u03b1\u03ba\u03b9\u03ba\u03ce\u03bd \u03c0\u03b5\u03c4\u03c1\u03c9\u03bc\u03ac\u03c4\u03c9\u03bd, \u03c4\u03b1 \u03c3\u03c0\u03ae\u03bb\u03b1\u03b9\u03b1. \u0397 \u03ba\u03c5\u03c1\u03b9\u03b1\u03c1\u03c7\u03af\u03b1 [&hellip;]<\/p>","protected":false},"author":1,"featured_media":0,"parent":0,"menu_order":0,"comment_status":"closed","ping_status":"closed","template":"","meta":{"footnotes":""},"class_list":["post-2960","page","type-page","status-publish","hentry"],"_links":{"self":[{"href":"https:\/\/psiloritisgeopark.gr\/de\/wp-json\/wp\/v2\/pages\/2960","targetHints":{"allow":["GET"]}}],"collection":[{"href":"https:\/\/psiloritisgeopark.gr\/de\/wp-json\/wp\/v2\/pages"}],"about":[{"href":"https:\/\/psiloritisgeopark.gr\/de\/wp-json\/wp\/v2\/types\/page"}],"author":[{"embeddable":true,"href":"https:\/\/psiloritisgeopark.gr\/de\/wp-json\/wp\/v2\/users\/1"}],"replies":[{"embeddable":true,"href":"https:\/\/psiloritisgeopark.gr\/de\/wp-json\/wp\/v2\/comments?post=2960"}],"version-history":[{"count":8,"href":"https:\/\/psiloritisgeopark.gr\/de\/wp-json\/wp\/v2\/pages\/2960\/revisions"}],"predecessor-version":[{"id":4612,"href":"https:\/\/psiloritisgeopark.gr\/de\/wp-json\/wp\/v2\/pages\/2960\/revisions\/4612"}],"wp:attachment":[{"href":"https:\/\/psiloritisgeopark.gr\/de\/wp-json\/wp\/v2\/media?parent=2960"}],"curies":[{"name":"wp","href":"https:\/\/api.w.org\/{rel}","templated":true}]}}