{"id":2968,"date":"2025-09-24T11:06:14","date_gmt":"2025-09-24T11:06:14","guid":{"rendered":"https:\/\/nextdigital-demos.info\/gewparko\/?page_id=2968"},"modified":"2026-02-24T13:06:46","modified_gmt":"2026-02-24T13:06:46","slug":"%ce%b5%cf%80%ce%b9%ce%bc%ce%ad%cf%81%ce%bf%cf%85%cf%82-%ce%b3%ce%b5%cf%8e%cf%84%ce%bf%cf%80%ce%bf%ce%b9","status":"publish","type":"page","link":"https:\/\/psiloritisgeopark.gr\/de\/%ce%b5%cf%80%ce%b9%ce%bc%ce%ad%cf%81%ce%bf%cf%85%cf%82-%ce%b3%ce%b5%cf%8e%cf%84%ce%bf%cf%80%ce%bf%ce%b9\/","title":{"rendered":"INDIVIDUELLE GEOSITES\u00a0"},"content":{"rendered":"<div data-elementor-type=\"wp-page\" data-elementor-id=\"2968\" class=\"elementor elementor-2968\" data-elementor-post-type=\"page\">\n\t\t\t\t<div data-particle_enable=\"false\" data-particle-mobile-disabled=\"false\" class=\"elementor-element elementor-element-3b69919 e-flex e-con-boxed e-con e-parent\" data-id=\"3b69919\" data-element_type=\"container\" data-settings=\"{&quot;background_background&quot;:&quot;classic&quot;}\">\n\t\t\t\t\t<div class=\"e-con-inner\">\n\t\t\t\t<div class=\"elementor-element elementor-element-3fd18d3 elementor-widget elementor-widget-heading\" data-id=\"3fd18d3\" data-element_type=\"widget\" data-widget_type=\"heading.default\">\n\t\t\t\t\t<h2 class=\"elementor-heading-title elementor-size-default\">INDIVIDUELLE GEOSITES\u00a0<\/h2>\t\t\t\t<\/div>\n\t\t\t\t\t<\/div>\n\t\t\t\t<\/div>\n\t\t<div data-particle_enable=\"false\" data-particle-mobile-disabled=\"false\" class=\"elementor-element elementor-element-6c6a9cd e-flex e-con-boxed e-con e-parent\" data-id=\"6c6a9cd\" data-element_type=\"container\">\n\t\t\t\t\t<div class=\"e-con-inner\">\n\t\t\t\t<div class=\"elementor-element elementor-element-547ce61 elementor-widget elementor-widget-text-editor\" data-id=\"547ce61\" data-element_type=\"widget\" data-widget_type=\"text-editor.default\">\n\t\t\t\t\t\t\t\t\t<p><strong>F. Individuelle Geost\u00e4tten\u00a0<\/strong><\/p><p><img fetchpriority=\"high\" decoding=\"async\" class=\"aligncenter wp-image-4613 size-large\" src=\"https:\/\/psiloritisgeopark.gr\/wp-content\/uploads\/2026\/02\/Psiloritis_Geopark_Paper_Map_2025-light-1024x857.jpg\" alt=\"\" width=\"800\" height=\"670\" srcset=\"https:\/\/psiloritisgeopark.gr\/wp-content\/uploads\/2026\/02\/Psiloritis_Geopark_Paper_Map_2025-light-1024x857.jpg 1024w, https:\/\/psiloritisgeopark.gr\/wp-content\/uploads\/2026\/02\/Psiloritis_Geopark_Paper_Map_2025-light-300x251.jpg 300w, https:\/\/psiloritisgeopark.gr\/wp-content\/uploads\/2026\/02\/Psiloritis_Geopark_Paper_Map_2025-light-768x643.jpg 768w, https:\/\/psiloritisgeopark.gr\/wp-content\/uploads\/2026\/02\/Psiloritis_Geopark_Paper_Map_2025-light-1536x1286.jpg 1536w, https:\/\/psiloritisgeopark.gr\/wp-content\/uploads\/2026\/02\/Psiloritis_Geopark_Paper_Map_2025-light-2048x1715.jpg 2048w, https:\/\/psiloritisgeopark.gr\/wp-content\/uploads\/2026\/02\/Psiloritis_Geopark_Paper_Map_2025-light-14x12.jpg 14w\" sizes=\"(max-width: 800px) 100vw, 800px\" \/><br \/>Der Psiloritis k\u00f6nnte als ein einziger, riesiger Geost\u00e4tte betrachtet werden. Alle zuvor beschriebenen Geost\u00e4tten sind Teil des gro\u00dfen Ganzen, das das Gebirge ausmacht \u2013 jede einzelne erz\u00e4hlt ein kleines Kapitel seiner geologischen Geschichte. Die beschriebenen Teilregionen bilden jeweils eigene Abschnitte dieses komplexen Gesamtbildes.<br \/>So wie es zahlreiche kleinere Geost\u00e4tten gibt, die in diesem Leitfaden nicht erw\u00e4hnt wurden \u2013 oder andere, die vielleicht noch nicht erkannt worden sind \u2013, gibt es auch einige, isoliert liegende Geost\u00e4tten, deren Entfernung zu den anderen oder deren au\u00dfergew\u00f6hnlicher Wert es erforderlich machen, sie zu pr\u00e4sentieren, damit auch die letzte Seite in der Geschichte des Psiloritis vollst\u00e4ndig wird.<\/p><p>F1. Die Decken von Gonies\u00a0<\/p><p>Die H\u00fcgel oberhalb des Dorfes Gonies bilden ein geologisches Abbild Kretas im Kleinformat. Fast alle Gesteinseinheiten der Insel treten hier auf engstem Raum \u00fcbereinander auf, in Form von geologischen Decken. Ein etwa 1,5\u202fkm langer unbefestigter Weg, der sich von der Asphaltstra\u00dfe hinter dem Dorf in die Bergregion hinaufzieht, bietet die beste M\u00f6glichkeit zur Beobachtung.<\/p><p>Am Gipfel des H\u00fcgels liegen die ophiolithischen Gesteine mit ihren typischen purpurfarbenen T\u00f6nen (durch Oxide) und gr\u00fcnen F\u00e4rbungen (durch atmosph\u00e4rische Verwitterung der Serpentinite). Die alkalischen B\u00f6den beherbergen auch seltene Pflanzenarten, wie z.\u202fB. Alyssum baldaccii.<em>Alyssum baldaccii<\/em>)).<br \/>Unter den Ophiolithen folgen tonige Sedimente der h\u00f6heren kretischen Einheiten, und neben der alten Windm\u00fchle beginnen die Gesteine der sogenannten \u201ePindos\u201c-Einheit. Zuerst erscheinen flyschartige Sand- und Tonsteine, dann plattige Kalke und in tieferen Schichten rote Radiolarite. Eine deutlich erkennbare Verwerfung, die die Gesteine senkrecht versetzt, markiert die Grenze zu den tiefer liegenden Gesteinen der \u201eTripolis\u201c-Einheit. Der Flysch dieser Einheit zieht sich bis zum ersten Sattel hin, von dem aus man einen Panoramablick \u00fcber das Becken von Sklavokampos und die umliegende Landschaft genie\u00dfen kann.<\/p><p>Ab diesem Punkt treten \u00fcber weite Strecken nur noch die Kalke der \u201eTripolis\u201c-Einheit zutage. Der Weg f\u00fchrt weiter entweder in die Mygia-Schlucht oder zum kleinen, aber wundersch\u00f6nen Evdomos-Plateau, das durch St\u00f6rungen in den Tripolis-Kalken entstanden ist.<\/p><p><img decoding=\"async\" class=\"aligncenter wp-image-4619 size-large\" src=\"https:\/\/psiloritisgeopark.gr\/wp-content\/uploads\/2026\/02\/\u03b3\u03bf\u03bd\u03b9\u03b5\u03c3-1024x682.jpg\" alt=\"\" width=\"800\" height=\"533\" srcset=\"https:\/\/psiloritisgeopark.gr\/wp-content\/uploads\/2026\/02\/\u03b3\u03bf\u03bd\u03b9\u03b5\u03c3-1024x682.jpg 1024w, https:\/\/psiloritisgeopark.gr\/wp-content\/uploads\/2026\/02\/\u03b3\u03bf\u03bd\u03b9\u03b5\u03c3-300x200.jpg 300w, https:\/\/psiloritisgeopark.gr\/wp-content\/uploads\/2026\/02\/\u03b3\u03bf\u03bd\u03b9\u03b5\u03c3-768x511.jpg 768w, https:\/\/psiloritisgeopark.gr\/wp-content\/uploads\/2026\/02\/\u03b3\u03bf\u03bd\u03b9\u03b5\u03c3-18x12.jpg 18w, https:\/\/psiloritisgeopark.gr\/wp-content\/uploads\/2026\/02\/\u03b3\u03bf\u03bd\u03b9\u03b5\u03c3.jpg 1400w\" sizes=\"(max-width: 800px) 100vw, 800px\" \/><\/p><p>F2. Skulpturen der Natur\u00a0<\/p><p>Eines der eindrucksvollsten Gebiete, in dem das Wasser Karbonatgesteine in wahre \u201eKunstwerke\u201c verwandelt hat, befindet sich im Dorf Chonos. Dort werden die brekzi\u00f6sen Kalke des Mioz\u00e4ns (13 Millionen Jahre alt) rasch durch Regenwasser erodiert und nehmen unterschiedliche Formen und Gestalten an. Dies wird auch durch die Schichtung der Gesteine beg\u00fcnstigt, die sie in parallele Fl\u00e4chen unterteilt.<br \/>So entstehen T\u00fcrme mit spitzen Gipfeln, wilde Tropfen und Fackeln, fingerartige Muster und zahlreiche oberfl\u00e4chliche Hohlformen. Besucher k\u00f6nnen durch diesen steinernen Wald sowie durch die wilde Vegetation mit zahlreichen Pflanzen und Wildblumen wandern. In den benachbarten grauen Kalksteinen und Dolomiten der Tripolis-Einheit lassen sich ausgepr\u00e4gte Falten erkennen, die in diesen Gesteinen selten auftreten.<br \/><br \/><\/p><p><img decoding=\"async\" class=\"aligncenter wp-image-4615 size-large\" src=\"https:\/\/psiloritisgeopark.gr\/wp-content\/uploads\/2026\/02\/glupta-tis-Fisis1_Chonos_E-Nikolakakis-1024x684.jpg\" alt=\"\" width=\"800\" height=\"534\" srcset=\"https:\/\/psiloritisgeopark.gr\/wp-content\/uploads\/2026\/02\/glupta-tis-Fisis1_Chonos_E-Nikolakakis-1024x684.jpg 1024w, https:\/\/psiloritisgeopark.gr\/wp-content\/uploads\/2026\/02\/glupta-tis-Fisis1_Chonos_E-Nikolakakis-300x200.jpg 300w, https:\/\/psiloritisgeopark.gr\/wp-content\/uploads\/2026\/02\/glupta-tis-Fisis1_Chonos_E-Nikolakakis-768x513.jpg 768w, https:\/\/psiloritisgeopark.gr\/wp-content\/uploads\/2026\/02\/glupta-tis-Fisis1_Chonos_E-Nikolakakis-18x12.jpg 18w, https:\/\/psiloritisgeopark.gr\/wp-content\/uploads\/2026\/02\/glupta-tis-Fisis1_Chonos_E-Nikolakakis.jpg 1400w\" sizes=\"(max-width: 800px) 100vw, 800px\" \/><\/p><p>F3. Schluchten von Margarites\u00a0<\/p><p>Das Dorf Margarites ist bekannt f\u00fcr seine sch\u00f6ne Architektur und seine traditionellen T\u00f6pferwerkst\u00e4tten. Doch auch die umliegende Region mit den D\u00f6rfern Margarites, Orthe und Eleftherna zeichnet sich durch eine Reihe kleiner, paralleler Schluchten aus. Kleine B\u00e4che wie der Margaritian\u00f3s flie\u00dfen nach Norden und sind Zufl\u00fcsse des Geropotamos. Die Schluchten entstanden im wei\u00df-gelben Mergelkalk des Oberen Mioz\u00e4ns (vor 8\u201310 Millionen Jahren)<br \/>durch die allm\u00e4hliche Hebung des Gebiets und die Erosion des Wassers.<\/p><p>Das eindrucksvollste Merkmal der Schluchten ist ihre reiche Flora und die einzigartige Naturlandschaft, die sich dabei bildet. Kleine Best\u00e4nde oder Haine von horizontal verzweigten Zypressen (Cupressus sempervirens var. horizontalis)<em>Cupressus sempervirens var horizontalis<\/em>mischen sich mit niedrigen Str\u00e4uchern, Wildblumen und aromatischen Pflanzen.<\/p><p>Kurze Wanderwege, die von den \u00f6rtlichen Gemeindebeh\u00f6rden angelegt wurden, erm\u00f6glichen es den Besuchern, die Gegend besser zu erkunden.<\/p><p><img loading=\"lazy\" decoding=\"async\" class=\"aligncenter wp-image-4617 size-large\" src=\"https:\/\/psiloritisgeopark.gr\/wp-content\/uploads\/2026\/02\/Margarites-gorge-P7150212-1024x768.jpg\" alt=\"\" width=\"800\" height=\"600\" srcset=\"https:\/\/psiloritisgeopark.gr\/wp-content\/uploads\/2026\/02\/Margarites-gorge-P7150212-1024x768.jpg 1024w, https:\/\/psiloritisgeopark.gr\/wp-content\/uploads\/2026\/02\/Margarites-gorge-P7150212-300x225.jpg 300w, https:\/\/psiloritisgeopark.gr\/wp-content\/uploads\/2026\/02\/Margarites-gorge-P7150212-768x576.jpg 768w, https:\/\/psiloritisgeopark.gr\/wp-content\/uploads\/2026\/02\/Margarites-gorge-P7150212-1536x1152.jpg 1536w, https:\/\/psiloritisgeopark.gr\/wp-content\/uploads\/2026\/02\/Margarites-gorge-P7150212-2048x1536.jpg 2048w, https:\/\/psiloritisgeopark.gr\/wp-content\/uploads\/2026\/02\/Margarites-gorge-P7150212-16x12.jpg 16w\" sizes=\"(max-width: 800px) 100vw, 800px\" \/><\/p>\u00a0<p>F4. Die Marathos-St\u00f6rung\u00a0<\/p><p>Die Kretische Abschiebung ist auch im n\u00f6rdlichen Teil des Parks sichtbar, entlang der D\u00f6rfer Damasta und Marathos. In diesem Gebiet liegen die Phyllit\u2013Quarzit-Gesteine unter den Kalksteinen der Tripolis-Gruppe. Dies hat zur Bildung zahlreicher kleinerer Verwerfungen und Falten in den Phylliten und Schiefern gef\u00fchrt. Ein deutliches Beispiel f\u00fcr diese St\u00f6rung, mit vielen Hinweisen auf Richtung und Bewegungsrichtung der Gesteine, ist in einem kleinen, verlassenen Steinbruch nach dem Dorf Marathos an der Provinzstra\u00dfe nach Heraklion zu sehen.<\/p><p>F5. Der \u201eSteink\u00e4se\u201c von Aidonochori\u00a0<\/p><p>Ein \u00e4hnlicher Fall von karstischer Verwitterung wie bei den \u201eSkulpturen der Natur\u201c tritt in denselben brekzi\u00f6sen Gesteinen in der N\u00e4he von Aidonochori auf. Ein gro\u00dfer Kalksteinblock dominiert die Weidefl\u00e4chen der Umgebung \u2013 voller L\u00f6cher und Risse, wie ein K\u00e4se.<br \/>Kleine H\u00f6hlen und Risse an den R\u00e4ndern des Felsens erm\u00f6glichen den Eintritt in sein beeindruckendes Inneres. Die Landschaft wirkt gespenstisch und surreal \u2013 eine Miniatur eines riesigen Canyons mit erstaunlicher Vielfalt an Erosions- und L\u00f6sungsmustern: seitliche H\u00f6hlen, enge horizontale G\u00e4nge, senkrechte, speerartige Felsen, spitze T\u00fcrme, tiefe Kl\u00fcfte und runde Vertiefungen, in denen sich oft Regenwasser sammelt. Dazu eine reiche Vielfalt an Pflanzen,<br \/>wirbellosen Tieren und Reptilien.<br \/><img decoding=\"async\" src=\"https:\/\/www.psiloritisgeopark.gr\/images\/editor\/UserFiles\/geosites\/tripiti%20(1).jpg\" alt=\"\" \/><\/p><p>F6. Stroumboulas-Hochebene\u00a0<\/p><p>Die Stroumboulas-Hochebene liegt s\u00fcdlich des gleichnamigen langgestreckten Gebirgszugs, der von der Stadt Heraklion aus gesehen wie ein Vulkankegel erscheint. Das langgestreckte Plateau bildet sich auf Gesteinen der Tripolis-Gruppe und ist relativ sp\u00e4rlich bewachsen, mit nur wenigen Kermeseichen (Quercus coccifera) und niedrigen Str\u00e4uchern.<em>Quercus coccifera<\/em>).<\/p><p>In der weiteren Umgebung des Plateaus gibt es zahlreiche Sch\u00e4chte und H\u00f6hlen sowie kleinere seitliche Plateaus. In einem dieser Plateaus, am westlichen Rand der Hochebene, hat die Karstverwitterung einen gro\u00dfen Kalksteinblock geformt und mit unz\u00e4hligen senkrechten Spitzen durchzogen. Zwischen ihnen finden sich enge Hohlr\u00e4ume und Risse. Die Gesteinsoberfl\u00e4chen sind gezeichnet von unz\u00e4hligen nat\u00fcrlichen Gravuren (Rillenkarren).<\/p><p><img loading=\"lazy\" decoding=\"async\" class=\"aligncenter wp-image-4616 size-large\" src=\"https:\/\/psiloritisgeopark.gr\/wp-content\/uploads\/2026\/02\/DSC_9333-Strouboulas-1024x590.jpg\" alt=\"\" width=\"800\" height=\"461\" srcset=\"https:\/\/psiloritisgeopark.gr\/wp-content\/uploads\/2026\/02\/DSC_9333-Strouboulas-1024x590.jpg 1024w, https:\/\/psiloritisgeopark.gr\/wp-content\/uploads\/2026\/02\/DSC_9333-Strouboulas-300x173.jpg 300w, https:\/\/psiloritisgeopark.gr\/wp-content\/uploads\/2026\/02\/DSC_9333-Strouboulas-768x443.jpg 768w, https:\/\/psiloritisgeopark.gr\/wp-content\/uploads\/2026\/02\/DSC_9333-Strouboulas-18x10.jpg 18w, https:\/\/psiloritisgeopark.gr\/wp-content\/uploads\/2026\/02\/DSC_9333-Strouboulas.jpg 1400w\" sizes=\"(max-width: 800px) 100vw, 800px\" \/><\/p><p>Vom Plateau aus kann man in kurzer Zeit den Gipfel des Stroumboulas und die kleine Kapelle des Heiligen Kreuzes erklimmen, die einen beeindruckenden Blick \u00fcber die gesamte Region von Heraklion bietet.<\/p><p>F7. Gipfel, Timios Stavros\u00a0<\/p><p>Timios Stavros \u2013 der Gipfel des Psiloritis, der h\u00f6chste Punkt Kretas. Mit 2.456 Metern \u00fcber dem Meeresspiegel des Mittelmeers ist er eine Herausforderung f\u00fcr jeden Besucher und Einheimischen \u2013 eine Pflicht, die erf\u00fcllt werden will.<br \/>Die langgestreckte Bergkette bietet vom Gipfel aus einen unvergleichlichen Panoramablick auf alle Ecken der Insel. Die steilen Klippen im S\u00fcden und Westen bringen die Ebenen von Messara und Amari zu F\u00fc\u00dfen der Besuchenden. Kedros und Kouloukonas erscheinen wie kleine Geschwister, w\u00e4hrend die Wei\u00dfen Berge (Lefka Ori) und die Lassithi-Berge wie Mauern im Westen und Osten aufragen.<\/p><p>Der Aufstieg zum Gipfel ist aus allen Richtungen m\u00f6glich: vom Nida-Plateau, von Fourfouras und Kouroutes \u00fcber die E4-Fernwanderwege, von Zoniana und Livadia im Norden und von der Gegend um Arkadi im Westen.<br \/>Timios Stavros \u2013 eine Kapelle in der Form eines traditionellen Mitato (Hirtenunterstand) \u2013 bietet Schutz vor starken Winden oder der n\u00e4chtlichen K\u00e4lte und ist das ganze Jahr \u00fcber ein beliebtes Ziel f\u00fcr Bergsteiger.<br \/><br \/><\/p><p><img loading=\"lazy\" decoding=\"async\" class=\"aligncenter wp-image-4618 size-large\" src=\"https:\/\/psiloritisgeopark.gr\/wp-content\/uploads\/2026\/02\/DJI_0984-1024x576.jpg\" alt=\"\" width=\"800\" height=\"450\" srcset=\"https:\/\/psiloritisgeopark.gr\/wp-content\/uploads\/2026\/02\/DJI_0984-1024x576.jpg 1024w, https:\/\/psiloritisgeopark.gr\/wp-content\/uploads\/2026\/02\/DJI_0984-300x169.jpg 300w, https:\/\/psiloritisgeopark.gr\/wp-content\/uploads\/2026\/02\/DJI_0984-768x432.jpg 768w, https:\/\/psiloritisgeopark.gr\/wp-content\/uploads\/2026\/02\/DJI_0984-1536x864.jpg 1536w, https:\/\/psiloritisgeopark.gr\/wp-content\/uploads\/2026\/02\/DJI_0984-2048x1152.jpg 2048w, https:\/\/psiloritisgeopark.gr\/wp-content\/uploads\/2026\/02\/DJI_0984-18x10.jpg 18w\" sizes=\"(max-width: 800px) 100vw, 800px\" \/><\/p>\t\t\t\t\t\t\t\t<\/div>\n\t\t\t\t\t<\/div>\n\t\t\t\t<\/div>\n\t\t\t\t<\/div>","protected":false},"excerpt":{"rendered":"<p>F. \u0395\u03c0\u03b9\u03bc\u03ad\u03c1\u03bf\u03c5\u03c2 \u0393\u03b5\u03ce\u03c4\u03bf\u03c0\u03bf\u03b9\u00a0 \u039f \u03a8\u03b7\u03bb\u03bf\u03c1\u03b5\u03af\u03c4\u03b7\u03c2 \u03b8\u03b1 \u03bc\u03c0\u03bf\u03c1\u03bf\u03cd\u03c3\u03b5 \u03bd\u03b1 \u03b8\u03b5\u03c9\u03c1\u03b7\u03b8\u03b5\u03af \u03b1\u03c0\u03cc \u03bc\u03cc\u03bd\u03bf\u03c2 \u03c4\u03bf\u03c5 \u03ad\u03bd\u03b1\u03c2 \u03c4\u03b5\u03c1\u03ac\u03c3\u03c4\u03b9\u03bf\u03c2 \u03b3\u03b5\u03ce\u03c4\u03bf\u03c0\u03bf\u03c2. \u038c\u03bb\u03bf\u03b9 \u03bf\u03b9 \u03c0\u03c1\u03bf\u03b7\u03b3\u03bf\u03cd\u03bc\u03b5\u03bd\u03bf\u03b9 \u03b3\u03b5\u03ce\u03c4\u03bf\u03c0\u03bf\u03b9 \u03c0\u03bf\u03c5 \u03c0\u03b1\u03c1\u03bf\u03c5\u03c3\u03b9\u03ac\u03c3\u03c4\u03b7\u03ba\u03b1\u03bd \u03b5\u03af\u03bd\u03b1\u03b9 \u03bc\u03ad\u03c1\u03bf\u03c2 \u03c4\u03bf\u03c5 \u03c3\u03c5\u03bd\u03cc\u03bb\u03bf\u03c5 \u03c0\u03bf\u03c5 \u03b1\u03c0\u03bf\u03c4\u03b5\u03bb\u03b5\u03af \u03c4\u03bf \u03b2\u03bf\u03c5\u03bd\u03cc \u03ba\u03b1\u03b9 \u03bf \u03ba\u03b1\u03b8\u03ad\u03bd\u03b1\u03c2 \u03b1\u03c0\u03bf\u03c4\u03b5\u03bb\u03b5\u03af \u03bc\u03b9\u03b1 \u03bc\u03b9\u03ba\u03c1\u03ae \u03c3\u03b5\u03bb\u03af\u03b4\u03b1 \u03c3\u03c4\u03b7\u03bd \u03b9\u03c3\u03c4\u03bf\u03c1\u03af\u03b1 \u03c4\u03bf\u03c5. \u039f\u03b9 \u03b5\u03c0\u03b9\u03bc\u03ad\u03c1\u03bf\u03c5\u03c2 \u03c5\u03c0\u03bf\u03c0\u03b5\u03c1\u03b9\u03bf\u03c7\u03ad\u03c2 \u03c0\u03bf\u03c5 \u03c0\u03b5\u03c1\u03b9\u03b3\u03c1\u03ac\u03c6\u03b7\u03ba\u03b1\u03bd, \u03b1\u03c0\u03bf\u03c4\u03b5\u03bb\u03bf\u03cd\u03bd \u03b1\u03bd\u03c4\u03af\u03c3\u03c4\u03bf\u03b9\u03c7\u03b1 \u03bc\u03b9\u03ba\u03c1\u03ac \u03ba\u03b5\u03c6\u03ac\u03bb\u03b1\u03b9\u03b1 \u03c3\u03c4\u03b7\u03bd \u03c0\u03bf\u03bb\u03cd\u03c0\u03bb\u03bf\u03ba\u03b7 \u03b1\u03c5\u03c4\u03ae \u03b9\u03c3\u03c4\u03bf\u03c1\u03af\u03b1.\u038c\u03c0\u03c9\u03c2 \u03c5\u03c0\u03ac\u03c1\u03c7\u03bf\u03c5\u03bd \u03b1\u03c1\u03ba\u03b5\u03c4\u03bf\u03af \u03b3\u03b5\u03ce\u03c4\u03bf\u03c0\u03bf\u03b9 [&hellip;]<\/p>","protected":false},"author":1,"featured_media":0,"parent":0,"menu_order":0,"comment_status":"closed","ping_status":"closed","template":"","meta":{"footnotes":""},"class_list":["post-2968","page","type-page","status-publish","hentry"],"_links":{"self":[{"href":"https:\/\/psiloritisgeopark.gr\/de\/wp-json\/wp\/v2\/pages\/2968","targetHints":{"allow":["GET"]}}],"collection":[{"href":"https:\/\/psiloritisgeopark.gr\/de\/wp-json\/wp\/v2\/pages"}],"about":[{"href":"https:\/\/psiloritisgeopark.gr\/de\/wp-json\/wp\/v2\/types\/page"}],"author":[{"embeddable":true,"href":"https:\/\/psiloritisgeopark.gr\/de\/wp-json\/wp\/v2\/users\/1"}],"replies":[{"embeddable":true,"href":"https:\/\/psiloritisgeopark.gr\/de\/wp-json\/wp\/v2\/comments?post=2968"}],"version-history":[{"count":8,"href":"https:\/\/psiloritisgeopark.gr\/de\/wp-json\/wp\/v2\/pages\/2968\/revisions"}],"predecessor-version":[{"id":4622,"href":"https:\/\/psiloritisgeopark.gr\/de\/wp-json\/wp\/v2\/pages\/2968\/revisions\/4622"}],"wp:attachment":[{"href":"https:\/\/psiloritisgeopark.gr\/de\/wp-json\/wp\/v2\/media?parent=2968"}],"curies":[{"name":"wp","href":"https:\/\/api.w.org\/{rel}","templated":true}]}}