{"id":4628,"date":"2026-02-25T09:42:09","date_gmt":"2026-02-25T09:42:09","guid":{"rendered":"https:\/\/psiloritisgeopark.gr\/?page_id=4628"},"modified":"2026-02-25T09:42:09","modified_gmt":"2026-02-25T09:42:09","slug":"%cf%84%ce%b5%cf%83%cf%84","status":"publish","type":"page","link":"https:\/\/psiloritisgeopark.gr\/de\/%cf%84%ce%b5%cf%83%cf%84\/","title":{"rendered":"\u03a4\u03b5\u03c3\u03c4"},"content":{"rendered":"<div data-elementor-type=\"wp-page\" data-elementor-id=\"4628\" class=\"elementor elementor-4628\" data-elementor-post-type=\"page\">\n\t\t\t\t<div data-particle_enable=\"false\" data-particle-mobile-disabled=\"false\" class=\"elementor-element elementor-element-3b69919 e-flex e-con-boxed e-con e-parent\" data-id=\"3b69919\" data-element_type=\"container\" data-settings=\"{&quot;background_background&quot;:&quot;classic&quot;}\">\n\t\t\t\t\t<div class=\"e-con-inner\">\n\t\t\t\t<div class=\"elementor-element elementor-element-3fd18d3 elementor-widget elementor-widget-heading\" data-id=\"3fd18d3\" data-element_type=\"widget\" data-widget_type=\"heading.default\">\n\t\t\t\t\t<h2 class=\"elementor-heading-title elementor-size-default\">\u03a4\u03b5\u03c3\u03c4<\/h2>\t\t\t\t<\/div>\n\t\t\t\t\t<\/div>\n\t\t\t\t<\/div>\n\t\t<div data-particle_enable=\"false\" data-particle-mobile-disabled=\"false\" class=\"elementor-element elementor-element-5bbb2ae e-flex e-con-boxed e-con e-parent\" data-id=\"5bbb2ae\" data-element_type=\"container\" data-settings=\"{&quot;background_background&quot;:&quot;classic&quot;}\">\n\t\t\t\t\t<div class=\"e-con-inner\">\n\t\t<div data-particle_enable=\"false\" data-particle-mobile-disabled=\"false\" class=\"elementor-element elementor-element-793257f e-con-full e-flex e-con e-child\" data-id=\"793257f\" data-element_type=\"container\">\n\t\t\t\t<div class=\"elementor-element elementor-element-ceafcfa elementor-widget elementor-widget-heading\" data-id=\"ceafcfa\" data-element_type=\"widget\" data-widget_type=\"heading.default\">\n\t\t\t\t\t<h2 class=\"elementor-heading-title elementor-size-default\">Willkommen auf dem Gipfel Kretas<\/h2>\t\t\t\t<\/div>\n\t\t\t\t<\/div>\n\t\t\t\t\t<\/div>\n\t\t\t\t<\/div>\n\t\t<div data-particle_enable=\"false\" data-particle-mobile-disabled=\"false\" class=\"elementor-element elementor-element-6c6a9cd e-flex e-con-boxed e-con e-parent\" data-id=\"6c6a9cd\" data-element_type=\"container\">\n\t\t\t\t\t<div class=\"e-con-inner\">\n\t\t\t\t<div class=\"elementor-element elementor-element-547ce61 elementor-widget elementor-widget-text-editor\" data-id=\"547ce61\" data-element_type=\"widget\" data-widget_type=\"text-editor.default\">\n\t\t\t\t\t\t\t\t\t<p>Seit der Antike liegt die Insel Kreta am Schnittpunkt der Kontinente und dient als Br\u00fccke zwischen Europa und Afrika sowie als Knotenpunkt f\u00fcr den Austausch zwischen gro\u00dfen Zivilisationen.<\/p><p>Die Insel ist umgeben vom Libyschen und vom Kretischen Meer und wird von den Gipfeln ihrer Gebirge gepr\u00e4gt: den Wei\u00dfen Bergen im Westen (Region Chania), dem Psiloritis im Zentrum (zwischen Rethymno und Heraklion) und dem Lassithi-Gebirge im Osten.\nKreta ist ein Land voller geophysikalischer Gegens\u00e4tze: Hohe Gipfel und schroffe Felsen wechseln sich ab mit Schluchten und H\u00f6hlen, w\u00e4hrend die K\u00fcsten zwischen sanften Sandstr\u00e4nden und steilen Klippen wechseln. Diese Vielfalt pr\u00e4gt das besondere Landschaftsbild der Insel.<\/p><p>Kreta ist das Land der Mythen \u2013 der Ort, an dem Zeus, der Vater der G\u00f6tter, geboren und aufgezogen wurde. Die Wiege der minoischen Kultur. Die Insel, auf der der Apostel Titus predigte. Ein Ort mit bedeutenden Monumenten aus allen Epochen: Pal\u00e4ste, antike St\u00e4dte, Felsengr\u00e4ber, byzantinische Kirchen und Kl\u00f6ster, venezianische Festungen und osmanische Kuppeln \u2013 Zeugen von Schlachten, Opfern und Freiheitsk\u00e4mpfen.<\/p><p>Kreta brachte gro\u00dfe K\u00fcnstler, Gelehrte und Dichter hervor: Domenikos Theotokopoulos (El Greco), Vincenzo Kornaros, Nikos Kazantzakis, Odysseas Elytis und viele andere. Es ist die Heimat virtuoser Musiker \u2013 Meister der kretischen Lyra, der Laute, der Violine und des Boulgari \u2013, die das Leben, die Liebe und den Tod durch Musik, Tanz und die traditionellen Mantinades, gereimte gesungene Zweizeiler der kretischen Volksdichtung, zum Ausdruck brachten.<\/p><p>Das wahre Herz Kretas schl\u00e4gt in seinem Inneren \u2013 im bergigen Hinterland, an den Ausl\u00e4ufern des heiligen Idagebirges, des heutigen Psiloritis.\nDieses Gebirge hebt sich von den anderen der Insel ab. Es ist langgestreckt, mit wenigen, aber markanten Gipfeln \u2013 der h\u00f6chste von ihnen ist mit 2.456\u202fm zugleich der h\u00f6chste Punkt der Insel. Die Hauptkette ist fast das ganze Jahr \u00fcber mit Schnee bedeckt. Dazwischen liegen Schluchten, Hochebenen und T\u00e4ler \u2013 wie Evdomos (Malevizi), Livadi (bei Krousonas), die kleineren Xerolimi und Vroulidia (bei Anogia) sowie das Nida-Plateau mit der Ideongrotte, in der Zeus laut Mythos aufwuchs.<\/p><p>Die Nord- und Westh\u00e4nge des Gebirges steigen sanft an und sind reich an Siedlungen (v.\u202fa. in der Region Mylopotamos), Feldern und Weidefl\u00e4chen.<\/p><p>Im Gegensatz dazu sind die S\u00fcd- und Ostflanken schroff und wild \u2013 mit steilen Abh\u00e4ngen, die hinab zur Messara-Ebene, zur fruchtbaren Ebene von Heraklion oder ins Tal von Amari f\u00fchren.Dort liegen die D\u00f6rfer entweder direkt am Fu\u00df der Felsen, um Zugang zu den Weidefl\u00e4chen zu haben, oder sie breiten sich in den kultivierbaren Ebenen aus. Die wichtigsten Fl\u00fcsse der Region durchziehen diese kleinen T\u00e4ler: der Geropotamos im Norden, der Amarianos und der Platis im S\u00fcden, der Koutsoulidis, der im Rouvas-Wald entspringt, sowie der Lithaios, der bei der antiken Stadt Gortyna endet.<\/p><p>Aus allen Richtungen schneiden sich Schluchten durch das Gebirge \u2013 geformt von Wasser, das sich seinen Weg zum Meer bahnt. Seit der Antike durchziehen auch alte Pfade die Region.\nEinzigartige Zeugnisse der traditionellen Weidewirtschaft, die sich in der rauen Landschaft mit Felsformationen, Steineichenw\u00e4ldern und endemischen Kr\u00e4utern entfalten, sind die Mitata \u2013 runde Trockensteinbauten aus Kalkplatten, die als Unterschlupf f\u00fcr Hirten und zur K\u00e4seherstellung dienen. Man findet sie \u00fcber das ganze Psiloritis-Gebiet verstreut.<\/p><p>Die vielf\u00e4ltige Natur des Psiloritis erm\u00f6glicht in den Bergen die Viehzucht, w\u00e4hrend in den Ebenen Landwirtschaft betrieben wird \u2013 mit traditionellen Produkten wie Oliven\u00f6l, Wein, Getreide und Obst.<\/p><p>Die Menschen, die am Fu\u00dfe des Gebirges leben, sind gepr\u00e4gt von alten und neuen Mythen \u2013 von heiligen H\u00f6hlen wie dem Idaion Andron, der Kamares- und der Melidoni-H\u00f6hle, von Geschichten des Widerstands und von Opfern f\u00fcr die Freiheit, aber auch von allt\u00e4glichen Br\u00e4uchen und Traditionen, die im heutigen Leben weiterbestehen und eine lebendige Kultur hervorbringen.\nDer Psiloritis ist ein Ort, der zur sch\u00f6pferischen Entfaltung anregt und zur tieferen Suche nach Werten einl\u00e4dt.<\/p><p>Ein Ort,\u00a0<strong>an dem man im Einklang mit seinen Tr\u00e4umen leben kann.<\/strong><\/p><p>\u00a0<\/p>\t\t\t\t\t\t\t\t<\/div>\n\t\t\t\t\t<\/div>\n\t\t\t\t<\/div>\n\t\t<div data-particle_enable=\"false\" data-particle-mobile-disabled=\"false\" class=\"elementor-element elementor-element-6260be6 e-flex e-con-boxed e-con e-parent\" data-id=\"6260be6\" data-element_type=\"container\">\n\t\t\t\t\t<div class=\"e-con-inner\">\n\t\t\t\t<div class=\"elementor-element elementor-element-4d7d1b7 elementor-widget elementor-widget-image\" data-id=\"4d7d1b7\" data-element_type=\"widget\" data-widget_type=\"image.default\">\n\t\t\t\t\t\t\t\t\t\t\t\t\t\t\t<img fetchpriority=\"high\" decoding=\"async\" width=\"600\" height=\"500\" src=\"https:\/\/psiloritisgeopark.gr\/wp-content\/uploads\/2026\/01\/pb230285.tn_-1.jpg\" class=\"attachment-medium_large size-medium_large wp-image-4298\" alt=\"\" srcset=\"https:\/\/psiloritisgeopark.gr\/wp-content\/uploads\/2026\/01\/pb230285.tn_-1.jpg 600w, https:\/\/psiloritisgeopark.gr\/wp-content\/uploads\/2026\/01\/pb230285.tn_-1-300x250.jpg 300w, https:\/\/psiloritisgeopark.gr\/wp-content\/uploads\/2026\/01\/pb230285.tn_-1-14x12.jpg 14w\" sizes=\"(max-width: 600px) 100vw, 600px\" \/>\t\t\t\t\t\t\t\t\t\t\t\t\t\t\t<\/div>\n\t\t\t\t\t<\/div>\n\t\t\t\t<\/div>\n\t\t\t\t<\/div>","protected":false},"excerpt":{"rendered":"<p>\u039a\u0391\u039b\u03a9\u03a3 \u0397\u03a1\u0398\u0391\u03a4\u0395 \u03a3\u03a4\u0397\u039d \u039a\u039f\u03a1\u03a5\u03a6\u0397 \u03a4\u0397\u03a3 \u039a\u03a1\u0397\u03a4\u0397\u03a3 \u0397 \u03bc\u03b5\u03b3\u03b1\u03bb\u03cc\u03bd\u03b7\u03c3\u03bf\u03c2 \u039a\u03c1\u03ae\u03c4\u03b7 \u03c5\u03c0\u03ae\u03c1\u03be\u03b5 \u03b1\u03c0\u03cc \u03c4\u03b7\u03bd \u03b1\u03c1\u03c7\u03b1\u03b9\u03cc\u03c4\u03b7\u03c4\u03b1 \u03c3\u03c4\u03b1\u03c5\u03c1\u03bf\u03b4\u03c1\u03cc\u03bc\u03b9 \u03b7\u03c0\u03b5\u03af\u03c1\u03c9\u03bd, \u03b1\u03c0\u03bf\u03c4\u03b5\u03bb\u03ce\u03bd\u03c4\u03b1\u03c2 \u03c4\u03b7 \u03b3\u03ad\u03c6\u03c5\u03c1\u03b1 \u03c4\u03b7\u03c2 \u0395\u03c5\u03c1\u03ce\u03c0\u03b7\u03c2 \u03c0\u03c1\u03bf\u03c2 \u03c4\u03b7\u03bd \u0391\u03c6\u03c1\u03b9\u03ba\u03ae \u03ba\u03b1\u03b9 \u03c3\u03b7\u03bc\u03b5\u03af\u03bf \u03b5\u03c0\u03b1\u03c6\u03ae\u03c2 \u03ba\u03b1\u03b9 \u03b1\u03bd\u03b1-\u03c4\u03c1\u03bf\u03c6\u03bf\u03b4\u03cc\u03c4\u03b7\u03c3\u03b7\u03c2 \u03bc\u03b5\u03b3\u03ac\u03bb\u03c9\u03bd \u03c0\u03bf\u03bb\u03b9\u03c4\u03b9\u03c3\u03bc\u03ce\u03bd. \u0392\u03c1\u03ad\u03c7\u03b5\u03c4\u03b1\u03b9 \u03b1\u03c0\u03cc \u03c4\u03b1 \u03bd\u03b5\u03c1\u03ac \u03c4\u03bf\u03c5 \u039b\u03b9\u03b2\u03c5\u03ba\u03bf\u03cd \u03ba\u03b1\u03b9 \u039a\u03c1\u03b7\u03c4\u03b9\u03ba\u03bf\u03cd \u03c0\u03b5\u03bb\u03ac\u03b3\u03bf\u03c5\u03c2, \u03bc\u03b5 \u03c0\u03c5\u03be\u03af\u03b4\u03b5\u03c2 \u03c4\u03b9\u03c2 \u03ba\u03bf\u03c1\u03c5\u03c6\u03ad\u03c2 \u03c4\u03c9\u03bd \u03b2\u03bf\u03c5\u03bd\u03ce\u03bd \u03c4\u03b7\u03c2, \u03c4\u03c9\u03bd \u039b\u03b5\u03c5\u03ba\u03ce\u03bd \u03bf\u03c1\u03ad\u03c9\u03bd \u03b1\u03c0\u03cc \u03c4\u03b1 \u03b4\u03c5\u03c4\u03b9\u03ba\u03ac \u03c3\u03c4\u03bf \u039d\u03bf\u03bc\u03cc \u03a7\u03b1\u03bd\u03b9\u03ce\u03bd, [&hellip;]<\/p>","protected":false},"author":3,"featured_media":0,"parent":0,"menu_order":0,"comment_status":"closed","ping_status":"closed","template":"","meta":{"footnotes":""},"class_list":["post-4628","page","type-page","status-publish","hentry"],"_links":{"self":[{"href":"https:\/\/psiloritisgeopark.gr\/de\/wp-json\/wp\/v2\/pages\/4628","targetHints":{"allow":["GET"]}}],"collection":[{"href":"https:\/\/psiloritisgeopark.gr\/de\/wp-json\/wp\/v2\/pages"}],"about":[{"href":"https:\/\/psiloritisgeopark.gr\/de\/wp-json\/wp\/v2\/types\/page"}],"author":[{"embeddable":true,"href":"https:\/\/psiloritisgeopark.gr\/de\/wp-json\/wp\/v2\/users\/3"}],"replies":[{"embeddable":true,"href":"https:\/\/psiloritisgeopark.gr\/de\/wp-json\/wp\/v2\/comments?post=4628"}],"version-history":[{"count":1,"href":"https:\/\/psiloritisgeopark.gr\/de\/wp-json\/wp\/v2\/pages\/4628\/revisions"}],"predecessor-version":[{"id":4629,"href":"https:\/\/psiloritisgeopark.gr\/de\/wp-json\/wp\/v2\/pages\/4628\/revisions\/4629"}],"wp:attachment":[{"href":"https:\/\/psiloritisgeopark.gr\/de\/wp-json\/wp\/v2\/media?parent=4628"}],"curies":[{"name":"wp","href":"https:\/\/api.w.org\/{rel}","templated":true}]}}